{"id":1308,"date":"2025-02-25T12:22:20","date_gmt":"2025-02-25T11:22:20","guid":{"rendered":"https:\/\/www.siestagarden.com\/?post_type=product&#038;p=1308"},"modified":"2026-04-10T15:05:46","modified_gmt":"2026-04-10T13:05:46","slug":"lawka-plazowa-z-baldachimem-2m","status":"publish","type":"product","link":"https:\/\/www.siestagarden.com\/uk\/product\/lawka-plazowa-z-baldachimem-2m\/","title":{"rendered":"\u041f\u043b\u044f\u0436\u043d\u0430 \u043b\u0430\u0432\u043a\u0430 Arki 2 \u043c \u0437 \u043d\u0430\u0432\u0456\u0441\u043e\u043c, \u043c\u0430\u0442\u0440\u0430\u0446\u043e\u043c \u0456 \u043f\u043e\u0434\u0443\u0448\u043a\u0430\u043c\u0438"},"content":{"rendered":"<p><strong>\u041f\u043b\u044f\u0436\u043d\u0430 \u043b\u0430\u0432\u043a\u0430 Ark \u0437 \u043d\u0430\u0432\u0456\u0441\u043e\u043c, \u043c\u0430\u0442\u0440\u0430\u0446\u043e\u043c \u0456 \u043f\u043e\u0434\u0443\u0448\u043a\u0430\u043c\u0438 | \u0412\u0430\u0448\u0430 \u0437\u043e\u043d\u0430 \u0432\u0456\u0434\u043f\u043e\u0447\u0438\u043d\u043a\u0443 \u0432 \u0441\u0430\u0434\u0443 \u0456 \u043d\u0430 \u043f\u043b\u044f\u0436\u0456<\/strong><\/p>\n<p>\u041f\u043b\u044f\u0436\u043d\u0430 \u043b\u0430\u0432\u043a\u0430 2 \u043c \u0437 \u043d\u0430\u0432\u0456\u0441\u043e\u043c, \u043c\u0430\u0442\u0440\u0430\u0446\u043e\u043c \u0456 \u043f\u043e\u0434\u0443\u0448\u043a\u0430\u043c\u0438 - \u0446\u0435 \u0433\u043e\u0442\u043e\u0432\u0438\u0439 \u043d\u0430\u0431\u0456\u0440 \u0434\u043b\u044f \u0441\u0442\u0432\u043e\u0440\u0435\u043d\u043d\u044f <strong>\u0437\u0440\u0443\u0447\u043d\u0430 \u0437\u043e\u043d\u0430 \u0432\u0456\u0434\u043f\u043e\u0447\u0438\u043d\u043a\u0443 \u0432 \u0441\u0430\u0434\u0443, \u043d\u0430 \u043f\u043b\u044f\u0436\u0456, \u043d\u0430 \u0442\u0435\u0440\u0430\u0441\u0456 \u0430\u0431\u043e \u0432 \u0440\u0435\u043b\u0430\u043a\u0441-\u0437\u043e\u043d\u0456 \u0433\u043e\u0442\u0435\u043b\u044e<\/strong>. \u0426\u0435 \u0431\u0456\u043b\u044c\u0448\u0435, \u043d\u0456\u0436 \u043f\u0440\u043e\u0441\u0442\u043e \u043f\u0440\u0435\u0434\u043c\u0435\u0442 \u043c\u0435\u0431\u043b\u0456\u0432 - \u0446\u0435 \u0446\u0456\u043b\u043a\u043e\u0432\u0438\u0442\u0435 \u0437\u0430\u043f\u0440\u043e\u0448\u0435\u043d\u043d\u044f \u0434\u043e \u0432\u0456\u0434\u043f\u043e\u0447\u0438\u043d\u043a\u0443 \u0432 \u043a\u0440\u0430\u0441\u0438\u0432\u0456\u0439 \u0444\u043e\u0440\u043c\u0456.<\/p>\n<p>\u041a\u043e\u043d\u0441\u0442\u0440\u0443\u043a\u0446\u0456\u044f \u0434\u043e\u0432\u0436\u0438\u043d\u043e\u044e 2 \u043c\u0435\u0442\u0440\u0438 \u0437\u0430\u0431\u0435\u0437\u043f\u0435\u0447\u0443\u0454 \u0437\u0440\u0443\u0447\u043d\u0435 \u0441\u0438\u0434\u0456\u043d\u043d\u044f \u0434\u043b\u044f \u043a\u0456\u043b\u044c\u043a\u043e\u0445 \u043b\u044e\u0434\u0435\u0439, \u0430 \u0442\u0430\u043a\u043e\u0436 \u0456\u0434\u0435\u0430\u043b\u044c\u043d\u043e \u043f\u0456\u0434\u0456\u0439\u0434\u0435 \u044f\u043a \u0441\u0430\u0434\u043e\u0432\u0430 \u0433\u0440\u044f\u0434\u043a\u0430 \u0434\u043b\u044f <strong>\u0434\u0440\u0456\u043c\u0430\u0442\u0438, \u0447\u0438\u0442\u0430\u0442\u0438 \u0430\u0431\u043e \u043c\u0435\u0434\u0438\u0442\u0443\u0432\u0430\u0442\u0438 \u043d\u0430 \u0441\u0432\u0456\u0436\u043e\u043c\u0443 \u043f\u043e\u0432\u0456\u0442\u0440\u0456<\/strong>. \u0423 \u043a\u043e\u043c\u043f\u043b\u0435\u043a\u0442\u0456 \u0437 \u043d\u0438\u043c \u043f\u043e\u0441\u0442\u0430\u0432\u043b\u044f\u0454\u0442\u044c\u0441\u044f \u043c'\u044f\u043a\u0438\u0439 \u043c\u0430\u0442\u0440\u0430\u0446 \u0456 \u043d\u0430\u0431\u0456\u0440 \u043f\u043e\u0434\u0443\u0448\u043e\u043a \u0434\u043b\u044f \u043c\u0430\u043a\u0441\u0438\u043c\u0430\u043b\u044c\u043d\u043e\u0433\u043e \u043a\u043e\u043c\u0444\u043e\u0440\u0442\u0443.<\/p>\n<p>\u041c\u0456\u0446\u043d\u0438\u0439 \u043a\u0430\u0440\u043a\u0430\u0441 \u0437 \u043c\u0430\u0441\u0438\u0432\u0443 \u0441\u043a\u0430\u043d\u0434\u0438\u043d\u0430\u0432\u0441\u044c\u043a\u043e\u0457 \u0434\u0435\u0440\u0435\u0432\u0438\u043d\u0438 \u0437<strong> \u0421\u0435\u0440\u0442\u0438\u0444\u0456\u043a\u043e\u0432\u0430\u043d\u043e \u0437\u0430 \u0441\u0442\u0430\u043d\u0434\u0430\u0440\u0442\u043e\u043c FSC<\/strong> \u0431\u0443\u043b\u0430 \u043e\u0431\u0440\u043e\u0431\u043b\u0435\u043d\u0430 \u043f\u0440\u043e\u0441\u043e\u0447\u0443\u0432\u0430\u043b\u044c\u043d\u0438\u043c \u0437\u0430\u0441\u043e\u0431\u043e\u043c \u0434\u043b\u044f <strong>3. \u043a\u0430\u0442\u0435\u0433\u043e\u0440\u0456\u044f \u0437\u0430\u0445\u0438\u0441\u0442\u0443<\/strong> - \u043d\u0430\u0439\u0432\u0438\u0449\u0438\u0439 \u0441\u0442\u0430\u043d\u0434\u0430\u0440\u0442 \u0434\u043b\u044f \u0432\u0443\u043b\u0438\u0447\u043d\u0438\u0445 \u043c\u0435\u0431\u043b\u0456\u0432. \u0426\u0435 \u043e\u0437\u043d\u0430\u0447\u0430\u0454 \u043f\u043e\u0432\u043d\u0443 <strong>\u0441\u0442\u0456\u0439\u043a\u0438\u0439 \u0434\u043e \u0432\u043e\u043b\u043e\u0433\u0438, \u0423\u0424-\u043f\u0440\u043e\u043c\u0435\u043d\u0456\u0432 \u0456 \u0440\u0456\u0437\u043d\u0438\u0445 \u043f\u043e\u0433\u043e\u0434\u043d\u0438\u0445 \u0443\u043c\u043e\u0432.<\/strong><\/p>\n<p>\u0406\u043d\u0442\u0435\u0433\u0440\u043e\u0432\u0430\u043d\u0438\u0439 \u043d\u0430\u0432\u0456\u0441 \u0441\u0442\u0432\u043e\u0440\u044e\u0454 <strong>\u043f\u0440\u0438\u0454\u043c\u043d\u0430 \u0442\u0456\u043d\u044c \u0442\u0430 \u0456\u043d\u0442\u0438\u043c\u043d\u0430 \u0430\u0442\u043c\u043e\u0441\u0444\u0435\u0440\u0430<\/strong>\u0421\u0443\u0447\u0430\u0441\u043d\u0430, \u0433\u0435\u043e\u043c\u0435\u0442\u0440\u0438\u0447\u043d\u0430 \u0444\u043e\u0440\u043c\u0430 \u043b\u0430\u0432\u043a\u0438 \u0440\u043e\u0431\u0438\u0442\u044c \u0446\u0435\u0439 \u043f\u0440\u0435\u0434\u043c\u0435\u0442 \u043c\u0435\u0431\u043b\u0456\u0432 \u0434\u043e\u0431\u0440\u0435 \u0432\u043f\u0438\u0441\u0443\u0454\u0442\u044c\u0441\u044f \u044f\u043a \u0432 <strong>\u043c\u0456\u043d\u0456\u043c\u0430\u043b\u0456\u0441\u0442\u0438\u0447\u043d\u0456 \u0442\u0430 \u0441\u0456\u043b\u044c\u0441\u044c\u043a\u0456 \u0441\u0430\u0434\u043e\u0432\u0456 \u043a\u043e\u043c\u043f\u043e\u0437\u0438\u0446\u0456\u0457.<\/strong><\/p>\n<p>\u041e\u0441\u043d\u043e\u0432\u043d\u0456 \u0445\u0430\u0440\u0430\u043a\u0442\u0435\u0440\u0438\u0441\u0442\u0438\u043a\u0438:<\/p>\n<p>\u2714\ufe0f<strong> \u0423 \u043a\u043e\u043c\u043f\u043b\u0435\u043a\u0442\u0456 \u0437..:<\/strong> \u0431\u0430\u043b\u0434\u0430\u0445\u0456\u043d, \u043c\u0430\u0442\u0440\u0430\u0446 \u0442\u0430 \u043d\u0430\u0431\u0456\u0440 \u043f\u043e\u0434\u0443\u0448\u043e\u043a<\/p>\n<p>\u2714\ufe0f <strong>\u0414\u043e\u0432\u0436\u0438\u043d\u0430 2 \u043c<\/strong> - \u0456\u0434\u0435\u0430\u043b\u044c\u043d\u043e \u043f\u0456\u0434\u0445\u043e\u0434\u0438\u0442\u044c \u0434\u043b\u044f \u0441\u0438\u0434\u0456\u043d\u043d\u044f \u0442\u0430 \u043b\u0435\u0436\u0430\u043d\u043d\u044f<\/p>\n<p>\u2714\ufe0f <strong>\u0422\u0432\u0435\u0440\u0434\u0430 \u0434\u0435\u0440\u0435\u0432\u0438\u043d\u0430 FSC\u00ae \u0437 \u043c\u0430\u0441\u0438\u0432\u0443<\/strong>\u0437\u0430\u0445\u0438\u0449\u0435\u043d\u0438\u0439 \u0437\u0430 \u043a\u0430\u0442\u0435\u0433\u043e\u0440\u0456\u0454\u044e \u0431\u0435\u0437\u043f\u0435\u043a\u0438 3<\/p>\n<p>\u2714\ufe0f<strong> \u0421\u0443\u0447\u0430\u0441\u043d\u0430 \u0444\u043e\u0440\u043c\u0430<\/strong> \u0437 \u0444\u0443\u043d\u043a\u0446\u0456\u043e\u043d\u0430\u043b\u044c\u043d\u0438\u043c \u043d\u0430\u0432\u0456\u0441\u043e\u043c<\/p>\n<p>\u2714\ufe0f <strong>\u0406\u0434\u0435\u0430\u043b\u044c\u043d\u043e \u043f\u0456\u0434\u0445\u043e\u0434\u0438\u0442\u044c:<\/strong> \u0441\u0430\u0434, \u043f\u043b\u044f\u0436, \u0442\u0435\u0440\u0430\u0441\u0430, \u0433\u043e\u0442\u0435\u043b\u044c, \u0441\u043f\u0430, \u0437\u043e\u043d\u0438 \u0432\u0456\u0434\u043f\u043e\u0447\u0438\u043d\u043a\u0443<\/p>\n<p>\u2714\ufe0f \u0413\u043e\u0442\u043e\u0432\u0435 \u0440\u0456\u0448\u0435\u043d\u043d\u044f \u0434\u043b\u044f \u0434\u043e\u0437\u0432\u0456\u043b\u043b\u044f -<strong> \u043d\u0435 \u043f\u043e\u0442\u0440\u0435\u0431\u0443\u0454 \u0434\u043e\u0434\u0430\u0442\u043a\u043e\u0432\u0438\u0445 \u043f\u043e\u043a\u0443\u043f\u043e\u043a<\/strong><\/p>\n<p>\u041f\u043b\u044f\u0436\u043d\u0430 \u043b\u0430\u0432\u043a\u0430 \u0434\u043e\u0432\u0436\u0438\u043d\u043e\u044e 2 \u043c \u0437 \u043d\u0430\u0432\u0456\u0441\u043e\u043c, \u043c\u0430\u0442\u0440\u0430\u0446\u043e\u043c \u0456 \u043f\u043e\u0434\u0443\u0448\u043a\u0430\u043c\u0438 - \u0446\u0435 \u0441\u043f\u0440\u0430\u0432\u0436\u043d\u0456\u0439 \u043e\u0430\u0437\u0438\u0441 \u0434\u043b\u044f \u0432\u0456\u0434\u043f\u043e\u0447\u0438\u043d\u043a\u0443 - \u043f\u0440\u043e\u0441\u0442\u043e \u0432\u0441\u0442\u0430\u043d\u043e\u0432\u0456\u0442\u044c \u0457\u0457 \u0443 \u0432\u0430\u0448\u043e\u043c\u0443 \u0443\u043b\u044e\u0431\u043b\u0435\u043d\u043e\u043c\u0443 \u043c\u0456\u0441\u0446\u0456 \u0456 \u043d\u0430\u0441\u043e\u043b\u043e\u0434\u0436\u0443\u0439\u0442\u0435\u0441\u044f \u0441\u043f\u043e\u043a\u043e\u0454\u043c, \u043a\u043e\u043c\u0444\u043e\u0440\u0442\u043e\u043c \u0456 \u0441\u043f\u0456\u043b\u043a\u0443\u0432\u0430\u043d\u043d\u044f\u043c \u0437 \u043f\u0440\u0438\u0440\u043e\u0434\u043e\u044e.<\/p>","protected":false},"excerpt":{"rendered":"<p>\u0141awka pla\u017cowa Arki z baldachimem, materacem i poduszkami | Twoja strefa relaksu w ogrodzie i na pla\u017cy \u0141awka pla\u017cowa 2 m z baldachimem, materacem i poduszkami to gotowy zestaw do stworzenia komfortowej przestrzeni wypoczynkowej w ogrodzie, na pla\u017cy, tarasie czy w hotelowej strefie relaksu. To co\u015b wi\u0119cej ni\u017c mebel \u2013 to kompletne zaproszenie do odpoczynku [&hellip;]<\/p>\n","protected":false},"featured_media":1738,"template":"","meta":{"_acf_changed":false},"product_brand":[],"product_cat":[70,67],"product_tag":[104],"class_list":{"0":"post-1308","1":"product","2":"type-product","3":"status-publish","4":"has-post-thumbnail","6":"product_cat-lozka-ogrodowe","7":"product_cat-sofy-i-lawki","8":"product_tag-na-zamowienie","9":"product_shipping_class-podstawowa","11":"first","12":"instock","13":"taxable","14":"shipping-taxable","15":"purchasable","16":"product-type-simple","17":"add-to-wishlist-after_add_to_cart"},"acf":[],"yoast_head":"<!-- This site is optimized with the Yoast SEO plugin v26.6 - https:\/\/yoast.com\/wordpress\/plugins\/seo\/ -->\n<title>\u0141awka pla\u017cowa 2m Arki z baldachimem, materacem i poduszkami - Siesta Garden<\/title>\n<meta name=\"robots\" content=\"index, follow, max-snippet:-1, max-image-preview:large, max-video-preview:-1\" \/>\n<link rel=\"canonical\" href=\"https:\/\/www.siestagarden.com\/uk\/product\/lawka-plazowa-z-baldachimem-2m\/\" \/>\n<meta property=\"og:locale\" content=\"uk_UA\" \/>\n<meta property=\"og:type\" content=\"article\" \/>\n<meta property=\"og:title\" content=\"\u0141awka pla\u017cowa 2m Arki z baldachimem, materacem i poduszkami - Siesta Garden\" \/>\n<meta property=\"og:description\" content=\"\u0141awka pla\u017cowa Arki z baldachimem, materacem i poduszkami | Twoja strefa relaksu w ogrodzie i na pla\u017cy \u0141awka pla\u017cowa 2 m z baldachimem, materacem i poduszkami to gotowy zestaw do stworzenia komfortowej przestrzeni wypoczynkowej w ogrodzie, na pla\u017cy, tarasie czy w hotelowej strefie relaksu. To co\u015b wi\u0119cej ni\u017c mebel \u2013 to kompletne zaproszenie do odpoczynku [&hellip;]\" \/>\n<meta property=\"og:url\" content=\"https:\/\/www.siestagarden.com\/uk\/product\/lawka-plazowa-z-baldachimem-2m\/\" \/>\n<meta property=\"og:site_name\" content=\"Siesta Garden\" \/>\n<meta property=\"article:modified_time\" content=\"2026-04-10T13:05:46+00:00\" \/>\n<meta property=\"og:image\" content=\"https:\/\/www.siestagarden.com\/wp-content\/uploads\/2025\/02\/IMG_0440-scaled.jpg\" \/>\n\t<meta property=\"og:image:width\" content=\"2560\" \/>\n\t<meta property=\"og:image:height\" content=\"1707\" \/>\n\t<meta property=\"og:image:type\" content=\"image\/jpeg\" \/>\n<meta name=\"twitter:card\" content=\"summary_large_image\" \/>\n<meta name=\"twitter:label1\" content=\"\u041f\u0440\u0438\u0431\u043b. \u0447\u0430\u0441 \u0447\u0438\u0442\u0430\u043d\u043d\u044f\" \/>\n\t<meta name=\"twitter:data1\" content=\"2 \u0445\u0432\u0438\u043b\u0438\u043d\u0438\" \/>\n<script type=\"application\/ld+json\" class=\"yoast-schema-graph\">{\"@context\":\"https:\/\/schema.org\",\"@graph\":[{\"@type\":\"WebPage\",\"@id\":\"https:\/\/www.siestagarden.com\/produkt\/lawka-plazowa-z-baldachimem-2m\/\",\"url\":\"https:\/\/www.siestagarden.com\/produkt\/lawka-plazowa-z-baldachimem-2m\/\",\"name\":\"\u0141awka pla\u017cowa 2m Arki z baldachimem, materacem i poduszkami - Siesta Garden\",\"isPartOf\":{\"@id\":\"https:\/\/www.siestagarden.com\/#website\"},\"primaryImageOfPage\":{\"@id\":\"https:\/\/www.siestagarden.com\/produkt\/lawka-plazowa-z-baldachimem-2m\/#primaryimage\"},\"image\":{\"@id\":\"https:\/\/www.siestagarden.com\/produkt\/lawka-plazowa-z-baldachimem-2m\/#primaryimage\"},\"thumbnailUrl\":\"https:\/\/www.siestagarden.com\/wp-content\/uploads\/2025\/02\/IMG_0440-scaled.jpg\",\"datePublished\":\"2025-02-25T11:22:20+00:00\",\"dateModified\":\"2026-04-10T13:05:46+00:00\",\"breadcrumb\":{\"@id\":\"https:\/\/www.siestagarden.com\/produkt\/lawka-plazowa-z-baldachimem-2m\/#breadcrumb\"},\"inLanguage\":\"uk\",\"potentialAction\":[{\"@type\":\"ReadAction\",\"target\":[\"https:\/\/www.siestagarden.com\/produkt\/lawka-plazowa-z-baldachimem-2m\/\"]}]},{\"@type\":\"ImageObject\",\"inLanguage\":\"uk\",\"@id\":\"https:\/\/www.siestagarden.com\/produkt\/lawka-plazowa-z-baldachimem-2m\/#primaryimage\",\"url\":\"https:\/\/www.siestagarden.com\/wp-content\/uploads\/2025\/02\/IMG_0440-scaled.jpg\",\"contentUrl\":\"https:\/\/www.siestagarden.com\/wp-content\/uploads\/2025\/02\/IMG_0440-scaled.jpg\",\"width\":2560,\"height\":1707},{\"@type\":\"BreadcrumbList\",\"@id\":\"https:\/\/www.siestagarden.com\/produkt\/lawka-plazowa-z-baldachimem-2m\/#breadcrumb\",\"itemListElement\":[{\"@type\":\"ListItem\",\"position\":1,\"name\":\"Strona g\u0142\u00f3wna\",\"item\":\"https:\/\/www.siestagarden.com\/\"},{\"@type\":\"ListItem\",\"position\":2,\"name\":\"Sklep\",\"item\":\"https:\/\/www.siestagarden.com\/sklep\/\"},{\"@type\":\"ListItem\",\"position\":3,\"name\":\"\u0141awka pla\u017cowa 2m Arki z baldachimem, materacem i poduszkami\"}]},{\"@type\":\"WebSite\",\"@id\":\"https:\/\/www.siestagarden.com\/#website\",\"url\":\"https:\/\/www.siestagarden.com\/\",\"name\":\"Siesta Garden\",\"description\":\"Meble do Twojego ogrodu. Polski producent drewnianych mebli najwy\u017cszej jako\u015bci.\",\"potentialAction\":[{\"@type\":\"SearchAction\",\"target\":{\"@type\":\"EntryPoint\",\"urlTemplate\":\"https:\/\/www.siestagarden.com\/?s={search_term_string}\"},\"query-input\":{\"@type\":\"PropertyValueSpecification\",\"valueRequired\":true,\"valueName\":\"search_term_string\"}}],\"inLanguage\":\"uk\"}]}<\/script>\n<!-- \/ Yoast SEO plugin. -->","yoast_head_json":{"title":"\u0141awka pla\u017cowa 2m Arki z baldachimem, materacem i poduszkami - Siesta Garden","robots":{"index":"index","follow":"follow","max-snippet":"max-snippet:-1","max-image-preview":"max-image-preview:large","max-video-preview":"max-video-preview:-1"},"canonical":"https:\/\/www.siestagarden.com\/uk\/product\/lawka-plazowa-z-baldachimem-2m\/","og_locale":"uk_UA","og_type":"article","og_title":"\u0141awka pla\u017cowa 2m Arki z baldachimem, materacem i poduszkami - Siesta Garden","og_description":"\u0141awka pla\u017cowa Arki z baldachimem, materacem i poduszkami | Twoja strefa relaksu w ogrodzie i na pla\u017cy \u0141awka pla\u017cowa 2 m z baldachimem, materacem i poduszkami to gotowy zestaw do stworzenia komfortowej przestrzeni wypoczynkowej w ogrodzie, na pla\u017cy, tarasie czy w hotelowej strefie relaksu. To co\u015b wi\u0119cej ni\u017c mebel \u2013 to kompletne zaproszenie do odpoczynku [&hellip;]","og_url":"https:\/\/www.siestagarden.com\/uk\/product\/lawka-plazowa-z-baldachimem-2m\/","og_site_name":"Siesta Garden","article_modified_time":"2026-04-10T13:05:46+00:00","og_image":[{"width":2560,"height":1707,"url":"https:\/\/www.siestagarden.com\/wp-content\/uploads\/2025\/02\/IMG_0440-scaled.jpg","type":"image\/jpeg"}],"twitter_card":"summary_large_image","twitter_misc":{"\u041f\u0440\u0438\u0431\u043b. \u0447\u0430\u0441 \u0447\u0438\u0442\u0430\u043d\u043d\u044f":"2 \u0445\u0432\u0438\u043b\u0438\u043d\u0438"},"schema":{"@context":"https:\/\/schema.org","@graph":[{"@type":"WebPage","@id":"https:\/\/www.siestagarden.com\/produkt\/lawka-plazowa-z-baldachimem-2m\/","url":"https:\/\/www.siestagarden.com\/produkt\/lawka-plazowa-z-baldachimem-2m\/","name":"\u0141awka pla\u017cowa 2m Arki z baldachimem, materacem i poduszkami - Siesta Garden","isPartOf":{"@id":"https:\/\/www.siestagarden.com\/#website"},"primaryImageOfPage":{"@id":"https:\/\/www.siestagarden.com\/produkt\/lawka-plazowa-z-baldachimem-2m\/#primaryimage"},"image":{"@id":"https:\/\/www.siestagarden.com\/produkt\/lawka-plazowa-z-baldachimem-2m\/#primaryimage"},"thumbnailUrl":"https:\/\/www.siestagarden.com\/wp-content\/uploads\/2025\/02\/IMG_0440-scaled.jpg","datePublished":"2025-02-25T11:22:20+00:00","dateModified":"2026-04-10T13:05:46+00:00","breadcrumb":{"@id":"https:\/\/www.siestagarden.com\/produkt\/lawka-plazowa-z-baldachimem-2m\/#breadcrumb"},"inLanguage":"uk","potentialAction":[{"@type":"ReadAction","target":["https:\/\/www.siestagarden.com\/produkt\/lawka-plazowa-z-baldachimem-2m\/"]}]},{"@type":"ImageObject","inLanguage":"uk","@id":"https:\/\/www.siestagarden.com\/produkt\/lawka-plazowa-z-baldachimem-2m\/#primaryimage","url":"https:\/\/www.siestagarden.com\/wp-content\/uploads\/2025\/02\/IMG_0440-scaled.jpg","contentUrl":"https:\/\/www.siestagarden.com\/wp-content\/uploads\/2025\/02\/IMG_0440-scaled.jpg","width":2560,"height":1707},{"@type":"BreadcrumbList","@id":"https:\/\/www.siestagarden.com\/produkt\/lawka-plazowa-z-baldachimem-2m\/#breadcrumb","itemListElement":[{"@type":"ListItem","position":1,"name":"Strona g\u0142\u00f3wna","item":"https:\/\/www.siestagarden.com\/"},{"@type":"ListItem","position":2,"name":"Sklep","item":"https:\/\/www.siestagarden.com\/sklep\/"},{"@type":"ListItem","position":3,"name":"\u0141awka pla\u017cowa 2m Arki z baldachimem, materacem i poduszkami"}]},{"@type":"WebSite","@id":"https:\/\/www.siestagarden.com\/#website","url":"https:\/\/www.siestagarden.com\/","name":"\u0421\u0430\u0434 \"\u0421\u0456\u0454\u0441\u0442\u0430","description":"\u041c\u0435\u0431\u043b\u0456 \u0434\u043b\u044f \u0432\u0430\u0448\u043e\u0433\u043e \u0441\u0430\u0434\u0443. \u041f\u043e\u043b\u044c\u0441\u044c\u043a\u0438\u0439 \u0432\u0438\u0440\u043e\u0431\u043d\u0438\u043a \u0434\u0435\u0440\u0435\u0432'\u044f\u043d\u0438\u0445 \u043c\u0435\u0431\u043b\u0456\u0432 \u043d\u0430\u0439\u0432\u0438\u0449\u043e\u0457 \u044f\u043a\u043e\u0441\u0442\u0456.","potentialAction":[{"@type":"SearchAction","target":{"@type":"EntryPoint","urlTemplate":"https:\/\/www.siestagarden.com\/?s={search_term_string}"},"query-input":{"@type":"PropertyValueSpecification","valueRequired":true,"valueName":"search_term_string"}}],"inLanguage":"uk"}]}},"_links":{"self":[{"href":"https:\/\/www.siestagarden.com\/uk\/wp-json\/wp\/v2\/product\/1308","targetHints":{"allow":["GET"]}}],"collection":[{"href":"https:\/\/www.siestagarden.com\/uk\/wp-json\/wp\/v2\/product"}],"about":[{"href":"https:\/\/www.siestagarden.com\/uk\/wp-json\/wp\/v2\/types\/product"}],"wp:featuredmedia":[{"embeddable":true,"href":"https:\/\/www.siestagarden.com\/uk\/wp-json\/wp\/v2\/media\/1738"}],"wp:attachment":[{"href":"https:\/\/www.siestagarden.com\/uk\/wp-json\/wp\/v2\/media?parent=1308"}],"wp:term":[{"taxonomy":"product_brand","embeddable":true,"href":"https:\/\/www.siestagarden.com\/uk\/wp-json\/wp\/v2\/product_brand?post=1308"},{"taxonomy":"product_cat","embeddable":true,"href":"https:\/\/www.siestagarden.com\/uk\/wp-json\/wp\/v2\/product_cat?post=1308"},{"taxonomy":"product_tag","embeddable":true,"href":"https:\/\/www.siestagarden.com\/uk\/wp-json\/wp\/v2\/product_tag?post=1308"}],"curies":[{"name":"wp","href":"https:\/\/api.w.org\/{rel}","templated":true}]}}