{"id":1492,"date":"2025-03-12T11:33:02","date_gmt":"2025-03-12T10:33:02","guid":{"rendered":"https:\/\/www.siestagarden.com\/?post_type=product&#038;p=1492"},"modified":"2026-01-27T13:37:26","modified_gmt":"2026-01-27T12:37:26","slug":"scandinavian-veranda-lawka","status":"publish","type":"product","link":"https:\/\/www.siestagarden.com\/uk\/product\/scandinavian-veranda-lawka\/","title":{"rendered":"\u0421\u043a\u0430\u043d\u0434\u0438\u043d\u0430\u0432\u0441\u044c\u043a\u0430 \u043b\u0430\u0432\u043a\u0430 \u0434\u043b\u044f \u0432\u0435\u0440\u0430\u043d\u0434\u0438 1,8 \u043c \u0437 \u0434\u0435\u0440\u0435\u0432\u0430"},"content":{"rendered":"<p><strong>\u0421\u043a\u0430\u043d\u0434\u0438\u043d\u0430\u0432\u0441\u044c\u043a\u0430 \u0432\u0435\u0440\u0430\u043d\u0434\u0430<\/strong> - \u0441\u043f\u043e\u043a\u0456\u0439\u043d\u0430, \u043b\u0435\u0433\u043a\u0430 \u0442\u0430 \u0444\u0443\u043d\u043a\u0446\u0456\u043e\u043d\u0430\u043b\u044c\u043d\u0430 \u0435\u043b\u0435\u0433\u0430\u043d\u0442\u043d\u0456\u0441\u0442\u044c<\/p>\n<p>\u0406\u043d\u043e\u0434\u0456 \u0432\u0441\u0435, \u0449\u043e \u043f\u043e\u0442\u0440\u0456\u0431\u043d\u043e - \u0446\u0435 \u0442\u0435\u0440\u0430\u0441\u0430 \u0456 \u043f\u0440\u043e\u0441\u0442\u0438\u0439 \u043f\u0440\u0435\u0434\u043c\u0435\u0442 \u043c\u0435\u0431\u043b\u0456\u0432, \u0449\u043e\u0431 \u0432\u0456\u0434\u0447\u0443\u0442\u0438, \u0449\u043e \u0432\u0438 \u0437\u043d\u0430\u0445\u043e\u0434\u0438\u0442\u0435\u0441\u044c \u0441\u0430\u043c\u0435 \u0442\u0430\u043c, \u0434\u0435 \u0445\u043e\u0447\u0435\u0442\u0435 \u0431\u0443\u0442\u0438. \u0421\u043a\u0430\u043d\u0434\u0438\u043d\u0430\u0432\u0441\u044c\u043a\u0430 \u043a\u043e\u043b\u0435\u043a\u0446\u0456\u044f Weranda \u0441\u0442\u0432\u043e\u0440\u0435\u043d\u0430 \u0434\u043b\u044f \u0442\u0438\u0445, \u0445\u0442\u043e \u0446\u0456\u043d\u0443\u0454 \u0447\u0438\u0441\u0442\u043e\u0442\u0443 \u0444\u043e\u0440\u043c, \u0441\u0432\u0456\u0442\u043b\u0438\u0439 \u043f\u0440\u043e\u0441\u0442\u0456\u0440 \u0456 \u043f\u043e\u0432\u0441\u044f\u043a\u0434\u0435\u043d\u043d\u0438\u0439 \u043a\u043e\u043c\u0444\u043e\u0440\u0442.<\/p>\n<p>\u0419\u043e\u0433\u043e \u0432\u0456\u0434\u043c\u0456\u043d\u043d\u043e\u044e \u0440\u0438\u0441\u043e\u044e \u0454 \u0441\u0432\u0456\u0442\u043b\u043e-\u0441\u0456\u0440\u0438\u0439 \u043b\u0430\u0437\u0443\u0440\u043e\u0432\u0438\u0439 \u0432\u0456\u0434\u0442\u0456\u043d\u043e\u043a, \u044f\u043a\u0438\u0439 \u0442\u043e\u043d\u043a\u043e \u043e\u0441\u0432\u0456\u0442\u043b\u044e\u0454 \u0434\u0435\u0440\u0435\u0432\u0438\u043d\u0443, \u043f\u0456\u0434\u043a\u0440\u0435\u0441\u043b\u044e\u044e\u0447\u0438 \u0457\u0457 \u0442\u0435\u043a\u0441\u0442\u0443\u0440\u0443 \u0442\u0430 \u043d\u0430\u0434\u0430\u044e\u0447\u0438 \u0457\u0439 \u0430\u0442\u043b\u0430\u0441\u043d\u043e\u0433\u043e \u0432\u0438\u0433\u043b\u044f\u0434\u0443. \u0426\u0435\u0439 \u043a\u043e\u043b\u0456\u0440 \u0456\u0434\u0435\u0430\u043b\u044c\u043d\u043e \u043f\u043e\u0454\u0434\u043d\u0443\u0454\u0442\u044c\u0441\u044f \u0437 \u043f\u0440\u0438\u0440\u043e\u0434\u043e\u044e, \u0441\u0432\u0456\u0442\u043b\u043e\u043c \u0456 \u0441\u0443\u0447\u0430\u0441\u043d\u043e\u044e \u0430\u0440\u0445\u0456\u0442\u0435\u043a\u0442\u0443\u0440\u043e\u044e, \u0441\u0442\u0432\u043e\u0440\u044e\u044e\u0447\u0438 \u0446\u0456\u043b\u0456\u0441\u043d\u0438\u0439, \u0441\u043f\u043e\u043a\u0456\u0439\u043d\u0438\u0439 \u0436\u0438\u0442\u043b\u043e\u0432\u0438\u0439 \u043f\u0440\u043e\u0441\u0442\u0456\u0440 \u043d\u0430 \u0432\u0456\u0434\u043a\u0440\u0438\u0442\u043e\u043c\u0443 \u043f\u043e\u0432\u0456\u0442\u0440\u0456.<\/p>\n<p>\u0414\u043e \u0437\u0431\u0456\u0440\u043a\u0438 \u0443\u0432\u0456\u0439\u0448\u043b\u0438:<\/p>\n<p>\u0421\u0442\u0456\u043b \u0434\u043e\u0432\u0436\u0438\u043d\u043e\u044e 1,8 \u043c<\/p>\n<p>\u041b\u0430\u0432\u043a\u0438 \u0431\u0435\u0437 \u0441\u043f\u0438\u043d\u043a\u0438 1,8 \u043c<\/p>\n<p>\ud83d\udc49 \u0412\u0438 \u043a\u0443\u043f\u0443\u0454\u0442\u0435 \u043a\u043e\u0436\u0435\u043d \u0435\u043b\u0435\u043c\u0435\u043d\u0442 \u043e\u043a\u0440\u0435\u043c\u043e - \u0443\u043a\u043e\u043c\u043f\u043b\u0435\u043a\u0442\u0443\u0439\u0442\u0435 \u043d\u0430\u0431\u0456\u0440 \u0432\u0456\u0434\u043f\u043e\u0432\u0456\u0434\u043d\u043e \u0434\u043e \u0432\u0430\u0448\u0438\u0445 \u043f\u043e\u0442\u0440\u0435\u0431 \u0456 \u043f\u0440\u043e\u0441\u0442\u043e\u0440\u0443.<\/p>\n<p>\u041c\u0435\u0431\u043b\u0456 \u0431\u0443\u043b\u0438 \u0432\u0438\u0433\u043e\u0442\u043e\u0432\u043b\u0435\u043d\u0456 \u0437 \u043c\u0430\u0441\u0438\u0432\u0443 <strong>FSC\u00ae \u0434\u0435\u0440\u0435\u0432\u0438\u043d\u0430<\/strong>\u0430 \u0457\u0445\u043d\u044f \u043f\u043e\u0432\u0435\u0440\u0445\u043d\u044f \u0437\u0430\u0445\u0438\u0449\u0435\u043d\u0430 \u0434\u0435\u043a\u043e\u0440\u0430\u0442\u0438\u0432\u043d\u0438\u043c \u043f\u0440\u043e\u0441\u043e\u0447\u0435\u043d\u043d\u044f\u043c, \u0449\u043e \u043f\u043e\u0454\u0434\u043d\u0443\u0454 \u0435\u0441\u0442\u0435\u0442\u0438\u043a\u0443 \u0456\u0437 \u0437\u0430\u0445\u0438\u0441\u0442\u043e\u043c \u0432\u0456\u0434 \u043d\u0435\u0433\u043e\u0434\u0438.<\/p>\n<p>\u2714\ufe0f \u041e\u0437\u0434\u043e\u0431\u043b\u0435\u043d\u043d\u044f: \u0441\u0432\u0456\u0442\u043b\u043e-\u0441\u0456\u0440\u0438\u0439 \u043b\u0430\u0437\u0443\u0440 - \u0435\u043b\u0435\u0433\u0430\u043d\u0442\u043d\u0438\u0439 \u0456 \u043b\u0435\u0433\u043a\u0438\u0439 \u043d\u0430 \u0432\u0438\u0433\u043b\u044f\u0434<\/p>\n<p>\u2714\ufe0f \u0414\u043e\u0432\u0436\u0438\u043d\u0430: 1,8 \u043c - \u0456\u0434\u0435\u0430\u043b\u044c\u043d\u043e \u043f\u0456\u0434\u0445\u043e\u0434\u0438\u0442\u044c \u0434\u043b\u044f \u0441\u0456\u043c\u0435\u0439\u043d\u0438\u0445 \u043e\u0431\u0456\u0434\u0456\u0432 \u0456 \u0437\u0443\u0441\u0442\u0440\u0456\u0447\u0435\u0439<\/p>\n<p>\u2714\ufe0f \u041f\u0440\u043e\u0441\u0442\u0430 \u0444\u043e\u0440\u043c\u0430 - \u0441\u043a\u0430\u043d\u0434\u0438\u043d\u0430\u0432\u0441\u044c\u043a\u0430 \u043a\u043b\u0430\u0441\u0438\u043a\u0430 \u0432 \u0441\u0443\u0447\u0430\u0441\u043d\u043e\u043c\u0443 \u0432\u0438\u043a\u043e\u043d\u0430\u043d\u043d\u0456<\/p>\n<p>\u2714\ufe0f FSC\u00ae \u0434\u0435\u0440\u0435\u0432\u0438\u043d\u0430 - \u0443\u0441\u0432\u0456\u0434\u043e\u043c\u043b\u0435\u043d\u0438\u0439 \u0442\u0430 \u0441\u0442\u0430\u043b\u0438\u0439 \u0432\u0438\u0431\u0456\u0440<\/p>\n<p>\u2714\ufe0f \u041c\u0435\u0431\u043b\u0456 \u043f\u0440\u043e\u0434\u0430\u044e\u0442\u044c\u0441\u044f \u043e\u043a\u0440\u0435\u043c\u043e - \u0441\u0432\u043e\u0431\u043e\u0434\u0430 \u0440\u043e\u0437\u0442\u0430\u0448\u0443\u0432\u0430\u043d\u043d\u044f<\/p>\n<p><strong>\u0421\u043a\u0430\u043d\u0434\u0438\u043d\u0430\u0432\u0441\u044c\u043a\u0430 \u0432\u0435\u0440\u0430\u043d\u0434\u0430<\/strong> \u0446\u0435 \u043f\u0440\u043e\u0441\u0442\u0456\u0440, \u0434\u0435 \u043f\u0440\u0438\u0440\u043e\u0434\u0430, \u0441\u0432\u0456\u0442\u043b\u043e \u0442\u0430 \u043f\u043e\u0432\u0441\u044f\u043a\u0434\u0435\u043d\u043d\u0435 \u0436\u0438\u0442\u0442\u044f \u043f\u043e\u0454\u0434\u043d\u0443\u044e\u0442\u044c\u0441\u044f \u0432 \u0456\u0434\u0435\u0430\u043b\u044c\u043d\u0456\u0439 \u0433\u0430\u0440\u043c\u043e\u043d\u0456\u0457.<\/p>","protected":false},"excerpt":{"rendered":"<p>Skandynawska Weranda \u2013 spok\u00f3j, \u015bwiat\u0142o i funkcjonalna elegancja Czasem wystarczy taras i prosty mebel, by poczu\u0107, \u017ce jeste\u015b dok\u0142adnie tam, gdzie chcesz by\u0107. Kolekcja Skandynawska Weranda powsta\u0142a z my\u015bl\u0105 o tych, kt\u00f3rzy ceni\u0105 czysto\u015b\u0107 formy, jasne przestrzenie i codzienny komfort. Jej znak rozpoznawczy to wyko\u0144czenie w jasnoszarym lazurowym odcieniu, kt\u00f3re subtelnie rozja\u015bnia drewno, podkre\u015blaj\u0105c jego [&hellip;]<\/p>\n","protected":false},"featured_media":1704,"template":"","meta":{"_acf_changed":false},"product_brand":[],"product_cat":[67],"product_tag":[89],"class_list":{"0":"post-1492","1":"product","2":"type-product","3":"status-publish","4":"has-post-thumbnail","6":"product_cat-sofy-i-lawki","7":"product_tag-kolekcja-skandynawska-weranda","8":"product_shipping_class-podstawowa","10":"first","11":"instock","12":"taxable","13":"shipping-taxable","14":"purchasable","15":"product-type-simple","16":"add-to-wishlist-after_add_to_cart"},"acf":[],"yoast_head":"<!-- This site is optimized with the Yoast SEO plugin v26.6 - https:\/\/yoast.com\/wordpress\/plugins\/seo\/ -->\n<title>\u0141awka Skandynawska Weranda 1,8m z drewna - Siesta Garden<\/title>\n<meta name=\"robots\" content=\"index, follow, max-snippet:-1, max-image-preview:large, max-video-preview:-1\" \/>\n<link rel=\"canonical\" href=\"https:\/\/www.siestagarden.com\/uk\/product\/scandinavian-veranda-lawka\/\" \/>\n<meta property=\"og:locale\" content=\"uk_UA\" \/>\n<meta property=\"og:type\" content=\"article\" \/>\n<meta property=\"og:title\" content=\"\u0141awka Skandynawska Weranda 1,8m z drewna - Siesta Garden\" \/>\n<meta property=\"og:description\" content=\"Skandynawska Weranda \u2013 spok\u00f3j, \u015bwiat\u0142o i funkcjonalna elegancja Czasem wystarczy taras i prosty mebel, by poczu\u0107, \u017ce jeste\u015b dok\u0142adnie tam, gdzie chcesz by\u0107. Kolekcja Skandynawska Weranda powsta\u0142a z my\u015bl\u0105 o tych, kt\u00f3rzy ceni\u0105 czysto\u015b\u0107 formy, jasne przestrzenie i codzienny komfort. Jej znak rozpoznawczy to wyko\u0144czenie w jasnoszarym lazurowym odcieniu, kt\u00f3re subtelnie rozja\u015bnia drewno, podkre\u015blaj\u0105c jego [&hellip;]\" \/>\n<meta property=\"og:url\" content=\"https:\/\/www.siestagarden.com\/uk\/product\/scandinavian-veranda-lawka\/\" \/>\n<meta property=\"og:site_name\" content=\"Siesta Garden\" \/>\n<meta property=\"article:modified_time\" content=\"2026-01-27T12:37:26+00:00\" \/>\n<meta property=\"og:image\" content=\"https:\/\/www.siestagarden.com\/wp-content\/uploads\/2025\/03\/MG_8443.jpg\" \/>\n\t<meta property=\"og:image:width\" content=\"533\" \/>\n\t<meta property=\"og:image:height\" content=\"800\" \/>\n\t<meta property=\"og:image:type\" content=\"image\/jpeg\" \/>\n<meta name=\"twitter:card\" content=\"summary_large_image\" \/>\n<meta name=\"twitter:label1\" content=\"\u041f\u0440\u0438\u0431\u043b. \u0447\u0430\u0441 \u0447\u0438\u0442\u0430\u043d\u043d\u044f\" \/>\n\t<meta name=\"twitter:data1\" content=\"2 \u0445\u0432\u0438\u043b\u0438\u043d\u0438\" \/>\n<script type=\"application\/ld+json\" class=\"yoast-schema-graph\">{\"@context\":\"https:\/\/schema.org\",\"@graph\":[{\"@type\":\"WebPage\",\"@id\":\"https:\/\/www.siestagarden.com\/produkt\/scandinavian-veranda-lawka\/\",\"url\":\"https:\/\/www.siestagarden.com\/produkt\/scandinavian-veranda-lawka\/\",\"name\":\"\u0141awka Skandynawska Weranda 1,8m z drewna - Siesta Garden\",\"isPartOf\":{\"@id\":\"https:\/\/www.siestagarden.com\/#website\"},\"primaryImageOfPage\":{\"@id\":\"https:\/\/www.siestagarden.com\/produkt\/scandinavian-veranda-lawka\/#primaryimage\"},\"image\":{\"@id\":\"https:\/\/www.siestagarden.com\/produkt\/scandinavian-veranda-lawka\/#primaryimage\"},\"thumbnailUrl\":\"https:\/\/www.siestagarden.com\/wp-content\/uploads\/2025\/03\/MG_8443.jpg\",\"datePublished\":\"2025-03-12T10:33:02+00:00\",\"dateModified\":\"2026-01-27T12:37:26+00:00\",\"breadcrumb\":{\"@id\":\"https:\/\/www.siestagarden.com\/produkt\/scandinavian-veranda-lawka\/#breadcrumb\"},\"inLanguage\":\"uk\",\"potentialAction\":[{\"@type\":\"ReadAction\",\"target\":[\"https:\/\/www.siestagarden.com\/produkt\/scandinavian-veranda-lawka\/\"]}]},{\"@type\":\"ImageObject\",\"inLanguage\":\"uk\",\"@id\":\"https:\/\/www.siestagarden.com\/produkt\/scandinavian-veranda-lawka\/#primaryimage\",\"url\":\"https:\/\/www.siestagarden.com\/wp-content\/uploads\/2025\/03\/MG_8443.jpg\",\"contentUrl\":\"https:\/\/www.siestagarden.com\/wp-content\/uploads\/2025\/03\/MG_8443.jpg\",\"width\":533,\"height\":800},{\"@type\":\"BreadcrumbList\",\"@id\":\"https:\/\/www.siestagarden.com\/produkt\/scandinavian-veranda-lawka\/#breadcrumb\",\"itemListElement\":[{\"@type\":\"ListItem\",\"position\":1,\"name\":\"Strona g\u0142\u00f3wna\",\"item\":\"https:\/\/www.siestagarden.com\/\"},{\"@type\":\"ListItem\",\"position\":2,\"name\":\"Sklep\",\"item\":\"https:\/\/www.siestagarden.com\/sklep\/\"},{\"@type\":\"ListItem\",\"position\":3,\"name\":\"\u0141awka Skandynawska Weranda 1,8m z drewna\"}]},{\"@type\":\"WebSite\",\"@id\":\"https:\/\/www.siestagarden.com\/#website\",\"url\":\"https:\/\/www.siestagarden.com\/\",\"name\":\"Siesta Garden\",\"description\":\"Meble do Twojego ogrodu. Polski producent drewnianych mebli najwy\u017cszej jako\u015bci.\",\"potentialAction\":[{\"@type\":\"SearchAction\",\"target\":{\"@type\":\"EntryPoint\",\"urlTemplate\":\"https:\/\/www.siestagarden.com\/?s={search_term_string}\"},\"query-input\":{\"@type\":\"PropertyValueSpecification\",\"valueRequired\":true,\"valueName\":\"search_term_string\"}}],\"inLanguage\":\"uk\"}]}<\/script>\n<!-- \/ Yoast SEO plugin. -->","yoast_head_json":{"title":"\u0141awka Skandynawska Weranda 1,8m z drewna - Siesta Garden","robots":{"index":"index","follow":"follow","max-snippet":"max-snippet:-1","max-image-preview":"max-image-preview:large","max-video-preview":"max-video-preview:-1"},"canonical":"https:\/\/www.siestagarden.com\/uk\/product\/scandinavian-veranda-lawka\/","og_locale":"uk_UA","og_type":"article","og_title":"\u0141awka Skandynawska Weranda 1,8m z drewna - Siesta Garden","og_description":"Skandynawska Weranda \u2013 spok\u00f3j, \u015bwiat\u0142o i funkcjonalna elegancja Czasem wystarczy taras i prosty mebel, by poczu\u0107, \u017ce jeste\u015b dok\u0142adnie tam, gdzie chcesz by\u0107. Kolekcja Skandynawska Weranda powsta\u0142a z my\u015bl\u0105 o tych, kt\u00f3rzy ceni\u0105 czysto\u015b\u0107 formy, jasne przestrzenie i codzienny komfort. Jej znak rozpoznawczy to wyko\u0144czenie w jasnoszarym lazurowym odcieniu, kt\u00f3re subtelnie rozja\u015bnia drewno, podkre\u015blaj\u0105c jego [&hellip;]","og_url":"https:\/\/www.siestagarden.com\/uk\/product\/scandinavian-veranda-lawka\/","og_site_name":"Siesta Garden","article_modified_time":"2026-01-27T12:37:26+00:00","og_image":[{"width":533,"height":800,"url":"https:\/\/www.siestagarden.com\/wp-content\/uploads\/2025\/03\/MG_8443.jpg","type":"image\/jpeg"}],"twitter_card":"summary_large_image","twitter_misc":{"\u041f\u0440\u0438\u0431\u043b. \u0447\u0430\u0441 \u0447\u0438\u0442\u0430\u043d\u043d\u044f":"2 \u0445\u0432\u0438\u043b\u0438\u043d\u0438"},"schema":{"@context":"https:\/\/schema.org","@graph":[{"@type":"WebPage","@id":"https:\/\/www.siestagarden.com\/produkt\/scandinavian-veranda-lawka\/","url":"https:\/\/www.siestagarden.com\/produkt\/scandinavian-veranda-lawka\/","name":"\u0141awka Skandynawska Weranda 1,8m z drewna - Siesta Garden","isPartOf":{"@id":"https:\/\/www.siestagarden.com\/#website"},"primaryImageOfPage":{"@id":"https:\/\/www.siestagarden.com\/produkt\/scandinavian-veranda-lawka\/#primaryimage"},"image":{"@id":"https:\/\/www.siestagarden.com\/produkt\/scandinavian-veranda-lawka\/#primaryimage"},"thumbnailUrl":"https:\/\/www.siestagarden.com\/wp-content\/uploads\/2025\/03\/MG_8443.jpg","datePublished":"2025-03-12T10:33:02+00:00","dateModified":"2026-01-27T12:37:26+00:00","breadcrumb":{"@id":"https:\/\/www.siestagarden.com\/produkt\/scandinavian-veranda-lawka\/#breadcrumb"},"inLanguage":"uk","potentialAction":[{"@type":"ReadAction","target":["https:\/\/www.siestagarden.com\/produkt\/scandinavian-veranda-lawka\/"]}]},{"@type":"ImageObject","inLanguage":"uk","@id":"https:\/\/www.siestagarden.com\/produkt\/scandinavian-veranda-lawka\/#primaryimage","url":"https:\/\/www.siestagarden.com\/wp-content\/uploads\/2025\/03\/MG_8443.jpg","contentUrl":"https:\/\/www.siestagarden.com\/wp-content\/uploads\/2025\/03\/MG_8443.jpg","width":533,"height":800},{"@type":"BreadcrumbList","@id":"https:\/\/www.siestagarden.com\/produkt\/scandinavian-veranda-lawka\/#breadcrumb","itemListElement":[{"@type":"ListItem","position":1,"name":"Strona g\u0142\u00f3wna","item":"https:\/\/www.siestagarden.com\/"},{"@type":"ListItem","position":2,"name":"Sklep","item":"https:\/\/www.siestagarden.com\/sklep\/"},{"@type":"ListItem","position":3,"name":"\u0141awka Skandynawska Weranda 1,8m z drewna"}]},{"@type":"WebSite","@id":"https:\/\/www.siestagarden.com\/#website","url":"https:\/\/www.siestagarden.com\/","name":"\u0421\u0430\u0434 \"\u0421\u0456\u0454\u0441\u0442\u0430","description":"\u041c\u0435\u0431\u043b\u0456 \u0434\u043b\u044f \u0432\u0430\u0448\u043e\u0433\u043e \u0441\u0430\u0434\u0443. \u041f\u043e\u043b\u044c\u0441\u044c\u043a\u0438\u0439 \u0432\u0438\u0440\u043e\u0431\u043d\u0438\u043a \u0434\u0435\u0440\u0435\u0432'\u044f\u043d\u0438\u0445 \u043c\u0435\u0431\u043b\u0456\u0432 \u043d\u0430\u0439\u0432\u0438\u0449\u043e\u0457 \u044f\u043a\u043e\u0441\u0442\u0456.","potentialAction":[{"@type":"SearchAction","target":{"@type":"EntryPoint","urlTemplate":"https:\/\/www.siestagarden.com\/?s={search_term_string}"},"query-input":{"@type":"PropertyValueSpecification","valueRequired":true,"valueName":"search_term_string"}}],"inLanguage":"uk"}]}},"_links":{"self":[{"href":"https:\/\/www.siestagarden.com\/uk\/wp-json\/wp\/v2\/product\/1492","targetHints":{"allow":["GET"]}}],"collection":[{"href":"https:\/\/www.siestagarden.com\/uk\/wp-json\/wp\/v2\/product"}],"about":[{"href":"https:\/\/www.siestagarden.com\/uk\/wp-json\/wp\/v2\/types\/product"}],"wp:featuredmedia":[{"embeddable":true,"href":"https:\/\/www.siestagarden.com\/uk\/wp-json\/wp\/v2\/media\/1704"}],"wp:attachment":[{"href":"https:\/\/www.siestagarden.com\/uk\/wp-json\/wp\/v2\/media?parent=1492"}],"wp:term":[{"taxonomy":"product_brand","embeddable":true,"href":"https:\/\/www.siestagarden.com\/uk\/wp-json\/wp\/v2\/product_brand?post=1492"},{"taxonomy":"product_cat","embeddable":true,"href":"https:\/\/www.siestagarden.com\/uk\/wp-json\/wp\/v2\/product_cat?post=1492"},{"taxonomy":"product_tag","embeddable":true,"href":"https:\/\/www.siestagarden.com\/uk\/wp-json\/wp\/v2\/product_tag?post=1492"}],"curies":[{"name":"wp","href":"https:\/\/api.w.org\/{rel}","templated":true}]}}