{"id":1515,"date":"2025-03-12T11:33:06","date_gmt":"2025-03-12T10:33:06","guid":{"rendered":"https:\/\/www.siestagarden.com\/?post_type=product&#038;p=1515"},"modified":"2026-02-06T12:09:03","modified_gmt":"2026-02-06T11:09:03","slug":"manarola-stol-16m","status":"publish","type":"product","link":"https:\/\/www.siestagarden.com\/uk\/product\/manarola-stol-16m\/","title":{"rendered":"\u0414\u0435\u0440\u0435\u0432'\u044f\u043d\u0438\u0439 \u0441\u0442\u0456\u043b Manarola 1,6 \u043c"},"content":{"rendered":"<p><strong>\u0421\u0442\u0456\u043b \u0437 \u043c\u0430\u043d\u0430\u0440\u043e\u043b\u0438 1,6 \u043c<\/strong> - \u0421\u0435\u0440\u0435\u0434\u0437\u0435\u043c\u043d\u043e\u043c\u043e\u0440\u0441\u044c\u043a\u0430 \u043f\u0440\u043e\u0441\u0442\u043e\u0442\u0430 \u0443 \u0432\u0438\u0433\u043b\u044f\u0434\u0456 \u0441\u043f\u0456\u043b\u044c\u043d\u043e\u0433\u043e \u0441\u0442\u043e\u043b\u0443<\/p>\n<p><strong>\u0421\u0442\u0456\u043b \u0437 \u043c\u0430\u043d\u0430\u0440\u043e\u043b\u0438 1,6 \u043c<\/strong> \u0446\u0435 \u0441\u0435\u0440\u0446\u0435 \u043a\u043e\u043b\u0435\u043a\u0446\u0456\u0457 - \u043d\u0430\u0442\u0443\u0440\u0430\u043b\u044c\u043d\u0438\u0439, \u043f\u0440\u043e\u0441\u0442\u0438\u0439 \u0456 \u0444\u0443\u043d\u043a\u0446\u0456\u043e\u043d\u0430\u043b\u044c\u043d\u0438\u0439. \u041d\u0430\u0442\u0445\u043d\u0435\u043d\u043d\u0438\u0439 \u0430\u0442\u043c\u043e\u0441\u0444\u0435\u0440\u043e\u044e \u0456\u0442\u0430\u043b\u0456\u0439\u0441\u044c\u043a\u043e\u0433\u043e \u0443\u0437\u0431\u0435\u0440\u0435\u0436\u0436\u044f \u0442\u0430 \u043f\u043e\u0441\u0438\u0434\u0435\u043d\u044c\u043e\u043a \u0437\u0430 \u0441\u0442\u043e\u043b\u043e\u043c \u0443 \u0441\u0430\u0434\u0443 \u0430\u0431\u043e \u043d\u0430 \u0442\u0435\u0440\u0430\u0441\u0456, \u0432\u0456\u043d \u0432\u0440\u0430\u0436\u0430\u0454 \u0441\u0432\u043e\u0457\u043c \u043f\u0430\u043b\u0435\u0442\u043e\u043f\u043e\u0434\u0456\u0431\u043d\u0438\u043c \u0434\u0438\u0437\u0430\u0439\u043d\u043e\u043c \u0456 \u043b\u0435\u0433\u043a\u043e\u044e \u0444\u043e\u0440\u043c\u043e\u044e, \u0449\u043e \u0456\u0434\u0435\u0430\u043b\u044c\u043d\u043e \u0432\u043f\u0438\u0441\u0443\u0454\u0442\u044c\u0441\u044f \u044f\u043a \u0443 \u043f\u0440\u0438\u0432\u0430\u0442\u043d\u0438\u0439, \u0442\u0430\u043a \u0456 \u0432 \u043a\u043e\u043c\u0435\u0440\u0446\u0456\u0439\u043d\u0438\u0439 \u043f\u0440\u043e\u0441\u0442\u0456\u0440.<\/p>\n<p>\u0412\u0438\u0433\u043e\u0442\u043e\u0432\u043b\u0435\u043d\u0438\u0439 \u0437 \u043c\u0430\u0441\u0438\u0432\u0443 \u0441\u043a\u0430\u043d\u0434\u0438\u043d\u0430\u0432\u0441\u044c\u043a\u043e\u0457 \u0434\u0435\u0440\u0435\u0432\u0438\u043d\u0438 \u0437 <strong>\u0421\u0435\u0440\u0442\u0438\u0444\u0456\u043a\u043e\u0432\u0430\u043d\u043e \u0437\u0430 \u0441\u0442\u0430\u043d\u0434\u0430\u0440\u0442\u043e\u043c FSC<\/strong>\u0421\u0442\u0456\u043b \u0431\u0443\u0432 \u043e\u0431\u0440\u043e\u0431\u043b\u0435\u043d\u0438\u0439 \u0434\u0435\u043a\u043e\u0440\u0430\u0442\u0438\u0432\u043d\u0438\u043c \u043f\u0440\u043e\u0441\u043e\u0447\u0435\u043d\u043d\u044f\u043c Grey Wash, \u044f\u043a\u0435 \u043f\u0456\u0434\u043a\u0440\u0435\u0441\u043b\u044e\u0454 \u0441\u0442\u0440\u0443\u043a\u0442\u0443\u0440\u0443 \u0434\u0435\u0440\u0435\u0432\u0438\u043d\u0438 \u0456 \u043d\u0430\u0434\u0430\u0454 \u0439\u043e\u043c\u0443 \u0441\u043f\u043e\u043a\u0456\u0439\u043d\u043e\u0433\u043e, \u043d\u0435\u0439\u0442\u0440\u0430\u043b\u044c\u043d\u043e\u0433\u043e \u0445\u0430\u0440\u0430\u043a\u0442\u0435\u0440\u0443 - \u0432 \u043f\u043e\u0454\u0434\u043d\u0430\u043d\u043d\u0456 \u0437 \u0437\u0435\u043b\u0435\u043d\u043d\u044e, \u043a\u0430\u043c\u0435\u043d\u0435\u043c, \u0431\u0435\u0442\u043e\u043d\u043e\u043c \u0456 \u0441\u0430\u0434\u043e\u0432\u0438\u043c\u0438 \u0442\u043a\u0430\u043d\u0438\u043d\u0430\u043c\u0438 \u0441\u0432\u0456\u0442\u043b\u0438\u0445 \u0432\u0456\u0434\u0442\u0456\u043d\u043a\u0456\u0432.<\/p>\n<p>\u0419\u043e\u0433\u043e \u0434\u043e\u0432\u0436\u0438\u043d\u0430 1,6 \u043c \u0437\u0430\u0431\u0435\u0437\u043f\u0435\u0447\u0443\u0454 \u043a\u043e\u043c\u0444\u043e\u0440\u0442\u043d\u0435 \u0440\u043e\u0437\u043c\u0456\u0449\u0435\u043d\u043d\u044f 4-6 \u043e\u0441\u0456\u0431, \u0430 \u0437\u0430\u0432\u0434\u044f\u043a\u0438 \u043f\u0440\u044f\u043c\u0438\u043c \u043b\u0456\u043d\u0456\u044f\u043c \u0439\u043e\u0433\u043e \u043c\u043e\u0436\u043d\u0430 \u043b\u0435\u0433\u043a\u043e \u043a\u043e\u043c\u0431\u0456\u043d\u0443\u0432\u0430\u0442\u0438 \u0437 \u043b\u0430\u0432\u043a\u0430\u043c\u0438, \u0441\u0442\u0456\u043b\u044c\u0446\u044f\u043c\u0438 \u0430\u0431\u043e \u0434\u0432\u043e\u043c\u0456\u0441\u043d\u0438\u043c \u043a\u0440\u0456\u0441\u043b\u043e\u043c <strong>\u041c\u0430\u043d\u0430\u0440\u043e\u043b\u0430<\/strong>\u0441\u0442\u0432\u043e\u0440\u044e\u044e\u0447\u0438 \u0446\u0456\u043b\u0456\u0441\u043d\u0443 \u0442\u0430 \u0444\u0443\u043d\u043a\u0446\u0456\u043e\u043d\u0430\u043b\u044c\u043d\u0443 \u043e\u0431\u0456\u0434\u043d\u044e \u0437\u043e\u043d\u0443 \u043d\u0430 \u0441\u0432\u0456\u0436\u043e\u043c\u0443 \u043f\u043e\u0432\u0456\u0442\u0440\u0456.<\/p>\n<p>\u2714\ufe0f \u0441\u0442\u0438\u043b\u044c, \u043d\u0430\u0442\u0445\u043d\u0435\u043d\u043d\u0438\u0439 \u0456\u0442\u0430\u043b\u0456\u0439\u0441\u044c\u043a\u0438\u043c \u0441\u0430\u0434\u043e\u043c \u0456 \u043f\u0440\u043e\u0441\u0442\u043e\u0442\u043e\u044e \u0444\u043e\u0440\u043c<\/p>\n<p>\u2714\ufe0f \u043a\u043e\u043d\u0441\u0442\u0440\u0443\u043a\u0446\u0456\u044f \u043f\u0456\u0434\u0434\u043e\u043d\u0456\u0432 - \u0441\u0442\u0430\u0431\u0456\u043b\u044c\u043d\u0430, \u043d\u0430\u0442\u0443\u0440\u0430\u043b\u044c\u043d\u0430, \u0441\u0443\u0447\u0430\u0441\u043d\u0430<\/p>\n<p>\u2714\ufe0f \u0432\u0438\u0433\u043e\u0442\u043e\u0432\u043b\u0435\u043d\u043e \u0437 \u043c\u0430\u0441\u0438\u0432\u0443 \u0434\u0435\u0440\u0435\u0432\u0438\u043d\u0438 FSC\u00ae<\/p>\n<p>\u2714\ufe0f \u0434\u0435\u043a\u043e\u0440\u0430\u0442\u0438\u0432\u043d\u0435 \u043f\u043e\u043a\u0440\u0438\u0442\u0442\u044f Grey Wash - \u0441\u0442\u0438\u043b\u044c\u043d\u0435 \u0442\u0430 \u0443\u043d\u0456\u0432\u0435\u0440\u0441\u0430\u043b\u044c\u043d\u0435<\/p>\n<p>\u2714\ufe0f \u0434\u043e\u0432\u0436\u0438\u043d\u0430 1,6 \u043c - \u0456\u0434\u0435\u0430\u043b\u044c\u043d\u043e \u043f\u0456\u0434\u0445\u043e\u0434\u0438\u0442\u044c \u0434\u043b\u044f 4-6 \u043e\u0441\u0456\u0431<\/p>\n<p>\u2714\ufe0f \u043f\u043e\u0454\u0434\u043d\u0443\u0454\u0442\u044c\u0441\u044f \u0437 \u0456\u043d\u0448\u0438\u043c\u0438 \u0432\u0438\u0440\u043e\u0431\u0430\u043c\u0438 \u0437 \u043a\u043e\u043b\u0435\u043a\u0446\u0456\u0457 Manarola<\/p>\n<p><strong>\u0421\u0442\u0456\u043b \u0437 \u043c\u0430\u043d\u0430\u0440\u043e\u043b\u0438 1,6 \u043c<\/strong> \u0446\u0435 \u0437\u0430\u043f\u0440\u043e\u0448\u0435\u043d\u043d\u044f \u043f\u0440\u043e\u0432\u0435\u0441\u0442\u0438 \u0447\u0430\u0441 \u0440\u0430\u0437\u043e\u043c \u0437\u0430 \u0441\u0442\u043e\u043b\u043e\u043c - \u0443 \u0441\u0442\u0438\u043b\u0456, \u0441\u043f\u043e\u0432\u043d\u0435\u043d\u043e\u043c\u0443 \u0441\u0432\u0456\u0442\u043b\u0430, \u043f\u0440\u0438\u0440\u043e\u0434\u0438 \u0442\u0430 \u043f\u0440\u043e\u0441\u0442\u043e\u0442\u0438.<\/p>","protected":false},"excerpt":{"rendered":"<p>St\u00f3\u0142 Manarola 1,6 m \u2013 \u015br\u00f3dziemnomorska prostota w formie wsp\u00f3lnego sto\u0142u St\u00f3\u0142 Manarola 1,6 m to serce kolekcji \u2013 naturalny, prosty i funkcjonalny. Inspirowany klimatem w\u0142oskiego wybrze\u017ca i spotkaniami przy stole w ogrodzie lub na tarasie, zachwyca paletow\u0105 konstrukcj\u0105 i lekk\u0105 form\u0105, kt\u00f3ra doskonale wpisuje si\u0119 zar\u00f3wno w przestrzenie prywatne, jak i komercyjne. Wykonany z [&hellip;]<\/p>\n","protected":false},"featured_media":1843,"template":"","meta":{"_acf_changed":false},"product_brand":[],"product_cat":[71],"product_tag":[78,84],"class_list":{"0":"post-1515","1":"product","2":"type-product","3":"status-publish","4":"has-post-thumbnail","6":"product_cat-stoly-i-stoliki","7":"product_tag-horeca","8":"product_tag-kolekcja-manarola","9":"product_shipping_class-podstawowa","11":"first","12":"instock","13":"taxable","14":"shipping-taxable","15":"purchasable","16":"product-type-simple","17":"add-to-wishlist-after_add_to_cart"},"acf":[],"yoast_head":"<!-- This site is optimized with the Yoast SEO plugin v26.6 - https:\/\/yoast.com\/wordpress\/plugins\/seo\/ -->\n<title>St\u00f3\u0142 drewniany Manarola 1,6m - Siesta Garden<\/title>\n<meta name=\"robots\" content=\"index, follow, max-snippet:-1, max-image-preview:large, max-video-preview:-1\" \/>\n<link rel=\"canonical\" href=\"https:\/\/www.siestagarden.com\/uk\/product\/manarola-stol-16m\/\" \/>\n<meta property=\"og:locale\" content=\"uk_UA\" \/>\n<meta property=\"og:type\" content=\"article\" \/>\n<meta property=\"og:title\" content=\"St\u00f3\u0142 drewniany Manarola 1,6m - Siesta Garden\" \/>\n<meta property=\"og:description\" content=\"St\u00f3\u0142 Manarola 1,6 m \u2013 \u015br\u00f3dziemnomorska prostota w formie wsp\u00f3lnego sto\u0142u St\u00f3\u0142 Manarola 1,6 m to serce kolekcji \u2013 naturalny, prosty i funkcjonalny. Inspirowany klimatem w\u0142oskiego wybrze\u017ca i spotkaniami przy stole w ogrodzie lub na tarasie, zachwyca paletow\u0105 konstrukcj\u0105 i lekk\u0105 form\u0105, kt\u00f3ra doskonale wpisuje si\u0119 zar\u00f3wno w przestrzenie prywatne, jak i komercyjne. Wykonany z [&hellip;]\" \/>\n<meta property=\"og:url\" content=\"https:\/\/www.siestagarden.com\/uk\/product\/manarola-stol-16m\/\" \/>\n<meta property=\"og:site_name\" content=\"Siesta Garden\" \/>\n<meta property=\"article:modified_time\" content=\"2026-02-06T11:09:03+00:00\" \/>\n<meta property=\"og:image\" content=\"https:\/\/www.siestagarden.com\/wp-content\/uploads\/2025\/03\/IMG_8932.jpg\" \/>\n\t<meta property=\"og:image:width\" content=\"1600\" \/>\n\t<meta property=\"og:image:height\" content=\"1303\" \/>\n\t<meta property=\"og:image:type\" content=\"image\/jpeg\" \/>\n<meta name=\"twitter:card\" content=\"summary_large_image\" \/>\n<meta name=\"twitter:label1\" content=\"\u041f\u0440\u0438\u0431\u043b. \u0447\u0430\u0441 \u0447\u0438\u0442\u0430\u043d\u043d\u044f\" \/>\n\t<meta name=\"twitter:data1\" content=\"2 \u0445\u0432\u0438\u043b\u0438\u043d\u0438\" \/>\n<script type=\"application\/ld+json\" class=\"yoast-schema-graph\">{\"@context\":\"https:\/\/schema.org\",\"@graph\":[{\"@type\":\"WebPage\",\"@id\":\"https:\/\/www.siestagarden.com\/produkt\/manarola-stol-16m\/\",\"url\":\"https:\/\/www.siestagarden.com\/produkt\/manarola-stol-16m\/\",\"name\":\"St\u00f3\u0142 drewniany Manarola 1,6m - Siesta Garden\",\"isPartOf\":{\"@id\":\"https:\/\/www.siestagarden.com\/#website\"},\"primaryImageOfPage\":{\"@id\":\"https:\/\/www.siestagarden.com\/produkt\/manarola-stol-16m\/#primaryimage\"},\"image\":{\"@id\":\"https:\/\/www.siestagarden.com\/produkt\/manarola-stol-16m\/#primaryimage\"},\"thumbnailUrl\":\"https:\/\/www.siestagarden.com\/wp-content\/uploads\/2025\/03\/IMG_8932.jpg\",\"datePublished\":\"2025-03-12T10:33:06+00:00\",\"dateModified\":\"2026-02-06T11:09:03+00:00\",\"breadcrumb\":{\"@id\":\"https:\/\/www.siestagarden.com\/produkt\/manarola-stol-16m\/#breadcrumb\"},\"inLanguage\":\"uk\",\"potentialAction\":[{\"@type\":\"ReadAction\",\"target\":[\"https:\/\/www.siestagarden.com\/produkt\/manarola-stol-16m\/\"]}]},{\"@type\":\"ImageObject\",\"inLanguage\":\"uk\",\"@id\":\"https:\/\/www.siestagarden.com\/produkt\/manarola-stol-16m\/#primaryimage\",\"url\":\"https:\/\/www.siestagarden.com\/wp-content\/uploads\/2025\/03\/IMG_8932.jpg\",\"contentUrl\":\"https:\/\/www.siestagarden.com\/wp-content\/uploads\/2025\/03\/IMG_8932.jpg\",\"width\":1600,\"height\":1303},{\"@type\":\"BreadcrumbList\",\"@id\":\"https:\/\/www.siestagarden.com\/produkt\/manarola-stol-16m\/#breadcrumb\",\"itemListElement\":[{\"@type\":\"ListItem\",\"position\":1,\"name\":\"Strona g\u0142\u00f3wna\",\"item\":\"https:\/\/www.siestagarden.com\/\"},{\"@type\":\"ListItem\",\"position\":2,\"name\":\"Sklep\",\"item\":\"https:\/\/www.siestagarden.com\/sklep\/\"},{\"@type\":\"ListItem\",\"position\":3,\"name\":\"St\u00f3\u0142 drewniany Manarola 1,6m\"}]},{\"@type\":\"WebSite\",\"@id\":\"https:\/\/www.siestagarden.com\/#website\",\"url\":\"https:\/\/www.siestagarden.com\/\",\"name\":\"Siesta Garden\",\"description\":\"Meble do Twojego ogrodu. Polski producent drewnianych mebli najwy\u017cszej jako\u015bci.\",\"potentialAction\":[{\"@type\":\"SearchAction\",\"target\":{\"@type\":\"EntryPoint\",\"urlTemplate\":\"https:\/\/www.siestagarden.com\/?s={search_term_string}\"},\"query-input\":{\"@type\":\"PropertyValueSpecification\",\"valueRequired\":true,\"valueName\":\"search_term_string\"}}],\"inLanguage\":\"uk\"}]}<\/script>\n<!-- \/ Yoast SEO plugin. -->","yoast_head_json":{"title":"St\u00f3\u0142 drewniany Manarola 1,6m - Siesta Garden","robots":{"index":"index","follow":"follow","max-snippet":"max-snippet:-1","max-image-preview":"max-image-preview:large","max-video-preview":"max-video-preview:-1"},"canonical":"https:\/\/www.siestagarden.com\/uk\/product\/manarola-stol-16m\/","og_locale":"uk_UA","og_type":"article","og_title":"St\u00f3\u0142 drewniany Manarola 1,6m - Siesta Garden","og_description":"St\u00f3\u0142 Manarola 1,6 m \u2013 \u015br\u00f3dziemnomorska prostota w formie wsp\u00f3lnego sto\u0142u St\u00f3\u0142 Manarola 1,6 m to serce kolekcji \u2013 naturalny, prosty i funkcjonalny. Inspirowany klimatem w\u0142oskiego wybrze\u017ca i spotkaniami przy stole w ogrodzie lub na tarasie, zachwyca paletow\u0105 konstrukcj\u0105 i lekk\u0105 form\u0105, kt\u00f3ra doskonale wpisuje si\u0119 zar\u00f3wno w przestrzenie prywatne, jak i komercyjne. Wykonany z [&hellip;]","og_url":"https:\/\/www.siestagarden.com\/uk\/product\/manarola-stol-16m\/","og_site_name":"Siesta Garden","article_modified_time":"2026-02-06T11:09:03+00:00","og_image":[{"width":1600,"height":1303,"url":"https:\/\/www.siestagarden.com\/wp-content\/uploads\/2025\/03\/IMG_8932.jpg","type":"image\/jpeg"}],"twitter_card":"summary_large_image","twitter_misc":{"\u041f\u0440\u0438\u0431\u043b. \u0447\u0430\u0441 \u0447\u0438\u0442\u0430\u043d\u043d\u044f":"2 \u0445\u0432\u0438\u043b\u0438\u043d\u0438"},"schema":{"@context":"https:\/\/schema.org","@graph":[{"@type":"WebPage","@id":"https:\/\/www.siestagarden.com\/produkt\/manarola-stol-16m\/","url":"https:\/\/www.siestagarden.com\/produkt\/manarola-stol-16m\/","name":"St\u00f3\u0142 drewniany Manarola 1,6m - Siesta Garden","isPartOf":{"@id":"https:\/\/www.siestagarden.com\/#website"},"primaryImageOfPage":{"@id":"https:\/\/www.siestagarden.com\/produkt\/manarola-stol-16m\/#primaryimage"},"image":{"@id":"https:\/\/www.siestagarden.com\/produkt\/manarola-stol-16m\/#primaryimage"},"thumbnailUrl":"https:\/\/www.siestagarden.com\/wp-content\/uploads\/2025\/03\/IMG_8932.jpg","datePublished":"2025-03-12T10:33:06+00:00","dateModified":"2026-02-06T11:09:03+00:00","breadcrumb":{"@id":"https:\/\/www.siestagarden.com\/produkt\/manarola-stol-16m\/#breadcrumb"},"inLanguage":"uk","potentialAction":[{"@type":"ReadAction","target":["https:\/\/www.siestagarden.com\/produkt\/manarola-stol-16m\/"]}]},{"@type":"ImageObject","inLanguage":"uk","@id":"https:\/\/www.siestagarden.com\/produkt\/manarola-stol-16m\/#primaryimage","url":"https:\/\/www.siestagarden.com\/wp-content\/uploads\/2025\/03\/IMG_8932.jpg","contentUrl":"https:\/\/www.siestagarden.com\/wp-content\/uploads\/2025\/03\/IMG_8932.jpg","width":1600,"height":1303},{"@type":"BreadcrumbList","@id":"https:\/\/www.siestagarden.com\/produkt\/manarola-stol-16m\/#breadcrumb","itemListElement":[{"@type":"ListItem","position":1,"name":"Strona g\u0142\u00f3wna","item":"https:\/\/www.siestagarden.com\/"},{"@type":"ListItem","position":2,"name":"Sklep","item":"https:\/\/www.siestagarden.com\/sklep\/"},{"@type":"ListItem","position":3,"name":"St\u00f3\u0142 drewniany Manarola 1,6m"}]},{"@type":"WebSite","@id":"https:\/\/www.siestagarden.com\/#website","url":"https:\/\/www.siestagarden.com\/","name":"\u0421\u0430\u0434 \"\u0421\u0456\u0454\u0441\u0442\u0430","description":"\u041c\u0435\u0431\u043b\u0456 \u0434\u043b\u044f \u0432\u0430\u0448\u043e\u0433\u043e \u0441\u0430\u0434\u0443. \u041f\u043e\u043b\u044c\u0441\u044c\u043a\u0438\u0439 \u0432\u0438\u0440\u043e\u0431\u043d\u0438\u043a \u0434\u0435\u0440\u0435\u0432'\u044f\u043d\u0438\u0445 \u043c\u0435\u0431\u043b\u0456\u0432 \u043d\u0430\u0439\u0432\u0438\u0449\u043e\u0457 \u044f\u043a\u043e\u0441\u0442\u0456.","potentialAction":[{"@type":"SearchAction","target":{"@type":"EntryPoint","urlTemplate":"https:\/\/www.siestagarden.com\/?s={search_term_string}"},"query-input":{"@type":"PropertyValueSpecification","valueRequired":true,"valueName":"search_term_string"}}],"inLanguage":"uk"}]}},"_links":{"self":[{"href":"https:\/\/www.siestagarden.com\/uk\/wp-json\/wp\/v2\/product\/1515","targetHints":{"allow":["GET"]}}],"collection":[{"href":"https:\/\/www.siestagarden.com\/uk\/wp-json\/wp\/v2\/product"}],"about":[{"href":"https:\/\/www.siestagarden.com\/uk\/wp-json\/wp\/v2\/types\/product"}],"wp:featuredmedia":[{"embeddable":true,"href":"https:\/\/www.siestagarden.com\/uk\/wp-json\/wp\/v2\/media\/1843"}],"wp:attachment":[{"href":"https:\/\/www.siestagarden.com\/uk\/wp-json\/wp\/v2\/media?parent=1515"}],"wp:term":[{"taxonomy":"product_brand","embeddable":true,"href":"https:\/\/www.siestagarden.com\/uk\/wp-json\/wp\/v2\/product_brand?post=1515"},{"taxonomy":"product_cat","embeddable":true,"href":"https:\/\/www.siestagarden.com\/uk\/wp-json\/wp\/v2\/product_cat?post=1515"},{"taxonomy":"product_tag","embeddable":true,"href":"https:\/\/www.siestagarden.com\/uk\/wp-json\/wp\/v2\/product_tag?post=1515"}],"curies":[{"name":"wp","href":"https:\/\/api.w.org\/{rel}","templated":true}]}}