{"id":1563,"date":"2025-03-12T12:05:55","date_gmt":"2025-03-12T11:05:55","guid":{"rendered":"https:\/\/www.siestagarden.com\/?post_type=product&#038;p=1563"},"modified":"2026-01-27T13:01:09","modified_gmt":"2026-01-27T12:01:09","slug":"lozko-bujane-lektyka","status":"publish","type":"product","link":"https:\/\/www.siestagarden.com\/uk\/product\/lozko-bujane-lektyka\/","title":{"rendered":"\u0414\u0435\u0440\u0435\u0432'\u044f\u043d\u0435 \u043b\u0456\u0436\u043a\u043e-\u0433\u043e\u0439\u0434\u0430\u043b\u043a\u0430 - \u043b\u0435\u043a\u0446\u0456\u044f Simi"},"content":{"rendered":"<p><strong>\u041b\u0435\u043a\u0446\u0456\u044f SIMI<\/strong> - \u0406\u0434\u0438\u043b\u0456\u0447\u043d\u0456 \u0433\u043e\u0439\u0434\u0430\u043b\u043a\u0438 \u0432 \u0441\u0435\u0440\u0435\u0434\u0437\u0435\u043c\u043d\u043e\u043c\u043e\u0440\u0441\u044c\u043a\u043e\u043c\u0443 \u0441\u0442\u0438\u043b\u0456<\/p>\n<p><strong>SIMI \u041b\u0435\u043a\u0446\u0456\u044f - \u0446\u0435 \u043d\u0430\u0434\u0437\u0432\u0438\u0447\u0430\u0439\u043d\u0456 \u0433\u043e\u0439\u0434\u0430\u043b\u043a\u0438<\/strong> \u041d\u0430\u0442\u0445\u043d\u0435\u043d\u043d\u0430 \u043a\u043b\u0430\u0441\u0438\u0447\u043d\u043e\u044e \u0433\u0440\u0435\u0446\u044c\u043a\u043e\u044e \u0444\u043e\u0440\u043c\u043e\u044e \u0441\u0435\u0434\u0430\u043d\u0430, \u0441\u0442\u0432\u043e\u0440\u0435\u043d\u0430 \u0434\u043b\u044f \u0441\u043f\u043e\u043a\u0456\u0439\u043d\u0438\u0445 \u043c\u043e\u043c\u0435\u043d\u0442\u0456\u0432 \u0432\u0456\u0434\u043f\u043e\u0447\u0438\u043d\u043a\u0443 \u0432 \u043e\u0442\u043e\u0447\u0435\u043d\u043d\u0456 \u043f\u0440\u0438\u0440\u043e\u0434\u0438. \u041f\u0456\u0434\u0432\u0456\u0448\u0435\u043d\u0430 \u043d\u0430 \u0442\u043e\u043d\u043a\u0438\u0445 \u043c\u043e\u0442\u0443\u0437\u043a\u0430\u0445, \u0432\u043e\u043d\u0430 \u0441\u0442\u0432\u043e\u0440\u044e\u0454 \u0432\u0440\u0430\u0436\u0435\u043d\u043d\u044f \u043b\u0435\u0433\u043a\u043e\u0441\u0442\u0456 \u0442\u0430 \u0432\u0456\u043b\u044c\u043d\u043e\u0433\u043e \u043f\u043b\u0430\u0432\u0430\u043d\u043d\u044f \u0443 \u043f\u0440\u043e\u0441\u0442\u043e\u0440\u0456 - \u0441\u0435\u0440\u0435\u0434 \u0434\u0435\u0440\u0435\u0432 \u0441\u0430\u0434\u0443, \u043d\u0430 \u0442\u0435\u0440\u0430\u0441\u0456 \u0447\u0438 \u043f\u0456\u0434 \u043f\u0435\u0440\u0433\u043e\u043b\u043e\u044e.<\/p>\n<p>\u041a\u043e\u043d\u0441\u0442\u0440\u0443\u043a\u0446\u0456\u044f \u0432\u0438\u0433\u043e\u0442\u043e\u0432\u043b\u0435\u043d\u0430 \u0437 \u043c\u0430\u0441\u0438\u0432\u0443 \u0441\u043a\u0430\u043d\u0434\u0438\u043d\u0430\u0432\u0441\u044c\u043a\u043e\u0457 \u0434\u0435\u0440\u0435\u0432\u0438\u043d\u0438 \u0437 <strong>\u0421\u0435\u0440\u0442\u0438\u0444\u0456\u043a\u043e\u0432\u0430\u043d\u043e \u0437\u0430 \u0441\u0442\u0430\u043d\u0434\u0430\u0440\u0442\u043e\u043c FSC<\/strong>\u0412\u0435\u0441\u044c \u0432\u0438\u0440\u0456\u0431 \u0432\u043a\u0440\u0438\u0442\u0438\u0439 \u043f\u0440\u043e\u0441\u043e\u0447\u0435\u043d\u043d\u044f\u043c \u043a\u043e\u043b\u044c\u043e\u0440\u0443 \u043c\u043e\u0440\u0441\u044c\u043a\u043e\u0457 \u043f\u0456\u043d\u0438, \u0449\u043e \u043d\u0430\u0434\u0430\u0454 \u043f\u043e\u0432\u0435\u0440\u0445\u043d\u0456 \u0432\u0438\u0442\u043e\u043d\u0447\u0435\u043d\u043e\u0457 \u0433\u043b\u0430\u0434\u043a\u043e\u0441\u0442\u0456 \u0442\u0430 \u043f\u0456\u0434\u043a\u0440\u0435\u0441\u043b\u044e\u0454 \u043f\u0440\u0438\u0440\u043e\u0434\u043d\u0443 \u0442\u0435\u043a\u0441\u0442\u0443\u0440\u0443 \u0434\u0435\u0440\u0435\u0432\u0438\u043d\u0438. \u041a\u043e\u043b\u0456\u0440, \u043d\u0430\u0442\u0445\u043d\u0435\u043d\u043d\u0438\u0439 \u0432\u043e\u0434\u043e\u044e \u0442\u0430 \u043b\u0456\u0442\u043e\u043c, \u043f\u0440\u0438\u043d\u043e\u0441\u0438\u0442\u044c \u0441\u0432\u0456\u0436\u0456\u0441\u0442\u044c \u0456 \u0441\u043f\u043e\u043a\u0456\u0439 \u0443 \u043d\u0430\u0432\u043a\u043e\u043b\u0438\u0448\u043d\u0454 \u0441\u0435\u0440\u0435\u0434\u043e\u0432\u0438\u0449\u0435.<\/p>\n<p>\u0426\u0435 \u0456\u0434\u0435\u0430\u043b\u044c\u043d\u0435 \u0440\u0456\u0448\u0435\u043d\u043d\u044f \u0434\u043b\u044f \u0442\u0438\u0445, \u0445\u0442\u043e \u0445\u043e\u0447\u0435 \u0441\u0442\u0432\u043e\u0440\u0438\u0442\u0438 \u0456\u043d\u0442\u0438\u043c\u043d\u0438\u0439 \u043a\u0443\u0442\u043e\u0447\u043e\u043a \u0434\u043b\u044f \u0432\u0456\u0434\u043f\u043e\u0447\u0438\u043d\u043a\u0443, \u0437\u0430\u0432\u0438\u0441\u0448\u0438 \u043c\u0456\u0436 \u043f\u043e\u0432\u0441\u044f\u043a\u0434\u0435\u043d\u043d\u0438\u043c \u0436\u0438\u0442\u0442\u044f\u043c \u0456 \u043c\u0440\u0456\u044f\u043c\u0438 \u043f\u0440\u043e \u0434\u0430\u043b\u0435\u043a\u0456 \u043f\u043e\u0434\u043e\u0440\u043e\u0436\u0456.<\/p>\n<p>\u2714\ufe0f \u043d\u0430\u0442\u0445\u043d\u0435\u043d\u043d\u0438\u0439 \u0444\u043e\u0440\u043c\u043e\u044e \u0433\u0440\u0435\u0446\u044c\u043a\u043e\u0457 \u043b\u0435\u043a\u0442\u0438\u043a\u0438<\/p>\n<p>\u2714\ufe0f \u043f\u0456\u0434\u0432\u0456\u0448\u0435\u043d\u0456 \u043d\u0430 \u043c\u043e\u0442\u0443\u0437\u043a\u0430\u0445 - \u043b\u0435\u0433\u043a\u0430, \u043f\u043b\u0430\u0432\u0430\u044e\u0447\u0430 \u0444\u043e\u0440\u043c\u0430<\/p>\n<p>\u2714\ufe0f \u0437 \u043c\u043e\u0440\u0441\u044c\u043a\u0438\u043c \u043f\u0440\u043e\u0441\u043e\u0447\u0435\u043d\u043d\u044f\u043c - \u0433\u043b\u0430\u0434\u043a\u0430, \u043d\u0430\u0442\u0443\u0440\u0430\u043b\u044c\u043d\u0430 \u043f\u043e\u0432\u0435\u0440\u0445\u043d\u044f<\/p>\n<p>\u2714\ufe0f \u0432\u0438\u0433\u043e\u0442\u043e\u0432\u043b\u0435\u043d\u043e \u0437 \u043c\u0430\u0441\u0438\u0432\u0443 \u0434\u0435\u0440\u0435\u0432\u0438\u043d\u0438 FSC\u00ae - \u0441\u0442\u0456\u0439\u043a\u043e\u0457 \u0442\u0430 \u0432\u0456\u0434\u043f\u043e\u0432\u0456\u0434\u0430\u043b\u044c\u043d\u043e\u0457 \u0434\u0435\u0440\u0435\u0432\u0438\u043d\u0438<\/p>\n<p>\u2714\ufe0f \u0456\u0434\u0435\u0430\u043b\u044c\u043d\u043e \u043f\u0456\u0434\u0445\u043e\u0434\u0438\u0442\u044c \u0434\u043b\u044f \u0441\u0430\u0434\u0443, \u0442\u0435\u0440\u0430\u0441\u0438, \u0430\u043b\u044c\u0442\u0430\u043d\u043a\u0438 \u0430\u0431\u043e \u0437\u043e\u043d\u0438 \u0432\u0456\u0434\u043f\u043e\u0447\u0438\u043d\u043a\u0443<\/p>\n<p>\u2714\ufe0f \u0441\u043f\u0435\u0446\u0456\u0430\u043b\u044c\u043d\u0438\u0439 \u043c\u0430\u0442\u0440\u0430\u0446 \u0434\u043e\u0441\u0442\u0443\u043f\u043d\u0438\u0439 \u0443 \u043d\u0430\u0448\u043e\u043c\u0443 \u043c\u0430\u0433\u0430\u0437\u0438\u043d\u0456<\/p>\n<p><strong>\u041b\u0435\u043a\u0446\u0456\u044f SIMI<\/strong> \u0446\u0435 \u0437\u0430\u043f\u0440\u043e\u0448\u0435\u043d\u043d\u044f \u0437\u0443\u043f\u0438\u043d\u0438\u0442\u0438\u0441\u044f - \u0432\u0437\u044f\u0442\u0438 \u043c\u0438\u0442\u044c \u0442\u0456\u043b\u044c\u043a\u0438 \u0434\u043b\u044f \u0441\u0435\u0431\u0435, \u0432 \u0440\u0438\u0442\u043c\u0456 \u043b\u0435\u0433\u043a\u043e\u0433\u043e \u043f\u043e\u0433\u043e\u0439\u0434\u0443\u0432\u0430\u043d\u043d\u044f \u0456 \u0441\u043e\u043d\u044f\u0447\u043d\u043e\u0433\u043e \u0441\u0432\u0456\u0442\u043b\u0430.<\/p>","protected":false},"excerpt":{"rendered":"<p>SIMI Lektyka \u2013 Sielankowa hu\u015btawka w \u015br\u00f3dziemnomorskim stylu SIMI Lektyka to niezwyk\u0142a hu\u015btawka inspirowana klasyczn\u0105 greck\u0105 form\u0105 lektyki, stworzona z my\u015bl\u0105 o spokojnych chwilach odpoczynku w otoczeniu natury. Zawieszana na delikatnych linach, daje wra\u017cenie lekko\u015bci i swobodnego unoszenia si\u0119 w przestrzeni \u2013 czy to w\u015br\u00f3d drzew ogrodu, na tarasie, czy pod pergol\u0105. Konstrukcja wykonana jest [&hellip;]<\/p>\n","protected":false},"featured_media":1663,"template":"","meta":{"_acf_changed":false},"product_brand":[],"product_cat":[70],"product_tag":[],"class_list":{"0":"post-1563","1":"product","2":"type-product","3":"status-publish","4":"has-post-thumbnail","6":"product_cat-lozka-ogrodowe","7":"product_shipping_class-podstawowa","9":"first","10":"instock","11":"taxable","12":"shipping-taxable","13":"purchasable","14":"product-type-simple","15":"add-to-wishlist-after_add_to_cart"},"acf":[],"yoast_head":"<!-- This site is optimized with the Yoast SEO plugin v26.6 - https:\/\/yoast.com\/wordpress\/plugins\/seo\/ -->\n<title>\u0141\u00f3\u017cko bujane drewniane - Lektyka Simi - Siesta Garden<\/title>\n<meta name=\"robots\" content=\"index, follow, max-snippet:-1, max-image-preview:large, max-video-preview:-1\" \/>\n<link rel=\"canonical\" href=\"https:\/\/www.siestagarden.com\/uk\/product\/lozko-bujane-lektyka\/\" \/>\n<meta property=\"og:locale\" content=\"uk_UA\" \/>\n<meta property=\"og:type\" content=\"article\" \/>\n<meta property=\"og:title\" content=\"\u0141\u00f3\u017cko bujane drewniane - Lektyka Simi - Siesta Garden\" \/>\n<meta property=\"og:description\" content=\"SIMI Lektyka \u2013 Sielankowa hu\u015btawka w \u015br\u00f3dziemnomorskim stylu SIMI Lektyka to niezwyk\u0142a hu\u015btawka inspirowana klasyczn\u0105 greck\u0105 form\u0105 lektyki, stworzona z my\u015bl\u0105 o spokojnych chwilach odpoczynku w otoczeniu natury. Zawieszana na delikatnych linach, daje wra\u017cenie lekko\u015bci i swobodnego unoszenia si\u0119 w przestrzeni \u2013 czy to w\u015br\u00f3d drzew ogrodu, na tarasie, czy pod pergol\u0105. Konstrukcja wykonana jest [&hellip;]\" \/>\n<meta property=\"og:url\" content=\"https:\/\/www.siestagarden.com\/uk\/product\/lozko-bujane-lektyka\/\" \/>\n<meta property=\"og:site_name\" content=\"Siesta Garden\" \/>\n<meta property=\"article:modified_time\" content=\"2026-01-27T12:01:09+00:00\" \/>\n<meta property=\"og:image\" content=\"https:\/\/www.siestagarden.com\/wp-content\/uploads\/2025\/03\/IMG_1189-scaled.jpg\" \/>\n\t<meta property=\"og:image:width\" content=\"1707\" \/>\n\t<meta property=\"og:image:height\" content=\"2560\" \/>\n\t<meta property=\"og:image:type\" content=\"image\/jpeg\" \/>\n<meta name=\"twitter:card\" content=\"summary_large_image\" \/>\n<meta name=\"twitter:label1\" content=\"\u041f\u0440\u0438\u0431\u043b. \u0447\u0430\u0441 \u0447\u0438\u0442\u0430\u043d\u043d\u044f\" \/>\n\t<meta name=\"twitter:data1\" content=\"2 \u0445\u0432\u0438\u043b\u0438\u043d\u0438\" \/>\n<script type=\"application\/ld+json\" class=\"yoast-schema-graph\">{\"@context\":\"https:\/\/schema.org\",\"@graph\":[{\"@type\":\"WebPage\",\"@id\":\"https:\/\/www.siestagarden.com\/produkt\/lozko-bujane-lektyka\/\",\"url\":\"https:\/\/www.siestagarden.com\/produkt\/lozko-bujane-lektyka\/\",\"name\":\"\u0141\u00f3\u017cko bujane drewniane - Lektyka Simi - Siesta Garden\",\"isPartOf\":{\"@id\":\"https:\/\/www.siestagarden.com\/#website\"},\"primaryImageOfPage\":{\"@id\":\"https:\/\/www.siestagarden.com\/produkt\/lozko-bujane-lektyka\/#primaryimage\"},\"image\":{\"@id\":\"https:\/\/www.siestagarden.com\/produkt\/lozko-bujane-lektyka\/#primaryimage\"},\"thumbnailUrl\":\"https:\/\/www.siestagarden.com\/wp-content\/uploads\/2025\/03\/IMG_1189-scaled.jpg\",\"datePublished\":\"2025-03-12T11:05:55+00:00\",\"dateModified\":\"2026-01-27T12:01:09+00:00\",\"breadcrumb\":{\"@id\":\"https:\/\/www.siestagarden.com\/produkt\/lozko-bujane-lektyka\/#breadcrumb\"},\"inLanguage\":\"uk\",\"potentialAction\":[{\"@type\":\"ReadAction\",\"target\":[\"https:\/\/www.siestagarden.com\/produkt\/lozko-bujane-lektyka\/\"]}]},{\"@type\":\"ImageObject\",\"inLanguage\":\"uk\",\"@id\":\"https:\/\/www.siestagarden.com\/produkt\/lozko-bujane-lektyka\/#primaryimage\",\"url\":\"https:\/\/www.siestagarden.com\/wp-content\/uploads\/2025\/03\/IMG_1189-scaled.jpg\",\"contentUrl\":\"https:\/\/www.siestagarden.com\/wp-content\/uploads\/2025\/03\/IMG_1189-scaled.jpg\",\"width\":1707,\"height\":2560},{\"@type\":\"BreadcrumbList\",\"@id\":\"https:\/\/www.siestagarden.com\/produkt\/lozko-bujane-lektyka\/#breadcrumb\",\"itemListElement\":[{\"@type\":\"ListItem\",\"position\":1,\"name\":\"Strona g\u0142\u00f3wna\",\"item\":\"https:\/\/www.siestagarden.com\/\"},{\"@type\":\"ListItem\",\"position\":2,\"name\":\"Sklep\",\"item\":\"https:\/\/www.siestagarden.com\/sklep\/\"},{\"@type\":\"ListItem\",\"position\":3,\"name\":\"\u0141\u00f3\u017cko bujane drewniane &#8211; Lektyka Simi\"}]},{\"@type\":\"WebSite\",\"@id\":\"https:\/\/www.siestagarden.com\/#website\",\"url\":\"https:\/\/www.siestagarden.com\/\",\"name\":\"Siesta Garden\",\"description\":\"Meble do Twojego ogrodu. Polski producent drewnianych mebli najwy\u017cszej jako\u015bci.\",\"potentialAction\":[{\"@type\":\"SearchAction\",\"target\":{\"@type\":\"EntryPoint\",\"urlTemplate\":\"https:\/\/www.siestagarden.com\/?s={search_term_string}\"},\"query-input\":{\"@type\":\"PropertyValueSpecification\",\"valueRequired\":true,\"valueName\":\"search_term_string\"}}],\"inLanguage\":\"uk\"}]}<\/script>\n<!-- \/ Yoast SEO plugin. -->","yoast_head_json":{"title":"\u0141\u00f3\u017cko bujane drewniane - Lektyka Simi - Siesta Garden","robots":{"index":"index","follow":"follow","max-snippet":"max-snippet:-1","max-image-preview":"max-image-preview:large","max-video-preview":"max-video-preview:-1"},"canonical":"https:\/\/www.siestagarden.com\/uk\/product\/lozko-bujane-lektyka\/","og_locale":"uk_UA","og_type":"article","og_title":"\u0141\u00f3\u017cko bujane drewniane - Lektyka Simi - Siesta Garden","og_description":"SIMI Lektyka \u2013 Sielankowa hu\u015btawka w \u015br\u00f3dziemnomorskim stylu SIMI Lektyka to niezwyk\u0142a hu\u015btawka inspirowana klasyczn\u0105 greck\u0105 form\u0105 lektyki, stworzona z my\u015bl\u0105 o spokojnych chwilach odpoczynku w otoczeniu natury. Zawieszana na delikatnych linach, daje wra\u017cenie lekko\u015bci i swobodnego unoszenia si\u0119 w przestrzeni \u2013 czy to w\u015br\u00f3d drzew ogrodu, na tarasie, czy pod pergol\u0105. Konstrukcja wykonana jest [&hellip;]","og_url":"https:\/\/www.siestagarden.com\/uk\/product\/lozko-bujane-lektyka\/","og_site_name":"Siesta Garden","article_modified_time":"2026-01-27T12:01:09+00:00","og_image":[{"width":1707,"height":2560,"url":"https:\/\/www.siestagarden.com\/wp-content\/uploads\/2025\/03\/IMG_1189-scaled.jpg","type":"image\/jpeg"}],"twitter_card":"summary_large_image","twitter_misc":{"\u041f\u0440\u0438\u0431\u043b. \u0447\u0430\u0441 \u0447\u0438\u0442\u0430\u043d\u043d\u044f":"2 \u0445\u0432\u0438\u043b\u0438\u043d\u0438"},"schema":{"@context":"https:\/\/schema.org","@graph":[{"@type":"WebPage","@id":"https:\/\/www.siestagarden.com\/produkt\/lozko-bujane-lektyka\/","url":"https:\/\/www.siestagarden.com\/produkt\/lozko-bujane-lektyka\/","name":"\u0141\u00f3\u017cko bujane drewniane - Lektyka Simi - Siesta Garden","isPartOf":{"@id":"https:\/\/www.siestagarden.com\/#website"},"primaryImageOfPage":{"@id":"https:\/\/www.siestagarden.com\/produkt\/lozko-bujane-lektyka\/#primaryimage"},"image":{"@id":"https:\/\/www.siestagarden.com\/produkt\/lozko-bujane-lektyka\/#primaryimage"},"thumbnailUrl":"https:\/\/www.siestagarden.com\/wp-content\/uploads\/2025\/03\/IMG_1189-scaled.jpg","datePublished":"2025-03-12T11:05:55+00:00","dateModified":"2026-01-27T12:01:09+00:00","breadcrumb":{"@id":"https:\/\/www.siestagarden.com\/produkt\/lozko-bujane-lektyka\/#breadcrumb"},"inLanguage":"uk","potentialAction":[{"@type":"ReadAction","target":["https:\/\/www.siestagarden.com\/produkt\/lozko-bujane-lektyka\/"]}]},{"@type":"ImageObject","inLanguage":"uk","@id":"https:\/\/www.siestagarden.com\/produkt\/lozko-bujane-lektyka\/#primaryimage","url":"https:\/\/www.siestagarden.com\/wp-content\/uploads\/2025\/03\/IMG_1189-scaled.jpg","contentUrl":"https:\/\/www.siestagarden.com\/wp-content\/uploads\/2025\/03\/IMG_1189-scaled.jpg","width":1707,"height":2560},{"@type":"BreadcrumbList","@id":"https:\/\/www.siestagarden.com\/produkt\/lozko-bujane-lektyka\/#breadcrumb","itemListElement":[{"@type":"ListItem","position":1,"name":"Strona g\u0142\u00f3wna","item":"https:\/\/www.siestagarden.com\/"},{"@type":"ListItem","position":2,"name":"Sklep","item":"https:\/\/www.siestagarden.com\/sklep\/"},{"@type":"ListItem","position":3,"name":"\u0141\u00f3\u017cko bujane drewniane &#8211; Lektyka Simi"}]},{"@type":"WebSite","@id":"https:\/\/www.siestagarden.com\/#website","url":"https:\/\/www.siestagarden.com\/","name":"\u0421\u0430\u0434 \"\u0421\u0456\u0454\u0441\u0442\u0430","description":"\u041c\u0435\u0431\u043b\u0456 \u0434\u043b\u044f \u0432\u0430\u0448\u043e\u0433\u043e \u0441\u0430\u0434\u0443. \u041f\u043e\u043b\u044c\u0441\u044c\u043a\u0438\u0439 \u0432\u0438\u0440\u043e\u0431\u043d\u0438\u043a \u0434\u0435\u0440\u0435\u0432'\u044f\u043d\u0438\u0445 \u043c\u0435\u0431\u043b\u0456\u0432 \u043d\u0430\u0439\u0432\u0438\u0449\u043e\u0457 \u044f\u043a\u043e\u0441\u0442\u0456.","potentialAction":[{"@type":"SearchAction","target":{"@type":"EntryPoint","urlTemplate":"https:\/\/www.siestagarden.com\/?s={search_term_string}"},"query-input":{"@type":"PropertyValueSpecification","valueRequired":true,"valueName":"search_term_string"}}],"inLanguage":"uk"}]}},"_links":{"self":[{"href":"https:\/\/www.siestagarden.com\/uk\/wp-json\/wp\/v2\/product\/1563","targetHints":{"allow":["GET"]}}],"collection":[{"href":"https:\/\/www.siestagarden.com\/uk\/wp-json\/wp\/v2\/product"}],"about":[{"href":"https:\/\/www.siestagarden.com\/uk\/wp-json\/wp\/v2\/types\/product"}],"wp:featuredmedia":[{"embeddable":true,"href":"https:\/\/www.siestagarden.com\/uk\/wp-json\/wp\/v2\/media\/1663"}],"wp:attachment":[{"href":"https:\/\/www.siestagarden.com\/uk\/wp-json\/wp\/v2\/media?parent=1563"}],"wp:term":[{"taxonomy":"product_brand","embeddable":true,"href":"https:\/\/www.siestagarden.com\/uk\/wp-json\/wp\/v2\/product_brand?post=1563"},{"taxonomy":"product_cat","embeddable":true,"href":"https:\/\/www.siestagarden.com\/uk\/wp-json\/wp\/v2\/product_cat?post=1563"},{"taxonomy":"product_tag","embeddable":true,"href":"https:\/\/www.siestagarden.com\/uk\/wp-json\/wp\/v2\/product_tag?post=1563"}],"curies":[{"name":"wp","href":"https:\/\/api.w.org\/{rel}","templated":true}]}}