{"id":1964,"date":"2025-03-27T13:53:19","date_gmt":"2025-03-27T12:53:19","guid":{"rendered":"https:\/\/www.siestagarden.com\/?post_type=product&#038;p=1964"},"modified":"2026-02-09T10:23:18","modified_gmt":"2026-02-09T09:23:18","slug":"krzeslo-plazowe-patmos-turkusowe","status":"publish","type":"product","link":"https:\/\/www.siestagarden.com\/uk\/product\/krzeslo-plazowe-patmos-turkusowe\/","title":{"rendered":"\u0428\u0435\u0437\u043b\u043e\u043d\u0433 Patmos \u0431\u0456\u0440\u044e\u0437\u043e\u0432\u0438\u0439"},"content":{"rendered":"<p><strong>\u0428\u0435\u0437\u043b\u043e\u043d\u0433 PATMOS<\/strong> - \u043b\u0435\u0433\u043a\u0430 \u0444\u043e\u0440\u043c\u0430, \u0431\u043b\u0430\u043a\u0438\u0442\u043d\u0430 \u0430\u0442\u043c\u043e\u0441\u0444\u0435\u0440\u0430<\/p>\n<p><strong>\u041f\u043b\u044f\u0436 \u041f\u0430\u0442\u043c\u043e\u0441<\/strong> \u0446\u0435 \u0441\u0442\u0456\u043b\u0435\u0446\u044c, \u0441\u0442\u0432\u043e\u0440\u0435\u043d\u0438\u0439 \u0434\u043b\u044f \u0441\u043e\u043d\u044f\u0447\u043d\u0438\u0445 \u043c\u0456\u0441\u0446\u044c \u043f\u043e\u0431\u043b\u0438\u0437\u0443 \u0432\u043e\u0434\u0438 - \u043d\u0430 \u043d\u0430\u0431\u0435\u0440\u0435\u0436\u043d\u0456\u0439, \u0431\u0456\u043b\u044f \u043f\u0440\u0438\u0441\u0442\u0430\u043d\u0456 \u0434\u043b\u044f \u044f\u0445\u0442 \u0430\u0431\u043e \u0432 \u0441\u0430\u0434\u0443 \u0433\u043e\u0442\u0435\u043b\u044e \u0437 \u0432\u0438\u0434\u043e\u043c \u043d\u0430 \u0445\u0432\u0438\u043b\u0456. \u041d\u0430\u0442\u0445\u043d\u0435\u043d\u043d\u0438\u0439 \u0434\u043e\u0448\u043a\u043e\u044e \u0434\u043b\u044f \u0441\u0435\u0440\u0444\u0456\u043d\u0433\u0443, \u0432\u0456\u043d \u0437\u0431\u0435\u0440\u0456\u0433\u0430\u0454 \u043f\u0440\u043e\u0441\u0442\u0456, \u0442\u043e\u043d\u043a\u0456 \u043b\u0456\u043d\u0456\u0457, \u044f\u043a\u0456 \u043d\u0430\u0434\u0430\u044e\u0442\u044c \u043e\u0431\u0441\u0442\u0430\u043d\u043e\u0432\u0446\u0456 \u043d\u0435\u0432\u0438\u043c\u0443\u0448\u0435\u043d\u043e\u0441\u0442\u0456 \u0442\u0430 \u043b\u0435\u0433\u043a\u043e\u0441\u0442\u0456.<\/p>\n<p>\u041a\u043e\u043d\u0441\u0442\u0440\u0443\u043a\u0446\u0456\u044f \u0431\u0443\u043b\u0430 \u0432\u0438\u0433\u043e\u0442\u043e\u0432\u043b\u0435\u043d\u0430 \u0437 \u043c\u0430\u0441\u0438\u0432\u0443 \u0441\u043a\u0430\u043d\u0434\u0438\u043d\u0430\u0432\u0441\u044c\u043a\u043e\u0457 \u0434\u0435\u0440\u0435\u0432\u0438\u043d\u0438 \u0437 <strong>\u0421\u0435\u0440\u0442\u0438\u0444\u0456\u043a\u043e\u0432\u0430\u043d\u043e \u0437\u0430 \u0441\u0442\u0430\u043d\u0434\u0430\u0440\u0442\u043e\u043c FSC<\/strong>\u0456 \u043e\u0431\u0440\u043e\u0431\u043b\u0435\u043d\u0438\u0439 \u043b\u0430\u0437\u0443\u0440\u043d\u0438\u043c \u0440\u043e\u0437\u0433\u043b\u0430\u0434\u0436\u0443\u044e\u0447\u0438\u043c \u043f\u0440\u043e\u0441\u043e\u0447\u0435\u043d\u043d\u044f\u043c, \u044f\u043a\u0435 \u043d\u0435 \u0442\u0456\u043b\u044c\u043a\u0438 \u0437\u0430\u0445\u0438\u0449\u0430\u0454 \u0432\u0456\u0434 \u0432\u043f\u043b\u0438\u0432\u0443 \u043f\u043e\u0433\u043e\u0434\u0438, \u0430\u043b\u0435 \u0439 \u043d\u0430\u0434\u0430\u0454 \u0432\u0441\u044c\u043e\u043c\u0443 \u0446\u044c\u043e\u043c\u0443 \u0443\u043d\u0456\u043a\u0430\u043b\u044c\u043d\u043e\u0433\u043e \u043b\u0456\u0442\u043d\u044c\u043e\u0433\u043e, \u043c\u043e\u0440\u0441\u044c\u043a\u043e\u0433\u043e \u0432\u0456\u0434\u0447\u0443\u0442\u0442\u044f.<\/p>\n<p>\u0426\u0435 \u0456\u0434\u0435\u0430\u043b\u044c\u043d\u0438\u0439 \u0432\u0438\u0431\u0456\u0440 \u0434\u043b\u044f \u0442\u0438\u0445, \u0445\u0442\u043e \u0448\u0443\u043a\u0430\u0454 \u0432\u0438\u0442\u043e\u043d\u0447\u0435\u043d\u0456 \u0437\u0430 \u0444\u043e\u0440\u043c\u043e\u044e, \u0430\u043b\u0435 \u0432\u0438\u0440\u0430\u0437\u043d\u0456 \u0437\u0430 \u0437\u043c\u0456\u0441\u0442\u043e\u043c \u043c\u0435\u0431\u043b\u0456 - \u0456\u0434\u0435\u0430\u043b\u044c\u043d\u0456 \u0434\u043b\u044f \u0433\u0430\u0432\u0430\u043d\u0456, \u043f\u043b\u044f\u0436\u043d\u0438\u0445 \u0431\u0430\u0440\u0456\u0432, \u0431\u0430\u0441\u0435\u0439\u043d\u0456\u0432 \u0456 \u043b\u0430\u0443\u043d\u0436-\u0441\u0430\u0434\u0456\u0432.<\/p>\n<p>\u2714\ufe0f \u0441\u0442\u0440\u0443\u043d\u043a\u0430 \u0444\u043e\u0440\u043c\u0430, \u043d\u0430\u0442\u0445\u043d\u0435\u043d\u043d\u0430 \u0441\u0435\u0440\u0444\u0456\u043d\u0433\u043e\u043c<\/p>\n<p>\u2714\ufe0f \u043b\u0430\u0437\u0443\u0440\u043d\u0435 \u043f\u043e\u043a\u0440\u0438\u0442\u0442\u044f<\/p>\n<p>\u2714\ufe0f \u0432\u0438\u0433\u043e\u0442\u043e\u0432\u043b\u0435\u043d\u043e \u0437 \u043c\u0430\u0441\u0438\u0432\u0443 \u0434\u0435\u0440\u0435\u0432\u0438\u043d\u0438 FSC\u00ae<\/p>\n<p>\u2714\ufe0f \u043f\u043e\u0432\u0435\u0440\u0445\u043d\u044f \u0432\u0438\u0440\u0456\u0432\u043d\u044f\u043d\u0430 \u0437\u0430\u0445\u0438\u0441\u043d\u0438\u043c \u043f\u0440\u043e\u0441\u043e\u0447\u0435\u043d\u043d\u044f\u043c<\/p>\n<p>\u2714\ufe0f \u0456\u0434\u0435\u0430\u043b\u044c\u043d\u043e \u043f\u0456\u0434\u0445\u043e\u0434\u0438\u0442\u044c \u0434\u043b\u044f \u043f\u043b\u044f\u0436\u0456\u0432, \u043f\u0440\u0438\u0441\u0442\u0430\u043d\u0435\u0439 \u0434\u043b\u044f \u044f\u0445\u0442, \u0433\u043e\u0442\u0435\u043b\u0456\u0432 \u0456 \u0437\u043e\u043d \u0432\u0456\u0434\u043f\u043e\u0447\u0438\u043d\u043a\u0443<\/p>\n<p><strong>\u041f\u043b\u044f\u0436 \u041f\u0430\u0442\u043c\u043e\u0441 - \u043c\u0456\u043d\u0456\u043c\u0430\u043b\u0456\u0441\u0442\u0438\u0447\u043d\u0438\u0439<\/strong>\u0427\u0430\u0440\u0456\u0432\u043d\u0438\u0439, \u0430\u043b\u0435 \u043d\u0430\u0442\u0445\u043d\u0435\u043d\u043d\u0438\u0439 \u0441\u0432\u044f\u0442\u043e\u043c \u0430\u043a\u0446\u0435\u043d\u0442, \u044f\u043a\u0438\u0439 \u043f\u0440\u0438\u0432\u0435\u0440\u0442\u0430\u0454 \u0443\u0432\u0430\u0433\u0443 \u0456 \u0434\u043e\u0434\u0430\u0454 \u043f\u0440\u0438\u0431\u0435\u0440\u0435\u0436\u043d\u043e\u043c\u0443 \u0441\u0442\u0438\u043b\u044e \u0431\u0443\u0434\u044c-\u044f\u043a\u043e\u043c\u0443 \u043f\u0440\u043e\u0441\u0442\u043e\u0440\u0443.<\/p>","protected":false},"excerpt":{"rendered":"<p>PATMOS krzes\u0142o pla\u017cowe \u2013 lekka forma, lazurowy klimat Patmos pla\u017cowe to krzes\u0142o stworzone z my\u015bl\u0105 o s\u0142onecznych przestrzeniach blisko wody \u2013 czy to na nadmorskim deptaku, przy marinie, czy w ogrodzie hotelowym z widokiem na fale. Inspirowane desk\u0105 surfingow\u0105, zachowuje prost\u0105, smuk\u0142\u0105 lini\u0119, kt\u00f3ra wprowadza do aran\u017cacji luz i lekko\u015b\u0107. Konstrukcja zosta\u0142a wykonana z litego [&hellip;]<\/p>\n","protected":false},"featured_media":2395,"template":"","meta":{"_acf_changed":false},"product_brand":[],"product_cat":[16],"product_tag":[],"class_list":{"0":"post-1964","1":"product","2":"type-product","3":"status-publish","4":"has-post-thumbnail","6":"product_cat-bez-kategorii","7":"product_shipping_class-podstawowa","9":"first","10":"instock","11":"taxable","12":"shipping-taxable","13":"purchasable","14":"product-type-simple","15":"add-to-wishlist-after_add_to_cart"},"acf":[],"yoast_head":"<!-- This site is optimized with the Yoast SEO plugin v26.6 - https:\/\/yoast.com\/wordpress\/plugins\/seo\/ -->\n<title>Krzes\u0142o pla\u017cowe Patmos turkusowe - Siesta Garden<\/title>\n<meta name=\"robots\" content=\"index, follow, max-snippet:-1, max-image-preview:large, max-video-preview:-1\" \/>\n<link rel=\"canonical\" href=\"https:\/\/www.siestagarden.com\/uk\/product\/krzeslo-plazowe-patmos-turkusowe\/\" \/>\n<meta property=\"og:locale\" content=\"uk_UA\" \/>\n<meta property=\"og:type\" content=\"article\" \/>\n<meta property=\"og:title\" content=\"Krzes\u0142o pla\u017cowe Patmos turkusowe - Siesta Garden\" \/>\n<meta property=\"og:description\" content=\"PATMOS krzes\u0142o pla\u017cowe \u2013 lekka forma, lazurowy klimat Patmos pla\u017cowe to krzes\u0142o stworzone z my\u015bl\u0105 o s\u0142onecznych przestrzeniach blisko wody \u2013 czy to na nadmorskim deptaku, przy marinie, czy w ogrodzie hotelowym z widokiem na fale. Inspirowane desk\u0105 surfingow\u0105, zachowuje prost\u0105, smuk\u0142\u0105 lini\u0119, kt\u00f3ra wprowadza do aran\u017cacji luz i lekko\u015b\u0107. Konstrukcja zosta\u0142a wykonana z litego [&hellip;]\" \/>\n<meta property=\"og:url\" content=\"https:\/\/www.siestagarden.com\/uk\/product\/krzeslo-plazowe-patmos-turkusowe\/\" \/>\n<meta property=\"og:site_name\" content=\"Siesta Garden\" \/>\n<meta property=\"article:modified_time\" content=\"2026-02-09T09:23:18+00:00\" \/>\n<meta property=\"og:image\" content=\"https:\/\/www.siestagarden.com\/wp-content\/uploads\/2025\/03\/IMG_9762-scaled-e1770628972575.jpg\" \/>\n\t<meta property=\"og:image:width\" content=\"1707\" \/>\n\t<meta property=\"og:image:height\" content=\"2560\" \/>\n\t<meta property=\"og:image:type\" content=\"image\/jpeg\" \/>\n<meta name=\"twitter:card\" content=\"summary_large_image\" \/>\n<meta name=\"twitter:label1\" content=\"\u041f\u0440\u0438\u0431\u043b. \u0447\u0430\u0441 \u0447\u0438\u0442\u0430\u043d\u043d\u044f\" \/>\n\t<meta name=\"twitter:data1\" content=\"2 \u0445\u0432\u0438\u043b\u0438\u043d\u0438\" \/>\n<script type=\"application\/ld+json\" class=\"yoast-schema-graph\">{\"@context\":\"https:\/\/schema.org\",\"@graph\":[{\"@type\":\"WebPage\",\"@id\":\"https:\/\/www.siestagarden.com\/produkt\/krzeslo-plazowe-patmos-turkusowe\/\",\"url\":\"https:\/\/www.siestagarden.com\/produkt\/krzeslo-plazowe-patmos-turkusowe\/\",\"name\":\"Krzes\u0142o pla\u017cowe Patmos turkusowe - Siesta Garden\",\"isPartOf\":{\"@id\":\"https:\/\/www.siestagarden.com\/#website\"},\"primaryImageOfPage\":{\"@id\":\"https:\/\/www.siestagarden.com\/produkt\/krzeslo-plazowe-patmos-turkusowe\/#primaryimage\"},\"image\":{\"@id\":\"https:\/\/www.siestagarden.com\/produkt\/krzeslo-plazowe-patmos-turkusowe\/#primaryimage\"},\"thumbnailUrl\":\"https:\/\/www.siestagarden.com\/wp-content\/uploads\/2025\/03\/IMG_9762-scaled-e1770628972575.jpg\",\"datePublished\":\"2025-03-27T12:53:19+00:00\",\"dateModified\":\"2026-02-09T09:23:18+00:00\",\"breadcrumb\":{\"@id\":\"https:\/\/www.siestagarden.com\/produkt\/krzeslo-plazowe-patmos-turkusowe\/#breadcrumb\"},\"inLanguage\":\"uk\",\"potentialAction\":[{\"@type\":\"ReadAction\",\"target\":[\"https:\/\/www.siestagarden.com\/produkt\/krzeslo-plazowe-patmos-turkusowe\/\"]}]},{\"@type\":\"ImageObject\",\"inLanguage\":\"uk\",\"@id\":\"https:\/\/www.siestagarden.com\/produkt\/krzeslo-plazowe-patmos-turkusowe\/#primaryimage\",\"url\":\"https:\/\/www.siestagarden.com\/wp-content\/uploads\/2025\/03\/IMG_9762-scaled-e1770628972575.jpg\",\"contentUrl\":\"https:\/\/www.siestagarden.com\/wp-content\/uploads\/2025\/03\/IMG_9762-scaled-e1770628972575.jpg\",\"width\":1707,\"height\":2560},{\"@type\":\"BreadcrumbList\",\"@id\":\"https:\/\/www.siestagarden.com\/produkt\/krzeslo-plazowe-patmos-turkusowe\/#breadcrumb\",\"itemListElement\":[{\"@type\":\"ListItem\",\"position\":1,\"name\":\"Strona g\u0142\u00f3wna\",\"item\":\"https:\/\/www.siestagarden.com\/\"},{\"@type\":\"ListItem\",\"position\":2,\"name\":\"Sklep\",\"item\":\"https:\/\/www.siestagarden.com\/sklep\/\"},{\"@type\":\"ListItem\",\"position\":3,\"name\":\"Krzes\u0142o pla\u017cowe Patmos turkusowe\"}]},{\"@type\":\"WebSite\",\"@id\":\"https:\/\/www.siestagarden.com\/#website\",\"url\":\"https:\/\/www.siestagarden.com\/\",\"name\":\"Siesta Garden\",\"description\":\"Meble do Twojego ogrodu. Polski producent drewnianych mebli najwy\u017cszej jako\u015bci.\",\"potentialAction\":[{\"@type\":\"SearchAction\",\"target\":{\"@type\":\"EntryPoint\",\"urlTemplate\":\"https:\/\/www.siestagarden.com\/?s={search_term_string}\"},\"query-input\":{\"@type\":\"PropertyValueSpecification\",\"valueRequired\":true,\"valueName\":\"search_term_string\"}}],\"inLanguage\":\"uk\"}]}<\/script>\n<!-- \/ Yoast SEO plugin. -->","yoast_head_json":{"title":"Krzes\u0142o pla\u017cowe Patmos turkusowe - Siesta Garden","robots":{"index":"index","follow":"follow","max-snippet":"max-snippet:-1","max-image-preview":"max-image-preview:large","max-video-preview":"max-video-preview:-1"},"canonical":"https:\/\/www.siestagarden.com\/uk\/product\/krzeslo-plazowe-patmos-turkusowe\/","og_locale":"uk_UA","og_type":"article","og_title":"Krzes\u0142o pla\u017cowe Patmos turkusowe - Siesta Garden","og_description":"PATMOS krzes\u0142o pla\u017cowe \u2013 lekka forma, lazurowy klimat Patmos pla\u017cowe to krzes\u0142o stworzone z my\u015bl\u0105 o s\u0142onecznych przestrzeniach blisko wody \u2013 czy to na nadmorskim deptaku, przy marinie, czy w ogrodzie hotelowym z widokiem na fale. Inspirowane desk\u0105 surfingow\u0105, zachowuje prost\u0105, smuk\u0142\u0105 lini\u0119, kt\u00f3ra wprowadza do aran\u017cacji luz i lekko\u015b\u0107. Konstrukcja zosta\u0142a wykonana z litego [&hellip;]","og_url":"https:\/\/www.siestagarden.com\/uk\/product\/krzeslo-plazowe-patmos-turkusowe\/","og_site_name":"Siesta Garden","article_modified_time":"2026-02-09T09:23:18+00:00","og_image":[{"width":1707,"height":2560,"url":"https:\/\/www.siestagarden.com\/wp-content\/uploads\/2025\/03\/IMG_9762-scaled-e1770628972575.jpg","type":"image\/jpeg"}],"twitter_card":"summary_large_image","twitter_misc":{"\u041f\u0440\u0438\u0431\u043b. \u0447\u0430\u0441 \u0447\u0438\u0442\u0430\u043d\u043d\u044f":"2 \u0445\u0432\u0438\u043b\u0438\u043d\u0438"},"schema":{"@context":"https:\/\/schema.org","@graph":[{"@type":"WebPage","@id":"https:\/\/www.siestagarden.com\/produkt\/krzeslo-plazowe-patmos-turkusowe\/","url":"https:\/\/www.siestagarden.com\/produkt\/krzeslo-plazowe-patmos-turkusowe\/","name":"Krzes\u0142o pla\u017cowe Patmos turkusowe - Siesta Garden","isPartOf":{"@id":"https:\/\/www.siestagarden.com\/#website"},"primaryImageOfPage":{"@id":"https:\/\/www.siestagarden.com\/produkt\/krzeslo-plazowe-patmos-turkusowe\/#primaryimage"},"image":{"@id":"https:\/\/www.siestagarden.com\/produkt\/krzeslo-plazowe-patmos-turkusowe\/#primaryimage"},"thumbnailUrl":"https:\/\/www.siestagarden.com\/wp-content\/uploads\/2025\/03\/IMG_9762-scaled-e1770628972575.jpg","datePublished":"2025-03-27T12:53:19+00:00","dateModified":"2026-02-09T09:23:18+00:00","breadcrumb":{"@id":"https:\/\/www.siestagarden.com\/produkt\/krzeslo-plazowe-patmos-turkusowe\/#breadcrumb"},"inLanguage":"uk","potentialAction":[{"@type":"ReadAction","target":["https:\/\/www.siestagarden.com\/produkt\/krzeslo-plazowe-patmos-turkusowe\/"]}]},{"@type":"ImageObject","inLanguage":"uk","@id":"https:\/\/www.siestagarden.com\/produkt\/krzeslo-plazowe-patmos-turkusowe\/#primaryimage","url":"https:\/\/www.siestagarden.com\/wp-content\/uploads\/2025\/03\/IMG_9762-scaled-e1770628972575.jpg","contentUrl":"https:\/\/www.siestagarden.com\/wp-content\/uploads\/2025\/03\/IMG_9762-scaled-e1770628972575.jpg","width":1707,"height":2560},{"@type":"BreadcrumbList","@id":"https:\/\/www.siestagarden.com\/produkt\/krzeslo-plazowe-patmos-turkusowe\/#breadcrumb","itemListElement":[{"@type":"ListItem","position":1,"name":"Strona g\u0142\u00f3wna","item":"https:\/\/www.siestagarden.com\/"},{"@type":"ListItem","position":2,"name":"Sklep","item":"https:\/\/www.siestagarden.com\/sklep\/"},{"@type":"ListItem","position":3,"name":"Krzes\u0142o pla\u017cowe Patmos turkusowe"}]},{"@type":"WebSite","@id":"https:\/\/www.siestagarden.com\/#website","url":"https:\/\/www.siestagarden.com\/","name":"\u0421\u0430\u0434 \"\u0421\u0456\u0454\u0441\u0442\u0430","description":"\u041c\u0435\u0431\u043b\u0456 \u0434\u043b\u044f \u0432\u0430\u0448\u043e\u0433\u043e \u0441\u0430\u0434\u0443. \u041f\u043e\u043b\u044c\u0441\u044c\u043a\u0438\u0439 \u0432\u0438\u0440\u043e\u0431\u043d\u0438\u043a \u0434\u0435\u0440\u0435\u0432'\u044f\u043d\u0438\u0445 \u043c\u0435\u0431\u043b\u0456\u0432 \u043d\u0430\u0439\u0432\u0438\u0449\u043e\u0457 \u044f\u043a\u043e\u0441\u0442\u0456.","potentialAction":[{"@type":"SearchAction","target":{"@type":"EntryPoint","urlTemplate":"https:\/\/www.siestagarden.com\/?s={search_term_string}"},"query-input":{"@type":"PropertyValueSpecification","valueRequired":true,"valueName":"search_term_string"}}],"inLanguage":"uk"}]}},"_links":{"self":[{"href":"https:\/\/www.siestagarden.com\/uk\/wp-json\/wp\/v2\/product\/1964","targetHints":{"allow":["GET"]}}],"collection":[{"href":"https:\/\/www.siestagarden.com\/uk\/wp-json\/wp\/v2\/product"}],"about":[{"href":"https:\/\/www.siestagarden.com\/uk\/wp-json\/wp\/v2\/types\/product"}],"wp:featuredmedia":[{"embeddable":true,"href":"https:\/\/www.siestagarden.com\/uk\/wp-json\/wp\/v2\/media\/2395"}],"wp:attachment":[{"href":"https:\/\/www.siestagarden.com\/uk\/wp-json\/wp\/v2\/media?parent=1964"}],"wp:term":[{"taxonomy":"product_brand","embeddable":true,"href":"https:\/\/www.siestagarden.com\/uk\/wp-json\/wp\/v2\/product_brand?post=1964"},{"taxonomy":"product_cat","embeddable":true,"href":"https:\/\/www.siestagarden.com\/uk\/wp-json\/wp\/v2\/product_cat?post=1964"},{"taxonomy":"product_tag","embeddable":true,"href":"https:\/\/www.siestagarden.com\/uk\/wp-json\/wp\/v2\/product_tag?post=1964"}],"curies":[{"name":"wp","href":"https:\/\/api.w.org\/{rel}","templated":true}]}}