{"id":2451,"date":"2025-04-11T14:30:48","date_gmt":"2025-04-11T12:30:48","guid":{"rendered":"https:\/\/www.siestagarden.com\/?post_type=product&#038;p=2451"},"modified":"2026-02-26T07:22:30","modified_gmt":"2026-02-26T06:22:30","slug":"stol-ogrodowy-rustic-solidna-podstawa-wspolnych-chwil","status":"publish","type":"product","link":"https:\/\/www.siestagarden.com\/uk\/product\/stol-ogrodowy-rustic-solidna-podstawa-wspolnych-chwil\/","title":{"rendered":"\u0421\u0430\u0434\u043e\u0432\u0438\u0439 \u0441\u0442\u0456\u043b \u0437 \u0434\u0435\u0440\u0435\u0432\u0430 1,9 \u043c \u0432 \u0441\u0456\u043b\u044c\u0441\u044c\u043a\u043e\u043c\u0443 \u0441\u0442\u0438\u043b\u0456 \u043d\u0430 8-10 \u043f\u0435\u0440\u0441\u043e\u043d"},"content":{"rendered":"<p><strong>\u0421\u0456\u043b\u044c\u0441\u044c\u043a\u0438\u0439<\/strong> \u0446\u0435 \u0441\u0442\u0456\u043b, \u044f\u043a\u0438\u0439 \u0441\u0442\u0430\u0454 \u043f\u0440\u0438\u0440\u043e\u0434\u043d\u0438\u043c <strong>\u0441\u0430\u0434\u043e\u0432\u0438\u0439 \u0446\u0435\u043d\u0442\u0440<\/strong> - <strong>\u043c\u0430\u0441\u0438\u0432\u043d\u0438\u0439, \u0435\u043b\u0435\u0433\u0430\u043d\u0442\u043d\u0438\u0439<\/strong> \u0456 \u0441\u0442\u0432\u043e\u0440\u0435\u043d\u0438\u0439 \u0434\u043b\u044f \u0442\u043e\u0433\u043e, \u0449\u043e\u0431<strong> \u043f\u0440\u043e\u0432\u043e\u0434\u0438\u0442\u0438 \u0447\u0430\u0441 \u0440\u0430\u0437\u043e\u043c<\/strong>. \u0417\u0430\u0432\u0434\u044f\u043a\u0438 \u0432\u0435\u043b\u0438\u043a\u0456\u0439 \u0441\u0442\u0456\u043b\u044c\u043d\u0438\u0446\u0456 \u0440\u043e\u0437\u043c\u0456\u0440\u043e\u043c 1,9\u00d71 \u043c \u043d\u0430 \u043d\u0456\u0439 \u043b\u0435\u0433\u043a\u043e \u0440\u043e\u0437\u043c\u0456\u0441\u0442\u0438\u0442\u044c\u0441\u044f <strong>\u0441\u0456\u043c\u0435\u0439\u043d\u0430 \u0432\u0435\u0447\u0435\u0440\u044f, \u043b\u0456\u0442\u043d\u0456\u0439 \u0441\u043d\u0456\u0434\u0430\u043d\u043e\u043a \u0430\u0431\u043e \u0432\u0435\u0447\u0456\u0440\u043d\u044f \u0437\u0443\u0441\u0442\u0440\u0456\u0447<\/strong> \u0437 \u0434\u0440\u0443\u0437\u044f\u043c\u0438.<\/p>\n<p>\u0412\u0435\u0440\u0445\u043d\u044f \u0447\u0430\u0441\u0442\u0438\u043d\u0430 \u0441\u043f\u0438\u0440\u0430\u0454\u0442\u044c\u0441\u044f \u043d\u0430 \u043f\u043e\u0434\u0432\u0456\u0439\u043d\u0443 \u043f\u043e\u043f\u0435\u0440\u0435\u0447\u043d\u0443 \u043e\u0441\u043d\u043e\u0432\u0443, \u044f\u043a\u0430 \u043d\u0435 \u0442\u0456\u043b\u044c\u043a\u0438 \u0437\u0430\u0431\u0435\u0437\u043f\u0435\u0447\u0443\u0454 <strong>\u0432\u0456\u0434\u043c\u0456\u043d\u043d\u0430 \u0441\u0442\u0430\u0431\u0456\u043b\u044c\u043d\u0456\u0441\u0442\u044c<\/strong>\u0430\u043b\u0435 \u0442\u0430\u043a\u043e\u0436 \u043c\u0430\u0454 <strong>\u0446\u0435\u043d\u0442\u0440\u0430\u043b\u044c\u043d\u0430 \u0431\u0430\u043b\u043a\u0430<\/strong>\u0441\u043b\u0443\u0433\u0443\u044e\u0447\u0438 \u0432 \u044f\u043a\u043e\u0441\u0442\u0456 <strong>\u0437\u0440\u0443\u0447\u043d\u0435 \u043c\u0456\u0441\u0446\u0435 \u0434\u043b\u044f \u043d\u0456\u0433<\/strong>. \u0426\u0435 <strong>\u0434\u0435\u0442\u0430\u043b\u0456, \u044f\u043a\u0456 \u043c\u0430\u044e\u0442\u044c \u0437\u043d\u0430\u0447\u0435\u043d\u043d\u044f<\/strong> - \u0442\u0430\u043a\u043e\u0436 \u0437 \u0442\u043e\u0447\u043a\u0438 \u0437\u043e\u0440\u0443 \u043a\u043e\u043c\u0444\u043e\u0440\u0442\u0443.<\/p>\n<p>\u0411\u0456\u043b\u044c\u0448\u0435 \u0442\u043e\u0433\u043e, \u043f\u0456\u0434 \u043a\u043e\u0436\u043d\u043e\u044e \u043d\u0456\u0436\u043a\u043e\u044e \u0441\u0442\u043e\u043b\u0443 \u0454 <strong>\u0440\u0435\u0433\u0443\u043b\u044c\u043e\u0432\u0430\u043d\u0456 \u043d\u0456\u0436\u043a\u0438<\/strong>\u0449\u043e \u0434\u043e\u0437\u0432\u043e\u043b\u044f\u0454 \u0456\u0434\u0435\u0430\u043b\u044c\u043d\u043e \u0432\u0438\u0440\u0456\u0432\u043d\u044f\u0442\u0438 \u043c\u0435\u0431\u043b\u0456 \u043d\u0430\u0432\u0456\u0442\u044c \u043d\u0430 \u043d\u0435\u0440\u0456\u0432\u043d\u0456\u0439 \u043f\u043e\u0432\u0435\u0440\u0445\u043d\u0456 \u0442\u0435\u0440\u0430\u0441\u0438, \u0433\u0430\u0437\u043e\u043d\u0443 \u0430\u0431\u043e \u0431\u0440\u0443\u043a\u0456\u0432\u043a\u0438.<\/p>\n<p>\u0421\u0442\u0456\u043b \u0431\u0443\u0432 \u0432\u0438\u0433\u043e\u0442\u043e\u0432\u043b\u0435\u043d\u0438\u0439 \u0437 \u043c\u0430\u0441\u0438\u0432\u0443 \u0441\u043e\u0441\u043d\u0438 \u0437 <strong>\u0421\u0435\u0440\u0442\u0438\u0444\u0456\u043a\u043e\u0432\u0430\u043d\u043e \u0437\u0430 \u0441\u0442\u0430\u043d\u0434\u0430\u0440\u0442\u043e\u043c FSC<\/strong>\u043e\u0442\u0440\u0438\u043c\u0430\u043d\u043e \u0437 <strong>\u0432\u0456\u0434\u043f\u043e\u0432\u0456\u0434\u0430\u043b\u044c\u043d\u0435 \u0443\u043f\u0440\u0430\u0432\u043b\u0456\u043d\u043d\u044f \u043b\u0456\u0441\u0430\u043c\u0438<\/strong>. \u0414\u0435\u0440\u0435\u0432\u0438\u043d\u0430 \u043f\u0440\u043e\u0441\u043e\u0447\u0435\u043d\u0430, \u0449\u043e \u043f\u0456\u0434\u0432\u0438\u0449\u0443\u0454 \u0457\u0457 \u0441\u0442\u0456\u0439\u043a\u0456\u0441\u0442\u044c \u0434\u043e \u043c\u0456\u043d\u043b\u0438\u0432\u0438\u0445 \u043f\u043e\u0433\u043e\u0434\u043d\u0438\u0445 \u0443\u043c\u043e\u0432. \u0417 \u0447\u0430\u0441\u043e\u043c \u0441\u0442\u0456\u043b \u043d\u0430\u0431\u0443\u0432\u0430\u0454 \u0441\u0442\u0438\u043b\u044c\u043d\u0443 \u0441\u0440\u0456\u0431\u043b\u044f\u0441\u0442\u043e-\u0441\u0456\u0440\u0443 \u043f\u0430\u0442\u0438\u043d\u0443, \u044f\u043a\u0430 \u043f\u0456\u0434\u043a\u0440\u0435\u0441\u043b\u044e\u0454 \u0439\u043e\u0433\u043e \u0441\u0456\u043b\u044c\u0441\u044c\u043a\u0438\u0439 \u0445\u0430\u0440\u0430\u043a\u0442\u0435\u0440.<\/p>\n<p>\u0429\u043e\u0431 \u0441\u0442\u0432\u043e\u0440\u0438\u0442\u0438 \u043f\u043e\u0432\u043d\u0438\u0439 \u043a\u043e\u043c\u043f\u043b\u0435\u043a\u0442, \u043f\u0440\u043e\u0441\u0442\u043e \u043f\u0456\u0434\u0431\u0435\u0440\u0456\u0442\u044c \u043b\u0430\u0432\u043a\u0438 Rustic \u0434\u043e \u0441\u0442\u043e\u043b\u0443 - \u0437 \u043e\u0434\u043d\u043e\u0433\u043e \u0430\u0431\u043e \u0437 \u043e\u0431\u043e\u0445 \u0431\u043e\u043a\u0456\u0432 - \u0456 \u0432\u0441\u0435 \u0433\u043e\u0442\u043e\u0432\u043e! \u0421\u0442\u0438\u043b\u044c\u043d\u0438\u0439, \u043f\u0440\u0430\u043a\u0442\u0438\u0447\u043d\u0438\u0439 \u043d\u0430\u0431\u0456\u0440, \u044f\u043a\u0438\u0439 \u043f\u0440\u043e\u0441\u043b\u0443\u0436\u0438\u0442\u044c \u0434\u043e\u0432\u0433\u0456 \u0440\u043e\u043a\u0438.<\/p>\n<p>\u2714\ufe0f <strong>\u0421\u0442\u0456\u043b\u044c\u043d\u0438\u0446\u044f 190 \u00d7 100 \u0441\u043c<\/strong> - \u043f\u0440\u043e\u0441\u0442\u043e\u0440\u0430, \u0456\u0434\u0435\u0430\u043b\u044c\u043d\u043e \u043f\u0456\u0434\u0445\u043e\u0434\u0438\u0442\u044c \u0434\u043b\u044f \u0441\u043f\u0456\u043b\u044c\u043d\u0438\u0445 \u0442\u0440\u0430\u043f\u0435\u0437<\/p>\n<p>\u2714\ufe0f<strong> \u041f\u043e\u0434\u0432\u0456\u0439\u043d\u0430 \u0425-\u043f\u043e\u0434\u0456\u0431\u043d\u0430 \u0431\u0430\u0437\u0430 \u0437 \u0446\u0435\u043d\u0442\u0440\u0430\u043b\u044c\u043d\u043e\u044e \u0431\u0430\u043b\u043a\u043e\u044e<\/strong> - \u043a\u043e\u043c\u0444\u043e\u0440\u0442 \u0456 \u0441\u0442\u0430\u0431\u0456\u043b\u044c\u043d\u0456\u0441\u0442\u044c<\/p>\n<p>\u2714\ufe0f <strong>\u0420\u0435\u0433\u0443\u043b\u044c\u043e\u0432\u0430\u043d\u0456 \u043f\u0456\u0434\u043d\u0456\u0436\u043a\u0438 \u043f\u0456\u0434 \u043a\u043e\u0436\u043d\u0443 \u043d\u043e\u0433\u0443<\/strong> - \u0456\u0434\u0435\u0430\u043b\u044c\u043d\u0430 \u0430\u0434\u0430\u043f\u0442\u0430\u0446\u0456\u044f \u0434\u043e \u0491\u0440\u0443\u043d\u0442\u0443<\/p>\n<p>\u2714\ufe0f <strong>FSC\u00ae \u0434\u0435\u0440\u0435\u0432\u0438\u043d\u0430<\/strong> - \u0456\u0437 \u0441\u0435\u0440\u0442\u0438\u0444\u0456\u043a\u0430\u0442\u043e\u043c \u0441\u0442\u0430\u043b\u043e\u0433\u043e \u043f\u043e\u0445\u043e\u0434\u0436\u0435\u043d\u043d\u044f<\/p>\n<p>\u2714\ufe0f <strong>\u041f\u0440\u043e\u0441\u043e\u0447\u0435\u043d\u0438\u0439<\/strong> - \u043f\u0456\u0434\u0433\u043e\u0442\u043e\u0432\u043b\u0435\u043d\u0456 \u0434\u043b\u044f \u0432\u0438\u043a\u043e\u0440\u0438\u0441\u0442\u0430\u043d\u043d\u044f \u043d\u0430 \u0432\u0456\u0434\u043a\u0440\u0438\u0442\u043e\u043c\u0443 \u043f\u043e\u0432\u0456\u0442\u0440\u0456<\/p>\n<p>\u2714\ufe0f <strong>\u041f\u0440\u0438\u0440\u043e\u0434\u043d\u0430 \u0437\u043c\u0456\u043d\u0430 \u043a\u043e\u043b\u044c\u043e\u0440\u0443<\/strong> - \u0435\u043b\u0435\u0433\u0430\u043d\u0442\u043d\u0430 \u0441\u0456\u0440\u0430 \u043f\u0430\u0442\u0438\u043d\u0430<\/p>\n<p>\u2714\ufe0f <strong>\u041f\u043e\u0441\u0442\u0430\u0432\u043b\u044f\u0454\u0442\u044c\u0441\u044f \u0443 \u0432\u0438\u0433\u043b\u044f\u0434\u0456 \u043f\u0430\u043a\u0435\u0442\u0430<\/strong> - \u0434\u043b\u044f \u0441\u0430\u043c\u043e\u0441\u0442\u0456\u0439\u043d\u043e\u0433\u043e \u043c\u043e\u043d\u0442\u0430\u0436\u0443<\/p>\n<p>\u0421\u0442\u0456\u043b Rustic - \u0446\u0435 \u0431\u0456\u043b\u044c\u0448\u0435, \u043d\u0456\u0436 \u043f\u0440\u043e\u0441\u0442\u043e \u043f\u0440\u0435\u0434\u043c\u0435\u0442 \u043c\u0435\u0431\u043b\u0456\u0432, \u0446\u0435 \u043c\u0456\u0441\u0446\u0435, \u0434\u0435 \u043d\u0430\u0440\u043e\u0434\u0436\u0443\u044e\u0442\u044c\u0441\u044f \u0441\u043f\u043e\u0433\u0430\u0434\u0438, \u043f\u0440\u0438\u0440\u043e\u0434\u0430 \u0437\u043b\u0438\u0432\u0430\u0454\u0442\u044c\u0441\u044f \u0437 \u043f\u043e\u0432\u0441\u044f\u043a\u0434\u0435\u043d\u043d\u0438\u043c \u0436\u0438\u0442\u0442\u044f\u043c, \u0430 \u0441\u043f\u0456\u043b\u044c\u043d\u0456 \u043c\u043e\u043c\u0435\u043d\u0442\u0438 \u043d\u0430\u0431\u0443\u0432\u0430\u044e\u0442\u044c \u043d\u0435\u043f\u043e\u0432\u0442\u043e\u0440\u043d\u043e\u0433\u043e \u0441\u043c\u0430\u043a\u0443.<\/p>","protected":false},"excerpt":{"rendered":"<p>Rustic to st\u00f3\u0142, kt\u00f3ry staje si\u0119 naturalnym centrum ogrodu \u2013 masywny, elegancki i stworzony do wsp\u00f3lnego sp\u0119dzania czasu. Dzi\u0119ki du\u017cemu blatowi o wymiarach 1,9\u00d71 m, bez trudu pomie\u015bci rodzinny obiad, letnie \u015bniadanie lub wieczorne spotkanie z przyjaci\u00f3\u0142mi. Blat opiera si\u0119 na podw\u00f3jnej podstawie krzy\u017cowej, kt\u00f3ra nie tylko zapewnia znakomit\u0105 stabilno\u015b\u0107, ale r\u00f3wnie\u017c posiada centraln\u0105 belk\u0119, [&hellip;]<\/p>\n","protected":false},"featured_media":2452,"template":"","meta":{"_acf_changed":false},"product_brand":[],"product_cat":[71],"product_tag":[85],"class_list":{"0":"post-2451","1":"product","2":"type-product","3":"status-publish","4":"has-post-thumbnail","6":"product_cat-stoly-i-stoliki","7":"product_tag-kolekcja-rustic","8":"product_shipping_class-podstawowa","10":"first","11":"onbackorder","12":"taxable","13":"shipping-taxable","14":"purchasable","15":"product-type-simple","16":"add-to-wishlist-after_add_to_cart"},"acf":[],"yoast_head":"<!-- This site is optimized with the Yoast SEO plugin v26.6 - https:\/\/yoast.com\/wordpress\/plugins\/seo\/ -->\n<title>St\u00f3\u0142 ogrodowy Rustic 1,9m z drewna dla 8-10 os\u00f3b - Siesta Garden<\/title>\n<meta name=\"robots\" content=\"index, follow, max-snippet:-1, max-image-preview:large, max-video-preview:-1\" \/>\n<link rel=\"canonical\" href=\"https:\/\/www.siestagarden.com\/uk\/product\/stol-ogrodowy-rustic-solidna-podstawa-wspolnych-chwil\/\" \/>\n<meta property=\"og:locale\" content=\"uk_UA\" \/>\n<meta property=\"og:type\" content=\"article\" \/>\n<meta property=\"og:title\" content=\"St\u00f3\u0142 ogrodowy Rustic 1,9m z drewna dla 8-10 os\u00f3b - Siesta Garden\" \/>\n<meta property=\"og:description\" content=\"Rustic to st\u00f3\u0142, kt\u00f3ry staje si\u0119 naturalnym centrum ogrodu \u2013 masywny, elegancki i stworzony do wsp\u00f3lnego sp\u0119dzania czasu. Dzi\u0119ki du\u017cemu blatowi o wymiarach 1,9\u00d71 m, bez trudu pomie\u015bci rodzinny obiad, letnie \u015bniadanie lub wieczorne spotkanie z przyjaci\u00f3\u0142mi. Blat opiera si\u0119 na podw\u00f3jnej podstawie krzy\u017cowej, kt\u00f3ra nie tylko zapewnia znakomit\u0105 stabilno\u015b\u0107, ale r\u00f3wnie\u017c posiada centraln\u0105 belk\u0119, [&hellip;]\" \/>\n<meta property=\"og:url\" content=\"https:\/\/www.siestagarden.com\/uk\/product\/stol-ogrodowy-rustic-solidna-podstawa-wspolnych-chwil\/\" \/>\n<meta property=\"og:site_name\" content=\"Siesta Garden\" \/>\n<meta property=\"article:modified_time\" content=\"2026-02-26T06:22:30+00:00\" \/>\n<meta property=\"og:image\" content=\"https:\/\/www.siestagarden.com\/wp-content\/uploads\/2025\/04\/IMG_3517.jpg\" \/>\n\t<meta property=\"og:image:width\" content=\"1275\" \/>\n\t<meta property=\"og:image:height\" content=\"850\" \/>\n\t<meta property=\"og:image:type\" content=\"image\/jpeg\" \/>\n<meta name=\"twitter:card\" content=\"summary_large_image\" \/>\n<meta name=\"twitter:label1\" content=\"\u041f\u0440\u0438\u0431\u043b. \u0447\u0430\u0441 \u0447\u0438\u0442\u0430\u043d\u043d\u044f\" \/>\n\t<meta name=\"twitter:data1\" content=\"2 \u0445\u0432\u0438\u043b\u0438\u043d\u0438\" \/>\n<script type=\"application\/ld+json\" class=\"yoast-schema-graph\">{\"@context\":\"https:\/\/schema.org\",\"@graph\":[{\"@type\":\"WebPage\",\"@id\":\"https:\/\/www.siestagarden.com\/produkt\/stol-ogrodowy-rustic-solidna-podstawa-wspolnych-chwil\/\",\"url\":\"https:\/\/www.siestagarden.com\/produkt\/stol-ogrodowy-rustic-solidna-podstawa-wspolnych-chwil\/\",\"name\":\"St\u00f3\u0142 ogrodowy Rustic 1,9m z drewna dla 8-10 os\u00f3b - Siesta Garden\",\"isPartOf\":{\"@id\":\"https:\/\/www.siestagarden.com\/#website\"},\"primaryImageOfPage\":{\"@id\":\"https:\/\/www.siestagarden.com\/produkt\/stol-ogrodowy-rustic-solidna-podstawa-wspolnych-chwil\/#primaryimage\"},\"image\":{\"@id\":\"https:\/\/www.siestagarden.com\/produkt\/stol-ogrodowy-rustic-solidna-podstawa-wspolnych-chwil\/#primaryimage\"},\"thumbnailUrl\":\"https:\/\/www.siestagarden.com\/wp-content\/uploads\/2025\/04\/IMG_3517.jpg\",\"datePublished\":\"2025-04-11T12:30:48+00:00\",\"dateModified\":\"2026-02-26T06:22:30+00:00\",\"breadcrumb\":{\"@id\":\"https:\/\/www.siestagarden.com\/produkt\/stol-ogrodowy-rustic-solidna-podstawa-wspolnych-chwil\/#breadcrumb\"},\"inLanguage\":\"uk\",\"potentialAction\":[{\"@type\":\"ReadAction\",\"target\":[\"https:\/\/www.siestagarden.com\/produkt\/stol-ogrodowy-rustic-solidna-podstawa-wspolnych-chwil\/\"]}]},{\"@type\":\"ImageObject\",\"inLanguage\":\"uk\",\"@id\":\"https:\/\/www.siestagarden.com\/produkt\/stol-ogrodowy-rustic-solidna-podstawa-wspolnych-chwil\/#primaryimage\",\"url\":\"https:\/\/www.siestagarden.com\/wp-content\/uploads\/2025\/04\/IMG_3517.jpg\",\"contentUrl\":\"https:\/\/www.siestagarden.com\/wp-content\/uploads\/2025\/04\/IMG_3517.jpg\",\"width\":1275,\"height\":850},{\"@type\":\"BreadcrumbList\",\"@id\":\"https:\/\/www.siestagarden.com\/produkt\/stol-ogrodowy-rustic-solidna-podstawa-wspolnych-chwil\/#breadcrumb\",\"itemListElement\":[{\"@type\":\"ListItem\",\"position\":1,\"name\":\"Strona g\u0142\u00f3wna\",\"item\":\"https:\/\/www.siestagarden.com\/\"},{\"@type\":\"ListItem\",\"position\":2,\"name\":\"Sklep\",\"item\":\"https:\/\/www.siestagarden.com\/sklep\/\"},{\"@type\":\"ListItem\",\"position\":3,\"name\":\"St\u00f3\u0142 ogrodowy Rustic 1,9m z drewna dla 8-10 os\u00f3b\"}]},{\"@type\":\"WebSite\",\"@id\":\"https:\/\/www.siestagarden.com\/#website\",\"url\":\"https:\/\/www.siestagarden.com\/\",\"name\":\"Siesta Garden\",\"description\":\"Meble do Twojego ogrodu. Polski producent drewnianych mebli najwy\u017cszej jako\u015bci.\",\"potentialAction\":[{\"@type\":\"SearchAction\",\"target\":{\"@type\":\"EntryPoint\",\"urlTemplate\":\"https:\/\/www.siestagarden.com\/?s={search_term_string}\"},\"query-input\":{\"@type\":\"PropertyValueSpecification\",\"valueRequired\":true,\"valueName\":\"search_term_string\"}}],\"inLanguage\":\"uk\"}]}<\/script>\n<!-- \/ Yoast SEO plugin. -->","yoast_head_json":{"title":"St\u00f3\u0142 ogrodowy Rustic 1,9m z drewna dla 8-10 os\u00f3b - Siesta Garden","robots":{"index":"index","follow":"follow","max-snippet":"max-snippet:-1","max-image-preview":"max-image-preview:large","max-video-preview":"max-video-preview:-1"},"canonical":"https:\/\/www.siestagarden.com\/uk\/product\/stol-ogrodowy-rustic-solidna-podstawa-wspolnych-chwil\/","og_locale":"uk_UA","og_type":"article","og_title":"St\u00f3\u0142 ogrodowy Rustic 1,9m z drewna dla 8-10 os\u00f3b - Siesta Garden","og_description":"Rustic to st\u00f3\u0142, kt\u00f3ry staje si\u0119 naturalnym centrum ogrodu \u2013 masywny, elegancki i stworzony do wsp\u00f3lnego sp\u0119dzania czasu. Dzi\u0119ki du\u017cemu blatowi o wymiarach 1,9\u00d71 m, bez trudu pomie\u015bci rodzinny obiad, letnie \u015bniadanie lub wieczorne spotkanie z przyjaci\u00f3\u0142mi. Blat opiera si\u0119 na podw\u00f3jnej podstawie krzy\u017cowej, kt\u00f3ra nie tylko zapewnia znakomit\u0105 stabilno\u015b\u0107, ale r\u00f3wnie\u017c posiada centraln\u0105 belk\u0119, [&hellip;]","og_url":"https:\/\/www.siestagarden.com\/uk\/product\/stol-ogrodowy-rustic-solidna-podstawa-wspolnych-chwil\/","og_site_name":"Siesta Garden","article_modified_time":"2026-02-26T06:22:30+00:00","og_image":[{"width":1275,"height":850,"url":"https:\/\/www.siestagarden.com\/wp-content\/uploads\/2025\/04\/IMG_3517.jpg","type":"image\/jpeg"}],"twitter_card":"summary_large_image","twitter_misc":{"\u041f\u0440\u0438\u0431\u043b. \u0447\u0430\u0441 \u0447\u0438\u0442\u0430\u043d\u043d\u044f":"2 \u0445\u0432\u0438\u043b\u0438\u043d\u0438"},"schema":{"@context":"https:\/\/schema.org","@graph":[{"@type":"WebPage","@id":"https:\/\/www.siestagarden.com\/produkt\/stol-ogrodowy-rustic-solidna-podstawa-wspolnych-chwil\/","url":"https:\/\/www.siestagarden.com\/produkt\/stol-ogrodowy-rustic-solidna-podstawa-wspolnych-chwil\/","name":"St\u00f3\u0142 ogrodowy Rustic 1,9m z drewna dla 8-10 os\u00f3b - Siesta Garden","isPartOf":{"@id":"https:\/\/www.siestagarden.com\/#website"},"primaryImageOfPage":{"@id":"https:\/\/www.siestagarden.com\/produkt\/stol-ogrodowy-rustic-solidna-podstawa-wspolnych-chwil\/#primaryimage"},"image":{"@id":"https:\/\/www.siestagarden.com\/produkt\/stol-ogrodowy-rustic-solidna-podstawa-wspolnych-chwil\/#primaryimage"},"thumbnailUrl":"https:\/\/www.siestagarden.com\/wp-content\/uploads\/2025\/04\/IMG_3517.jpg","datePublished":"2025-04-11T12:30:48+00:00","dateModified":"2026-02-26T06:22:30+00:00","breadcrumb":{"@id":"https:\/\/www.siestagarden.com\/produkt\/stol-ogrodowy-rustic-solidna-podstawa-wspolnych-chwil\/#breadcrumb"},"inLanguage":"uk","potentialAction":[{"@type":"ReadAction","target":["https:\/\/www.siestagarden.com\/produkt\/stol-ogrodowy-rustic-solidna-podstawa-wspolnych-chwil\/"]}]},{"@type":"ImageObject","inLanguage":"uk","@id":"https:\/\/www.siestagarden.com\/produkt\/stol-ogrodowy-rustic-solidna-podstawa-wspolnych-chwil\/#primaryimage","url":"https:\/\/www.siestagarden.com\/wp-content\/uploads\/2025\/04\/IMG_3517.jpg","contentUrl":"https:\/\/www.siestagarden.com\/wp-content\/uploads\/2025\/04\/IMG_3517.jpg","width":1275,"height":850},{"@type":"BreadcrumbList","@id":"https:\/\/www.siestagarden.com\/produkt\/stol-ogrodowy-rustic-solidna-podstawa-wspolnych-chwil\/#breadcrumb","itemListElement":[{"@type":"ListItem","position":1,"name":"Strona g\u0142\u00f3wna","item":"https:\/\/www.siestagarden.com\/"},{"@type":"ListItem","position":2,"name":"Sklep","item":"https:\/\/www.siestagarden.com\/sklep\/"},{"@type":"ListItem","position":3,"name":"St\u00f3\u0142 ogrodowy Rustic 1,9m z drewna dla 8-10 os\u00f3b"}]},{"@type":"WebSite","@id":"https:\/\/www.siestagarden.com\/#website","url":"https:\/\/www.siestagarden.com\/","name":"\u0421\u0430\u0434 \"\u0421\u0456\u0454\u0441\u0442\u0430","description":"\u041c\u0435\u0431\u043b\u0456 \u0434\u043b\u044f \u0432\u0430\u0448\u043e\u0433\u043e \u0441\u0430\u0434\u0443. \u041f\u043e\u043b\u044c\u0441\u044c\u043a\u0438\u0439 \u0432\u0438\u0440\u043e\u0431\u043d\u0438\u043a \u0434\u0435\u0440\u0435\u0432'\u044f\u043d\u0438\u0445 \u043c\u0435\u0431\u043b\u0456\u0432 \u043d\u0430\u0439\u0432\u0438\u0449\u043e\u0457 \u044f\u043a\u043e\u0441\u0442\u0456.","potentialAction":[{"@type":"SearchAction","target":{"@type":"EntryPoint","urlTemplate":"https:\/\/www.siestagarden.com\/?s={search_term_string}"},"query-input":{"@type":"PropertyValueSpecification","valueRequired":true,"valueName":"search_term_string"}}],"inLanguage":"uk"}]}},"_links":{"self":[{"href":"https:\/\/www.siestagarden.com\/uk\/wp-json\/wp\/v2\/product\/2451","targetHints":{"allow":["GET"]}}],"collection":[{"href":"https:\/\/www.siestagarden.com\/uk\/wp-json\/wp\/v2\/product"}],"about":[{"href":"https:\/\/www.siestagarden.com\/uk\/wp-json\/wp\/v2\/types\/product"}],"wp:featuredmedia":[{"embeddable":true,"href":"https:\/\/www.siestagarden.com\/uk\/wp-json\/wp\/v2\/media\/2452"}],"wp:attachment":[{"href":"https:\/\/www.siestagarden.com\/uk\/wp-json\/wp\/v2\/media?parent=2451"}],"wp:term":[{"taxonomy":"product_brand","embeddable":true,"href":"https:\/\/www.siestagarden.com\/uk\/wp-json\/wp\/v2\/product_brand?post=2451"},{"taxonomy":"product_cat","embeddable":true,"href":"https:\/\/www.siestagarden.com\/uk\/wp-json\/wp\/v2\/product_cat?post=2451"},{"taxonomy":"product_tag","embeddable":true,"href":"https:\/\/www.siestagarden.com\/uk\/wp-json\/wp\/v2\/product_tag?post=2451"}],"curies":[{"name":"wp","href":"https:\/\/api.w.org\/{rel}","templated":true}]}}