{"id":2500,"date":"2025-04-15T10:18:44","date_gmt":"2025-04-15T08:18:44","guid":{"rendered":"https:\/\/www.siestagarden.com\/?post_type=product&#038;p=2500"},"modified":"2026-03-23T15:15:18","modified_gmt":"2026-03-23T14:15:18","slug":"podest-mini-z-balustrada-rustic-15x15m-z-drewna","status":"publish","type":"product","link":"https:\/\/www.siestagarden.com\/uk\/product\/podest-mini-z-balustrada-rustic-15x15m-z-drewna\/","title":{"rendered":"\u041c\u0456\u043d\u0456-\u043c\u0430\u0439\u0434\u0430\u043d\u0447\u0438\u043a \u0437 \u0431\u0430\u043b\u044e\u0441\u0442\u0440\u0430\u0434\u043e\u044e Rustic 1,5\u00d71,5\u043c \u0437 \u0434\u0435\u0440\u0435\u0432\u0430"},"content":{"rendered":"<p><strong>\u0422\u0435\u0440\u0430\u0441\u043d\u0430 \u043f\u043b\u0430\u0442\u0444\u043e\u0440\u043c\u0430 \u0432 \u0441\u0456\u043b\u044c\u0441\u044c\u043a\u043e\u043c\u0443 \u0441\u0442\u0438\u043b\u0456 - \u0433\u043e\u0442\u043e\u0432\u0430 \u0442\u0435\u0440\u0430\u0441\u0430, \u044f\u043a\u0430 \u0440\u043e\u0441\u0442\u0435 \u0440\u0430\u0437\u043e\u043c \u0437 \u0432\u0430\u043c\u0438<\/strong><\/p>\n<p><strong>\u0421\u0456\u043b\u044c\u0441\u044c\u043a\u0456 \u043f\u043b\u0430\u0442\u0444\u043e\u0440\u043c\u0438<\/strong> \u0446\u0435 <strong>\u043c\u043e\u0434\u0443\u043b\u044c\u043d\u0430 \u0442\u0435\u0440\u0430\u0441\u043d\u0430 \u0441\u0438\u0441\u0442\u0435\u043c\u0430<\/strong>\u044f\u043a\u0438\u0439 \u043f\u043e\u0454\u0434\u043d\u0443\u0454 \u0432 \u0441\u043e\u0431\u0456 <strong>\u0434\u043e\u0432\u0433\u043e\u0432\u0456\u0447\u043d\u0456\u0441\u0442\u044c, \u0435\u0441\u0442\u0435\u0442\u0438\u0447\u043d\u0456\u0441\u0442\u044c \u0456 \u043f\u0440\u043e\u0441\u0442\u043e\u0442\u0430 \u0432\u0438\u043a\u043e\u0440\u0438\u0441\u0442\u0430\u043d\u043d\u044f<\/strong>. \u0417\u0430\u0432\u0434\u044f\u043a\u0438 \u043f\u0440\u043e\u0434\u0443\u043c\u0430\u043d\u043e\u043c\u0443 \u0434\u0438\u0437\u0430\u0439\u043d\u0443 \u0432\u0438 \u043c\u043e\u0436\u0435\u0442\u0435 \u0441\u0442\u0432\u043e\u0440\u0438\u0442\u0438 \u0432\u043b\u0430\u0441\u043d\u0438\u0439 \u043b\u0430\u0443\u043d\u0436-\u043f\u0440\u043e\u0441\u0442\u0456\u0440, \u044f\u043a\u0438\u0439 \u0456\u0434\u0435\u0430\u043b\u044c\u043d\u043e \u0432\u0456\u0434\u043f\u043e\u0432\u0456\u0434\u0430\u0454 \u0432\u0430\u0448\u0438\u043c \u043f\u043e\u0442\u0440\u0435\u0431\u0430\u043c - \u0456 \u0432\u0456\u043d \u0456\u0434\u0435\u0430\u043b\u044c\u043d\u043e \u043f\u0456\u0434\u0445\u043e\u0434\u0438\u0442\u044c. <strong>\u0432\u0456\u0434 \u043d\u0435\u0432\u0435\u043b\u0438\u043a\u043e\u0433\u043e \u0432\u043d\u0443\u0442\u0440\u0456\u0448\u043d\u044c\u043e\u0433\u043e \u0434\u0432\u043e\u0440\u0438\u043a\u0430 \u0434\u043e \u0440\u043e\u0437\u0448\u0438\u0440\u0435\u043d\u043e\u0457 \u0441\u0430\u0434\u043e\u0432\u043e\u0457 \u0442\u0435\u0440\u0430\u0441\u0438<\/strong>.<\/p>\n<p>\u041c\u043e\u0434\u0443\u043b\u044c\u043d\u0456\u0441\u0442\u044c \u0454 \u043a\u043b\u044e\u0447\u043e\u0432\u0438\u043c \u0444\u0430\u043a\u0442\u043e\u0440\u043e\u043c - \u043a\u043e\u0436\u0435\u043d \u0435\u043b\u0435\u043c\u0435\u043d\u0442 \u043c\u0430\u0454 \u0431\u0430\u0437\u043e\u0432\u0438\u0439 \u0440\u043e\u0437\u043c\u0456\u0440 1,5 \u00d7 1,5 \u043c, \u0449\u043e \u0434\u043e\u0437\u0432\u043e\u043b\u044f\u0454 \u043b\u0435\u0433\u043a\u043e \u043a\u043e\u043c\u0431\u0456\u043d\u0443\u0432\u0430\u0442\u0438, \u0440\u043e\u0437\u0448\u0438\u0440\u044e\u0432\u0430\u0442\u0438 \u0442\u0430 \u0430\u0434\u0430\u043f\u0442\u0443\u0432\u0430\u0442\u0438 \u043c\u0430\u043a\u0435\u0442 \u0434\u043e \u043d\u0430\u044f\u0432\u043d\u043e\u0433\u043e \u043f\u0440\u043e\u0441\u0442\u043e\u0440\u0443.<\/p>\n<p>\u0414\u043e\u0441\u0442\u0443\u043f\u043d\u0456 \u043c\u043e\u0434\u0443\u043b\u0456:<\/p>\n<p>\u041c\u0456\u043d\u0456-\u043f\u043b\u0430\u0442\u0444\u043e\u0440\u043c\u0430 1,5 \u00d7 1,5 \u043c \u0437 \u043f\u0435\u0440\u0438\u043b\u0430\u043c\u0438 \u0437 \u0434\u0432\u043e\u0445 \u0441\u0442\u043e\u0440\u0456\u043d - \u0447\u0443\u0434\u043e\u0432\u043e \u043f\u0456\u0434\u0445\u043e\u0434\u0438\u0442\u044c \u044f\u043a \u043a\u0443\u0442\u043e\u0432\u0438\u0439 \u0430\u0431\u043e \u0432\u0445\u0456\u0434\u043d\u0438\u0439 \u043c\u043e\u0434\u0443\u043b\u044c,<\/p>\n<p>\u041f\u0430\u043d\u0435\u043b\u044c\u043d\u0430 \u043f\u043b\u0430\u0442\u0444\u043e\u0440\u043c\u0430 1,5 \u00d7 1,5 \u043c \u0431\u0435\u0437 \u043f\u0435\u0440\u0438\u043b - \u0456\u0434\u0435\u0430\u043b\u044c\u043d\u043e \u043f\u0456\u0434\u0445\u043e\u0434\u0438\u0442\u044c \u0434\u043b\u044f \u043e\u0431'\u0454\u0434\u043d\u0430\u043d\u043d\u044f \u0432 \u0431\u0456\u043b\u044c\u0448\u0456 \u043f\u043b\u043e\u0449\u0456,<\/p>\n<p>\u041f\u043b\u0430\u0442\u0444\u043e\u0440\u043c\u0430 Maxi 3 \u00d7 3 \u043c \u0437 \u043f\u0435\u0440\u0438\u043b\u0430\u043c\u0438 \u0437 \u0434\u0432\u043e\u0445 \u0441\u0442\u043e\u0440\u0456\u043d - \u0432\u0440\u0430\u0436\u0430\u044e\u0447\u0438\u0439 \u0444\u043e\u043a\u0443\u0441\u043d\u0438\u0439 \u0446\u0435\u043d\u0442\u0440 \u0434\u043b\u044f \u0431\u0443\u0434\u044c-\u044f\u043a\u043e\u0457 \u0442\u0435\u0440\u0430\u0441\u0438.<\/p>\n<p>\u0412\u0441\u0456 \u043f\u043b\u0430\u0442\u0444\u043e\u0440\u043c\u0438 \u043c\u043e\u0436\u043d\u0430 \u0432\u0456\u043b\u044c\u043d\u043e \u043a\u043e\u043c\u0431\u0456\u043d\u0443\u0432\u0430\u0442\u0438 \u0456 \u0440\u043e\u0437\u0448\u0438\u0440\u044e\u0432\u0430\u0442\u0438 \u0434\u043b\u044f \u0441\u0442\u0432\u043e\u0440\u0435\u043d\u043d\u044f \u0444\u0443\u043d\u043a\u0446\u0456\u043e\u043d\u0430\u043b\u044c\u043d\u043e\u0433\u043e, \u0441\u0442\u0438\u043b\u0456\u0441\u0442\u0438\u0447\u043d\u043e \u0446\u0456\u043b\u0456\u0441\u043d\u043e\u0433\u043e \u043f\u0440\u043e\u0441\u0442\u043e\u0440\u0443 - \u044f\u043a \u0434\u043b\u044f \u043f\u0440\u0438\u0432\u0430\u0442\u043d\u043e\u0433\u043e, \u0442\u0430\u043a \u0456 \u0434\u043b\u044f \u043a\u043e\u043c\u0435\u0440\u0446\u0456\u0439\u043d\u043e\u0433\u043e \u0432\u0438\u043a\u043e\u0440\u0438\u0441\u0442\u0430\u043d\u043d\u044f (\u043d\u0430\u043f\u0440\u0438\u043a\u043b\u0430\u0434, \u0441\u0430\u0434\u0456\u0432 \u0440\u0435\u0441\u0442\u043e\u0440\u0430\u043d\u0456\u0432, \u0437\u043e\u043d \u0432\u0456\u0434\u043f\u043e\u0447\u0438\u043d\u043a\u0443, \u0432\u0438\u0441\u0442\u0430\u0432\u043a\u043e\u0432\u0438\u0445 \u0442\u0435\u0440\u0430\u0441).<\/p>\n<p>\u041c\u0456\u0446\u043d\u0456 \u043c\u0430\u0442\u0435\u0440\u0456\u0430\u043b\u0438, \u0441\u0442\u0456\u0439\u043a\u0456 \u0434\u043e \u0443\u043c\u043e\u0432 \u0435\u043a\u0441\u043f\u043b\u0443\u0430\u0442\u0430\u0446\u0456\u0457:<\/p>\n<p>\u041f\u043b\u0430\u0442\u0444\u043e\u0440\u043c\u0438 \u0432\u0438\u0433\u043e\u0442\u043e\u0432\u043b\u0435\u043d\u0456 \u0437<strong> FSC\u00ae \u043c\u0430\u0441\u0438\u0432 \u0441\u043e\u0441\u043d\u0438<\/strong>\u044f\u043a\u0438\u0439 \u0431\u0443\u0432 <strong>\u043f\u0440\u043e\u0441\u043e\u0447\u0435\u043d\u0456 \u0434\u043e \u043a\u0430\u0442\u0435\u0433\u043e\u0440\u0456\u0457 \u0437\u0430\u0445\u0438\u0441\u0442\u0443 3<\/strong> - \u0449\u043e <strong>\u043d\u0430\u0439\u0432\u0438\u0449\u0438\u0439 \u0441\u0442\u0430\u043d\u0434\u0430\u0440\u0442<\/strong> \u0437\u0430\u0445\u0438\u0441\u0442 \u0434\u0435\u0440\u0435\u0432\u0438\u043d\u0438 \u0434\u043b\u044f \u0437\u043e\u0432\u043d\u0456\u0448\u043d\u044c\u043e\u0433\u043e \u0432\u0438\u043a\u043e\u0440\u0438\u0441\u0442\u0430\u043d\u043d\u044f. \u0426\u0435 \u0433\u0430\u0440\u0430\u043d\u0442\u0443\u0454, \u0449\u043e \u043a\u043e\u043d\u0441\u0442\u0440\u0443\u043a\u0446\u0456\u044f \u0431\u0443\u0434\u0435 <strong>\u0441\u0442\u0456\u0439\u043a\u0438\u0439 \u0434\u043e \u0432\u043e\u043b\u043e\u0433\u043e\u0441\u0442\u0456, \u0423\u0424-\u043f\u0440\u043e\u043c\u0435\u043d\u0456\u0432 \u0456 \u0449\u043e\u0434\u0435\u043d\u043d\u043e\u0433\u043e \u0432\u0438\u043a\u043e\u0440\u0438\u0441\u0442\u0430\u043d\u043d\u044f<\/strong> \u043f\u0440\u043e\u0442\u044f\u0433\u043e\u043c \u0431\u0430\u0433\u0430\u0442\u044c\u043e\u0445 \u0441\u0435\u0437\u043e\u043d\u0456\u0432.<\/p>\n<p><strong>\u0420\u0438\u0444\u043b\u0435\u043d\u0430 \u043f\u043e\u0432\u0435\u0440\u0445\u043d\u044f<\/strong> - \u0441\u0442\u0438\u043b\u044c \u0456 \u0431\u0435\u0437\u043f\u0435\u043a\u0430:<\/p>\n<p>\u041a\u043e\u0436\u0435\u043d \u043c\u043e\u0434\u0443\u043b\u044c \u043e\u0431\u0440\u043e\u0431\u043b\u0435\u043d\u0438\u0439 \u0440\u0438\u0444\u043b\u0435\u043d\u043e\u044e \u0442\u0435\u0440\u0430\u0441\u043d\u043e\u044e \u0434\u043e\u0448\u043a\u043e\u044e, \u044f\u043a\u0430:<\/p>\n<p>\u0437\u0430\u0431\u0435\u0437\u043f\u0435\u0447\u0443\u0454 \u043a\u0440\u0430\u0449\u0435 \u0437\u0447\u0435\u043f\u043b\u0435\u043d\u043d\u044f (\u043d\u0430\u0432\u0456\u0442\u044c \u043f\u0456\u0434 \u0447\u0430\u0441 \u0434\u043e\u0449\u0443),<\/p>\n<p>\u043f\u0456\u0434\u0432\u0438\u0449\u0443\u0454 \u0431\u0435\u0437\u043f\u0435\u043a\u0443 \u043a\u043e\u0440\u0438\u0441\u0442\u0443\u0432\u0430\u0447\u0430,<\/p>\n<p>\u0434\u043e\u043f\u043e\u043c\u0430\u0433\u0430\u0454 \u0432\u0456\u0434\u0432\u043e\u0434\u0438\u0442\u0438 \u0432\u043e\u0434\u0443,<\/p>\n<p>\u0456 \u043f\u0456\u0434\u043a\u0440\u0435\u0441\u043b\u044e\u0454 \u043a\u043b\u0430\u0441\u0438\u0447\u043d\u0438\u0439, \u043f\u043e\u0437\u0430\u0447\u0430\u0441\u043e\u0432\u0438\u0439 \u0432\u0438\u0433\u043b\u044f\u0434 \u0437\u0430\u0433\u0430\u043b\u044c\u043d\u043e\u0433\u043e \u0434\u0438\u0437\u0430\u0439\u043d\u0443.<\/p>\n<p>\u2714\ufe0f \u041d\u0430\u0439\u0431\u0456\u043b\u044c\u0448\u0430 \u043f\u0435\u0440\u0435\u0432\u0430\u0433\u0430? \u0413\u043e\u0442\u043e\u0432\u043d\u0456\u0441\u0442\u044c \u0434\u043e \u0432\u0438\u043a\u043e\u0440\u0438\u0441\u0442\u0430\u043d\u043d\u044f \u043c\u0430\u0439\u0436\u0435 \u043c\u0438\u0442\u0442\u0454\u0432\u043e<\/p>\n<p>\u041d\u0430 \u0432\u0456\u0434\u043c\u0456\u043d\u0443 \u0432\u0456\u0434 \u0431\u0430\u0433\u0430\u0442\u044c\u043e\u0445 \u0442\u0435\u0440\u0430\u0441\u043e\u0432\u0438\u0445 \u0441\u0438\u0441\u0442\u0435\u043c, \u043f\u043b\u0430\u0442\u0444\u043e\u0440\u043c\u0438 Rustic \u043f\u043e\u0441\u0442\u0430\u0432\u043b\u044f\u044e\u0442\u044c\u0441\u044f \u043c\u0430\u0439\u0436\u0435 \u0433\u043e\u0442\u043e\u0432\u0438\u043c\u0438 - \u043c\u043e\u0434\u0443\u043b\u0456 \u043f\u0456\u0434\u043b\u043e\u0433\u0438 \u043f\u043e\u043f\u0435\u0440\u0435\u0434\u043d\u044c\u043e \u0437\u0456\u0431\u0440\u0430\u043d\u0456, \u0456 \u0432\u0441\u0435, \u0449\u043e \u0437\u0430\u043b\u0438\u0448\u0430\u0454\u0442\u044c\u0441\u044f \u0437\u0440\u043e\u0431\u0438\u0442\u0438, \u0446\u0435 \u043f\u0440\u0438\u043a\u0440\u0456\u043f\u0438\u0442\u0438 \u043f\u0435\u0440\u0438\u043b\u0430. \u0426\u0435 \u0432\u0435\u043b\u0438\u0447\u0435\u0437\u043d\u0430 \u0437\u0440\u0443\u0447\u043d\u0456\u0441\u0442\u044c \u0456 \u0435\u043a\u043e\u043d\u043e\u043c\u0456\u044f \u0447\u0430\u0441\u0443 - \u043f\u0440\u043e\u0441\u0442\u043e \u0432\u0441\u0442\u0430\u043d\u043e\u0432\u0456\u0442\u044c \u0457\u0445 \u0456 \u0437'\u0454\u0434\u043d\u0430\u0439\u0442\u0435, \u0449\u043e\u0431 \u043d\u0430\u0441\u043e\u043b\u043e\u0434\u0436\u0443\u0432\u0430\u0442\u0438\u0441\u044f \u0433\u043e\u0442\u043e\u0432\u043e\u044e \u0437\u043e\u043d\u043e\u044e \u0432\u0456\u0434\u043f\u043e\u0447\u0438\u043d\u043a\u0443.<\/p>\n<p>\u2714\ufe0f <strong>\u041c\u043e\u0434\u0443\u043b\u044c\u043d\u0435 \u0440\u043e\u0437\u0448\u0438\u0440\u0435\u043d\u043d\u044f<\/strong> - \u0432\u0438 \u0441\u0442\u0432\u043e\u0440\u044e\u0454\u0442\u0435 \u0442\u0435\u0440\u0430\u0441\u0443 \u043a\u0440\u043e\u043a \u0437\u0430 \u043a\u0440\u043e\u043a\u043e\u043c<\/p>\n<p>\u2714\ufe0f <strong>3 \u0442\u0438\u043f\u0438 \u0437\u0431\u0456\u0440\u043d\u0438\u0445 \u043c\u043e\u0434\u0443\u043b\u0456\u0432<\/strong> - \u041c\u0456\u043d\u0456, \u043f\u0430\u043d\u0435\u043b\u044c \u0442\u0430 \u043c\u0430\u043a\u0441\u0456<\/p>\n<p>\u2714\ufe0f<strong> \u0421\u043e\u0441\u043d\u043e\u0432\u0430 \u0434\u0435\u0440\u0435\u0432\u0438\u043d\u0430 FSC\u00ae<\/strong> - \u0437 \u0432\u0456\u0434\u043f\u043e\u0432\u0456\u0434\u0430\u043b\u044c\u043d\u0438\u0445 \u0434\u0436\u0435\u0440\u0435\u043b<\/p>\n<p>\u2714\ufe0f <strong>\u0413\u0456\u0434\u0440\u043e\u0456\u0437\u043e\u043b\u044f\u0446\u0456\u044f \u043a\u0430\u0442\u0435\u0433\u043e\u0440\u0456\u0457 3<\/strong> - \u0447\u0443\u0434\u043e\u0432\u0438\u0439 \u0437\u0430\u0445\u0438\u0441\u0442 \u0432\u0456\u0434 \u043d\u0435\u0433\u043e\u0434\u0438<\/p>\n<p>\u2714\ufe0f <strong>\u0420\u0438\u0444\u043b\u0435\u043d\u0456 \u043f\u043b\u0438\u0442\u0438<\/strong> - \u0441\u0442\u0438\u043b\u044c \u0456 \u043d\u0435\u043a\u043e\u0432\u0437\u043d\u0430 \u043f\u043e\u0432\u0435\u0440\u0445\u043d\u044f<\/p>\n<p>\u2714\ufe0f <strong>\u0428\u0432\u0438\u0434\u043a\u0438\u0439 \u043c\u043e\u043d\u0442\u0430\u0436<\/strong> - \u0433\u043e\u0442\u043e\u0432\u0456 \u043c\u043e\u0434\u0443\u043b\u0456 \u0434\u043b\u044f \u043f\u0456\u0434\u043b\u043e\u0433\u0438, \u043f\u043e\u0442\u0440\u0456\u0431\u043d\u043e \u043b\u0438\u0448\u0435 \u043f\u0440\u0438\u043a\u0440\u0443\u0442\u0438\u0442\u0438 \u043f\u0435\u0440\u0438\u043b\u0430<\/p>\n<p>\u2714\ufe0f \u0406\u0434\u0435\u0430\u043b\u044c\u043d\u043e \u043f\u0456\u0434\u0445\u043e\u0434\u0438\u0442\u044c \u0434\u043b\u044f \u0441\u0430\u0434\u0443, \u043f\u0440\u0438\u0441\u0430\u0434\u0438\u0431\u043d\u043e\u0457 \u0434\u0456\u043b\u044f\u043d\u043a\u0438, \u043a\u0430\u0444\u0435 \u0430\u0431\u043e \u044f\u043a \u0437\u043e\u043d\u0430 \u0432\u0456\u0434\u043f\u043e\u0447\u0438\u043d\u043a\u0443<\/p>\n<p>\u0417 \u043f\u043b\u0430\u0442\u0444\u043e\u0440\u043c\u0430\u043c\u0438 Rustic \u0432\u0430\u043c \u043d\u0435 \u043f\u043e\u0442\u0440\u0456\u0431\u043d\u043e \u043f\u043b\u0430\u043d\u0443\u0432\u0430\u0442\u0438 \u043d\u0430 \u0440\u043e\u043a\u0438 - \u0432\u0438 \u043a\u0443\u043f\u0443\u0454\u0442\u0435 \u0442\u0435\u0440\u0430\u0441\u0443, \u043f\u0440\u0430\u043a\u0442\u0438\u0447\u043d\u043e \u0433\u043e\u0442\u043e\u0432\u0443 \u0434\u043e \u0432\u0438\u043a\u043e\u0440\u0438\u0441\u0442\u0430\u043d\u043d\u044f.<strong> \u041b\u0438\u0448\u0435 \u043a\u0456\u043b\u044c\u043a\u0430 \u043a\u0440\u043e\u043a\u0456\u0432 - \u0456 \u0432\u0430\u0448 \u043f\u0440\u043e\u0441\u0442\u0456\u0440 \u043d\u0430\u0431\u0443\u0434\u0435 \u0441\u0442\u0438\u043b\u044e, \u0444\u0443\u043d\u043a\u0446\u0456\u043e\u043d\u0430\u043b\u044c\u043d\u043e\u0441\u0442\u0456 \u0442\u0430 \u043f\u0440\u0438\u0440\u043e\u0434\u043d\u043e\u0457 \u043a\u0440\u0430\u0441\u0438 \u0434\u0435\u0440\u0435\u0432\u0430.<\/strong><\/p>","protected":false},"excerpt":{"rendered":"<p>Podesty tarasowe Rustic \u2013 Gotowy taras, kt\u00f3ry ro\u015bnie razem z Tob\u0105 Podesty Rustic to modu\u0142owy system tarasowy, kt\u00f3ry \u0142\u0105czy w sobie trwa\u0142o\u015b\u0107, estetyk\u0119 i wygod\u0119 u\u017cytkowania. Dzi\u0119ki przemy\u015blanej konstrukcji mo\u017cesz samodzielnie stworzy\u0107 przestrze\u0144 wypoczynkow\u0105, kt\u00f3ra idealnie odpowiada Twoim potrzebom \u2013 od ma\u0142ego patio po rozbudowany taras ogrodowy. Kluczem jest modularno\u015b\u0107 \u2013 ka\u017cdy element ma bazowy [&hellip;]<\/p>\n","protected":false},"featured_media":2501,"template":"","meta":{"_acf_changed":false},"product_brand":[],"product_cat":[76],"product_tag":[85],"class_list":{"0":"post-2500","1":"product","2":"type-product","3":"status-publish","4":"has-post-thumbnail","6":"product_cat-akcesoria-ogrodowe","7":"product_tag-kolekcja-rustic","8":"product_shipping_class-podstawowa","10":"first","11":"instock","12":"taxable","13":"shipping-taxable","14":"purchasable","15":"product-type-simple","16":"add-to-wishlist-after_add_to_cart"},"acf":[],"yoast_head":"<!-- This site is optimized with the Yoast SEO plugin v26.6 - https:\/\/yoast.com\/wordpress\/plugins\/seo\/ -->\n<title>Podest Mini z balustrad\u0105 Rustic 1,5x1,5m z drewna - Siesta Garden<\/title>\n<meta name=\"robots\" content=\"index, follow, max-snippet:-1, max-image-preview:large, max-video-preview:-1\" \/>\n<link rel=\"canonical\" href=\"https:\/\/www.siestagarden.com\/uk\/product\/podest-mini-z-balustrada-rustic-15x15m-z-drewna\/\" \/>\n<meta property=\"og:locale\" content=\"uk_UA\" \/>\n<meta property=\"og:type\" content=\"article\" \/>\n<meta property=\"og:title\" content=\"Podest Mini z balustrad\u0105 Rustic 1,5x1,5m z drewna - Siesta Garden\" \/>\n<meta property=\"og:description\" content=\"Podesty tarasowe Rustic \u2013 Gotowy taras, kt\u00f3ry ro\u015bnie razem z Tob\u0105 Podesty Rustic to modu\u0142owy system tarasowy, kt\u00f3ry \u0142\u0105czy w sobie trwa\u0142o\u015b\u0107, estetyk\u0119 i wygod\u0119 u\u017cytkowania. Dzi\u0119ki przemy\u015blanej konstrukcji mo\u017cesz samodzielnie stworzy\u0107 przestrze\u0144 wypoczynkow\u0105, kt\u00f3ra idealnie odpowiada Twoim potrzebom \u2013 od ma\u0142ego patio po rozbudowany taras ogrodowy. Kluczem jest modularno\u015b\u0107 \u2013 ka\u017cdy element ma bazowy [&hellip;]\" \/>\n<meta property=\"og:url\" content=\"https:\/\/www.siestagarden.com\/uk\/product\/podest-mini-z-balustrada-rustic-15x15m-z-drewna\/\" \/>\n<meta property=\"og:site_name\" content=\"Siesta Garden\" \/>\n<meta property=\"article:modified_time\" content=\"2026-03-23T14:15:18+00:00\" \/>\n<meta property=\"og:image\" content=\"https:\/\/www.siestagarden.com\/wp-content\/uploads\/2025\/04\/IMG_3435.jpg\" \/>\n\t<meta property=\"og:image:width\" content=\"1275\" \/>\n\t<meta property=\"og:image:height\" content=\"850\" \/>\n\t<meta property=\"og:image:type\" content=\"image\/jpeg\" \/>\n<meta name=\"twitter:card\" content=\"summary_large_image\" \/>\n<meta name=\"twitter:label1\" content=\"\u041f\u0440\u0438\u0431\u043b. \u0447\u0430\u0441 \u0447\u0438\u0442\u0430\u043d\u043d\u044f\" \/>\n\t<meta name=\"twitter:data1\" content=\"3 \u0445\u0432\u0438\u043b\u0438\u043d\u0438\" \/>\n<script type=\"application\/ld+json\" class=\"yoast-schema-graph\">{\"@context\":\"https:\/\/schema.org\",\"@graph\":[{\"@type\":\"WebPage\",\"@id\":\"https:\/\/www.siestagarden.com\/produkt\/podest-mini-z-balustrada-rustic-15x15m-z-drewna\/\",\"url\":\"https:\/\/www.siestagarden.com\/produkt\/podest-mini-z-balustrada-rustic-15x15m-z-drewna\/\",\"name\":\"Podest Mini z balustrad\u0105 Rustic 1,5x1,5m z drewna - Siesta Garden\",\"isPartOf\":{\"@id\":\"https:\/\/www.siestagarden.com\/#website\"},\"primaryImageOfPage\":{\"@id\":\"https:\/\/www.siestagarden.com\/produkt\/podest-mini-z-balustrada-rustic-15x15m-z-drewna\/#primaryimage\"},\"image\":{\"@id\":\"https:\/\/www.siestagarden.com\/produkt\/podest-mini-z-balustrada-rustic-15x15m-z-drewna\/#primaryimage\"},\"thumbnailUrl\":\"https:\/\/www.siestagarden.com\/wp-content\/uploads\/2025\/04\/IMG_3435.jpg\",\"datePublished\":\"2025-04-15T08:18:44+00:00\",\"dateModified\":\"2026-03-23T14:15:18+00:00\",\"breadcrumb\":{\"@id\":\"https:\/\/www.siestagarden.com\/produkt\/podest-mini-z-balustrada-rustic-15x15m-z-drewna\/#breadcrumb\"},\"inLanguage\":\"uk\",\"potentialAction\":[{\"@type\":\"ReadAction\",\"target\":[\"https:\/\/www.siestagarden.com\/produkt\/podest-mini-z-balustrada-rustic-15x15m-z-drewna\/\"]}]},{\"@type\":\"ImageObject\",\"inLanguage\":\"uk\",\"@id\":\"https:\/\/www.siestagarden.com\/produkt\/podest-mini-z-balustrada-rustic-15x15m-z-drewna\/#primaryimage\",\"url\":\"https:\/\/www.siestagarden.com\/wp-content\/uploads\/2025\/04\/IMG_3435.jpg\",\"contentUrl\":\"https:\/\/www.siestagarden.com\/wp-content\/uploads\/2025\/04\/IMG_3435.jpg\",\"width\":1275,\"height\":850},{\"@type\":\"BreadcrumbList\",\"@id\":\"https:\/\/www.siestagarden.com\/produkt\/podest-mini-z-balustrada-rustic-15x15m-z-drewna\/#breadcrumb\",\"itemListElement\":[{\"@type\":\"ListItem\",\"position\":1,\"name\":\"Strona g\u0142\u00f3wna\",\"item\":\"https:\/\/www.siestagarden.com\/\"},{\"@type\":\"ListItem\",\"position\":2,\"name\":\"Sklep\",\"item\":\"https:\/\/www.siestagarden.com\/sklep\/\"},{\"@type\":\"ListItem\",\"position\":3,\"name\":\"Podest Mini z balustrad\u0105 Rustic 1,5&#215;1,5m z drewna\"}]},{\"@type\":\"WebSite\",\"@id\":\"https:\/\/www.siestagarden.com\/#website\",\"url\":\"https:\/\/www.siestagarden.com\/\",\"name\":\"Siesta Garden\",\"description\":\"Meble do Twojego ogrodu. Polski producent drewnianych mebli najwy\u017cszej jako\u015bci.\",\"potentialAction\":[{\"@type\":\"SearchAction\",\"target\":{\"@type\":\"EntryPoint\",\"urlTemplate\":\"https:\/\/www.siestagarden.com\/?s={search_term_string}\"},\"query-input\":{\"@type\":\"PropertyValueSpecification\",\"valueRequired\":true,\"valueName\":\"search_term_string\"}}],\"inLanguage\":\"uk\"}]}<\/script>\n<!-- \/ Yoast SEO plugin. -->","yoast_head_json":{"title":"Podest Mini z balustrad\u0105 Rustic 1,5x1,5m z drewna - Siesta Garden","robots":{"index":"index","follow":"follow","max-snippet":"max-snippet:-1","max-image-preview":"max-image-preview:large","max-video-preview":"max-video-preview:-1"},"canonical":"https:\/\/www.siestagarden.com\/uk\/product\/podest-mini-z-balustrada-rustic-15x15m-z-drewna\/","og_locale":"uk_UA","og_type":"article","og_title":"Podest Mini z balustrad\u0105 Rustic 1,5x1,5m z drewna - Siesta Garden","og_description":"Podesty tarasowe Rustic \u2013 Gotowy taras, kt\u00f3ry ro\u015bnie razem z Tob\u0105 Podesty Rustic to modu\u0142owy system tarasowy, kt\u00f3ry \u0142\u0105czy w sobie trwa\u0142o\u015b\u0107, estetyk\u0119 i wygod\u0119 u\u017cytkowania. Dzi\u0119ki przemy\u015blanej konstrukcji mo\u017cesz samodzielnie stworzy\u0107 przestrze\u0144 wypoczynkow\u0105, kt\u00f3ra idealnie odpowiada Twoim potrzebom \u2013 od ma\u0142ego patio po rozbudowany taras ogrodowy. Kluczem jest modularno\u015b\u0107 \u2013 ka\u017cdy element ma bazowy [&hellip;]","og_url":"https:\/\/www.siestagarden.com\/uk\/product\/podest-mini-z-balustrada-rustic-15x15m-z-drewna\/","og_site_name":"Siesta Garden","article_modified_time":"2026-03-23T14:15:18+00:00","og_image":[{"width":1275,"height":850,"url":"https:\/\/www.siestagarden.com\/wp-content\/uploads\/2025\/04\/IMG_3435.jpg","type":"image\/jpeg"}],"twitter_card":"summary_large_image","twitter_misc":{"\u041f\u0440\u0438\u0431\u043b. \u0447\u0430\u0441 \u0447\u0438\u0442\u0430\u043d\u043d\u044f":"3 \u0445\u0432\u0438\u043b\u0438\u043d\u0438"},"schema":{"@context":"https:\/\/schema.org","@graph":[{"@type":"WebPage","@id":"https:\/\/www.siestagarden.com\/produkt\/podest-mini-z-balustrada-rustic-15x15m-z-drewna\/","url":"https:\/\/www.siestagarden.com\/produkt\/podest-mini-z-balustrada-rustic-15x15m-z-drewna\/","name":"Podest Mini z balustrad\u0105 Rustic 1,5x1,5m z drewna - Siesta Garden","isPartOf":{"@id":"https:\/\/www.siestagarden.com\/#website"},"primaryImageOfPage":{"@id":"https:\/\/www.siestagarden.com\/produkt\/podest-mini-z-balustrada-rustic-15x15m-z-drewna\/#primaryimage"},"image":{"@id":"https:\/\/www.siestagarden.com\/produkt\/podest-mini-z-balustrada-rustic-15x15m-z-drewna\/#primaryimage"},"thumbnailUrl":"https:\/\/www.siestagarden.com\/wp-content\/uploads\/2025\/04\/IMG_3435.jpg","datePublished":"2025-04-15T08:18:44+00:00","dateModified":"2026-03-23T14:15:18+00:00","breadcrumb":{"@id":"https:\/\/www.siestagarden.com\/produkt\/podest-mini-z-balustrada-rustic-15x15m-z-drewna\/#breadcrumb"},"inLanguage":"uk","potentialAction":[{"@type":"ReadAction","target":["https:\/\/www.siestagarden.com\/produkt\/podest-mini-z-balustrada-rustic-15x15m-z-drewna\/"]}]},{"@type":"ImageObject","inLanguage":"uk","@id":"https:\/\/www.siestagarden.com\/produkt\/podest-mini-z-balustrada-rustic-15x15m-z-drewna\/#primaryimage","url":"https:\/\/www.siestagarden.com\/wp-content\/uploads\/2025\/04\/IMG_3435.jpg","contentUrl":"https:\/\/www.siestagarden.com\/wp-content\/uploads\/2025\/04\/IMG_3435.jpg","width":1275,"height":850},{"@type":"BreadcrumbList","@id":"https:\/\/www.siestagarden.com\/produkt\/podest-mini-z-balustrada-rustic-15x15m-z-drewna\/#breadcrumb","itemListElement":[{"@type":"ListItem","position":1,"name":"Strona g\u0142\u00f3wna","item":"https:\/\/www.siestagarden.com\/"},{"@type":"ListItem","position":2,"name":"Sklep","item":"https:\/\/www.siestagarden.com\/sklep\/"},{"@type":"ListItem","position":3,"name":"Podest Mini z balustrad\u0105 Rustic 1,5&#215;1,5m z drewna"}]},{"@type":"WebSite","@id":"https:\/\/www.siestagarden.com\/#website","url":"https:\/\/www.siestagarden.com\/","name":"\u0421\u0430\u0434 \"\u0421\u0456\u0454\u0441\u0442\u0430","description":"\u041c\u0435\u0431\u043b\u0456 \u0434\u043b\u044f \u0432\u0430\u0448\u043e\u0433\u043e \u0441\u0430\u0434\u0443. \u041f\u043e\u043b\u044c\u0441\u044c\u043a\u0438\u0439 \u0432\u0438\u0440\u043e\u0431\u043d\u0438\u043a \u0434\u0435\u0440\u0435\u0432'\u044f\u043d\u0438\u0445 \u043c\u0435\u0431\u043b\u0456\u0432 \u043d\u0430\u0439\u0432\u0438\u0449\u043e\u0457 \u044f\u043a\u043e\u0441\u0442\u0456.","potentialAction":[{"@type":"SearchAction","target":{"@type":"EntryPoint","urlTemplate":"https:\/\/www.siestagarden.com\/?s={search_term_string}"},"query-input":{"@type":"PropertyValueSpecification","valueRequired":true,"valueName":"search_term_string"}}],"inLanguage":"uk"}]}},"_links":{"self":[{"href":"https:\/\/www.siestagarden.com\/uk\/wp-json\/wp\/v2\/product\/2500","targetHints":{"allow":["GET"]}}],"collection":[{"href":"https:\/\/www.siestagarden.com\/uk\/wp-json\/wp\/v2\/product"}],"about":[{"href":"https:\/\/www.siestagarden.com\/uk\/wp-json\/wp\/v2\/types\/product"}],"wp:featuredmedia":[{"embeddable":true,"href":"https:\/\/www.siestagarden.com\/uk\/wp-json\/wp\/v2\/media\/2501"}],"wp:attachment":[{"href":"https:\/\/www.siestagarden.com\/uk\/wp-json\/wp\/v2\/media?parent=2500"}],"wp:term":[{"taxonomy":"product_brand","embeddable":true,"href":"https:\/\/www.siestagarden.com\/uk\/wp-json\/wp\/v2\/product_brand?post=2500"},{"taxonomy":"product_cat","embeddable":true,"href":"https:\/\/www.siestagarden.com\/uk\/wp-json\/wp\/v2\/product_cat?post=2500"},{"taxonomy":"product_tag","embeddable":true,"href":"https:\/\/www.siestagarden.com\/uk\/wp-json\/wp\/v2\/product_tag?post=2500"}],"curies":[{"name":"wp","href":"https:\/\/api.w.org\/{rel}","templated":true}]}}