{"id":2511,"date":"2025-04-15T10:38:40","date_gmt":"2025-04-15T08:38:40","guid":{"rendered":"https:\/\/www.siestagarden.com\/?post_type=product&#038;p=2511"},"modified":"2026-03-03T07:58:16","modified_gmt":"2026-03-03T06:58:16","slug":"okragly-stol-piknikowy-o-11m-picnic-8os-z-drewna","status":"publish","type":"product","link":"https:\/\/www.siestagarden.com\/uk\/product\/okragly-stol-piknikowy-o-11m-picnic-8os-z-drewna\/","title":{"rendered":"\u041a\u0440\u0443\u0433\u043b\u0438\u0439 \u0441\u0442\u0456\u043b \u0434\u043b\u044f \u043f\u0456\u043a\u043d\u0456\u043a\u0430 \u00d8 1,1 \u043c Picnic 8-\u043c\u0456\u0441\u043d\u0438\u0439 \u0437 \u0434\u0435\u0440\u0435\u0432\u0430"},"content":{"rendered":"<p><strong>\u00d8 1,1 \u043c \u041a\u0440\u0443\u0433\u043b\u0438\u0439 \u0441\u0442\u0456\u043b \u0434\u043b\u044f \u043f\u0456\u043a\u043d\u0456\u043a\u0430<\/strong> - \u0417\u0443\u0441\u0442\u0440\u0456\u0447\u0456, \u044f\u043a\u0456 \u043e\u0431'\u0454\u0434\u043d\u0443\u044e\u0442\u044c \u043b\u044e\u0434\u0435\u0439 \u0437\u0430 \u043e\u0434\u043d\u0438\u043c \u0441\u0442\u043e\u043b\u043e\u043c<\/p>\n<p>\u041d\u0435\u043c\u0430\u0454 \u0431\u0456\u043b\u044c\u0448 \u0442\u043e\u0432\u0430\u0440\u0438\u0441\u044c\u043a\u043e\u0433\u043e \u043f\u0440\u0435\u0434\u043c\u0435\u0442\u0430 \u043c\u0435\u0431\u043b\u0456\u0432, \u043d\u0456\u0436<strong> \u043a\u0440\u0443\u0433\u043b\u0438\u0439 \u0441\u0442\u0456\u043b \u0434\u043b\u044f \u043f\u0456\u043a\u043d\u0456\u043a\u0430<\/strong> - \u0446\u0435 \u0444\u043e\u0440\u043c\u0430, \u044f\u043a\u0430 \u043f\u0440\u0438\u0440\u043e\u0434\u043d\u043e <strong>\u0441\u043f\u0440\u0438\u044f\u0454 \u0441\u043f\u0456\u043b\u043a\u0443\u0432\u0430\u043d\u043d\u044e, \u043e\u0431\u043c\u0456\u043d\u0443 \u0434\u0443\u043c\u043a\u0430\u043c\u0438 \u0442\u0430 \u0441\u043f\u0456\u043b\u044c\u043d\u043e\u043c\u0443 \u043f\u0440\u043e\u0432\u0435\u0434\u0435\u043d\u043d\u044e \u0447\u0430\u0441\u0443<\/strong>. \u041c\u043e\u0434\u0435\u043b\u044c \u0437 \u043a\u043e\u043b\u0435\u043a\u0446\u0456\u0457 Picnic \u0441\u043f\u0440\u043e\u0435\u043a\u0442\u043e\u0432\u0430\u043d\u0430 \u0442\u0430\u043a\u0438\u043c \u0447\u0438\u043d\u043e\u043c, \u0449\u043e\u0431 \u0437\u0430 \u043e\u0434\u043d\u0438\u043c \u0441\u0442\u043e\u043b\u043e\u043c \u043c\u043e\u0436\u043d\u0430 \u0431\u0443\u043b\u043e <strong>\u043a\u043e\u043c\u0444\u043e\u0440\u0442\u043d\u043e \u0432\u043c\u0456\u0449\u0443\u0454 \u0434\u043e 8 \u043e\u0441\u0456\u0431<\/strong>\u0431\u0435\u0437 \u043d\u0435\u043e\u0431\u0445\u0456\u0434\u043d\u043e\u0441\u0442\u0456 \u0437\u043c\u0456\u0449\u0443\u0432\u0430\u0442\u0438 \u0430\u0431\u043e \"\u0432\u0442\u0438\u0441\u043a\u0430\u0442\u0438\u0441\u044f\" \u0432 \u043a\u0443\u0442\u0438.<\/p>\n<p>\u0421\u0442\u0456\u043b\u044c\u043d\u0438\u0446\u044f \u0434\u0456\u0430\u043c\u0435\u0442\u0440\u043e\u043c 110 \u0441\u043c \u0437\u0430\u0431\u0435\u0437\u043f\u0435\u0447\u0443\u0454 \u0434\u043e\u0441\u0442\u0430\u0442\u043d\u044c\u043e \u043c\u0456\u0441\u0446\u044f \u0434\u043b\u044f \u0432\u0441\u044c\u043e\u0433\u043e: <strong>\u0412\u0456\u0434 \u0440\u0430\u043d\u043a\u043e\u0432\u043e\u0457 \u043a\u0430\u0432\u0438 \u0442\u0430 \u043a\u0440\u0443\u0430\u0441\u0430\u043d\u0456\u0432 \u0434\u043e \u043f\u0456\u043a\u043d\u0456\u043a\u0430 \u0437 \u0434\u0456\u0442\u044c\u043c\u0438, \u0432\u0435\u0447\u0435\u0440\u0456 \u0437 \u0431\u0430\u0440\u0431\u0435\u043a\u044e \u0430\u0431\u043e \u043e\u0431\u0456\u0434\u0443 \u0432 \u0441\u0430\u0434\u0443 \u0432 \u0441\u0442\u0438\u043b\u0456 \u043f\u0430\u0431\u0443.<\/strong><\/p>\n<p>\u0421\u0442\u0456\u043b \u0432\u0438\u0433\u043e\u0442\u043e\u0432\u043b\u0435\u043d\u0438\u0439 \u0437 \u043c\u0430\u0441\u0438\u0432\u0443 \u0441\u043e\u0441\u043d\u0438 \u0437<strong> \u0421\u0435\u0440\u0442\u0438\u0444\u0456\u043a\u043e\u0432\u0430\u043d\u043e \u0437\u0430 \u0441\u0442\u0430\u043d\u0434\u0430\u0440\u0442\u043e\u043c FSC<\/strong>\u044f\u043a\u0430 \u043f\u043e\u0445\u043e\u0434\u0438\u0442\u044c \u0437 \u0432\u0456\u0434\u043f\u043e\u0432\u0456\u0434\u0430\u043b\u044c\u043d\u043e \u043a\u0435\u0440\u043e\u0432\u0430\u043d\u0438\u0445 \u043b\u0456\u0441\u0456\u0432. \u0420\u0430\u0434\u0438 \u0434\u0438\u0440\u0435\u043a\u0442\u043e\u0440\u0456\u0432 <strong>\u0422\u043e\u0432\u0449\u0438\u043d\u0430 32 \u043c\u043c<\/strong> \u043d\u0435 \u0442\u0456\u043b\u044c\u043a\u0438 \u0433\u0430\u0440\u0430\u043d\u0442\u0443\u0454<strong> \u043c\u0456\u0446\u043d\u0456\u0441\u0442\u044c \u0456 \u0441\u0442\u0430\u0431\u0456\u043b\u044c\u043d\u0456\u0441\u0442\u044c, \u0430 \u0442\u0430\u043a\u043e\u0436 \u0434\u043e\u0432\u0433\u043e\u0432\u0456\u0447\u043d\u0456\u0441\u0442\u044c \u043a\u043e\u043d\u0441\u0442\u0440\u0443\u043a\u0446\u0456\u0457.<\/strong> \u0414\u0435\u0440\u0435\u0432\u0438\u043d\u0430 \u0431\u0443\u043b\u0430 \u043f\u0440\u043e\u0441\u043e\u0447\u0435\u043d\u0430 \u0434\u043e \u043a\u0430\u0442\u0435\u0433\u043e\u0440\u0456\u0457 \u0437\u0430\u0445\u0438\u0441\u0442\u0443 3, \u0449\u043e \u043e\u0437\u043d\u0430\u0447\u0430\u0454 \u043d\u0430\u0439\u0432\u0438\u0449\u0438\u0439 \u0440\u0456\u0432\u0435\u043d\u044c \u0437\u0430\u0445\u0438\u0441\u0442\u0443 \u0432\u0456\u0434 \u043c\u0456\u043d\u043b\u0438\u0432\u0438\u0445 \u043f\u043e\u0433\u043e\u0434\u043d\u0438\u0445 \u0443\u043c\u043e\u0432 -. <strong>\u043c\u043e\u0436\u043d\u0430 \u0437\u0430\u043b\u0438\u0448\u0430\u0442\u0438 \u043d\u0430 \u0432\u0443\u043b\u0438\u0446\u0456 \u0446\u0456\u043b\u0438\u0439 \u0440\u0456\u043a<\/strong>.<\/p>\n<p>\u041a\u043e\u0436\u0435\u043d \u0435\u043b\u0435\u043c\u0435\u043d\u0442 \u043e\u0441\u043d\u0430\u0449\u0435\u043d\u0438\u0439 \u0441\u043f\u0435\u0446\u0456\u0430\u043b\u044c\u043d\u0438\u043c\u0438 \u0433\u0432\u0438\u043d\u0442\u0430\u043c\u0438 \u0442\u0430 \u043c\u0435\u0442\u0430\u043b\u0435\u0432\u0438\u043c\u0438 \u0437'\u0454\u0434\u043d\u0443\u0432\u0430\u0447\u0430\u043c\u0438, \u044f\u043a\u0456 \u0434\u043e\u0437\u0432\u043e\u043b\u044f\u044e\u0442\u044c \u0437 \u0447\u0430\u0441\u043e\u043c \u0437\u0430\u0442\u044f\u0433\u0443\u0432\u0430\u0442\u0438 \u043a\u043e\u043d\u0441\u0442\u0440\u0443\u043a\u0446\u0456\u044e, \u043e\u0441\u043a\u0456\u043b\u044c\u043a\u0438 \u0434\u0435\u0440\u0435\u0432\u043e \u043f\u0440\u0438\u0440\u043e\u0434\u043d\u0438\u043c \u0447\u0438\u043d\u043e\u043c \"\u043f\u0440\u0430\u0446\u044e\u0454\" \u0432 \u0441\u0430\u0434\u0443. \u0426\u0435 \u0440\u043e\u0437\u0443\u043c\u043d\u0435 \u0440\u0456\u0448\u0435\u043d\u043d\u044f \u0434\u043b\u044f \u0437\u0430\u0431\u0435\u0437\u043f\u0435\u0447\u0435\u043d\u043d\u044f \u0434\u043e\u0432\u0433\u043e\u0432\u0456\u0447\u043d\u043e\u0441\u0442\u0456 \u0431\u0435\u0437 \u043d\u0435\u043e\u0431\u0445\u0456\u0434\u043d\u043e\u0441\u0442\u0456 \u0437\u0430\u043c\u0456\u043d\u0438 \u043c\u0435\u0431\u043b\u0456\u0432.<\/p>\n<p>\u0421\u0442\u0456\u043b \u043f\u043e\u0441\u0442\u0430\u0432\u043b\u044f\u0454\u0442\u044c\u0441\u044f \u0432 \u043f\u043b\u043e\u0441\u043a\u043e\u043c\u0443 \u043f\u0430\u043a\u0443\u0432\u0430\u043d\u043d\u0456 - \u0439\u043e\u0433\u043e \u043b\u0435\u0433\u043a\u043e \u0437\u0456\u0431\u0440\u0430\u0442\u0438 \u0441\u0430\u043c\u043e\u0441\u0442\u0456\u0439\u043d\u043e, \u0437 \u0447\u0456\u0442\u043a\u0438\u043c\u0438 \u0456\u043d\u0441\u0442\u0440\u0443\u043a\u0446\u0456\u044f\u043c\u0438 \u0442\u0430 \u043c\u0430\u0440\u043a\u0443\u0432\u0430\u043d\u043d\u044f\u043c.<\/p>\n<p>\u2714\ufe0f <strong>\u041c\u0456\u0441\u0446\u0435 \u0434\u043b\u044f 8 \u043e\u0441\u0456\u0431<\/strong> - \u0456\u0434\u0435\u0430\u043b\u044c\u043d\u043e \u043f\u0456\u0434\u0445\u043e\u0434\u0438\u0442\u044c \u0434\u043b\u044f \u0441\u0456\u043c\u0435\u0439\u043d\u0438\u0445 \u043e\u0431\u0456\u0434\u0456\u0432 \u0442\u0430 \u0437\u0443\u0441\u0442\u0440\u0456\u0447\u0435\u0439 \u0437 \u0434\u0440\u0443\u0437\u044f\u043c\u0438<\/p>\n<p>\u2714\ufe0f <strong>\u0421\u0442\u0456\u043b\u044c\u043d\u0438\u0446\u044f \u0434\u0456\u0430\u043c\u0435\u0442\u0440\u043e\u043c 110 \u0441\u043c<\/strong> - \u043a\u043e\u043c\u0444\u043e\u0440\u0442\u043d\u0438\u0439, \u0446\u0435\u043d\u0442\u0440\u0430\u043b\u044c\u043d\u0438\u0439 \u043f\u0440\u043e\u0441\u0442\u0456\u0440 \u0434\u043b\u044f \u0432\u0441\u0456\u0445<\/p>\n<p>\u2714\ufe0f <strong>\u0421\u0435\u0440\u0442\u0438\u0444\u0456\u043a\u043e\u0432\u0430\u043d\u0430 FSC\u00ae \u0441\u043e\u0441\u043d\u043e\u0432\u0430 \u0434\u0435\u0440\u0435\u0432\u0438\u043d\u0430<\/strong> - \u0437 \u043f\u043e\u0432\u0430\u0433\u043e\u044e \u0434\u043e \u043f\u0440\u0438\u0440\u043e\u0434\u0438<\/p>\n<p>\u2714\ufe0f <strong>\u041f\u0440\u043e\u0441\u043e\u0447\u0435\u043d\u043d\u044f \u0434\u043e \u043a\u0430\u0442\u0435\u0433\u043e\u0440\u0456\u0457 3<\/strong> - \u0446\u0456\u043b\u043e\u0440\u0456\u0447\u043d\u0430 \u0441\u0442\u0456\u0439\u043a\u0456\u0441\u0442\u044c \u0434\u043e \u043f\u043e\u0433\u043e\u0434\u043d\u0438\u0445 \u0443\u043c\u043e\u0432<\/p>\n<p>\u2714\ufe0f <strong>\u0414\u043e\u0448\u043a\u0438 \u0442\u043e\u0432\u0449\u0438\u043d\u043e\u044e 32 \u043c\u043c<\/strong> - \u0432\u0438\u043d\u044f\u0442\u043a\u043e\u0432\u0430 \u043c\u0456\u0446\u043d\u0456\u0441\u0442\u044c \u0456 \u0434\u043e\u0432\u0433\u043e\u0432\u0456\u0447\u043d\u0456\u0441\u0442\u044c<\/p>\n<p>\u2714\ufe0f <strong>\u0413\u0432\u0438\u043d\u0442\u0438 \u0442\u0430 \u043c\u0443\u0444\u0442\u0438<\/strong> - \u043c\u043e\u0436\u043d\u0430 \u043e\u0431\u0441\u043b\u0443\u0433\u043e\u0432\u0443\u0432\u0430\u0442\u0438 \u0456 \u0437\u0430\u0442\u044f\u0433\u0443\u0432\u0430\u0442\u0438 \u0432 \u043c\u0456\u0440\u0443 \u0432\u0438\u043a\u043e\u0440\u0438\u0441\u0442\u0430\u043d\u043d\u044f<\/p>\n<p>\u2714\ufe0f <strong>\u041f\u043e\u0441\u0442\u0430\u0432\u043b\u044f\u0454\u0442\u044c\u0441\u044f \u0443 \u0432\u0438\u0433\u043b\u044f\u0434\u0456 \u043f\u0430\u043a\u0435\u0442\u0430<\/strong> - \u0434\u043b\u044f \u0441\u0430\u043c\u043e\u0441\u0442\u0456\u0439\u043d\u043e\u0433\u043e \u043c\u043e\u043d\u0442\u0430\u0436\u0443<\/p>\n<p>\u041a\u0440\u0443\u0433\u043b\u0438\u0439 \u0441\u0442\u0456\u043b \u0434\u043b\u044f \u043f\u0456\u043a\u043d\u0456\u043a\u0430 Picnic - \u0446\u0435 \u043d\u0435 \u043b\u0438\u0448\u0435 \u043f\u0440\u0430\u043a\u0442\u0438\u0447\u043d\u0435 \u0440\u0456\u0448\u0435\u043d\u043d\u044f, \u0446\u0435 \u0437\u0430\u043f\u0440\u043e\u0448\u0435\u043d\u043d\u044f \u043f\u0440\u043e\u0432\u0435\u0441\u0442\u0438 \u0447\u0430\u0441 \u0440\u0430\u0437\u043e\u043c, \u0432 \u0434\u0443\u0441\u0456 \u043f\u0440\u043e\u0441\u0442\u043e\u0442\u0438, \u043a\u043e\u043c\u0444\u043e\u0440\u0442\u0443 \u0442\u0430 \u044f\u043a\u043e\u0441\u0442\u0456, \u044f\u043a\u0430 \u0437\u0430\u043b\u0438\u0448\u0430\u0454\u0442\u044c\u0441\u044f \u043d\u0430 \u0434\u043e\u0432\u0433\u0456 \u0440\u043e\u043a\u0438.<\/p>","protected":false},"excerpt":{"rendered":"<p>Okr\u0105g\u0142y st\u00f3\u0142 piknikowy \u00d8 1,1m Picnic \u2013 Spotkania, kt\u00f3re \u0142\u0105cz\u0105 przy jednym stole Nie ma bardziej towarzyskiego mebla ni\u017c okr\u0105g\u0142y st\u00f3\u0142 piknikowy \u2013 to forma, kt\u00f3ra naturalnie sprzyja rozmowie, dzieleniu si\u0119 i sp\u0119dzaniu czasu razem. Model z kolekcji Picnic zosta\u0142 zaprojektowany tak, aby przy jednym stole mog\u0142o wygodnie usi\u0105\u015b\u0107 a\u017c 8 os\u00f3b, bez potrzeby przesiadania [&hellip;]<\/p>\n","protected":false},"featured_media":2512,"template":"","meta":{"_acf_changed":false},"product_brand":[],"product_cat":[66],"product_tag":[88],"class_list":{"0":"post-2511","1":"product","2":"type-product","3":"status-publish","4":"has-post-thumbnail","6":"product_cat-stoly-piknikowe","7":"product_tag-kolekcja-picnic","8":"product_shipping_class-podstawowa","10":"first","11":"onbackorder","12":"taxable","13":"shipping-taxable","14":"purchasable","15":"product-type-simple","16":"add-to-wishlist-after_add_to_cart"},"acf":[],"yoast_head":"<!-- This site is optimized with the Yoast SEO plugin v26.6 - https:\/\/yoast.com\/wordpress\/plugins\/seo\/ -->\n<title>Okr\u0105g\u0142y st\u00f3\u0142 piknikowy \u00d8 1,1m Picnic 8os. z drewna - Siesta Garden<\/title>\n<meta name=\"robots\" content=\"index, follow, max-snippet:-1, max-image-preview:large, max-video-preview:-1\" \/>\n<link rel=\"canonical\" href=\"https:\/\/www.siestagarden.com\/uk\/product\/okragly-stol-piknikowy-o-11m-picnic-8os-z-drewna\/\" \/>\n<meta property=\"og:locale\" content=\"uk_UA\" \/>\n<meta property=\"og:type\" content=\"article\" \/>\n<meta property=\"og:title\" content=\"Okr\u0105g\u0142y st\u00f3\u0142 piknikowy \u00d8 1,1m Picnic 8os. z drewna - Siesta Garden\" \/>\n<meta property=\"og:description\" content=\"Okr\u0105g\u0142y st\u00f3\u0142 piknikowy \u00d8 1,1m Picnic \u2013 Spotkania, kt\u00f3re \u0142\u0105cz\u0105 przy jednym stole Nie ma bardziej towarzyskiego mebla ni\u017c okr\u0105g\u0142y st\u00f3\u0142 piknikowy \u2013 to forma, kt\u00f3ra naturalnie sprzyja rozmowie, dzieleniu si\u0119 i sp\u0119dzaniu czasu razem. Model z kolekcji Picnic zosta\u0142 zaprojektowany tak, aby przy jednym stole mog\u0142o wygodnie usi\u0105\u015b\u0107 a\u017c 8 os\u00f3b, bez potrzeby przesiadania [&hellip;]\" \/>\n<meta property=\"og:url\" content=\"https:\/\/www.siestagarden.com\/uk\/product\/okragly-stol-piknikowy-o-11m-picnic-8os-z-drewna\/\" \/>\n<meta property=\"og:site_name\" content=\"Siesta Garden\" \/>\n<meta property=\"article:modified_time\" content=\"2026-03-03T06:58:16+00:00\" \/>\n<meta property=\"og:image\" content=\"https:\/\/www.siestagarden.com\/wp-content\/uploads\/2025\/04\/IMG_3532.jpg\" \/>\n\t<meta property=\"og:image:width\" content=\"567\" \/>\n\t<meta property=\"og:image:height\" content=\"850\" \/>\n\t<meta property=\"og:image:type\" content=\"image\/jpeg\" \/>\n<meta name=\"twitter:card\" content=\"summary_large_image\" \/>\n<meta name=\"twitter:label1\" content=\"\u041f\u0440\u0438\u0431\u043b. \u0447\u0430\u0441 \u0447\u0438\u0442\u0430\u043d\u043d\u044f\" \/>\n\t<meta name=\"twitter:data1\" content=\"2 \u0445\u0432\u0438\u043b\u0438\u043d\u0438\" \/>\n<script type=\"application\/ld+json\" class=\"yoast-schema-graph\">{\"@context\":\"https:\/\/schema.org\",\"@graph\":[{\"@type\":\"WebPage\",\"@id\":\"https:\/\/www.siestagarden.com\/produkt\/okragly-stol-piknikowy-o-11m-picnic-8os-z-drewna\/\",\"url\":\"https:\/\/www.siestagarden.com\/produkt\/okragly-stol-piknikowy-o-11m-picnic-8os-z-drewna\/\",\"name\":\"Okr\u0105g\u0142y st\u00f3\u0142 piknikowy \u00d8 1,1m Picnic 8os. z drewna - Siesta Garden\",\"isPartOf\":{\"@id\":\"https:\/\/www.siestagarden.com\/#website\"},\"primaryImageOfPage\":{\"@id\":\"https:\/\/www.siestagarden.com\/produkt\/okragly-stol-piknikowy-o-11m-picnic-8os-z-drewna\/#primaryimage\"},\"image\":{\"@id\":\"https:\/\/www.siestagarden.com\/produkt\/okragly-stol-piknikowy-o-11m-picnic-8os-z-drewna\/#primaryimage\"},\"thumbnailUrl\":\"https:\/\/www.siestagarden.com\/wp-content\/uploads\/2025\/04\/IMG_3532.jpg\",\"datePublished\":\"2025-04-15T08:38:40+00:00\",\"dateModified\":\"2026-03-03T06:58:16+00:00\",\"breadcrumb\":{\"@id\":\"https:\/\/www.siestagarden.com\/produkt\/okragly-stol-piknikowy-o-11m-picnic-8os-z-drewna\/#breadcrumb\"},\"inLanguage\":\"uk\",\"potentialAction\":[{\"@type\":\"ReadAction\",\"target\":[\"https:\/\/www.siestagarden.com\/produkt\/okragly-stol-piknikowy-o-11m-picnic-8os-z-drewna\/\"]}]},{\"@type\":\"ImageObject\",\"inLanguage\":\"uk\",\"@id\":\"https:\/\/www.siestagarden.com\/produkt\/okragly-stol-piknikowy-o-11m-picnic-8os-z-drewna\/#primaryimage\",\"url\":\"https:\/\/www.siestagarden.com\/wp-content\/uploads\/2025\/04\/IMG_3532.jpg\",\"contentUrl\":\"https:\/\/www.siestagarden.com\/wp-content\/uploads\/2025\/04\/IMG_3532.jpg\",\"width\":567,\"height\":850},{\"@type\":\"BreadcrumbList\",\"@id\":\"https:\/\/www.siestagarden.com\/produkt\/okragly-stol-piknikowy-o-11m-picnic-8os-z-drewna\/#breadcrumb\",\"itemListElement\":[{\"@type\":\"ListItem\",\"position\":1,\"name\":\"Strona g\u0142\u00f3wna\",\"item\":\"https:\/\/www.siestagarden.com\/\"},{\"@type\":\"ListItem\",\"position\":2,\"name\":\"Sklep\",\"item\":\"https:\/\/www.siestagarden.com\/sklep\/\"},{\"@type\":\"ListItem\",\"position\":3,\"name\":\"Okr\u0105g\u0142y st\u00f3\u0142 piknikowy \u00d8 1,1m Picnic 8os. z drewna\"}]},{\"@type\":\"WebSite\",\"@id\":\"https:\/\/www.siestagarden.com\/#website\",\"url\":\"https:\/\/www.siestagarden.com\/\",\"name\":\"Siesta Garden\",\"description\":\"Meble do Twojego ogrodu. Polski producent drewnianych mebli najwy\u017cszej jako\u015bci.\",\"potentialAction\":[{\"@type\":\"SearchAction\",\"target\":{\"@type\":\"EntryPoint\",\"urlTemplate\":\"https:\/\/www.siestagarden.com\/?s={search_term_string}\"},\"query-input\":{\"@type\":\"PropertyValueSpecification\",\"valueRequired\":true,\"valueName\":\"search_term_string\"}}],\"inLanguage\":\"uk\"}]}<\/script>\n<!-- \/ Yoast SEO plugin. -->","yoast_head_json":{"title":"Okr\u0105g\u0142y st\u00f3\u0142 piknikowy \u00d8 1,1m Picnic 8os. z drewna - Siesta Garden","robots":{"index":"index","follow":"follow","max-snippet":"max-snippet:-1","max-image-preview":"max-image-preview:large","max-video-preview":"max-video-preview:-1"},"canonical":"https:\/\/www.siestagarden.com\/uk\/product\/okragly-stol-piknikowy-o-11m-picnic-8os-z-drewna\/","og_locale":"uk_UA","og_type":"article","og_title":"Okr\u0105g\u0142y st\u00f3\u0142 piknikowy \u00d8 1,1m Picnic 8os. z drewna - Siesta Garden","og_description":"Okr\u0105g\u0142y st\u00f3\u0142 piknikowy \u00d8 1,1m Picnic \u2013 Spotkania, kt\u00f3re \u0142\u0105cz\u0105 przy jednym stole Nie ma bardziej towarzyskiego mebla ni\u017c okr\u0105g\u0142y st\u00f3\u0142 piknikowy \u2013 to forma, kt\u00f3ra naturalnie sprzyja rozmowie, dzieleniu si\u0119 i sp\u0119dzaniu czasu razem. Model z kolekcji Picnic zosta\u0142 zaprojektowany tak, aby przy jednym stole mog\u0142o wygodnie usi\u0105\u015b\u0107 a\u017c 8 os\u00f3b, bez potrzeby przesiadania [&hellip;]","og_url":"https:\/\/www.siestagarden.com\/uk\/product\/okragly-stol-piknikowy-o-11m-picnic-8os-z-drewna\/","og_site_name":"Siesta Garden","article_modified_time":"2026-03-03T06:58:16+00:00","og_image":[{"width":567,"height":850,"url":"https:\/\/www.siestagarden.com\/wp-content\/uploads\/2025\/04\/IMG_3532.jpg","type":"image\/jpeg"}],"twitter_card":"summary_large_image","twitter_misc":{"\u041f\u0440\u0438\u0431\u043b. \u0447\u0430\u0441 \u0447\u0438\u0442\u0430\u043d\u043d\u044f":"2 \u0445\u0432\u0438\u043b\u0438\u043d\u0438"},"schema":{"@context":"https:\/\/schema.org","@graph":[{"@type":"WebPage","@id":"https:\/\/www.siestagarden.com\/produkt\/okragly-stol-piknikowy-o-11m-picnic-8os-z-drewna\/","url":"https:\/\/www.siestagarden.com\/produkt\/okragly-stol-piknikowy-o-11m-picnic-8os-z-drewna\/","name":"Okr\u0105g\u0142y st\u00f3\u0142 piknikowy \u00d8 1,1m Picnic 8os. z drewna - Siesta Garden","isPartOf":{"@id":"https:\/\/www.siestagarden.com\/#website"},"primaryImageOfPage":{"@id":"https:\/\/www.siestagarden.com\/produkt\/okragly-stol-piknikowy-o-11m-picnic-8os-z-drewna\/#primaryimage"},"image":{"@id":"https:\/\/www.siestagarden.com\/produkt\/okragly-stol-piknikowy-o-11m-picnic-8os-z-drewna\/#primaryimage"},"thumbnailUrl":"https:\/\/www.siestagarden.com\/wp-content\/uploads\/2025\/04\/IMG_3532.jpg","datePublished":"2025-04-15T08:38:40+00:00","dateModified":"2026-03-03T06:58:16+00:00","breadcrumb":{"@id":"https:\/\/www.siestagarden.com\/produkt\/okragly-stol-piknikowy-o-11m-picnic-8os-z-drewna\/#breadcrumb"},"inLanguage":"uk","potentialAction":[{"@type":"ReadAction","target":["https:\/\/www.siestagarden.com\/produkt\/okragly-stol-piknikowy-o-11m-picnic-8os-z-drewna\/"]}]},{"@type":"ImageObject","inLanguage":"uk","@id":"https:\/\/www.siestagarden.com\/produkt\/okragly-stol-piknikowy-o-11m-picnic-8os-z-drewna\/#primaryimage","url":"https:\/\/www.siestagarden.com\/wp-content\/uploads\/2025\/04\/IMG_3532.jpg","contentUrl":"https:\/\/www.siestagarden.com\/wp-content\/uploads\/2025\/04\/IMG_3532.jpg","width":567,"height":850},{"@type":"BreadcrumbList","@id":"https:\/\/www.siestagarden.com\/produkt\/okragly-stol-piknikowy-o-11m-picnic-8os-z-drewna\/#breadcrumb","itemListElement":[{"@type":"ListItem","position":1,"name":"Strona g\u0142\u00f3wna","item":"https:\/\/www.siestagarden.com\/"},{"@type":"ListItem","position":2,"name":"Sklep","item":"https:\/\/www.siestagarden.com\/sklep\/"},{"@type":"ListItem","position":3,"name":"Okr\u0105g\u0142y st\u00f3\u0142 piknikowy \u00d8 1,1m Picnic 8os. z drewna"}]},{"@type":"WebSite","@id":"https:\/\/www.siestagarden.com\/#website","url":"https:\/\/www.siestagarden.com\/","name":"\u0421\u0430\u0434 \"\u0421\u0456\u0454\u0441\u0442\u0430","description":"\u041c\u0435\u0431\u043b\u0456 \u0434\u043b\u044f \u0432\u0430\u0448\u043e\u0433\u043e \u0441\u0430\u0434\u0443. \u041f\u043e\u043b\u044c\u0441\u044c\u043a\u0438\u0439 \u0432\u0438\u0440\u043e\u0431\u043d\u0438\u043a \u0434\u0435\u0440\u0435\u0432'\u044f\u043d\u0438\u0445 \u043c\u0435\u0431\u043b\u0456\u0432 \u043d\u0430\u0439\u0432\u0438\u0449\u043e\u0457 \u044f\u043a\u043e\u0441\u0442\u0456.","potentialAction":[{"@type":"SearchAction","target":{"@type":"EntryPoint","urlTemplate":"https:\/\/www.siestagarden.com\/?s={search_term_string}"},"query-input":{"@type":"PropertyValueSpecification","valueRequired":true,"valueName":"search_term_string"}}],"inLanguage":"uk"}]}},"_links":{"self":[{"href":"https:\/\/www.siestagarden.com\/uk\/wp-json\/wp\/v2\/product\/2511","targetHints":{"allow":["GET"]}}],"collection":[{"href":"https:\/\/www.siestagarden.com\/uk\/wp-json\/wp\/v2\/product"}],"about":[{"href":"https:\/\/www.siestagarden.com\/uk\/wp-json\/wp\/v2\/types\/product"}],"wp:featuredmedia":[{"embeddable":true,"href":"https:\/\/www.siestagarden.com\/uk\/wp-json\/wp\/v2\/media\/2512"}],"wp:attachment":[{"href":"https:\/\/www.siestagarden.com\/uk\/wp-json\/wp\/v2\/media?parent=2511"}],"wp:term":[{"taxonomy":"product_brand","embeddable":true,"href":"https:\/\/www.siestagarden.com\/uk\/wp-json\/wp\/v2\/product_brand?post=2511"},{"taxonomy":"product_cat","embeddable":true,"href":"https:\/\/www.siestagarden.com\/uk\/wp-json\/wp\/v2\/product_cat?post=2511"},{"taxonomy":"product_tag","embeddable":true,"href":"https:\/\/www.siestagarden.com\/uk\/wp-json\/wp\/v2\/product_tag?post=2511"}],"curies":[{"name":"wp","href":"https:\/\/api.w.org\/{rel}","templated":true}]}}