{"id":2795,"date":"2025-04-16T11:51:41","date_gmt":"2025-04-16T09:51:41","guid":{"rendered":"https:\/\/www.siestagarden.com\/?post_type=product&#038;p=2795"},"modified":"2026-04-24T10:39:57","modified_gmt":"2026-04-24T08:39:57","slug":"stol-okragly-o-1-5-m-jork-8os-picnic-z-drewna","status":"publish","type":"product","link":"https:\/\/www.siestagarden.com\/uk\/product\/stol-okragly-o-1-5-m-jork-8os-picnic-z-drewna\/","title":{"rendered":"\u041a\u0440\u0443\u0433\u043b\u0438\u0439 \u0441\u0442\u0456\u043b \u00d8 1,1 \u043c York \u043d\u0430 8 \u043f\u0435\u0440\u0441\u043e\u043d. \u0414\u0435\u0440\u0435\u0432'\u044f\u043d\u0438\u0439 \u043f\u0456\u043a\u043d\u0456\u043a"},"content":{"rendered":"<p><strong>\u041a\u0440\u0443\u0433\u043b\u0438\u0439 \u0441\u0442\u0456\u043b \u00d8 1,1 \u043c York<\/strong> <strong>- \u0414\u0435\u0440\u0435\u0432'\u044f\u043d\u0438\u0439 \u043d\u0430\u0431\u0456\u0440 \u0434\u043b\u044f \u043f\u0456\u043a\u043d\u0456\u043a\u0430 \u043d\u0430 8 \u043f\u0435\u0440\u0441\u043e\u043d<\/strong><br \/>\n\u0412\u0438 \u0448\u0443\u043a\u0430\u0454\u0442\u0435 \u0432\u0435\u043b\u0438\u043a\u0438\u0439, \u0437\u0440\u0443\u0447\u043d\u0438\u0439 \u0456 \u043c\u0456\u0446\u043d\u0438\u0439 \u0441\u0442\u0456\u043b \u0434\u043b\u044f \u043f\u0456\u043a\u043d\u0456\u043a\u0430, \u044f\u043a\u0438\u0439 \u0434\u043e\u0431\u0440\u0435 \u043f\u0456\u0434\u0456\u0439\u0434\u0435 \u044f\u043a \u0434\u043b\u044f \u043f\u0440\u0438\u0432\u0430\u0442\u043d\u0438\u0445 \u0441\u0430\u0434\u0456\u0432, \u0442\u0430\u043a \u0456 \u0434\u043b\u044f \u043a\u043e\u043c\u0435\u0440\u0446\u0456\u0439\u043d\u0438\u0445 \u043f\u0440\u0438\u043c\u0456\u0449\u0435\u043d\u044c? \u0421\u0442\u0456\u043b York \u00d8 1,1 \u043c \u0437 \u043a\u043e\u043b\u0435\u043a\u0446\u0456\u0457 Picnic - \u0446\u0435 <strong>\u0440\u0456\u0448\u0435\u043d\u043d\u044f, \u0449\u043e \u043f\u043e\u0454\u0434\u043d\u0443\u0454 \u0432 \u0441\u043e\u0431\u0456 \u043c\u0430\u043a\u0441\u0438\u043c\u0430\u043b\u044c\u043d\u0443 \u0444\u0443\u043d\u043a\u0446\u0456\u043e\u043d\u0430\u043b\u044c\u043d\u0456\u0441\u0442\u044c, \u043a\u043e\u043c\u0444\u043e\u0440\u0442 \u0456 \u0432\u0438\u043d\u044f\u0442\u043a\u043e\u0432\u0443 \u0434\u043e\u0432\u0433\u043e\u0432\u0456\u0447\u043d\u0456\u0441\u0442\u044c.<\/strong><\/p>\n<p>\u0426\u044f \u043c\u043e\u0434\u0435\u043b\u044c \u043f\u0440\u043e\u043f\u043e\u043d\u0443\u0454 \u0456\u043d\u0442\u0435\u0433\u0440\u043e\u0432\u0430\u043d\u0438\u0439, <strong>\u043f\u043e\u0432\u043d\u0430 \u043f\u043e\u0441\u0430\u0434\u043a\u0430 \u0434\u043b\u044f 8 \u043e\u0441\u0456\u0431<\/strong>\u0440\u043e\u0437\u043f\u043e\u0434\u0456\u043b\u0435\u043d\u0456 \u043f\u043e \u0432\u0441\u044c\u043e\u043c\u0443 \u0441\u0432\u0456\u0442\u0443 <strong>\u043f\u0440\u043e\u0441\u0442\u043e\u0440\u0430 \u0441\u0442\u0456\u043b\u044c\u043d\u0438\u0446\u044f \u0434\u0456\u0430\u043c\u0435\u0442\u0440\u043e\u043c 110 \u0441\u043c<\/strong>. \u0426\u0435 \u0433\u0430\u0440\u0430\u043d\u0442\u0443\u0454, \u0449\u043e \u043a\u043e\u0436\u0435\u043d \u043a\u043e\u0440\u0438\u0441\u0442\u0443\u0432\u0430\u0447 \u043c\u0430\u0454 \u0432\u0456\u043b\u044c\u043d\u0438\u0439 \u0434\u043e\u0441\u0442\u0443\u043f \u0434\u043e \u0441\u0442\u043e\u043b\u0443, \u0430 \u0437\u0430\u043a\u0440\u0438\u0442\u0430 \u0444\u043e\u0440\u043c\u0430 \u0441\u0438\u0434\u0456\u043d\u044c \u0442\u0430\u043a\u043e\u0436 \u0456\u0434\u0435\u0430\u043b\u044c\u043d\u043e \u043f\u0456\u0434\u0445\u043e\u0434\u0438\u0442\u044c \u0434\u043b\u044f \u0431\u0435\u043d\u043a\u0435\u0442\u0443\u0432\u0430\u043d\u043d\u044f \u0440\u0430\u0437\u043e\u043c \u0437 \u0434\u0456\u0442\u044c\u043c\u0438.<\/p>\n<p>\u041a\u043e\u043d\u0441\u0442\u0440\u0443\u043a\u0446\u0456\u044f \u0431\u0443\u043b\u0430 \u0432\u0438\u0433\u043e\u0442\u043e\u0432\u043b\u0435\u043d\u0430 \u0437 \u043c\u0456\u0446\u043d\u043e\u0433\u043e <strong>\u0421\u043e\u0441\u043d\u043e\u0432\u0430 \u0434\u0435\u0440\u0435\u0432\u0438\u043d\u0430 FSC\u00ae<\/strong>\u0437 \u0434\u043e\u0448\u043a\u0430\u043c\u0438 \u0432\u0440\u0430\u0436\u0430\u044e\u0447\u0438\u0445 \u0440\u043e\u0437\u043c\u0456\u0440\u0456\u0432<strong> \u0442\u043e\u0432\u0449\u0438\u043d\u043e\u044e 31 \u043c\u043c<\/strong>. \u0426\u0435 \u0433\u0430\u0440\u0430\u043d\u0442\u0443\u0454<strong> \u0441\u0442\u0430\u0431\u0456\u043b\u044c\u043d\u0456\u0441\u0442\u044c \u0456 \u043d\u0430\u0434\u0456\u0439\u043d\u0456\u0441\u0442\u044c<\/strong> \u0434\u043b\u044f \u0456\u043d\u0442\u0435\u043d\u0441\u0438\u0432\u043d\u043e\u0433\u043e<strong> \u0432\u0438\u043a\u043e\u0440\u0438\u0441\u0442\u0430\u043d\u043d\u044f \u0432 \u043f\u043e\u0432\u0441\u044f\u043a\u0434\u0435\u043d\u043d\u0438\u0445 \u0443\u043c\u043e\u0432\u0430\u0445<\/strong> - \u043e\u0431\u0438\u0434\u0432\u0430 \u0432 <strong>\u0443 \u0441\u0430\u0434\u0430\u0445 \u0440\u0435\u0441\u0442\u043e\u0440\u0430\u043d\u0456\u0432, \u0430 \u0442\u0430\u043a\u043e\u0436 \u0443 \u0448\u043a\u043e\u043b\u0430\u0445, \u043f\u0430\u0440\u043a\u0430\u0445 \u0447\u0438 \u0441\u0456\u043c\u0435\u0439\u043d\u0438\u0445 \u0441\u0430\u0434\u0430\u0445.<\/strong><\/p>\n<p>\u0421\u0442\u0456\u043b \u0431\u0443\u0432 \u0437\u0430\u043a\u0440\u0456\u043f\u043b\u0435\u043d\u0438\u0439 \u0437\u0430 \u0434\u043e\u043f\u043e\u043c\u043e\u0433\u043e\u044e <strong>\u043f\u0440\u043e\u0441\u043e\u0447\u0435\u043d\u043d\u044f \u0434\u043e \u043a\u0430\u0442\u0435\u0433\u043e\u0440\u0456\u0457 \u0437\u0430\u0445\u0438\u0441\u0442\u0443 3<\/strong>\u0449\u043e \u0437\u0430\u0431\u0435\u0437\u043f\u0435\u0447\u0443\u0454 \u0441\u0442\u0456\u0439\u043a\u0456\u0441\u0442\u044c \u0434\u043e \u0434\u043e\u0449\u0443, \u0441\u043e\u043d\u0446\u044f, \u0432\u043e\u043b\u043e\u0433\u043e\u0441\u0442\u0456 \u0442\u0430 \u0440\u0456\u0437\u043d\u0438\u0445 \u043f\u043e\u0433\u043e\u0434\u043d\u0438\u0445 \u0443\u043c\u043e\u0432 \u043f\u0440\u043e\u0442\u044f\u0433\u043e\u043c \u0440\u043e\u043a\u0443. <strong>\u0414\u043e\u0434\u0430\u0442\u043a\u043e\u0432\u0438\u0439 \u0437\u0430\u0445\u0438\u0441\u0442 \u043d\u0435 \u043f\u043e\u0442\u0440\u0456\u0431\u0435\u043d<\/strong>\u0430\u043b\u0435 \u0434\u043b\u044f \u043f\u0456\u0434\u0442\u0440\u0438\u043c\u043a\u0438 \u0441\u0432\u0456\u0436\u043e\u0433\u043e \u0432\u0438\u0433\u043b\u044f\u0434\u0443 \u043c\u043e\u0436\u043d\u0430 \u043d\u0430\u043d\u043e\u0441\u0438\u0442\u0438 \u0432\u043e\u0434\u043e\u0432\u0456\u0434\u0448\u0442\u043e\u0432\u0445\u0443\u0432\u0430\u043b\u044c\u043d\u0438\u0439 \u0437\u0430\u0441\u0456\u0431 \u0440\u0430\u0437 \u043d\u0430 \u0440\u0456\u043a.<\/p>\n<p>\u0412\u0441\u0456 \u0437'\u0454\u0434\u043d\u0430\u043d\u043d\u044f \u0432\u0438\u043a\u043e\u043d\u0430\u043d\u0456 \u0437\u0430 \u0434\u043e\u043f\u043e\u043c\u043e\u0433\u043e\u044e \u043e\u0446\u0438\u043d\u043a\u043e\u0432\u0430\u043d\u0438\u0445 \u0433\u0432\u0438\u043d\u0442\u0456\u0432 \u0456 \u043c\u0435\u0442\u0430\u043b\u0435\u0432\u0438\u0445 \u043c\u0443\u0444\u0442, \u044f\u043a\u0456 \u0434\u043e\u0437\u0432\u043e\u043b\u044f\u044e\u0442\u044c \u0437\u0430\u0442\u044f\u0433\u0443\u0432\u0430\u0442\u0438 \u0457\u0445 \u043f\u0440\u0438\u0440\u043e\u0434\u043d\u0438\u043c \u0447\u0438\u043d\u043e\u043c, \u0437\u0431\u0456\u043b\u044c\u0448\u0443\u044e\u0447\u0438 \u0442\u0435\u0440\u043c\u0456\u043d \u0441\u043b\u0443\u0436\u0431\u0438 \u0456 \u0436\u043e\u0440\u0441\u0442\u043a\u0456\u0441\u0442\u044c \u043a\u043e\u043d\u0441\u0442\u0440\u0443\u043a\u0446\u0456\u0457.<\/p>\n<p>\u041f\u043e\u0441\u0442\u0430\u0432\u043b\u044f\u0454\u0442\u044c\u0441\u044f \u0432 \u043f\u043b\u043e\u0441\u043a\u043e\u043c\u0443 \u043f\u0430\u043a\u0443\u0432\u0430\u043d\u043d\u0456 (\u0434\u043b\u044f \u0441\u0430\u043c\u043e\u0441\u0442\u0456\u0439\u043d\u043e\u0433\u043e \u043c\u043e\u043d\u0442\u0430\u0436\u0443) - \u0432 \u043a\u043e\u043c\u043f\u043b\u0435\u043a\u0442\u0456 \u0437 \u0444\u0443\u0440\u043d\u0456\u0442\u0443\u0440\u043e\u044e \u0442\u0430 \u0447\u0456\u0442\u043a\u0438\u043c\u0438 \u0456\u043d\u0441\u0442\u0440\u0443\u043a\u0446\u0456\u044f\u043c\u0438.<\/p>\n<p>\u2714\ufe0f<strong> \u0406\u043d\u0442\u0435\u0433\u0440\u043e\u0432\u0430\u043d\u0456 \u0441\u0438\u0434\u0456\u043d\u043d\u044f \u0434\u043b\u044f 8 \u043e\u0441\u0456\u0431<\/strong> - \u0456\u0434\u0435\u0430\u043b\u044c\u043d\u043e \u043f\u0456\u0434\u0445\u043e\u0434\u0438\u0442\u044c \u0434\u043b\u044f \u0441\u043f\u0456\u043b\u044c\u043d\u0438\u0445 \u0442\u0440\u0430\u043f\u0435\u0437<br \/>\n\u2714\ufe0f <strong>\u0412\u0435\u0440\u0445\u043d\u0456\u0439 \u0434\u0456\u0430\u043c\u0435\u0442\u0440:<\/strong> \u00d8 1100 \u043c\u043c<br \/>\n\u2714\ufe0f <strong>\u0414\u043e\u0448\u043a\u0438 \u0442\u043e\u0432\u0449\u0438\u043d\u043e\u044e 31 \u043c\u043c<\/strong> - \u0432\u0438\u043d\u044f\u0442\u043a\u043e\u0432\u0430 \u0434\u043e\u0432\u0433\u043e\u0432\u0456\u0447\u043d\u0456\u0441\u0442\u044c<br \/>\n\u2714\ufe0f <strong>\u0421\u043e\u0441\u043d\u043e\u0432\u0430 \u0434\u0435\u0440\u0435\u0432\u0438\u043d\u0430 FSC\u00ae<\/strong> - \u0432\u0456\u0434\u043f\u043e\u0432\u0456\u0434\u0430\u043b\u044c\u043d\u0438\u0439 \u0432\u0438\u0431\u0456\u0440<br \/>\n\u2714\ufe0f <strong>\u041f\u0440\u043e\u0441\u043e\u0447\u0435\u043d\u043d\u044f \u0434\u043e \u043a\u0430\u0442\u0435\u0433\u043e\u0440\u0456\u0457 \u0437\u0430\u0445\u0438\u0441\u0442\u0443 3<\/strong> - \u043f\u043e\u0432\u043d\u0456\u0441\u0442\u044e \u0437\u0430\u0445\u0438\u0449\u0435\u043d\u0438\u0439 \u0432\u0456\u0434 \u0430\u0442\u043c\u043e\u0441\u0444\u0435\u0440\u043d\u0438\u0445 \u0432\u043f\u043b\u0438\u0432\u0456\u0432<br \/>\n\u2714\ufe0f <strong>\u041e\u0446\u0438\u043d\u043a\u043e\u0432\u0430\u043d\u0456 \u0433\u0432\u0438\u043d\u0442\u0438 \u0442\u0430 \u043c\u0435\u0442\u0430\u043b\u0435\u0432\u0456 \u043c\u0443\u0444\u0442\u0438<\/strong> - \u0434\u043e\u0432\u0433\u043e\u0432\u0456\u0447\u043d\u0456\u0441\u0442\u044c \u0456 \u043c\u043e\u0436\u043b\u0438\u0432\u0456\u0441\u0442\u044c \u0437\u0430\u0442\u044f\u0433\u0443\u0432\u0430\u043d\u043d\u044f<br \/>\n\u2714\ufe0f <strong>\u041f\u043b\u043e\u0441\u043a\u0430 \u0443\u043f\u0430\u043a\u043e\u0432\u043a\u0430<\/strong> - \u0448\u0432\u0438\u0434\u043a\u0438\u0439 \u043c\u043e\u043d\u0442\u0430\u0436 \u0456 \u043f\u0440\u043e\u0441\u0442\u0430 \u043b\u043e\u0433\u0456\u0441\u0442\u0438\u043a\u0430<br \/>\n\u2714\ufe0f <strong>\u0406\u0434\u0435\u0430\u043b\u044c\u043d\u043e \u043f\u0456\u0434\u0445\u043e\u0434\u0438\u0442\u044c \u0434\u043b\u044f: \u0437\u0430\u043a\u043b\u0430\u0434\u0456\u0432 \u0433\u0440\u043e\u043c\u0430\u0434\u0441\u044c\u043a\u043e\u0433\u043e \u0445\u0430\u0440\u0447\u0443\u0432\u0430\u043d\u043d\u044f, \u0448\u043a\u0456\u043b, \u0446\u0435\u043d\u0442\u0440\u0456\u0432 \u0434\u043e\u0437\u0432\u0456\u043b\u043b\u044f, \u0441\u0430\u0434\u0456\u0432, \u043f\u0430\u0440\u043a\u0456\u0432<\/strong><br \/>\n\u041a\u0440\u0443\u0433\u043b\u0438\u0439 \u0441\u0442\u0456\u043b York \u00d8 1,1 \u043c - \u0446\u0435 \u043d\u0430\u0434\u0456\u0439\u043d\u0430 \u0456\u043d\u0432\u0435\u0441\u0442\u0438\u0446\u0456\u044f \u0432 \u043a\u043e\u043c\u0444\u043e\u0440\u0442, \u0441\u0442\u0438\u043b\u044c \u0456 \u044f\u043a\u0456\u0441\u0442\u044c, \u044f\u043a\u0430 \u0431\u0443\u0434\u0435 \u043f\u0440\u0430\u0446\u044e\u0432\u0430\u0442\u0438 \u0441\u043a\u0440\u0456\u0437\u044c, \u0434\u0435 \u0432\u0430\u0436\u043b\u0438\u0432\u0438\u043c \u0454 \u0441\u043f\u0456\u043b\u044c\u043d\u0435 \u043f\u0440\u043e\u0436\u0438\u0432\u0430\u043d\u043d\u044f \u043d\u0430 \u0441\u0432\u0456\u0436\u043e\u043c\u0443 \u043f\u043e\u0432\u0456\u0442\u0440\u0456.<\/p>","protected":false},"excerpt":{"rendered":"<p>St\u00f3\u0142 okr\u0105g\u0142y \u00d8 1.1 m Jork \u2013 8-osobowy zestaw piknikowy z drewna Szukasz du\u017cego, wygodnego i solidnego sto\u0142u piknikowego, kt\u00f3ry sprawdzi si\u0119 zar\u00f3wno w ogrodzie prywatnym, jak i w przestrzeni komercyjnej? St\u00f3\u0142 Jork \u00d8 1.1 m z kolekcji Picnic to rozwi\u0105zanie, kt\u00f3re \u0142\u0105czy maksymaln\u0105 funkcjonalno\u015b\u0107, wygod\u0119 i wyj\u0105tkow\u0105 trwa\u0142o\u015b\u0107. Ten model oferuje zintegrowane, pe\u0142ne siedziska [&hellip;]<\/p>\n","protected":false},"featured_media":2796,"template":"","meta":{"_acf_changed":false},"product_brand":[],"product_cat":[66],"product_tag":[88],"class_list":{"0":"post-2795","1":"product","2":"type-product","3":"status-publish","4":"has-post-thumbnail","6":"product_cat-stoly-piknikowe","7":"product_tag-kolekcja-picnic","8":"product_shipping_class-podstawowa","10":"first","11":"instock","12":"taxable","13":"shipping-taxable","14":"purchasable","15":"product-type-simple","16":"add-to-wishlist-after_add_to_cart"},"acf":[],"yoast_head":"<!-- This site is optimized with the Yoast SEO plugin v26.6 - https:\/\/yoast.com\/wordpress\/plugins\/seo\/ -->\n<title>St\u00f3\u0142 okr\u0105g\u0142y \u00d8 1.1 m Jork 8os. Picnic z drewna - Siesta Garden<\/title>\n<meta name=\"robots\" content=\"index, follow, max-snippet:-1, max-image-preview:large, max-video-preview:-1\" \/>\n<link rel=\"canonical\" href=\"https:\/\/www.siestagarden.com\/uk\/product\/stol-okragly-o-1-5-m-jork-8os-picnic-z-drewna\/\" \/>\n<meta property=\"og:locale\" content=\"uk_UA\" \/>\n<meta property=\"og:type\" content=\"article\" \/>\n<meta property=\"og:title\" content=\"St\u00f3\u0142 okr\u0105g\u0142y \u00d8 1.1 m Jork 8os. Picnic z drewna - Siesta Garden\" \/>\n<meta property=\"og:description\" content=\"St\u00f3\u0142 okr\u0105g\u0142y \u00d8 1.1 m Jork \u2013 8-osobowy zestaw piknikowy z drewna Szukasz du\u017cego, wygodnego i solidnego sto\u0142u piknikowego, kt\u00f3ry sprawdzi si\u0119 zar\u00f3wno w ogrodzie prywatnym, jak i w przestrzeni komercyjnej? St\u00f3\u0142 Jork \u00d8 1.1 m z kolekcji Picnic to rozwi\u0105zanie, kt\u00f3re \u0142\u0105czy maksymaln\u0105 funkcjonalno\u015b\u0107, wygod\u0119 i wyj\u0105tkow\u0105 trwa\u0142o\u015b\u0107. Ten model oferuje zintegrowane, pe\u0142ne siedziska [&hellip;]\" \/>\n<meta property=\"og:url\" content=\"https:\/\/www.siestagarden.com\/uk\/product\/stol-okragly-o-1-5-m-jork-8os-picnic-z-drewna\/\" \/>\n<meta property=\"og:site_name\" content=\"Siesta Garden\" \/>\n<meta property=\"article:modified_time\" content=\"2026-04-24T08:39:57+00:00\" \/>\n<meta property=\"og:image\" content=\"https:\/\/www.siestagarden.com\/wp-content\/uploads\/2025\/04\/IMG_0872.jpg\" \/>\n\t<meta property=\"og:image:width\" content=\"1600\" \/>\n\t<meta property=\"og:image:height\" content=\"1067\" \/>\n\t<meta property=\"og:image:type\" content=\"image\/jpeg\" \/>\n<meta name=\"twitter:card\" content=\"summary_large_image\" \/>\n<meta name=\"twitter:label1\" content=\"\u041f\u0440\u0438\u0431\u043b. \u0447\u0430\u0441 \u0447\u0438\u0442\u0430\u043d\u043d\u044f\" \/>\n\t<meta name=\"twitter:data1\" content=\"2 \u0445\u0432\u0438\u043b\u0438\u043d\u0438\" \/>\n<script type=\"application\/ld+json\" class=\"yoast-schema-graph\">{\"@context\":\"https:\/\/schema.org\",\"@graph\":[{\"@type\":\"WebPage\",\"@id\":\"https:\/\/www.siestagarden.com\/produkt\/stol-okragly-o-1-5-m-jork-8os-picnic-z-drewna\/\",\"url\":\"https:\/\/www.siestagarden.com\/produkt\/stol-okragly-o-1-5-m-jork-8os-picnic-z-drewna\/\",\"name\":\"St\u00f3\u0142 okr\u0105g\u0142y \u00d8 1.1 m Jork 8os. Picnic z drewna - Siesta Garden\",\"isPartOf\":{\"@id\":\"https:\/\/www.siestagarden.com\/#website\"},\"primaryImageOfPage\":{\"@id\":\"https:\/\/www.siestagarden.com\/produkt\/stol-okragly-o-1-5-m-jork-8os-picnic-z-drewna\/#primaryimage\"},\"image\":{\"@id\":\"https:\/\/www.siestagarden.com\/produkt\/stol-okragly-o-1-5-m-jork-8os-picnic-z-drewna\/#primaryimage\"},\"thumbnailUrl\":\"https:\/\/www.siestagarden.com\/wp-content\/uploads\/2025\/04\/IMG_0872.jpg\",\"datePublished\":\"2025-04-16T09:51:41+00:00\",\"dateModified\":\"2026-04-24T08:39:57+00:00\",\"breadcrumb\":{\"@id\":\"https:\/\/www.siestagarden.com\/produkt\/stol-okragly-o-1-5-m-jork-8os-picnic-z-drewna\/#breadcrumb\"},\"inLanguage\":\"uk\",\"potentialAction\":[{\"@type\":\"ReadAction\",\"target\":[\"https:\/\/www.siestagarden.com\/produkt\/stol-okragly-o-1-5-m-jork-8os-picnic-z-drewna\/\"]}]},{\"@type\":\"ImageObject\",\"inLanguage\":\"uk\",\"@id\":\"https:\/\/www.siestagarden.com\/produkt\/stol-okragly-o-1-5-m-jork-8os-picnic-z-drewna\/#primaryimage\",\"url\":\"https:\/\/www.siestagarden.com\/wp-content\/uploads\/2025\/04\/IMG_0872.jpg\",\"contentUrl\":\"https:\/\/www.siestagarden.com\/wp-content\/uploads\/2025\/04\/IMG_0872.jpg\",\"width\":1600,\"height\":1067},{\"@type\":\"BreadcrumbList\",\"@id\":\"https:\/\/www.siestagarden.com\/produkt\/stol-okragly-o-1-5-m-jork-8os-picnic-z-drewna\/#breadcrumb\",\"itemListElement\":[{\"@type\":\"ListItem\",\"position\":1,\"name\":\"Strona g\u0142\u00f3wna\",\"item\":\"https:\/\/www.siestagarden.com\/\"},{\"@type\":\"ListItem\",\"position\":2,\"name\":\"Sklep\",\"item\":\"https:\/\/www.siestagarden.com\/sklep\/\"},{\"@type\":\"ListItem\",\"position\":3,\"name\":\"St\u00f3\u0142 okr\u0105g\u0142y \u00d8 1.1 m Jork 8os. Picnic z drewna\"}]},{\"@type\":\"WebSite\",\"@id\":\"https:\/\/www.siestagarden.com\/#website\",\"url\":\"https:\/\/www.siestagarden.com\/\",\"name\":\"Siesta Garden\",\"description\":\"Meble do Twojego ogrodu. Polski producent drewnianych mebli najwy\u017cszej jako\u015bci.\",\"potentialAction\":[{\"@type\":\"SearchAction\",\"target\":{\"@type\":\"EntryPoint\",\"urlTemplate\":\"https:\/\/www.siestagarden.com\/?s={search_term_string}\"},\"query-input\":{\"@type\":\"PropertyValueSpecification\",\"valueRequired\":true,\"valueName\":\"search_term_string\"}}],\"inLanguage\":\"uk\"}]}<\/script>\n<!-- \/ Yoast SEO plugin. -->","yoast_head_json":{"title":"St\u00f3\u0142 okr\u0105g\u0142y \u00d8 1.1 m Jork 8os. Picnic z drewna - Siesta Garden","robots":{"index":"index","follow":"follow","max-snippet":"max-snippet:-1","max-image-preview":"max-image-preview:large","max-video-preview":"max-video-preview:-1"},"canonical":"https:\/\/www.siestagarden.com\/uk\/product\/stol-okragly-o-1-5-m-jork-8os-picnic-z-drewna\/","og_locale":"uk_UA","og_type":"article","og_title":"St\u00f3\u0142 okr\u0105g\u0142y \u00d8 1.1 m Jork 8os. Picnic z drewna - Siesta Garden","og_description":"St\u00f3\u0142 okr\u0105g\u0142y \u00d8 1.1 m Jork \u2013 8-osobowy zestaw piknikowy z drewna Szukasz du\u017cego, wygodnego i solidnego sto\u0142u piknikowego, kt\u00f3ry sprawdzi si\u0119 zar\u00f3wno w ogrodzie prywatnym, jak i w przestrzeni komercyjnej? St\u00f3\u0142 Jork \u00d8 1.1 m z kolekcji Picnic to rozwi\u0105zanie, kt\u00f3re \u0142\u0105czy maksymaln\u0105 funkcjonalno\u015b\u0107, wygod\u0119 i wyj\u0105tkow\u0105 trwa\u0142o\u015b\u0107. Ten model oferuje zintegrowane, pe\u0142ne siedziska [&hellip;]","og_url":"https:\/\/www.siestagarden.com\/uk\/product\/stol-okragly-o-1-5-m-jork-8os-picnic-z-drewna\/","og_site_name":"Siesta Garden","article_modified_time":"2026-04-24T08:39:57+00:00","og_image":[{"width":1600,"height":1067,"url":"https:\/\/www.siestagarden.com\/wp-content\/uploads\/2025\/04\/IMG_0872.jpg","type":"image\/jpeg"}],"twitter_card":"summary_large_image","twitter_misc":{"\u041f\u0440\u0438\u0431\u043b. \u0447\u0430\u0441 \u0447\u0438\u0442\u0430\u043d\u043d\u044f":"2 \u0445\u0432\u0438\u043b\u0438\u043d\u0438"},"schema":{"@context":"https:\/\/schema.org","@graph":[{"@type":"WebPage","@id":"https:\/\/www.siestagarden.com\/produkt\/stol-okragly-o-1-5-m-jork-8os-picnic-z-drewna\/","url":"https:\/\/www.siestagarden.com\/produkt\/stol-okragly-o-1-5-m-jork-8os-picnic-z-drewna\/","name":"St\u00f3\u0142 okr\u0105g\u0142y \u00d8 1.1 m Jork 8os. Picnic z drewna - Siesta Garden","isPartOf":{"@id":"https:\/\/www.siestagarden.com\/#website"},"primaryImageOfPage":{"@id":"https:\/\/www.siestagarden.com\/produkt\/stol-okragly-o-1-5-m-jork-8os-picnic-z-drewna\/#primaryimage"},"image":{"@id":"https:\/\/www.siestagarden.com\/produkt\/stol-okragly-o-1-5-m-jork-8os-picnic-z-drewna\/#primaryimage"},"thumbnailUrl":"https:\/\/www.siestagarden.com\/wp-content\/uploads\/2025\/04\/IMG_0872.jpg","datePublished":"2025-04-16T09:51:41+00:00","dateModified":"2026-04-24T08:39:57+00:00","breadcrumb":{"@id":"https:\/\/www.siestagarden.com\/produkt\/stol-okragly-o-1-5-m-jork-8os-picnic-z-drewna\/#breadcrumb"},"inLanguage":"uk","potentialAction":[{"@type":"ReadAction","target":["https:\/\/www.siestagarden.com\/produkt\/stol-okragly-o-1-5-m-jork-8os-picnic-z-drewna\/"]}]},{"@type":"ImageObject","inLanguage":"uk","@id":"https:\/\/www.siestagarden.com\/produkt\/stol-okragly-o-1-5-m-jork-8os-picnic-z-drewna\/#primaryimage","url":"https:\/\/www.siestagarden.com\/wp-content\/uploads\/2025\/04\/IMG_0872.jpg","contentUrl":"https:\/\/www.siestagarden.com\/wp-content\/uploads\/2025\/04\/IMG_0872.jpg","width":1600,"height":1067},{"@type":"BreadcrumbList","@id":"https:\/\/www.siestagarden.com\/produkt\/stol-okragly-o-1-5-m-jork-8os-picnic-z-drewna\/#breadcrumb","itemListElement":[{"@type":"ListItem","position":1,"name":"Strona g\u0142\u00f3wna","item":"https:\/\/www.siestagarden.com\/"},{"@type":"ListItem","position":2,"name":"Sklep","item":"https:\/\/www.siestagarden.com\/sklep\/"},{"@type":"ListItem","position":3,"name":"St\u00f3\u0142 okr\u0105g\u0142y \u00d8 1.1 m Jork 8os. Picnic z drewna"}]},{"@type":"WebSite","@id":"https:\/\/www.siestagarden.com\/#website","url":"https:\/\/www.siestagarden.com\/","name":"\u0421\u0430\u0434 \"\u0421\u0456\u0454\u0441\u0442\u0430","description":"\u041c\u0435\u0431\u043b\u0456 \u0434\u043b\u044f \u0432\u0430\u0448\u043e\u0433\u043e \u0441\u0430\u0434\u0443. \u041f\u043e\u043b\u044c\u0441\u044c\u043a\u0438\u0439 \u0432\u0438\u0440\u043e\u0431\u043d\u0438\u043a \u0434\u0435\u0440\u0435\u0432'\u044f\u043d\u0438\u0445 \u043c\u0435\u0431\u043b\u0456\u0432 \u043d\u0430\u0439\u0432\u0438\u0449\u043e\u0457 \u044f\u043a\u043e\u0441\u0442\u0456.","potentialAction":[{"@type":"SearchAction","target":{"@type":"EntryPoint","urlTemplate":"https:\/\/www.siestagarden.com\/?s={search_term_string}"},"query-input":{"@type":"PropertyValueSpecification","valueRequired":true,"valueName":"search_term_string"}}],"inLanguage":"uk"}]}},"_links":{"self":[{"href":"https:\/\/www.siestagarden.com\/uk\/wp-json\/wp\/v2\/product\/2795","targetHints":{"allow":["GET"]}}],"collection":[{"href":"https:\/\/www.siestagarden.com\/uk\/wp-json\/wp\/v2\/product"}],"about":[{"href":"https:\/\/www.siestagarden.com\/uk\/wp-json\/wp\/v2\/types\/product"}],"wp:featuredmedia":[{"embeddable":true,"href":"https:\/\/www.siestagarden.com\/uk\/wp-json\/wp\/v2\/media\/2796"}],"wp:attachment":[{"href":"https:\/\/www.siestagarden.com\/uk\/wp-json\/wp\/v2\/media?parent=2795"}],"wp:term":[{"taxonomy":"product_brand","embeddable":true,"href":"https:\/\/www.siestagarden.com\/uk\/wp-json\/wp\/v2\/product_brand?post=2795"},{"taxonomy":"product_cat","embeddable":true,"href":"https:\/\/www.siestagarden.com\/uk\/wp-json\/wp\/v2\/product_cat?post=2795"},{"taxonomy":"product_tag","embeddable":true,"href":"https:\/\/www.siestagarden.com\/uk\/wp-json\/wp\/v2\/product_tag?post=2795"}],"curies":[{"name":"wp","href":"https:\/\/api.w.org\/{rel}","templated":true}]}}