{"id":2877,"date":"2025-04-18T11:26:07","date_gmt":"2025-04-18T09:26:07","guid":{"rendered":"https:\/\/www.siestagarden.com\/?post_type=product&#038;p=2877"},"modified":"2026-01-27T12:32:00","modified_gmt":"2026-01-27T11:32:00","slug":"zestaw-ogrodowy-elegancki-taras-z-drewna","status":"publish","type":"product","link":"https:\/\/www.siestagarden.com\/uk\/product\/zestaw-ogrodowy-elegancki-taras-z-drewna\/","title":{"rendered":"\u0415\u043b\u0435\u0433\u0430\u043d\u0442\u043d\u0438\u0439 \u0434\u0435\u0440\u0435\u0432'\u044f\u043d\u0438\u0439 \u0441\u0430\u0434\u043e\u0432\u0438\u0439 \u043d\u0430\u0431\u0456\u0440 \u0434\u043b\u044f \u0442\u0435\u0440\u0430\u0441\u0438"},"content":{"rendered":"<p class=\"\" data-start=\"148\" data-end=\"225\"><strong data-start=\"148\" data-end=\"225\">\u0415\u043b\u0435\u0433\u0430\u043d\u0442\u043d\u0438\u0439 \u043d\u0430\u0431\u0456\u0440 \u0434\u043b\u044f \u0442\u0435\u0440\u0430\u0441\u0438 - \u0441\u0442\u0456\u043b \u0456 \u0434\u0432\u0456 \u043b\u0430\u0432\u043a\u0438 \u0432 \u0431\u0456\u043b\u043e-\u0431\u043b\u0430\u043a\u0438\u0442\u043d\u043e\u043c\u0443 \u043a\u043e\u043b\u044c\u043e\u0440\u0456<\/strong><\/p>\n<p class=\"\" data-start=\"227\" data-end=\"574\">\u041d\u0430\u0431\u0456\u0440 \"\u0415\u043b\u0435\u0433\u0430\u043d\u0442\u043d\u0430 \u0442\u0435\u0440\u0430\u0441\u0430\" - \u0446\u0435 \u0433\u043e\u0442\u043e\u0432\u0435 \u0440\u0456\u0448\u0435\u043d\u043d\u044f \u0434\u043b\u044f \u0442\u0438\u0445, \u0445\u0442\u043e \u0445\u043e\u0447\u0435 \u0441\u0442\u0432\u043e\u0440\u0438\u0442\u0438 \u0446\u0456\u043b\u0456\u0441\u043d\u0438\u0439, \u0441\u0432\u0456\u0442\u043b\u0438\u0439 \u0456 \u0433\u0430\u0440\u043c\u043e\u043d\u0456\u0439\u043d\u0438\u0439 \u043f\u0440\u043e\u0441\u0442\u0456\u0440 \u0434\u043b\u044f \u0432\u0456\u0434\u043f\u043e\u0447\u0438\u043d\u043a\u0443. \u0412\u0456\u043d \u0441\u043a\u043b\u0430\u0434\u0430\u0454\u0442\u044c\u0441\u044f \u0437 \u043f\u0440\u044f\u043c\u043e\u043a\u0443\u0442\u043d\u043e\u0433\u043e \u0441\u0442\u043e\u043b\u0443 \u0442\u0430 \u0434\u0432\u043e\u0445 \u043b\u0430\u0432\u043e\u043a \u0431\u0435\u0437 \u0441\u043f\u0438\u043d\u043a\u0438 - \u0432\u0441\u0456 \u0432\u0438\u0440\u043e\u0431\u0438 \u0432\u0438\u0433\u043e\u0442\u043e\u0432\u043b\u0435\u043d\u0456 \u0437 \u043c\u0430\u0441\u0438\u0432\u0443 \u0434\u0435\u0440\u0435\u0432\u0438\u043d\u0438 FSC\u00ae \u0442\u0430 \u0432\u043a\u0440\u0438\u0442\u0456 \u0431\u0456\u043b\u0438\u043c \u043b\u0430\u0437\u0443\u0440\u043e\u0432\u0438\u043c \u043f\u0440\u043e\u0441\u043e\u0447\u0435\u043d\u043d\u044f\u043c, \u044f\u043a\u0435 \u043f\u0456\u0434\u043a\u0440\u0435\u0441\u043b\u044e\u0454 \u043f\u0440\u0438\u0440\u043e\u0434\u043d\u0443 \u0441\u0442\u0440\u0443\u043a\u0442\u0443\u0440\u0443 \u0434\u0435\u0440\u0435\u0432\u0438\u043d\u0438 \u0442\u0430 \u043e\u0436\u0438\u0432\u043b\u044f\u0454 \u043d\u0430\u0432\u043a\u043e\u043b\u0438\u0448\u043d\u0454 \u0441\u0435\u0440\u0435\u0434\u043e\u0432\u0438\u0449\u0435.<\/p>\n<p class=\"\" data-start=\"576\" data-end=\"802\">\u041f\u0440\u043e\u0441\u0442\u0430 \u0444\u043e\u0440\u043c\u0430 \u043c\u0435\u0431\u043b\u0456\u0432 \u0432\u043f\u0438\u0441\u0443\u0454\u0442\u044c\u0441\u044f \u0432 \u0435\u0441\u0442\u0435\u0442\u0438\u043a\u0443 \u0441\u0443\u0447\u0430\u0441\u043d\u0438\u0445, \u0441\u0435\u0440\u0435\u0434\u0437\u0435\u043c\u043d\u043e\u043c\u043e\u0440\u0441\u044c\u043a\u0438\u0445 \u0456 \u0441\u043a\u0430\u043d\u0434\u0438\u043d\u0430\u0432\u0441\u044c\u043a\u0438\u0445 \u0456\u043d\u0442\u0435\u0440'\u0454\u0440\u0456\u0432. \u0417 \u0434\u0432\u043e\u043c\u0430 \u0434\u043e\u0441\u0442\u0443\u043f\u043d\u0438\u043c\u0438 \u0434\u043e\u0432\u0436\u0438\u043d\u0430\u043c\u0438 - 1,2 \u043c \u0456 2,0 \u043c - \u0432\u0438 \u043c\u043e\u0436\u0435\u0442\u0435 \u0432\u0438\u0431\u0440\u0430\u0442\u0438 \u0440\u043e\u0437\u043c\u0456\u0440 \u043d\u0430\u0431\u043e\u0440\u0443, \u044f\u043a\u0438\u0439 \u0456\u0434\u0435\u0430\u043b\u044c\u043d\u043e \u0432\u043f\u0438\u0448\u0435\u0442\u044c\u0441\u044f \u0443 \u0432\u0430\u0448 \u043f\u0440\u043e\u0441\u0442\u0456\u0440.<\/p>\n<p class=\"\" data-start=\"804\" data-end=\"1062\">\u2714\ufe0f \u043a\u043e\u043c\u043f\u043b\u0435\u043a\u0442: \u0441\u0442\u0456\u043b + 2 \u043b\u0430\u0432\u043a\u0438 \u0437 \u043a\u043e\u043b\u0435\u043a\u0446\u0456\u0457 Elegant Terrace<br data-start=\"856\" data-end=\"859\" \/>\u2714\ufe0f \u0431\u0456\u043b\u0435, \u043b\u0430\u0437\u0443\u0440\u043d\u0435 \u043f\u043e\u043a\u0440\u0438\u0442\u0442\u044f - \u044f\u0441\u043a\u0440\u0430\u0432\u0438\u0439 \u0442\u0430 \u0435\u043b\u0435\u0433\u0430\u043d\u0442\u043d\u0438\u0439 \u0435\u0444\u0435\u043a\u0442<br data-start=\"915\" data-end=\"918\" \/>\u2714\ufe0f \u0414\u0435\u0440\u0435\u0432\u0438\u043d\u0430 FSC\u00ae - \u0441\u0442\u0456\u0439\u043a\u0430 \u0442\u0430 \u043d\u0430\u0442\u0443\u0440\u0430\u043b\u044c\u043d\u0430<br data-start=\"965\" data-end=\"968\" \/>\u2714\ufe0f \u0433\u0435\u043e\u043c\u0435\u0442\u0440\u0438\u0447\u043d\u0430 \u0444\u043e\u0440\u043c\u0430 - \u043f\u0440\u043e\u0441\u0442\u043e\u0442\u0430 \u0456 \u043b\u0435\u0433\u043a\u0456\u0441\u0442\u044c \u0441\u0442\u0438\u043b\u044e<br data-start=\"1016\" data-end=\"1019\" \/>\u2714\ufe0f \u0434\u043e\u0441\u0442\u0443\u043f\u043d\u0456 \u0434\u0432\u0430 \u0440\u043e\u0437\u043c\u0456\u0440\u0438: 1,2 \u043c \u0430\u0431\u043e 2,0 \u043c<\/p>","protected":false},"excerpt":{"rendered":"<p>Zestaw Elegancki Taras \u2013 st\u00f3\u0142 i dwie \u0142awki w bia\u0142ym lazurowym wyko\u0144czeniu Zestaw Elegancki Taras to gotowe rozwi\u0105zanie dla tych, kt\u00f3rzy chc\u0105 stworzy\u0107 sp\u00f3jn\u0105, jasn\u0105 i harmonijn\u0105 przestrze\u0144 do wypoczynku. Sk\u0142ada si\u0119 z prostok\u0105tnego sto\u0142u i dw\u00f3ch \u0142awek bez oparcia \u2013 wszystkie elementy wykonane z FSC\u00ae drewna litego i wyko\u0144czone bia\u0142ym impregnatem lazurowym, kt\u00f3ry podkre\u015bla [&hellip;]<\/p>\n","protected":false},"featured_media":2408,"template":"","meta":{"_acf_changed":false},"product_brand":[],"product_cat":[80],"product_tag":[92],"class_list":{"0":"post-2877","1":"product","2":"type-product","3":"status-publish","4":"has-post-thumbnail","6":"product_cat-zestawy","7":"product_tag-kolekcja-elegancki-taras","8":"product_shipping_class-podstawowa","10":"first","11":"instock","12":"taxable","13":"shipping-taxable","14":"purchasable","15":"product-type-simple","16":"add-to-wishlist-after_add_to_cart"},"acf":[],"yoast_head":"<!-- This site is optimized with the Yoast SEO plugin v26.6 - https:\/\/yoast.com\/wordpress\/plugins\/seo\/ -->\n<title>Zestaw ogrodowy Elegancki Taras z drewna - Siesta Garden<\/title>\n<meta name=\"robots\" content=\"index, follow, max-snippet:-1, max-image-preview:large, max-video-preview:-1\" \/>\n<link rel=\"canonical\" href=\"https:\/\/www.siestagarden.com\/uk\/product\/zestaw-ogrodowy-elegancki-taras-z-drewna\/\" \/>\n<meta property=\"og:locale\" content=\"uk_UA\" \/>\n<meta property=\"og:type\" content=\"article\" \/>\n<meta property=\"og:title\" content=\"Zestaw ogrodowy Elegancki Taras z drewna - Siesta Garden\" \/>\n<meta property=\"og:description\" content=\"Zestaw Elegancki Taras \u2013 st\u00f3\u0142 i dwie \u0142awki w bia\u0142ym lazurowym wyko\u0144czeniu Zestaw Elegancki Taras to gotowe rozwi\u0105zanie dla tych, kt\u00f3rzy chc\u0105 stworzy\u0107 sp\u00f3jn\u0105, jasn\u0105 i harmonijn\u0105 przestrze\u0144 do wypoczynku. Sk\u0142ada si\u0119 z prostok\u0105tnego sto\u0142u i dw\u00f3ch \u0142awek bez oparcia \u2013 wszystkie elementy wykonane z FSC\u00ae drewna litego i wyko\u0144czone bia\u0142ym impregnatem lazurowym, kt\u00f3ry podkre\u015bla [&hellip;]\" \/>\n<meta property=\"og:url\" content=\"https:\/\/www.siestagarden.com\/uk\/product\/zestaw-ogrodowy-elegancki-taras-z-drewna\/\" \/>\n<meta property=\"og:site_name\" content=\"Siesta Garden\" \/>\n<meta property=\"article:modified_time\" content=\"2026-01-27T11:32:00+00:00\" \/>\n<meta property=\"og:image\" content=\"https:\/\/www.siestagarden.com\/wp-content\/uploads\/2025\/03\/IMG_0452-2-scaled.jpg\" \/>\n\t<meta property=\"og:image:width\" content=\"1707\" \/>\n\t<meta property=\"og:image:height\" content=\"2560\" \/>\n\t<meta property=\"og:image:type\" content=\"image\/jpeg\" \/>\n<meta name=\"twitter:card\" content=\"summary_large_image\" \/>\n<meta name=\"twitter:label1\" content=\"\u041f\u0440\u0438\u0431\u043b. \u0447\u0430\u0441 \u0447\u0438\u0442\u0430\u043d\u043d\u044f\" \/>\n\t<meta name=\"twitter:data1\" content=\"1 \u0445\u0432\u0438\u043b\u0438\u043d\u0430\" \/>\n<script type=\"application\/ld+json\" class=\"yoast-schema-graph\">{\"@context\":\"https:\/\/schema.org\",\"@graph\":[{\"@type\":\"WebPage\",\"@id\":\"https:\/\/www.siestagarden.com\/produkt\/zestaw-ogrodowy-elegancki-taras-z-drewna\/\",\"url\":\"https:\/\/www.siestagarden.com\/produkt\/zestaw-ogrodowy-elegancki-taras-z-drewna\/\",\"name\":\"Zestaw ogrodowy Elegancki Taras z drewna - Siesta Garden\",\"isPartOf\":{\"@id\":\"https:\/\/www.siestagarden.com\/#website\"},\"primaryImageOfPage\":{\"@id\":\"https:\/\/www.siestagarden.com\/produkt\/zestaw-ogrodowy-elegancki-taras-z-drewna\/#primaryimage\"},\"image\":{\"@id\":\"https:\/\/www.siestagarden.com\/produkt\/zestaw-ogrodowy-elegancki-taras-z-drewna\/#primaryimage\"},\"thumbnailUrl\":\"https:\/\/www.siestagarden.com\/wp-content\/uploads\/2025\/03\/IMG_0452-2-scaled-e1770881395587.jpg\",\"datePublished\":\"2025-04-18T09:26:07+00:00\",\"dateModified\":\"2026-01-27T11:32:00+00:00\",\"breadcrumb\":{\"@id\":\"https:\/\/www.siestagarden.com\/produkt\/zestaw-ogrodowy-elegancki-taras-z-drewna\/#breadcrumb\"},\"inLanguage\":\"uk\",\"potentialAction\":[{\"@type\":\"ReadAction\",\"target\":[\"https:\/\/www.siestagarden.com\/produkt\/zestaw-ogrodowy-elegancki-taras-z-drewna\/\"]}]},{\"@type\":\"ImageObject\",\"inLanguage\":\"uk\",\"@id\":\"https:\/\/www.siestagarden.com\/produkt\/zestaw-ogrodowy-elegancki-taras-z-drewna\/#primaryimage\",\"url\":\"https:\/\/www.siestagarden.com\/wp-content\/uploads\/2025\/03\/IMG_0452-2-scaled-e1770881395587.jpg\",\"contentUrl\":\"https:\/\/www.siestagarden.com\/wp-content\/uploads\/2025\/03\/IMG_0452-2-scaled-e1770881395587.jpg\",\"width\":1707,\"height\":1668},{\"@type\":\"BreadcrumbList\",\"@id\":\"https:\/\/www.siestagarden.com\/produkt\/zestaw-ogrodowy-elegancki-taras-z-drewna\/#breadcrumb\",\"itemListElement\":[{\"@type\":\"ListItem\",\"position\":1,\"name\":\"Strona g\u0142\u00f3wna\",\"item\":\"https:\/\/www.siestagarden.com\/\"},{\"@type\":\"ListItem\",\"position\":2,\"name\":\"Sklep\",\"item\":\"https:\/\/www.siestagarden.com\/sklep\/\"},{\"@type\":\"ListItem\",\"position\":3,\"name\":\"Zestaw ogrodowy Elegancki Taras z drewna\"}]},{\"@type\":\"WebSite\",\"@id\":\"https:\/\/www.siestagarden.com\/#website\",\"url\":\"https:\/\/www.siestagarden.com\/\",\"name\":\"Siesta Garden\",\"description\":\"Meble do Twojego ogrodu. Polski producent drewnianych mebli najwy\u017cszej jako\u015bci.\",\"potentialAction\":[{\"@type\":\"SearchAction\",\"target\":{\"@type\":\"EntryPoint\",\"urlTemplate\":\"https:\/\/www.siestagarden.com\/?s={search_term_string}\"},\"query-input\":{\"@type\":\"PropertyValueSpecification\",\"valueRequired\":true,\"valueName\":\"search_term_string\"}}],\"inLanguage\":\"uk\"}]}<\/script>\n<!-- \/ Yoast SEO plugin. -->","yoast_head_json":{"title":"Zestaw ogrodowy Elegancki Taras z drewna - Siesta Garden","robots":{"index":"index","follow":"follow","max-snippet":"max-snippet:-1","max-image-preview":"max-image-preview:large","max-video-preview":"max-video-preview:-1"},"canonical":"https:\/\/www.siestagarden.com\/uk\/product\/zestaw-ogrodowy-elegancki-taras-z-drewna\/","og_locale":"uk_UA","og_type":"article","og_title":"Zestaw ogrodowy Elegancki Taras z drewna - Siesta Garden","og_description":"Zestaw Elegancki Taras \u2013 st\u00f3\u0142 i dwie \u0142awki w bia\u0142ym lazurowym wyko\u0144czeniu Zestaw Elegancki Taras to gotowe rozwi\u0105zanie dla tych, kt\u00f3rzy chc\u0105 stworzy\u0107 sp\u00f3jn\u0105, jasn\u0105 i harmonijn\u0105 przestrze\u0144 do wypoczynku. Sk\u0142ada si\u0119 z prostok\u0105tnego sto\u0142u i dw\u00f3ch \u0142awek bez oparcia \u2013 wszystkie elementy wykonane z FSC\u00ae drewna litego i wyko\u0144czone bia\u0142ym impregnatem lazurowym, kt\u00f3ry podkre\u015bla [&hellip;]","og_url":"https:\/\/www.siestagarden.com\/uk\/product\/zestaw-ogrodowy-elegancki-taras-z-drewna\/","og_site_name":"Siesta Garden","article_modified_time":"2026-01-27T11:32:00+00:00","og_image":[{"width":1707,"height":2560,"url":"https:\/\/www.siestagarden.com\/wp-content\/uploads\/2025\/03\/IMG_0452-2-scaled.jpg","type":"image\/jpeg"}],"twitter_card":"summary_large_image","twitter_misc":{"\u041f\u0440\u0438\u0431\u043b. \u0447\u0430\u0441 \u0447\u0438\u0442\u0430\u043d\u043d\u044f":"1 \u0445\u0432\u0438\u043b\u0438\u043d\u0430"},"schema":{"@context":"https:\/\/schema.org","@graph":[{"@type":"WebPage","@id":"https:\/\/www.siestagarden.com\/produkt\/zestaw-ogrodowy-elegancki-taras-z-drewna\/","url":"https:\/\/www.siestagarden.com\/produkt\/zestaw-ogrodowy-elegancki-taras-z-drewna\/","name":"Zestaw ogrodowy Elegancki Taras z drewna - Siesta Garden","isPartOf":{"@id":"https:\/\/www.siestagarden.com\/#website"},"primaryImageOfPage":{"@id":"https:\/\/www.siestagarden.com\/produkt\/zestaw-ogrodowy-elegancki-taras-z-drewna\/#primaryimage"},"image":{"@id":"https:\/\/www.siestagarden.com\/produkt\/zestaw-ogrodowy-elegancki-taras-z-drewna\/#primaryimage"},"thumbnailUrl":"https:\/\/www.siestagarden.com\/wp-content\/uploads\/2025\/03\/IMG_0452-2-scaled-e1770881395587.jpg","datePublished":"2025-04-18T09:26:07+00:00","dateModified":"2026-01-27T11:32:00+00:00","breadcrumb":{"@id":"https:\/\/www.siestagarden.com\/produkt\/zestaw-ogrodowy-elegancki-taras-z-drewna\/#breadcrumb"},"inLanguage":"uk","potentialAction":[{"@type":"ReadAction","target":["https:\/\/www.siestagarden.com\/produkt\/zestaw-ogrodowy-elegancki-taras-z-drewna\/"]}]},{"@type":"ImageObject","inLanguage":"uk","@id":"https:\/\/www.siestagarden.com\/produkt\/zestaw-ogrodowy-elegancki-taras-z-drewna\/#primaryimage","url":"https:\/\/www.siestagarden.com\/wp-content\/uploads\/2025\/03\/IMG_0452-2-scaled-e1770881395587.jpg","contentUrl":"https:\/\/www.siestagarden.com\/wp-content\/uploads\/2025\/03\/IMG_0452-2-scaled-e1770881395587.jpg","width":1707,"height":1668},{"@type":"BreadcrumbList","@id":"https:\/\/www.siestagarden.com\/produkt\/zestaw-ogrodowy-elegancki-taras-z-drewna\/#breadcrumb","itemListElement":[{"@type":"ListItem","position":1,"name":"Strona g\u0142\u00f3wna","item":"https:\/\/www.siestagarden.com\/"},{"@type":"ListItem","position":2,"name":"Sklep","item":"https:\/\/www.siestagarden.com\/sklep\/"},{"@type":"ListItem","position":3,"name":"Zestaw ogrodowy Elegancki Taras z drewna"}]},{"@type":"WebSite","@id":"https:\/\/www.siestagarden.com\/#website","url":"https:\/\/www.siestagarden.com\/","name":"\u0421\u0430\u0434 \"\u0421\u0456\u0454\u0441\u0442\u0430","description":"\u041c\u0435\u0431\u043b\u0456 \u0434\u043b\u044f \u0432\u0430\u0448\u043e\u0433\u043e \u0441\u0430\u0434\u0443. \u041f\u043e\u043b\u044c\u0441\u044c\u043a\u0438\u0439 \u0432\u0438\u0440\u043e\u0431\u043d\u0438\u043a \u0434\u0435\u0440\u0435\u0432'\u044f\u043d\u0438\u0445 \u043c\u0435\u0431\u043b\u0456\u0432 \u043d\u0430\u0439\u0432\u0438\u0449\u043e\u0457 \u044f\u043a\u043e\u0441\u0442\u0456.","potentialAction":[{"@type":"SearchAction","target":{"@type":"EntryPoint","urlTemplate":"https:\/\/www.siestagarden.com\/?s={search_term_string}"},"query-input":{"@type":"PropertyValueSpecification","valueRequired":true,"valueName":"search_term_string"}}],"inLanguage":"uk"}]}},"_links":{"self":[{"href":"https:\/\/www.siestagarden.com\/uk\/wp-json\/wp\/v2\/product\/2877","targetHints":{"allow":["GET"]}}],"collection":[{"href":"https:\/\/www.siestagarden.com\/uk\/wp-json\/wp\/v2\/product"}],"about":[{"href":"https:\/\/www.siestagarden.com\/uk\/wp-json\/wp\/v2\/types\/product"}],"wp:featuredmedia":[{"embeddable":true,"href":"https:\/\/www.siestagarden.com\/uk\/wp-json\/wp\/v2\/media\/2408"}],"wp:attachment":[{"href":"https:\/\/www.siestagarden.com\/uk\/wp-json\/wp\/v2\/media?parent=2877"}],"wp:term":[{"taxonomy":"product_brand","embeddable":true,"href":"https:\/\/www.siestagarden.com\/uk\/wp-json\/wp\/v2\/product_brand?post=2877"},{"taxonomy":"product_cat","embeddable":true,"href":"https:\/\/www.siestagarden.com\/uk\/wp-json\/wp\/v2\/product_cat?post=2877"},{"taxonomy":"product_tag","embeddable":true,"href":"https:\/\/www.siestagarden.com\/uk\/wp-json\/wp\/v2\/product_tag?post=2877"}],"curies":[{"name":"wp","href":"https:\/\/api.w.org\/{rel}","templated":true}]}}