{"id":2881,"date":"2025-04-23T14:57:40","date_gmt":"2025-04-23T12:57:40","guid":{"rendered":"https:\/\/www.siestagarden.com\/?post_type=product&#038;p=2881"},"modified":"2026-02-12T09:09:51","modified_gmt":"2026-02-12T08:09:51","slug":"2881","status":"publish","type":"product","link":"https:\/\/www.siestagarden.com\/uk\/product\/2881\/","title":{"rendered":"\u0420\u043e\u0437\u043a\u043b\u0430\u0434\u043d\u0438\u0439 \u0441\u0430\u0434\u043e\u0432\u0438\u0439 \u0434\u0438\u0432\u0430\u043d Arki"},"content":{"rendered":"<p><strong>\u0420\u043e\u0437\u043a\u043b\u0430\u0434\u043d\u0438\u0439 \u0441\u0430\u0434\u043e\u0432\u0438\u0439 \u0434\u0438\u0432\u0430\u043d ARKI<\/strong> - \u0412\u0430\u0448\u0430 \u0437\u043e\u043d\u0430 \u0432\u0456\u0434\u043f\u043e\u0447\u0438\u043d\u043a\u0443 \u0432 \u043e\u0434\u043d\u043e\u043c\u0443 \u043f\u0440\u0435\u0434\u043c\u0435\u0442\u0456 \u043c\u0435\u0431\u043b\u0456\u0432<\/p>\n<p>\u0421\u0430\u0434\u043e\u0432\u0438\u0439 \u0434\u0438\u0432\u0430\u043d <strong>ARKI<\/strong> \u0446\u0435 \u0456\u0434\u0435\u0430\u043b\u044c\u043d\u0435 \u043f\u043e\u0454\u0434\u043d\u0430\u043d\u043d\u044f \u0434\u0438\u0437\u0430\u0439\u043d\u0443 \u0442\u0430 \u0444\u0443\u043d\u043a\u0446\u0456\u043e\u043d\u0430\u043b\u044c\u043d\u043e\u0441\u0442\u0456. \u0419\u043e\u0433\u043e \u043d\u0430\u0439\u0431\u0456\u043b\u044c\u0448\u0438\u043c\u0438 \u043f\u0435\u0440\u0435\u0432\u0430\u0433\u0430\u043c\u0438 \u0454 <strong>\u0440\u0443\u0445\u043e\u043c\u0456 \u043f\u0456\u0434\u043b\u043e\u043a\u0456\u0442\u043d\u0438\u043a\u0438<\/strong>\u044f\u043a\u0430 \u0432 \u0440\u043e\u0437\u043a\u043b\u0430\u0434\u0435\u043d\u043e\u043c\u0443 \u0432\u0438\u0433\u043b\u044f\u0434\u0456 \u043f\u0435\u0440\u0435\u0442\u0432\u043e\u0440\u044e\u0454 \u0434\u0438\u0432\u0430\u043d \u043d\u0430 <strong>\u0437\u0440\u0443\u0447\u043d\u0435 \u043b\u0456\u0436\u043a\u043e<\/strong> - \u0456\u0434\u0435\u0430\u043b\u044c\u043d\u043e \u043f\u0456\u0434\u0445\u043e\u0434\u0438\u0442\u044c \u0434\u043b\u044f <strong>\u0434\u0440\u0456\u043c\u043e\u0442\u0430 \u0432 \u0437\u0430\u0442\u0456\u043d\u043a\u0443, \u0447\u0438\u0442\u0430\u043d\u043d\u044f \u043a\u043d\u0438\u0433\u0438 \u0430\u0431\u043e \u0442\u0438\u0445\u0438\u0439 \u0432\u0435\u0447\u0456\u0440 \u043f\u0456\u0434 \u0445\u043c\u0430\u0440\u043e\u044e<\/strong>. \u041a\u043e\u043d\u0441\u0442\u0440\u0443\u043a\u0446\u0456\u044f \u0432\u0438\u0433\u043e\u0442\u043e\u0432\u043b\u0435\u043d\u0430 \u0437 \u043c\u0430\u0441\u0438\u0432\u0443 \u0441\u043a\u0430\u043d\u0434\u0438\u043d\u0430\u0432\u0441\u044c\u043a\u043e\u0457 \u0434\u0435\u0440\u0435\u0432\u0438\u043d\u0438 \u0437<strong> \u0421\u0435\u0440\u0442\u0438\u0444\u0456\u043a\u043e\u0432\u0430\u043d\u043e \u0437\u0430 \u0441\u0442\u0430\u043d\u0434\u0430\u0440\u0442\u043e\u043c FSC<\/strong>\u0449\u043e \u0433\u0430\u0440\u0430\u043d\u0442\u0443\u0454 \u0434\u043e\u0432\u0433\u043e\u0432\u0456\u0447\u043d\u0456\u0441\u0442\u044c \u0456 \u0432\u0456\u0434\u043f\u043e\u0432\u0456\u0434\u0430\u043b\u044c\u043d\u0435 \u043f\u043e\u0445\u043e\u0434\u0436\u0435\u043d\u043d\u044f \u043c\u0430\u0442\u0435\u0440\u0456\u0430\u043b\u0443. \u0414\u0435\u0440\u0435\u0432\u0438\u043d\u0430 \u043f\u043e\u0444\u0430\u0440\u0431\u043e\u0432\u0430\u043d\u0430 \u0432 <strong>\u0431\u0456\u0440\u044e\u0437\u0430, \u0441\u0432\u044f\u0442\u043a\u043e\u0432\u0438\u0439 \u0432\u0456\u0434\u0442\u0456\u043d\u043e\u043a<\/strong> \u0437 \u0432\u0438\u043a\u043e\u0440\u0438\u0441\u0442\u0430\u043d\u043d\u044f\u043c \u043f\u0440\u043e\u0441\u043e\u0447\u0443\u0432\u0430\u043b\u044c\u043d\u043e\u0433\u043e \u0437\u0430\u0441\u043e\u0431\u0443, \u044f\u043a\u0438\u0439 \u043d\u0435 \u0442\u0456\u043b\u044c\u043a\u0438<strong> \u0437\u0430\u0445\u0438\u0449\u0430\u0454<\/strong>\u0430\u043b\u0435 \u0442\u0430\u043a\u043e\u0436 \u043d\u0430\u0434\u0430\u0454 \u043f\u043e\u0432\u0435\u0440\u0445\u043d\u0456 \u043f\u0440\u0438\u0454\u043c\u043d\u0438\u0439 <strong>\u0433\u043b\u0430\u0434\u043a\u0456\u0441\u0442\u044c \u0456 \u0445\u0430\u0440\u0430\u043a\u0442\u0435\u0440\u043d\u0438\u0439 \u0431\u043b\u0438\u0441\u043a.<\/strong><\/p>\n<p>\u0426\u0435 \u0447\u0443\u0434\u043e\u0432\u0435 \u0440\u0456\u0448\u0435\u043d\u043d\u044f \u044f\u043a \u0434\u043b\u044f \u043d\u0435\u0432\u0435\u043b\u0438\u043a\u0438\u0445 \u0431\u0430\u043b\u043a\u043e\u043d\u0456\u0432, \u0442\u0430\u043a \u0456 \u0434\u043b\u044f \u0432\u0435\u043b\u0438\u043a\u0438\u0445 \u0441\u0430\u0434\u0456\u0432.<strong> \u0414\u0438\u0432\u0430\u043d ARKI<\/strong> \u0432\u043f\u0438\u0441\u0443\u0454\u0442\u044c\u0441\u044f \u0432 \u0431\u0443\u0434\u044c-\u044f\u043a\u0438\u0439 \u043f\u0440\u043e\u0441\u0442\u0456\u0440, \u043f\u0440\u043e\u043f\u043e\u043d\u0443\u044e\u0447\u0438 \u0440\u0435\u043b\u0430\u043a\u0441\u0430\u0446\u0456\u044e \u0442\u0430 \u0444\u0443\u043d\u043a\u0446\u0456\u043e\u043d\u0430\u043b\u044c\u043d\u0456\u0441\u0442\u044c \u0443 \u0441\u0442\u0438\u043b\u044c\u043d\u0456\u0439 \u0444\u043e\u0440\u043c\u0456.<\/p>\n<p>\u0414\u043b\u044f \u043c\u0430\u043a\u0441\u0438\u043c\u0430\u043b\u044c\u043d\u043e\u0433\u043e \u043a\u043e\u043c\u0444\u043e\u0440\u0442\u0443 \u0434\u0438\u0432\u0430\u043d \u043f\u0440\u043e\u0434\u0430\u0454\u0442\u044c\u0441\u044f \u0437 \u0442\u043e\u0432\u0441\u0442\u0438\u043c \u043c\u0430\u0442\u0440\u0430\u0446\u043e\u043c-\u0444\u0443\u0442\u043e\u043d\u043e\u043c, \u0432\u0438\u0433\u043e\u0442\u043e\u0432\u043b\u0435\u043d\u0438\u043c \u0437 \u0437\u043e\u0432\u043d\u0456\u0448\u043d\u044c\u043e\u0457 \u0442\u043a\u0430\u043d\u0438\u043d\u0438, \u044f\u043a\u0430 \u043d\u0435 \u0437\u043c\u0456\u0449\u0443\u0454\u0442\u044c\u0441\u044f, \u0440\u0430\u0437\u043e\u043c \u0437 \u0432\u0456\u0434\u043f\u043e\u0432\u0456\u0434\u043d\u0438\u043c\u0438 \u043f\u043e\u0434\u0443\u0448\u043a\u0430\u043c\u0438.<\/p>\n<p>\u2714\ufe0f <strong>\u0421\u043a\u043b\u0430\u0434\u0430\u043d\u0456 \u043f\u0456\u0434\u043b\u043e\u043a\u0456\u0442\u043d\u0438\u043a\u0438<\/strong> - \u0444\u0443\u043d\u043a\u0446\u0456\u044f \u043b\u0456\u0436\u043a\u0430 \u0442\u0430 \u0434\u0438\u0432\u0430\u043d\u0443 \u0432 \u043e\u0434\u043d\u043e\u043c\u0443<br \/>\n\u2714\ufe0f <strong>\u0422\u0432\u0435\u0440\u0434\u0430 \u0434\u0435\u0440\u0435\u0432\u0438\u043d\u0430 FSC\u00ae \u0437 \u043c\u0430\u0441\u0438\u0432\u0443<\/strong> - \u0441\u0442\u0430\u043b\u0438\u0439 \u0440\u043e\u0437\u0432\u0438\u0442\u043e\u043a \u0442\u0430 \u0435\u043a\u043e\u043b\u043e\u0433\u0456\u044f<br \/>\n\u2714\ufe0f <strong>\u0411\u0456\u0440\u044e\u0437\u043e\u0432\u0430 \u0433\u0456\u0434\u0440\u043e\u0456\u0437\u043e\u043b\u044f\u0446\u0456\u044f<\/strong> - \u0441\u0432\u044f\u0442\u043a\u043e\u0432\u0438\u0439 \u043a\u043e\u043b\u0456\u0440 \u0456 \u0433\u043b\u0430\u0434\u043a\u0430 \u043f\u043e\u0432\u0435\u0440\u0445\u043d\u044f<br \/>\n\u2714\ufe0f<strong> \u041a\u043e\u043c\u043f\u0430\u043a\u0442\u043d\u0430 \u0444\u043e\u0440\u043c\u0430 \u0456\u0434\u0435\u0430\u043b\u044c\u043d\u043e \u043f\u0456\u0434\u0445\u043e\u0434\u0438\u0442\u044c \u0434\u043b\u044f \u043c\u0430\u043b\u0438\u0445 \u0456 \u0432\u0435\u043b\u0438\u043a\u0438\u0445 \u043f\u0440\u0438\u043c\u0456\u0449\u0435\u043d\u044c<\/strong><br \/>\n\u2714\ufe0f<strong> \u041c\u0430\u0442\u0440\u0430\u0446 \u0456 \u043f\u043e\u0434\u0443\u0448\u043a\u0438 \u0432\u043a\u043b\u044e\u0447\u0435\u043d\u0456<\/strong><br \/>\n\ud83d\udecb\ufe0f <strong>ARKI<\/strong> - \u0421\u044f\u0434\u044c\u0442\u0435 \u0437\u0440\u0443\u0447\u043d\u0456\u0448\u0435, \u043f\u043e\u0442\u044f\u0433\u043d\u0456\u0442\u044c\u0441\u044f \u0456 \u0440\u043e\u0437\u0441\u043b\u0430\u0431\u0442\u0435\u0441\u044f, \u044f\u043a \u0432\u0430\u043c \u043f\u043e\u0434\u043e\u0431\u0430\u0454\u0442\u044c\u0441\u044f.<\/p>\n<p>&nbsp;<\/p>\n<p>&nbsp;<\/p>","protected":false},"excerpt":{"rendered":"<p>Rozk\u0142adana sofa ogrodowa ARKI \u2013 Twoja strefa relaksu w jednym meblu Sofa ogrodowa ARKI to doskona\u0142e po\u0142\u0105czenie designu i funkcji. Jej najwi\u0119kszym atutem s\u0105 ruchome pod\u0142okietniki, kt\u00f3re po roz\u0142o\u017ceniu przekszta\u0142caj\u0105 sof\u0119 w wygodne \u0142\u00f3\u017cko \u2013 idealne na drzemk\u0119 w cieniu, czytanie ksi\u0105\u017cki lub spokojny wiecz\u00f3r pod chmurk\u0105. Konstrukcja wykonana jest z litego drewna skandynawskiego z [&hellip;]<\/p>\n","protected":false},"featured_media":4183,"template":"","meta":{"_acf_changed":false},"product_brand":[],"product_cat":[69,67],"product_tag":[],"class_list":{"0":"post-2881","1":"product","2":"type-product","3":"status-publish","4":"has-post-thumbnail","6":"product_cat-lezaki-i-lezanki","7":"product_cat-sofy-i-lawki","8":"product_shipping_class-podstawowa","10":"first","11":"instock","12":"taxable","13":"shipping-taxable","14":"purchasable","15":"product-type-simple","16":"add-to-wishlist-after_add_to_cart"},"acf":[],"yoast_head":"<!-- This site is optimized with the Yoast SEO plugin v26.6 - https:\/\/yoast.com\/wordpress\/plugins\/seo\/ -->\n<title>Rozk\u0142adana sofa ogrodowa Arki - Siesta Garden<\/title>\n<meta name=\"robots\" content=\"index, follow, max-snippet:-1, max-image-preview:large, max-video-preview:-1\" \/>\n<link rel=\"canonical\" href=\"https:\/\/www.siestagarden.com\/uk\/product\/2881\/\" \/>\n<meta property=\"og:locale\" content=\"uk_UA\" \/>\n<meta property=\"og:type\" content=\"article\" \/>\n<meta property=\"og:title\" content=\"Rozk\u0142adana sofa ogrodowa Arki - Siesta Garden\" \/>\n<meta property=\"og:description\" content=\"Rozk\u0142adana sofa ogrodowa ARKI \u2013 Twoja strefa relaksu w jednym meblu Sofa ogrodowa ARKI to doskona\u0142e po\u0142\u0105czenie designu i funkcji. Jej najwi\u0119kszym atutem s\u0105 ruchome pod\u0142okietniki, kt\u00f3re po roz\u0142o\u017ceniu przekszta\u0142caj\u0105 sof\u0119 w wygodne \u0142\u00f3\u017cko \u2013 idealne na drzemk\u0119 w cieniu, czytanie ksi\u0105\u017cki lub spokojny wiecz\u00f3r pod chmurk\u0105. Konstrukcja wykonana jest z litego drewna skandynawskiego z [&hellip;]\" \/>\n<meta property=\"og:url\" content=\"https:\/\/www.siestagarden.com\/uk\/product\/2881\/\" \/>\n<meta property=\"og:site_name\" content=\"Siesta Garden\" \/>\n<meta property=\"article:modified_time\" content=\"2026-02-12T08:09:51+00:00\" \/>\n<meta property=\"og:image\" content=\"https:\/\/www.siestagarden.com\/wp-content\/uploads\/2025\/04\/8776434-e1770883774536-1024x740.png\" \/>\n\t<meta property=\"og:image:width\" content=\"1024\" \/>\n\t<meta property=\"og:image:height\" content=\"740\" \/>\n\t<meta property=\"og:image:type\" content=\"image\/png\" \/>\n<meta name=\"twitter:card\" content=\"summary_large_image\" \/>\n<meta name=\"twitter:label1\" content=\"\u041f\u0440\u0438\u0431\u043b. \u0447\u0430\u0441 \u0447\u0438\u0442\u0430\u043d\u043d\u044f\" \/>\n\t<meta name=\"twitter:data1\" content=\"2 \u0445\u0432\u0438\u043b\u0438\u043d\u0438\" \/>\n<script type=\"application\/ld+json\" class=\"yoast-schema-graph\">{\"@context\":\"https:\/\/schema.org\",\"@graph\":[{\"@type\":\"WebPage\",\"@id\":\"https:\/\/www.siestagarden.com\/produkt\/2881\/\",\"url\":\"https:\/\/www.siestagarden.com\/produkt\/2881\/\",\"name\":\"Rozk\u0142adana sofa ogrodowa Arki - Siesta Garden\",\"isPartOf\":{\"@id\":\"https:\/\/www.siestagarden.com\/#website\"},\"primaryImageOfPage\":{\"@id\":\"https:\/\/www.siestagarden.com\/produkt\/2881\/#primaryimage\"},\"image\":{\"@id\":\"https:\/\/www.siestagarden.com\/produkt\/2881\/#primaryimage\"},\"thumbnailUrl\":\"https:\/\/www.siestagarden.com\/wp-content\/uploads\/2025\/04\/8776434-e1770883774536.png\",\"datePublished\":\"2025-04-23T12:57:40+00:00\",\"dateModified\":\"2026-02-12T08:09:51+00:00\",\"breadcrumb\":{\"@id\":\"https:\/\/www.siestagarden.com\/produkt\/2881\/#breadcrumb\"},\"inLanguage\":\"uk\",\"potentialAction\":[{\"@type\":\"ReadAction\",\"target\":[\"https:\/\/www.siestagarden.com\/produkt\/2881\/\"]}]},{\"@type\":\"ImageObject\",\"inLanguage\":\"uk\",\"@id\":\"https:\/\/www.siestagarden.com\/produkt\/2881\/#primaryimage\",\"url\":\"https:\/\/www.siestagarden.com\/wp-content\/uploads\/2025\/04\/8776434-e1770883774536.png\",\"contentUrl\":\"https:\/\/www.siestagarden.com\/wp-content\/uploads\/2025\/04\/8776434-e1770883774536.png\",\"width\":1523,\"height\":1100},{\"@type\":\"BreadcrumbList\",\"@id\":\"https:\/\/www.siestagarden.com\/produkt\/2881\/#breadcrumb\",\"itemListElement\":[{\"@type\":\"ListItem\",\"position\":1,\"name\":\"Strona g\u0142\u00f3wna\",\"item\":\"https:\/\/www.siestagarden.com\/\"},{\"@type\":\"ListItem\",\"position\":2,\"name\":\"Sklep\",\"item\":\"https:\/\/www.siestagarden.com\/sklep\/\"},{\"@type\":\"ListItem\",\"position\":3,\"name\":\"Rozk\u0142adana sofa ogrodowa Arki\"}]},{\"@type\":\"WebSite\",\"@id\":\"https:\/\/www.siestagarden.com\/#website\",\"url\":\"https:\/\/www.siestagarden.com\/\",\"name\":\"Siesta Garden\",\"description\":\"Meble do Twojego ogrodu. Polski producent drewnianych mebli najwy\u017cszej jako\u015bci.\",\"potentialAction\":[{\"@type\":\"SearchAction\",\"target\":{\"@type\":\"EntryPoint\",\"urlTemplate\":\"https:\/\/www.siestagarden.com\/?s={search_term_string}\"},\"query-input\":{\"@type\":\"PropertyValueSpecification\",\"valueRequired\":true,\"valueName\":\"search_term_string\"}}],\"inLanguage\":\"uk\"}]}<\/script>\n<!-- \/ Yoast SEO plugin. -->","yoast_head_json":{"title":"Rozk\u0142adana sofa ogrodowa Arki - Siesta Garden","robots":{"index":"index","follow":"follow","max-snippet":"max-snippet:-1","max-image-preview":"max-image-preview:large","max-video-preview":"max-video-preview:-1"},"canonical":"https:\/\/www.siestagarden.com\/uk\/product\/2881\/","og_locale":"uk_UA","og_type":"article","og_title":"Rozk\u0142adana sofa ogrodowa Arki - Siesta Garden","og_description":"Rozk\u0142adana sofa ogrodowa ARKI \u2013 Twoja strefa relaksu w jednym meblu Sofa ogrodowa ARKI to doskona\u0142e po\u0142\u0105czenie designu i funkcji. Jej najwi\u0119kszym atutem s\u0105 ruchome pod\u0142okietniki, kt\u00f3re po roz\u0142o\u017ceniu przekszta\u0142caj\u0105 sof\u0119 w wygodne \u0142\u00f3\u017cko \u2013 idealne na drzemk\u0119 w cieniu, czytanie ksi\u0105\u017cki lub spokojny wiecz\u00f3r pod chmurk\u0105. Konstrukcja wykonana jest z litego drewna skandynawskiego z [&hellip;]","og_url":"https:\/\/www.siestagarden.com\/uk\/product\/2881\/","og_site_name":"Siesta Garden","article_modified_time":"2026-02-12T08:09:51+00:00","og_image":[{"width":1024,"height":740,"url":"https:\/\/www.siestagarden.com\/wp-content\/uploads\/2025\/04\/8776434-e1770883774536-1024x740.png","type":"image\/png"}],"twitter_card":"summary_large_image","twitter_misc":{"\u041f\u0440\u0438\u0431\u043b. \u0447\u0430\u0441 \u0447\u0438\u0442\u0430\u043d\u043d\u044f":"2 \u0445\u0432\u0438\u043b\u0438\u043d\u0438"},"schema":{"@context":"https:\/\/schema.org","@graph":[{"@type":"WebPage","@id":"https:\/\/www.siestagarden.com\/produkt\/2881\/","url":"https:\/\/www.siestagarden.com\/produkt\/2881\/","name":"Rozk\u0142adana sofa ogrodowa Arki - Siesta Garden","isPartOf":{"@id":"https:\/\/www.siestagarden.com\/#website"},"primaryImageOfPage":{"@id":"https:\/\/www.siestagarden.com\/produkt\/2881\/#primaryimage"},"image":{"@id":"https:\/\/www.siestagarden.com\/produkt\/2881\/#primaryimage"},"thumbnailUrl":"https:\/\/www.siestagarden.com\/wp-content\/uploads\/2025\/04\/8776434-e1770883774536.png","datePublished":"2025-04-23T12:57:40+00:00","dateModified":"2026-02-12T08:09:51+00:00","breadcrumb":{"@id":"https:\/\/www.siestagarden.com\/produkt\/2881\/#breadcrumb"},"inLanguage":"uk","potentialAction":[{"@type":"ReadAction","target":["https:\/\/www.siestagarden.com\/produkt\/2881\/"]}]},{"@type":"ImageObject","inLanguage":"uk","@id":"https:\/\/www.siestagarden.com\/produkt\/2881\/#primaryimage","url":"https:\/\/www.siestagarden.com\/wp-content\/uploads\/2025\/04\/8776434-e1770883774536.png","contentUrl":"https:\/\/www.siestagarden.com\/wp-content\/uploads\/2025\/04\/8776434-e1770883774536.png","width":1523,"height":1100},{"@type":"BreadcrumbList","@id":"https:\/\/www.siestagarden.com\/produkt\/2881\/#breadcrumb","itemListElement":[{"@type":"ListItem","position":1,"name":"Strona g\u0142\u00f3wna","item":"https:\/\/www.siestagarden.com\/"},{"@type":"ListItem","position":2,"name":"Sklep","item":"https:\/\/www.siestagarden.com\/sklep\/"},{"@type":"ListItem","position":3,"name":"Rozk\u0142adana sofa ogrodowa Arki"}]},{"@type":"WebSite","@id":"https:\/\/www.siestagarden.com\/#website","url":"https:\/\/www.siestagarden.com\/","name":"\u0421\u0430\u0434 \"\u0421\u0456\u0454\u0441\u0442\u0430","description":"\u041c\u0435\u0431\u043b\u0456 \u0434\u043b\u044f \u0432\u0430\u0448\u043e\u0433\u043e \u0441\u0430\u0434\u0443. \u041f\u043e\u043b\u044c\u0441\u044c\u043a\u0438\u0439 \u0432\u0438\u0440\u043e\u0431\u043d\u0438\u043a \u0434\u0435\u0440\u0435\u0432'\u044f\u043d\u0438\u0445 \u043c\u0435\u0431\u043b\u0456\u0432 \u043d\u0430\u0439\u0432\u0438\u0449\u043e\u0457 \u044f\u043a\u043e\u0441\u0442\u0456.","potentialAction":[{"@type":"SearchAction","target":{"@type":"EntryPoint","urlTemplate":"https:\/\/www.siestagarden.com\/?s={search_term_string}"},"query-input":{"@type":"PropertyValueSpecification","valueRequired":true,"valueName":"search_term_string"}}],"inLanguage":"uk"}]}},"_links":{"self":[{"href":"https:\/\/www.siestagarden.com\/uk\/wp-json\/wp\/v2\/product\/2881","targetHints":{"allow":["GET"]}}],"collection":[{"href":"https:\/\/www.siestagarden.com\/uk\/wp-json\/wp\/v2\/product"}],"about":[{"href":"https:\/\/www.siestagarden.com\/uk\/wp-json\/wp\/v2\/types\/product"}],"wp:featuredmedia":[{"embeddable":true,"href":"https:\/\/www.siestagarden.com\/uk\/wp-json\/wp\/v2\/media\/4183"}],"wp:attachment":[{"href":"https:\/\/www.siestagarden.com\/uk\/wp-json\/wp\/v2\/media?parent=2881"}],"wp:term":[{"taxonomy":"product_brand","embeddable":true,"href":"https:\/\/www.siestagarden.com\/uk\/wp-json\/wp\/v2\/product_brand?post=2881"},{"taxonomy":"product_cat","embeddable":true,"href":"https:\/\/www.siestagarden.com\/uk\/wp-json\/wp\/v2\/product_cat?post=2881"},{"taxonomy":"product_tag","embeddable":true,"href":"https:\/\/www.siestagarden.com\/uk\/wp-json\/wp\/v2\/product_tag?post=2881"}],"curies":[{"name":"wp","href":"https:\/\/api.w.org\/{rel}","templated":true}]}}