{"id":2930,"date":"2025-05-06T09:23:31","date_gmt":"2025-05-06T07:23:31","guid":{"rendered":"https:\/\/www.siestagarden.com\/?post_type=product&#038;p=2930"},"modified":"2026-01-27T12:30:25","modified_gmt":"2026-01-27T11:30:25","slug":"podwyzszany-warzywniak-drewniany-donica-15m-domowy-ogrod","status":"publish","type":"product","link":"https:\/\/www.siestagarden.com\/uk\/product\/podwyzszany-warzywniak-drewniany-donica-15m-domowy-ogrod\/","title":{"rendered":"\u041f\u0456\u0434\u043d\u044f\u0442\u0438\u0439 \u0434\u0435\u0440\u0435\u0432'\u044f\u043d\u0438\u0439 \u0433\u043e\u0440\u0449\u0438\u043a \u0434\u043b\u044f \u043e\u0432\u043e\u0447\u0456\u0432 1,5 \u043c \u0414\u043e\u043c\u0430\u0448\u043d\u0456\u0439 \u0441\u0430\u0434"},"content":{"rendered":"<p class=\"\" data-start=\"266\" data-end=\"567\">\u041c\u0440\u0456\u0454\u0442\u0435 \u0432\u0438\u0440\u043e\u0449\u0443\u0432\u0430\u0442\u0438 \u0432\u043b\u0430\u0441\u043d\u0456 \u043e\u0432\u043e\u0447\u0456 \u0442\u0430 \u0437\u0435\u043b\u0435\u043d\u044c, \u043d\u0430\u0432\u0456\u0442\u044c \u044f\u043a\u0449\u043e \u0443 \u0432\u0430\u0441 \u0454 \u043b\u0438\u0448\u0435 \u0431\u0430\u043b\u043a\u043e\u043d \u0430\u0431\u043e \u043d\u0435\u0432\u0435\u043b\u0438\u043a\u0430 \u0442\u0435\u0440\u0430\u0441\u0430? \u041f\u0456\u0434\u043d\u044f\u0442\u0438\u0439 \u0433\u043e\u0440\u043e\u0434 SiestaGarden - \u0446\u0435 \u043f\u0440\u0430\u043a\u0442\u0438\u0447\u043d\u0435 \u0456 \u0435\u0441\u0442\u0435\u0442\u0438\u0447\u043d\u0435 \u0440\u0456\u0448\u0435\u043d\u043d\u044f, \u044f\u043a\u0435 \u0434\u043e\u0437\u0432\u043e\u043b\u0438\u0442\u044c \u0432\u0430\u043c \u0441\u0442\u0432\u043e\u0440\u0438\u0442\u0438 \u0437\u0435\u043b\u0435\u043d\u0438\u0439 \u043a\u0443\u0442\u043e\u0447\u043e\u043a \u0432 \u0431\u0443\u0434\u044c-\u044f\u043a\u043e\u043c\u0443 \u043f\u0440\u043e\u0441\u0442\u043e\u0440\u0456 - \u0432 \u0441\u0430\u0434\u0443, \u043d\u0430 \u0442\u0435\u0440\u0430\u0441\u0456 \u0430\u0431\u043e \u043d\u0430\u0432\u0456\u0442\u044c \u043d\u0430 \u043c\u0456\u0441\u044c\u043a\u043e\u043c\u0443 \u0431\u0430\u043b\u043a\u043e\u043d\u0456.<\/p>\n<h3 class=\"\" data-start=\"569\" data-end=\"598\">\u041e\u0441\u043d\u043e\u0432\u043d\u0456 \u043f\u0435\u0440\u0435\u0432\u0430\u0433\u0438 \u043f\u0440\u043e\u0434\u0443\u043a\u0442\u0443:<\/h3>\n<ul data-start=\"600\" data-end=\"1614\">\n<li class=\"\" data-start=\"600\" data-end=\"780\">\n<p class=\"\" data-start=\"602\" data-end=\"780\"><strong data-start=\"602\" data-end=\"637\">\u0421\u0435\u0440\u0442\u0438\u0444\u0456\u043a\u043e\u0432\u0430\u043d\u0430 \u043d\u0430\u0442\u0443\u0440\u0430\u043b\u044c\u043d\u0430 \u0434\u0435\u0440\u0435\u0432\u0438\u043d\u0430<\/strong><br data-start=\"637\" data-end=\"640\" \/>\u041a\u043e\u043d\u0441\u0442\u0440\u0443\u043a\u0446\u0456\u044f \u0432\u0438\u0433\u043e\u0442\u043e\u0432\u043b\u0435\u043d\u0430 \u0437 \u043f\u043e\u043b\u044c\u0441\u044c\u043a\u043e\u0457 \u0434\u0435\u0440\u0435\u0432\u0438\u043d\u0438 \u0437 \u043b\u0435\u0433\u0430\u043b\u044c\u043d\u0438\u0445 \u0434\u0436\u0435\u0440\u0435\u043b. \u0426\u0435 \u043c\u0456\u0446\u043d\u0438\u0439 \u0456 \u0434\u043e\u0432\u0433\u043e\u0432\u0456\u0447\u043d\u0438\u0439 \u043c\u0430\u0442\u0435\u0440\u0456\u0430\u043b, \u044f\u043a\u0438\u0439 \u0456\u0434\u0435\u0430\u043b\u044c\u043d\u043e \u043f\u0456\u0434\u0445\u043e\u0434\u0438\u0442\u044c \u0434\u043b\u044f \u0432\u0438\u0440\u043e\u0449\u0443\u0432\u0430\u043d\u043d\u044f \u0457\u0441\u0442\u0456\u0432\u043d\u0438\u0445 \u0440\u043e\u0441\u043b\u0438\u043d.<\/p>\n<\/li>\n<li class=\"\" data-start=\"782\" data-end=\"906\">\n<p class=\"\" data-start=\"784\" data-end=\"906\"><strong data-start=\"784\" data-end=\"808\">\u0411\u0435\u0437\u043f\u0435\u0447\u043d\u0438\u0439 \u0434\u043b\u044f \u0432\u0438\u0440\u043e\u0449\u0443\u0432\u0430\u043d\u043d\u044f<\/strong><br data-start=\"808\" data-end=\"811\" \/>\u0414\u0435\u0440\u0435\u0432\u0438\u043d\u0430 \u043e\u0431\u0440\u043e\u0431\u043b\u0435\u043d\u0430 \u0435\u043a\u043e\u043b\u043e\u0433\u0456\u0447\u043d\u043e \u0447\u0438\u0441\u0442\u0438\u043c \u043f\u0440\u043e\u0441\u043e\u0447\u0435\u043d\u043d\u044f\u043c, \u044f\u043a\u0435 \u043d\u0435 \u0448\u043a\u043e\u0434\u0438\u0442\u044c \u043e\u0432\u043e\u0447\u0430\u043c \u0456 \u0442\u0440\u0430\u0432\u0430\u043c.<\/p>\n<\/li>\n<li class=\"\" data-start=\"908\" data-end=\"1080\">\n<p class=\"\" data-start=\"910\" data-end=\"1080\"><strong data-start=\"910\" data-end=\"932\">\u0417\u0440\u0443\u0447\u043d\u0456\u0441\u0442\u044c \u0432\u0438\u043a\u043e\u0440\u0438\u0441\u0442\u0430\u043d\u043d\u044f<\/strong><br data-start=\"932\" data-end=\"935\" \/>\u0412\u0456\u0434\u043f\u043e\u0432\u0456\u0434\u043d\u0430 \u0432\u0438\u0441\u043e\u0442\u0430 \u043a\u043e\u0440\u043e\u0431\u043a\u0438 \u043f\u043e\u0437\u0431\u0430\u0432\u043b\u044f\u0454 \u0432\u0456\u0434 \u043d\u0435\u043e\u0431\u0445\u0456\u0434\u043d\u043e\u0441\u0442\u0456 \u043d\u0430\u0445\u0438\u043b\u044f\u0442\u0438\u0441\u044f, \u0449\u043e \u0456\u0434\u0435\u0430\u043b\u044c\u043d\u043e \u043f\u0456\u0434\u0445\u043e\u0434\u0438\u0442\u044c \u0434\u043b\u044f \u043b\u044e\u0434\u0435\u0439 \u043f\u043e\u0445\u0438\u043b\u043e\u0433\u043e \u0432\u0456\u043a\u0443 \u0430\u0431\u043e \u043b\u044e\u0434\u0435\u0439 \u0437 \u043e\u0431\u043c\u0435\u0436\u0435\u043d\u043e\u044e \u0440\u0443\u0445\u043b\u0438\u0432\u0456\u0441\u0442\u044e.<\/p>\n<\/li>\n<li class=\"\" data-start=\"1082\" data-end=\"1221\">\n<p class=\"\" data-start=\"1084\" data-end=\"1221\"><strong data-start=\"1084\" data-end=\"1116\">\u041f\u0440\u043e\u0434\u0443\u043c\u0430\u043d\u0430 V-\u043f\u043e\u0434\u0456\u0431\u043d\u0430 \u0444\u043e\u0440\u043c\u0430<\/strong><br data-start=\"1116\" data-end=\"1119\" \/>\u0414\u043e\u0437\u0432\u043e\u043b\u044f\u0454 \u0435\u0444\u0435\u043a\u0442\u0438\u0432\u043d\u043e \u0432\u0438\u043a\u043e\u0440\u0438\u0441\u0442\u043e\u0432\u0443\u0432\u0430\u0442\u0438 \u043f\u0440\u043e\u0441\u0442\u0456\u0440 \u0456 \u0432\u0438\u0441\u0430\u0434\u0436\u0443\u0432\u0430\u0442\u0438 \u0440\u0456\u0437\u043d\u0456 \u0432\u0438\u0434\u0438 \u0440\u043e\u0441\u043b\u0438\u043d \u0432 \u043e\u0434\u043d\u043e\u043c\u0443 \u043a\u043e\u043d\u0442\u0435\u0439\u043d\u0435\u0440\u0456.<\/p>\n<\/li>\n<li class=\"\" data-start=\"1223\" data-end=\"1350\">\n<p class=\"\" data-start=\"1225\" data-end=\"1350\"><strong data-start=\"1225\" data-end=\"1258\">\u0417\u0430\u0445\u0438\u0441\u043d\u0430 \u043c\u0435\u043c\u0431\u0440\u0430\u043d\u0430 \u0432 \u043a\u043e\u043c\u043f\u043b\u0435\u043a\u0442\u0456<\/strong><br data-start=\"1258\" data-end=\"1261\" \/>\u0412\u0456\u043d \u0437\u0430\u043f\u043e\u0431\u0456\u0433\u0430\u0454 \u043a\u043e\u043d\u0442\u0430\u043a\u0442\u0443 \u0491\u0440\u0443\u043d\u0442\u0443 \u0437 \u0434\u0435\u0440\u0435\u0432\u0438\u043d\u043e\u044e \u0456 \u0434\u043e\u043f\u043e\u043c\u0430\u0433\u0430\u0454 \u043f\u0456\u0434\u0442\u0440\u0438\u043c\u0443\u0432\u0430\u0442\u0438 \u043f\u0440\u0430\u0432\u0438\u043b\u044c\u043d\u0438\u0439 \u0440\u0435\u0436\u0438\u043c \u0432\u043e\u043b\u043e\u0433\u043e\u0441\u0442\u0456.<\/p>\n<\/li>\n<li class=\"\" data-start=\"1352\" data-end=\"1484\">\n<p class=\"\" data-start=\"1354\" data-end=\"1484\"><strong data-start=\"1354\" data-end=\"1377\">\u0412\u043e\u043b\u043e\u0433\u043e\u0441\u0442\u0456\u0439\u043a\u0456\u0441\u0442\u044c<\/strong><br data-start=\"1377\" data-end=\"1380\" \/>\u041f\u043b\u0430\u0441\u0442\u0438\u043a\u043e\u0432\u0456 \u043d\u0456\u0436\u043a\u0438 \u0437\u043c\u0435\u043d\u0448\u0443\u044e\u0442\u044c \u043f\u043e\u0433\u043b\u0438\u043d\u0430\u043d\u043d\u044f \u0432\u043e\u0434\u0438 \u0434\u0435\u0440\u0435\u0432\u0438\u043d\u043e\u044e, \u0449\u043e \u043f\u043e\u0434\u043e\u0432\u0436\u0443\u0454 \u0442\u0435\u0440\u043c\u0456\u043d \u0441\u043b\u0443\u0436\u0431\u0438 \u0432\u0441\u0456\u0454\u0457 \u043a\u043e\u043d\u0441\u0442\u0440\u0443\u043a\u0446\u0456\u0457.<\/p>\n<\/li>\n<li class=\"\" data-start=\"1486\" data-end=\"1614\">\n<p class=\"\" data-start=\"1488\" data-end=\"1614\"><strong data-start=\"1488\" data-end=\"1505\">\u041f\u0440\u043e\u0441\u0442\u0438\u0439 \u043c\u043e\u043d\u0442\u0430\u0436<\/strong><br data-start=\"1505\" data-end=\"1508\" \/>\u041f\u0440\u043e\u0434\u0443\u043a\u0442 \u043f\u043e\u0441\u0442\u0430\u0432\u043b\u044f\u0454\u0442\u044c\u0441\u044f \u0432 \u043f\u043b\u043e\u0441\u043a\u0456\u0439 \u0443\u043f\u0430\u043a\u043e\u0432\u0446\u0456 \u0434\u043b\u044f \u0441\u0430\u043c\u043e\u0441\u0442\u0456\u0439\u043d\u043e\u0433\u043e \u043c\u043e\u043d\u0442\u0430\u0436\u0443 - \u043d\u0435 \u0432\u0438\u043c\u0430\u0433\u0430\u0454 \u0441\u043f\u0435\u0446\u0456\u0430\u043b\u044c\u043d\u0438\u0445 \u0456\u043d\u0441\u0442\u0440\u0443\u043c\u0435\u043d\u0442\u0456\u0432.<\/p>\n<\/li>\n<\/ul>\n<h3 class=\"\" data-start=\"1616\" data-end=\"1650\">\u0410\u0434\u0430\u043f\u0442\u0443\u0439\u0442\u0435\u0441\u044f \u0434\u043e \u0432\u0430\u0448\u043e\u0433\u043e \u043f\u0440\u043e\u0441\u0442\u043e\u0440\u0443<\/h3>\n<p class=\"\" data-start=\"1652\" data-end=\"1860\">\u0413\u043e\u0440\u0449\u0438\u043a \u0434\u043e\u0441\u0442\u0443\u043f\u043d\u0438\u0439 \u0443 \u0434\u0432\u043e\u0445 \u0432\u0430\u0440\u0456\u0430\u043d\u0442\u0430\u0445 \u0434\u043e\u0432\u0436\u0438\u043d\u0438 (100 \u0441\u043c \u0456 150 \u0441\u043c), \u0442\u043e\u043c\u0443 \u0432\u0438 \u043c\u043e\u0436\u0435\u0442\u0435 \u043b\u0435\u0433\u043a\u043e \u043f\u0440\u0438\u0441\u0442\u043e\u0441\u0443\u0432\u0430\u0442\u0438 \u0439\u043e\u0433\u043e \u0434\u043e \u043d\u0430\u044f\u0432\u043d\u043e\u0433\u043e \u043f\u0440\u043e\u0441\u0442\u043e\u0440\u0443. \u0419\u043e\u0433\u043e \u043d\u0430\u0442\u0443\u0440\u0430\u043b\u044c\u043d\u0435 \u043f\u043e\u043a\u0440\u0438\u0442\u0442\u044f \u043f\u0456\u0434\u0445\u043e\u0434\u0438\u0442\u044c \u044f\u043a \u0434\u043b\u044f \u043a\u043b\u0430\u0441\u0438\u0447\u043d\u0438\u0445, \u0442\u0430\u043a \u0456 \u0434\u043b\u044f \u0441\u0443\u0447\u0430\u0441\u043d\u0438\u0445 \u0441\u0430\u0434\u043e\u0432\u0438\u0445 \u043a\u043e\u043c\u043f\u043e\u0437\u0438\u0446\u0456\u0439.<\/p>\n<p class=\"\" data-start=\"1862\" data-end=\"2019\">\ud83d\udcfd\ufe0f <strong data-start=\"1866\" data-end=\"1897\">\u041f\u043e\u0434\u0438\u0432\u0456\u0442\u044c\u0441\u044f, \u044f\u043a \u043b\u0435\u0433\u043a\u043e \u0439\u043e\u0433\u043e \u0441\u043a\u043b\u0430\u0441\u0442\u0438<\/strong><br data-start=\"1897\" data-end=\"1900\" \/>\u041f\u043e\u043a\u0440\u043e\u043a\u043e\u0432\u0456 \u0456\u043d\u0441\u0442\u0440\u0443\u043a\u0446\u0456\u0457 \u043f\u043e \u0443\u0441\u0442\u0430\u043d\u043e\u0432\u0446\u0456 \u0434\u043e\u0441\u0442\u0443\u043f\u043d\u0456 \u043d\u0430 \u043d\u0430\u0448\u043e\u043c\u0443 <a class=\"\" href=\"https:\/\/www.youtube.com\/watch?v=b3UTwPBc6vk\" target=\"_new\" rel=\"noopener\" data-start=\"1957\" data-end=\"2018\">\u041a\u0430\u043d\u0430\u043b \u043d\u0430 YouTube<\/a>.<\/p>\n<h3 class=\"\" data-start=\"2021\" data-end=\"2070\">\u0427\u043e\u043c\u0443 \u0432\u0430\u0440\u0442\u043e \u043e\u0431\u0440\u0430\u0442\u0438 \u0433\u043e\u0440\u043e\u0434 SiestaGarden?<\/h3>\n<ul data-start=\"2072\" data-end=\"2333\">\n<li class=\"\" data-start=\"2072\" data-end=\"2125\">\n<p class=\"\" data-start=\"2074\" data-end=\"2125\">\u041e\u0440\u0433\u0430\u043d\u0456\u0447\u043d\u0435 \u0432\u0438\u0440\u043e\u0449\u0443\u0432\u0430\u043d\u043d\u044f - \u0432\u0438 \u0442\u043e\u0447\u043d\u043e \u0437\u043d\u0430\u0454\u0442\u0435, \u0449\u043e \u0457\u0441\u0442\u0435<\/p>\n<\/li>\n<li class=\"\" data-start=\"2126\" data-end=\"2201\">\n<p class=\"\" data-start=\"2128\" data-end=\"2201\">\u0412\u0438 \u0435\u043a\u043e\u043d\u043e\u043c\u0438\u0442\u0435 \u043c\u0456\u0441\u0446\u0435, \u0441\u0442\u0432\u043e\u0440\u044e\u044e\u0447\u0438 \u043f\u043e\u0432\u043d\u043e\u0446\u0456\u043d\u043d\u0438\u0439 \u0441\u0430\u0434 \u043d\u0430\u0432\u0456\u0442\u044c \u043d\u0430 \u0431\u0430\u043b\u043a\u043e\u043d\u0456<\/p>\n<\/li>\n<li class=\"\" data-start=\"2202\" data-end=\"2262\">\n<p class=\"\" data-start=\"2204\" data-end=\"2262\">\u0417\u0430\u0445\u0438\u0441\u0442\u0456\u0442\u044c \u0441\u0432\u043e\u0457 \u0440\u043e\u0441\u043b\u0438\u043d\u0438 \u0432\u0456\u0434 \u0448\u043a\u0456\u0434\u043d\u0438\u043a\u0456\u0432 \u0442\u0430 \u043d\u0435\u0433\u043e\u0434\u0438<\/p>\n<\/li>\n<li class=\"\" data-start=\"2263\" data-end=\"2333\">\n<p class=\"\" data-start=\"2265\" data-end=\"2333\">\u0412\u0438 \u043d\u0430\u0441\u043e\u043b\u043e\u0434\u0436\u0443\u0454\u0442\u0435\u0441\u044f \u0434\u043e\u0432\u0433\u043e\u0432\u0456\u0447\u043d\u0456\u0441\u0442\u044e \u0437\u0430\u0432\u0434\u044f\u043a\u0438 \u043c\u0456\u0446\u043d\u0456\u0439, \u043f\u0440\u043e\u0441\u043e\u0447\u0435\u043d\u0456\u0439 \u043a\u043e\u043d\u0441\u0442\u0440\u0443\u043a\u0446\u0456\u0457<\/p>\n<\/li>\n<\/ul>\n<hr class=\"\" data-start=\"2335\" data-end=\"2338\" \/>\n<p class=\"\" data-start=\"2340\" data-end=\"2555\">\u0421\u0442\u0432\u043e\u0440\u0456\u0442\u044c \u0441\u0432\u0456\u0439 \u0432\u043b\u0430\u0441\u043d\u0438\u0439 \u043e\u0440\u0433\u0430\u043d\u0456\u0447\u043d\u0438\u0439 \u0441\u0430\u0434 - \u0434\u0435 \u0431 \u0432\u0438 \u043d\u0435 \u0431\u0443\u043b\u0438. \u0417 Home Garden \u0432\u0456\u0434 SiestaGarden \u0432\u0438 \u043e\u0442\u0440\u0438\u043c\u0430\u0454\u0442\u0435 \u043d\u0435 \u0442\u0456\u043b\u044c\u043a\u0438 \u0444\u0443\u043d\u043a\u0446\u0456\u043e\u043d\u0430\u043b\u044c\u043d\u0438\u0439 \u0433\u043e\u0440\u043e\u0434, \u0430\u043b\u0435 \u0439 \u043a\u0440\u0430\u0441\u0438\u0432\u0438\u0439 \u043a\u0443\u0442\u043e\u0447\u043e\u043a \u043f\u0440\u043e\u0441\u0442\u043e\u0440\u0443, \u044f\u043a\u0438\u0439 \u043d\u0430\u0434\u0438\u0445\u0430\u0454 \u043d\u0430 \u0437\u0434\u043e\u0440\u043e\u0432\u0438\u0439 \u0441\u043f\u043e\u0441\u0456\u0431 \u0436\u0438\u0442\u0442\u044f.<\/p>","protected":false},"excerpt":{"rendered":"<p>Marzysz o w\u0142asnej uprawie warzyw i zi\u00f3\u0142, nawet je\u015bli dysponujesz jedynie balkonem lub niewielkim tarasem? Podwy\u017cszony warzywnik SiestaGarden to praktyczne i estetyczne rozwi\u0105zanie, kt\u00f3re pozwoli Ci stworzy\u0107 zielony zak\u0105tek w dowolnej przestrzeni \u2013 w ogrodzie, na tarasie, a nawet na miejskim balkonie. Kluczowe zalety produktu: Naturalne drewno z certyfikatemKonstrukcja wykonana z polskiego drewna pochodz\u0105cego z [&hellip;]<\/p>\n","protected":false},"featured_media":2935,"template":"","meta":{"_acf_changed":false},"product_brand":[],"product_cat":[75],"product_tag":[],"class_list":{"0":"post-2930","1":"product","2":"type-product","3":"status-publish","4":"has-post-thumbnail","6":"product_cat-donice-i-warzywniki","7":"product_shipping_class-podstawowa","9":"first","10":"instock","11":"taxable","12":"shipping-taxable","13":"purchasable","14":"product-type-simple","15":"add-to-wishlist-after_add_to_cart"},"acf":[],"yoast_head":"<!-- This site is optimized with the Yoast SEO plugin v26.6 - https:\/\/yoast.com\/wordpress\/plugins\/seo\/ -->\n<title>Podwy\u017cszany warzywniak drewniany donica 1,5m Domowy Ogr\u00f3d - Siesta Garden<\/title>\n<meta name=\"robots\" content=\"index, follow, max-snippet:-1, max-image-preview:large, max-video-preview:-1\" \/>\n<link rel=\"canonical\" href=\"https:\/\/www.siestagarden.com\/uk\/product\/podwyzszany-warzywniak-drewniany-donica-15m-domowy-ogrod\/\" \/>\n<meta property=\"og:locale\" content=\"uk_UA\" \/>\n<meta property=\"og:type\" content=\"article\" \/>\n<meta property=\"og:title\" content=\"Podwy\u017cszany warzywniak drewniany donica 1,5m Domowy Ogr\u00f3d - Siesta Garden\" \/>\n<meta property=\"og:description\" content=\"Marzysz o w\u0142asnej uprawie warzyw i zi\u00f3\u0142, nawet je\u015bli dysponujesz jedynie balkonem lub niewielkim tarasem? Podwy\u017cszony warzywnik SiestaGarden to praktyczne i estetyczne rozwi\u0105zanie, kt\u00f3re pozwoli Ci stworzy\u0107 zielony zak\u0105tek w dowolnej przestrzeni \u2013 w ogrodzie, na tarasie, a nawet na miejskim balkonie. Kluczowe zalety produktu: Naturalne drewno z certyfikatemKonstrukcja wykonana z polskiego drewna pochodz\u0105cego z [&hellip;]\" \/>\n<meta property=\"og:url\" content=\"https:\/\/www.siestagarden.com\/uk\/product\/podwyzszany-warzywniak-drewniany-donica-15m-domowy-ogrod\/\" \/>\n<meta property=\"og:site_name\" content=\"Siesta Garden\" \/>\n<meta property=\"article:modified_time\" content=\"2026-01-27T11:30:25+00:00\" \/>\n<meta property=\"og:image\" content=\"https:\/\/www.siestagarden.com\/wp-content\/uploads\/2025\/05\/IMG_8963-scaled.jpg\" \/>\n\t<meta property=\"og:image:width\" content=\"2560\" \/>\n\t<meta property=\"og:image:height\" content=\"1707\" \/>\n\t<meta property=\"og:image:type\" content=\"image\/jpeg\" \/>\n<meta name=\"twitter:card\" content=\"summary_large_image\" \/>\n<meta name=\"twitter:label1\" content=\"\u041f\u0440\u0438\u0431\u043b. \u0447\u0430\u0441 \u0447\u0438\u0442\u0430\u043d\u043d\u044f\" \/>\n\t<meta name=\"twitter:data1\" content=\"2 \u0445\u0432\u0438\u043b\u0438\u043d\u0438\" \/>\n<script type=\"application\/ld+json\" class=\"yoast-schema-graph\">{\"@context\":\"https:\/\/schema.org\",\"@graph\":[{\"@type\":\"WebPage\",\"@id\":\"https:\/\/www.siestagarden.com\/produkt\/podwyzszany-warzywniak-drewniany-donica-15m-domowy-ogrod\/\",\"url\":\"https:\/\/www.siestagarden.com\/produkt\/podwyzszany-warzywniak-drewniany-donica-15m-domowy-ogrod\/\",\"name\":\"Podwy\u017cszany warzywniak drewniany donica 1,5m Domowy Ogr\u00f3d - Siesta Garden\",\"isPartOf\":{\"@id\":\"https:\/\/www.siestagarden.com\/#website\"},\"primaryImageOfPage\":{\"@id\":\"https:\/\/www.siestagarden.com\/produkt\/podwyzszany-warzywniak-drewniany-donica-15m-domowy-ogrod\/#primaryimage\"},\"image\":{\"@id\":\"https:\/\/www.siestagarden.com\/produkt\/podwyzszany-warzywniak-drewniany-donica-15m-domowy-ogrod\/#primaryimage\"},\"thumbnailUrl\":\"https:\/\/www.siestagarden.com\/wp-content\/uploads\/2025\/05\/IMG_8963-scaled.jpg\",\"datePublished\":\"2025-05-06T07:23:31+00:00\",\"dateModified\":\"2026-01-27T11:30:25+00:00\",\"breadcrumb\":{\"@id\":\"https:\/\/www.siestagarden.com\/produkt\/podwyzszany-warzywniak-drewniany-donica-15m-domowy-ogrod\/#breadcrumb\"},\"inLanguage\":\"uk\",\"potentialAction\":[{\"@type\":\"ReadAction\",\"target\":[\"https:\/\/www.siestagarden.com\/produkt\/podwyzszany-warzywniak-drewniany-donica-15m-domowy-ogrod\/\"]}]},{\"@type\":\"ImageObject\",\"inLanguage\":\"uk\",\"@id\":\"https:\/\/www.siestagarden.com\/produkt\/podwyzszany-warzywniak-drewniany-donica-15m-domowy-ogrod\/#primaryimage\",\"url\":\"https:\/\/www.siestagarden.com\/wp-content\/uploads\/2025\/05\/IMG_8963-scaled.jpg\",\"contentUrl\":\"https:\/\/www.siestagarden.com\/wp-content\/uploads\/2025\/05\/IMG_8963-scaled.jpg\",\"width\":2560,\"height\":1707},{\"@type\":\"BreadcrumbList\",\"@id\":\"https:\/\/www.siestagarden.com\/produkt\/podwyzszany-warzywniak-drewniany-donica-15m-domowy-ogrod\/#breadcrumb\",\"itemListElement\":[{\"@type\":\"ListItem\",\"position\":1,\"name\":\"Strona g\u0142\u00f3wna\",\"item\":\"https:\/\/www.siestagarden.com\/\"},{\"@type\":\"ListItem\",\"position\":2,\"name\":\"Sklep\",\"item\":\"https:\/\/www.siestagarden.com\/sklep\/\"},{\"@type\":\"ListItem\",\"position\":3,\"name\":\"Podwy\u017cszany warzywniak drewniany donica 1,5m Domowy Ogr\u00f3d\"}]},{\"@type\":\"WebSite\",\"@id\":\"https:\/\/www.siestagarden.com\/#website\",\"url\":\"https:\/\/www.siestagarden.com\/\",\"name\":\"Siesta Garden\",\"description\":\"Meble do Twojego ogrodu. Polski producent drewnianych mebli najwy\u017cszej jako\u015bci.\",\"potentialAction\":[{\"@type\":\"SearchAction\",\"target\":{\"@type\":\"EntryPoint\",\"urlTemplate\":\"https:\/\/www.siestagarden.com\/?s={search_term_string}\"},\"query-input\":{\"@type\":\"PropertyValueSpecification\",\"valueRequired\":true,\"valueName\":\"search_term_string\"}}],\"inLanguage\":\"uk\"}]}<\/script>\n<!-- \/ Yoast SEO plugin. -->","yoast_head_json":{"title":"Podwy\u017cszany warzywniak drewniany donica 1,5m Domowy Ogr\u00f3d - Siesta Garden","robots":{"index":"index","follow":"follow","max-snippet":"max-snippet:-1","max-image-preview":"max-image-preview:large","max-video-preview":"max-video-preview:-1"},"canonical":"https:\/\/www.siestagarden.com\/uk\/product\/podwyzszany-warzywniak-drewniany-donica-15m-domowy-ogrod\/","og_locale":"uk_UA","og_type":"article","og_title":"Podwy\u017cszany warzywniak drewniany donica 1,5m Domowy Ogr\u00f3d - Siesta Garden","og_description":"Marzysz o w\u0142asnej uprawie warzyw i zi\u00f3\u0142, nawet je\u015bli dysponujesz jedynie balkonem lub niewielkim tarasem? Podwy\u017cszony warzywnik SiestaGarden to praktyczne i estetyczne rozwi\u0105zanie, kt\u00f3re pozwoli Ci stworzy\u0107 zielony zak\u0105tek w dowolnej przestrzeni \u2013 w ogrodzie, na tarasie, a nawet na miejskim balkonie. Kluczowe zalety produktu: Naturalne drewno z certyfikatemKonstrukcja wykonana z polskiego drewna pochodz\u0105cego z [&hellip;]","og_url":"https:\/\/www.siestagarden.com\/uk\/product\/podwyzszany-warzywniak-drewniany-donica-15m-domowy-ogrod\/","og_site_name":"Siesta Garden","article_modified_time":"2026-01-27T11:30:25+00:00","og_image":[{"width":2560,"height":1707,"url":"https:\/\/www.siestagarden.com\/wp-content\/uploads\/2025\/05\/IMG_8963-scaled.jpg","type":"image\/jpeg"}],"twitter_card":"summary_large_image","twitter_misc":{"\u041f\u0440\u0438\u0431\u043b. \u0447\u0430\u0441 \u0447\u0438\u0442\u0430\u043d\u043d\u044f":"2 \u0445\u0432\u0438\u043b\u0438\u043d\u0438"},"schema":{"@context":"https:\/\/schema.org","@graph":[{"@type":"WebPage","@id":"https:\/\/www.siestagarden.com\/produkt\/podwyzszany-warzywniak-drewniany-donica-15m-domowy-ogrod\/","url":"https:\/\/www.siestagarden.com\/produkt\/podwyzszany-warzywniak-drewniany-donica-15m-domowy-ogrod\/","name":"Podwy\u017cszany warzywniak drewniany donica 1,5m Domowy Ogr\u00f3d - Siesta Garden","isPartOf":{"@id":"https:\/\/www.siestagarden.com\/#website"},"primaryImageOfPage":{"@id":"https:\/\/www.siestagarden.com\/produkt\/podwyzszany-warzywniak-drewniany-donica-15m-domowy-ogrod\/#primaryimage"},"image":{"@id":"https:\/\/www.siestagarden.com\/produkt\/podwyzszany-warzywniak-drewniany-donica-15m-domowy-ogrod\/#primaryimage"},"thumbnailUrl":"https:\/\/www.siestagarden.com\/wp-content\/uploads\/2025\/05\/IMG_8963-scaled.jpg","datePublished":"2025-05-06T07:23:31+00:00","dateModified":"2026-01-27T11:30:25+00:00","breadcrumb":{"@id":"https:\/\/www.siestagarden.com\/produkt\/podwyzszany-warzywniak-drewniany-donica-15m-domowy-ogrod\/#breadcrumb"},"inLanguage":"uk","potentialAction":[{"@type":"ReadAction","target":["https:\/\/www.siestagarden.com\/produkt\/podwyzszany-warzywniak-drewniany-donica-15m-domowy-ogrod\/"]}]},{"@type":"ImageObject","inLanguage":"uk","@id":"https:\/\/www.siestagarden.com\/produkt\/podwyzszany-warzywniak-drewniany-donica-15m-domowy-ogrod\/#primaryimage","url":"https:\/\/www.siestagarden.com\/wp-content\/uploads\/2025\/05\/IMG_8963-scaled.jpg","contentUrl":"https:\/\/www.siestagarden.com\/wp-content\/uploads\/2025\/05\/IMG_8963-scaled.jpg","width":2560,"height":1707},{"@type":"BreadcrumbList","@id":"https:\/\/www.siestagarden.com\/produkt\/podwyzszany-warzywniak-drewniany-donica-15m-domowy-ogrod\/#breadcrumb","itemListElement":[{"@type":"ListItem","position":1,"name":"Strona g\u0142\u00f3wna","item":"https:\/\/www.siestagarden.com\/"},{"@type":"ListItem","position":2,"name":"Sklep","item":"https:\/\/www.siestagarden.com\/sklep\/"},{"@type":"ListItem","position":3,"name":"Podwy\u017cszany warzywniak drewniany donica 1,5m Domowy Ogr\u00f3d"}]},{"@type":"WebSite","@id":"https:\/\/www.siestagarden.com\/#website","url":"https:\/\/www.siestagarden.com\/","name":"\u0421\u0430\u0434 \"\u0421\u0456\u0454\u0441\u0442\u0430","description":"\u041c\u0435\u0431\u043b\u0456 \u0434\u043b\u044f \u0432\u0430\u0448\u043e\u0433\u043e \u0441\u0430\u0434\u0443. \u041f\u043e\u043b\u044c\u0441\u044c\u043a\u0438\u0439 \u0432\u0438\u0440\u043e\u0431\u043d\u0438\u043a \u0434\u0435\u0440\u0435\u0432'\u044f\u043d\u0438\u0445 \u043c\u0435\u0431\u043b\u0456\u0432 \u043d\u0430\u0439\u0432\u0438\u0449\u043e\u0457 \u044f\u043a\u043e\u0441\u0442\u0456.","potentialAction":[{"@type":"SearchAction","target":{"@type":"EntryPoint","urlTemplate":"https:\/\/www.siestagarden.com\/?s={search_term_string}"},"query-input":{"@type":"PropertyValueSpecification","valueRequired":true,"valueName":"search_term_string"}}],"inLanguage":"uk"}]}},"_links":{"self":[{"href":"https:\/\/www.siestagarden.com\/uk\/wp-json\/wp\/v2\/product\/2930","targetHints":{"allow":["GET"]}}],"collection":[{"href":"https:\/\/www.siestagarden.com\/uk\/wp-json\/wp\/v2\/product"}],"about":[{"href":"https:\/\/www.siestagarden.com\/uk\/wp-json\/wp\/v2\/types\/product"}],"wp:featuredmedia":[{"embeddable":true,"href":"https:\/\/www.siestagarden.com\/uk\/wp-json\/wp\/v2\/media\/2935"}],"wp:attachment":[{"href":"https:\/\/www.siestagarden.com\/uk\/wp-json\/wp\/v2\/media?parent=2930"}],"wp:term":[{"taxonomy":"product_brand","embeddable":true,"href":"https:\/\/www.siestagarden.com\/uk\/wp-json\/wp\/v2\/product_brand?post=2930"},{"taxonomy":"product_cat","embeddable":true,"href":"https:\/\/www.siestagarden.com\/uk\/wp-json\/wp\/v2\/product_cat?post=2930"},{"taxonomy":"product_tag","embeddable":true,"href":"https:\/\/www.siestagarden.com\/uk\/wp-json\/wp\/v2\/product_tag?post=2930"}],"curies":[{"name":"wp","href":"https:\/\/api.w.org\/{rel}","templated":true}]}}