{"id":3281,"date":"2025-08-06T11:09:35","date_gmt":"2025-08-06T09:09:35","guid":{"rendered":"https:\/\/www.siestagarden.com\/?post_type=product&#038;p=3281"},"modified":"2026-03-25T08:54:03","modified_gmt":"2026-03-25T07:54:03","slug":"podwojna-oslona-na-kosze-na-smieci","status":"publish","type":"product","link":"https:\/\/www.siestagarden.com\/uk\/product\/podwojna-oslona-na-kosze-na-smieci\/","title":{"rendered":"\u041a\u0440\u0438\u0448\u043a\u0430 \u0434\u043b\u044f \u0441\u043c\u0456\u0442\u0442\u044f | \u043f\u043e\u0434\u0432\u0456\u0439\u043d\u0430 | 120 \u043b 240 \u043b | \u043d\u0430\u0442\u0443\u0440\u0430\u043b\u044c\u043d\u0430 \u0441\u043e\u0441\u043d\u0430"},"content":{"rendered":"<div class=\"mpof_ki myre_zn myre_8v_l m389_6m_l\">\n<div class=\"mp4t_16_s mryx_16_s mr3m_1 mli2_1 mh85_56 mh85_0_l\">\n<div class=\"mgn2_16 _0d3bd_am0a-\">\n<p><b>\u0414\u0435\u0440\u0435\u0432'\u044f\u043d\u0430 \u043a\u0440\u0438\u0448\u043a\u0430 \u0434\u043b\u044f \u0441\u043c\u0456\u0442\u043d\u0438\u043a\u0430 2x240L - \u0441\u043c\u0456\u0442\u0442\u0454\u0432\u0438\u0439 \u0431\u0430\u043a \u0456\u0437 \u0441\u043e\u0441\u043d\u0438 FSC<\/b><\/p>\n<p>\u0428\u0443\u043a\u0430\u0454\u0442\u0435 \u0441\u0442\u0438\u043b\u044c\u043d\u0438\u0439 \u0441\u043f\u043e\u0441\u0456\u0431 \u043f\u0440\u0438\u0445\u043e\u0432\u0430\u0442\u0438 \u043d\u0435\u043f\u0440\u0438\u0432\u0430\u0431\u043b\u0438\u0432\u0456 \u0441\u043c\u0456\u0442\u0442\u0454\u0432\u0456 \u0431\u0430\u043a\u0438? \u0426\u0435 <b>\u0434\u0435\u0440\u0435\u0432'\u044f\u043d\u0430 \u043a\u0440\u0438\u0448\u043a\u0430 \u0434\u043b\u044f \u0441\u043c\u0456\u0442\u043d\u0438\u043a\u0430<\/b> \u0437\u0440\u043e\u0431\u043b\u0435\u043d\u0456 \u0437 <b>\u0421\u0435\u0440\u0442\u0438\u0444\u0456\u043a\u043e\u0432\u0430\u043d\u0430 FSC\u00ae \u0441\u043e\u0441\u043d\u043e\u0432\u0430 \u0434\u0435\u0440\u0435\u0432\u0438\u043d\u0430<\/b> \u0446\u0435 \u0440\u0456\u0448\u0435\u043d\u043d\u044f, \u044f\u043a\u0435 \u043f\u043e\u0454\u0434\u043d\u0443\u0454 \u0432 \u0441\u043e\u0431\u0456 <b>\u0435\u0441\u0442\u0435\u0442\u0438\u043a\u0430, \u0441\u0442\u0430\u043b\u0438\u0439 \u0440\u043e\u0437\u0432\u0438\u0442\u043e\u043a \u0442\u0430 \u0442\u0443\u0440\u0431\u043e\u0442\u0430 \u043f\u0440\u043e \u043d\u0430\u0432\u043a\u043e\u043b\u0438\u0448\u043d\u0454 \u0441\u0435\u0440\u0435\u0434\u043e\u0432\u0438\u0449\u0435<\/b>.<\/p>\n<p>\u0406\u0434\u0435\u0430\u043b\u044c\u043d\u043e \u043f\u0456\u0434\u0445\u043e\u0434\u0438\u0442\u044c:<\/p>\n<p>\u2013 <b>2\u0445240\u043b \u0430\u0431\u043e 2\u0445120\u043b \u043a\u043e\u043d\u0442\u0435\u0439\u043d\u0435\u0440\u0438<\/b><\/p>\n<p>\u2013 <b>\u044f\u0449\u0438\u043a \u0434\u043b\u044f \u0441\u043c\u0456\u0442\u0442\u044f<\/b><\/p>\n<p>\u2013 <b>\u043a\u0440\u0438\u0448\u043a\u0430 \u0434\u043b\u044f \u043a\u043e\u043d\u0442\u0435\u0439\u043d\u0435\u0440\u0456\u0432 \u0434\u043b\u044f \u043f\u043e\u0431\u0443\u0442\u043e\u0432\u0438\u0445 \u0432\u0456\u0434\u0445\u043e\u0434\u0456\u0432<\/b><\/p>\n<\/div>\n<\/div>\n<\/div>\n<div class=\"mpof_ki myre_zn myre_8v_l m389_6m_l\">\n<div class=\"mp4t_16_s mryx_16_s mr3m_1 mli2_1 mh85_56 mh85_0_l\">\n<div class=\"mg9e_8 mj7a_8 mg9e_0_s mvrt_0_s mj7a_0_s mh36_0_s mzmg_6m munh_16_l m3h2_16_l\">\n<div class=\"mp4t_0 mryx_0 munh_56 m3h2_56\">\n<div class=\"mp7g_oh\"><\/div>\n<\/div>\n<\/div>\n<\/div>\n<\/div>\n<div class=\"mpof_ki myre_zn myre_8v_l m389_6m_l\">\n<div class=\"mp4t_16_s mryx_16_s mr3m_1 mli2_1 mh85_56 mh85_0_l\">\n<div class=\"mgn2_16 _0d3bd_am0a-\">\n<p><b>\u041e\u0441\u043d\u043e\u0432\u043d\u0456 \u043c\u043e\u043c\u0435\u043d\u0442\u0438 \u043f\u0440\u043e\u0434\u0443\u043a\u0442\u0443:<\/b><\/p>\n<ul>\n<li><b>\u0413\u0430\u0431\u0430\u0440\u0438\u0442\u043d\u0456 \u0440\u043e\u0437\u043c\u0456\u0440\u0438:<\/b> 148 \u0441\u043c (\u0448\u0438\u0440\u0438\u043d\u0430) x 92 \u0441\u043c (\u0433\u043b\u0438\u0431\u0438\u043d\u0430) x 120 \u0441\u043c (\u0432\u0438\u0441\u043e\u0442\u0430)<\/li>\n<li><b>\u0414\u043b\u044f \u0434\u0432\u043e\u0445 \u043a\u043e\u043d\u0442\u0435\u0439\u043d\u0435\u0440\u0456\u0432 120 \u0430\u0431\u043e 240 \u043b<\/b><\/li>\n<li><b>\u041c\u0430\u0442\u0435\u0440\u0456\u0430\u043b\u044c\u043d\u0438\u0439:<\/b> \u043c\u0456\u0446\u043d\u0430 \u0434\u0435\u0440\u0435\u0432\u0438\u043d\u0430 \u0441\u043e\u0441\u043d\u0438 <b>FSC\u00ae - \u0437\u0456 \u0441\u0442\u0430\u043b\u0438\u0445 \u0434\u0436\u0435\u0440\u0435\u043b<\/b><\/li>\n<li><b>\u041a\u043e\u043b\u0456\u0440:<\/b> \u043a\u043e\u0440\u0438\u0447\u043d\u0435\u0432\u0438\u0439<\/li>\n<li><b>\u041a\u0440\u0438\u0448\u043a\u0438 \u043c\u043e\u0436\u043d\u0430 \u0432\u0456\u0434\u043a\u0440\u0438\u0432\u0430\u0442\u0438 \u043d\u0435\u0437\u0430\u043b\u0435\u0436\u043d\u043e<\/b><\/li>\n<li><b>\u041b\u0430\u043d\u0446\u044e\u0433 \u0434\u043b\u044f \u043f\u0456\u0434\u0439\u043e\u043c\u0443 \u043a\u0440\u0438\u0448\u043a\u0438 \u043a\u043e\u043d\u0442\u0435\u0439\u043d\u0435\u0440\u0430<\/b><\/li>\n<li><b>\u0412\u0445\u0456\u0434\u043d\u0456 \u0434\u0432\u0435\u0440\u0446\u044f\u0442\u0430 \u0437 \u043a\u043b\u044f\u043c\u043a\u043e\u044e - \u0437\u0440\u0443\u0447\u043d\u0438\u0439 \u0434\u043e\u0441\u0442\u0443\u043f \u0456 \u043f\u0440\u0438\u0431\u0438\u0440\u0430\u043d\u043d\u044f<\/b><\/li>\n<\/ul>\n<\/div>\n<\/div>\n<\/div>\n<div class=\"mpof_ki myre_zn myre_8v_l m389_6m_l\">\n<div class=\"mp4t_16_s mryx_16_s mr3m_1 mli2_1 mh85_56 mh85_0_l\">\n<div class=\"mgn2_16 _0d3bd_am0a-\">\n<p><b>\u041f\u0435\u0440\u0435\u0432\u0430\u0433\u0438 \u043a\u0440\u0438\u0448\u043a\u0438 \u043a\u043e\u0448\u0438\u043a\u0430:<\/b><\/p>\n<ul>\n<li>\u041f\u043e\u043a\u0440\u0430\u0449\u0443\u0454 \u0435\u0441\u0442\u0435\u0442\u0438\u043a\u0443 \u0441\u0430\u0434\u0443 \u0442\u0430 \u043d\u0435\u0440\u0443\u0445\u043e\u043c\u043e\u0441\u0442\u0456<\/li>\n<li>\u0412\u0438\u0433\u043e\u0442\u043e\u0432\u043b\u0435\u043d\u043e \u0437 \u043d\u0430\u0442\u0443\u0440\u0430\u043b\u044c\u043d\u043e\u0457, \u043c\u0456\u0446\u043d\u043e\u0457 \u0441\u0438\u0440\u043e\u0432\u0438\u043d\u0438<\/li>\n<li>\u0421\u0442\u0456\u0439\u043a\u0456\u0441\u0442\u044c \u0434\u043e \u0432\u043e\u043b\u043e\u0433\u0438 \u0442\u0430 \u0443\u043b\u044c\u0442\u0440\u0430\u0444\u0456\u043e\u043b\u0435\u0442\u0443 \u0437\u0430\u0432\u0434\u044f\u043a\u0438 \u043f\u0440\u043e\u0441\u043e\u0447\u0435\u043d\u043d\u044e<\/li>\n<li>\u0421\u0443\u043c\u0456\u0441\u043d\u0438\u0439 \u0437 240-\u043b\u0456\u0442\u0440\u043e\u0432\u0438\u043c\u0438 \u043a\u043e\u043d\u0442\u0435\u0439\u043d\u0435\u0440\u0430\u043c\u0438<\/li>\n<li>\u041b\u0435\u0433\u043a\u0438\u0439 \u0434\u043e\u0441\u0442\u0443\u043f \u0447\u0435\u0440\u0435\u0437 \u0434\u0432\u0435\u0440\u0446\u044f\u0442\u0430 \u0442\u0430 \u043a\u0440\u0438\u0448\u043a\u0438, \u0449\u043e \u0432\u0456\u0434\u043a\u0440\u0438\u0432\u0430\u044e\u0442\u044c\u0441\u044f<\/li>\n<li><b>\u0423\u0441\u0432\u0456\u0434\u043e\u043c\u043b\u0435\u043d\u0438\u0439 \u0432\u0438\u0431\u0456\u0440 - FSC\u00ae \u0434\u0435\u0440\u0435\u0432\u0438\u043d\u0430<\/b><\/li>\n<\/ul>\n<p><b>\u0406\u0434\u0435\u0430\u043b\u044c\u043d\u043e \u043f\u0456\u0434\u0445\u043e\u0434\u0438\u0442\u044c \u0434\u043b\u044f \u0434\u043e\u0434\u0430\u0442\u043a\u0456\u0432:<\/b><\/p>\n<ul>\n<li>\u041f\u0435\u0440\u0435\u0434 \u0431\u0443\u0434\u0438\u043d\u043a\u043e\u043c - \u044f\u043a \u0435\u043b\u0435\u0433\u0430\u043d\u0442\u043d\u0438\u0439 <b>\u0440\u043e\u0437\u0440\u043e\u0431\u043a\u0430 \u0441\u043c\u0456\u0442\u0442\u0454\u0432\u043e\u0433\u043e \u043a\u043e\u043d\u0442\u0435\u0439\u043d\u0435\u0440\u0430<\/b><\/li>\n<li>\u0423 \u0441\u0430\u0434\u0443, \u043d\u0430 \u0437\u0435\u043c\u0435\u043b\u044c\u043d\u0456\u0439 \u0434\u0456\u043b\u044f\u043d\u0446\u0456, \u043f\u043e\u0440\u0443\u0447 \u0437 \u0434\u0430\u0447\u043d\u0438\u043c\u0438 \u0431\u0443\u0434\u0438\u043d\u043e\u0447\u043a\u0430\u043c\u0438<\/li>\n<li>\u0414\u043b\u044f \u0433\u043e\u0441\u0442\u044c\u043e\u0432\u0438\u0445 \u0431\u0443\u0434\u0438\u043d\u043a\u0456\u0432, \u0437\u0430\u043a\u043b\u0430\u0434\u0456\u0432 \u0433\u0440\u043e\u043c\u0430\u0434\u0441\u044c\u043a\u043e\u0433\u043e \u0445\u0430\u0440\u0447\u0443\u0432\u0430\u043d\u043d\u044f, \u043e\u0440\u0435\u043d\u0434\u0438 \u043a\u0432\u0430\u0440\u0442\u0438\u0440<\/li>\n<\/ul>\n<\/div>\n<\/div>\n<\/div>\n<div class=\"mpof_ki myre_zn myre_8v_l m389_6m_l\">\n<div class=\"mp4t_16_s mryx_16_s mr3m_1 mli2_1 mh85_56 mh85_0_l\">\n<div class=\"mgn2_16 _0d3bd_am0a-\">\n<p><b>\u0414\u0435\u0440\u0435\u0432\u0438\u043d\u0430 FSC\u00ae - \u0449\u043e \u0446\u0435 \u043e\u0437\u043d\u0430\u0447\u0430\u0454 \u0456 \u0447\u043e\u043c\u0443 \u0432\u043e\u043d\u0430 \u0442\u043e\u0433\u043e \u0432\u0430\u0440\u0442\u0430?<\/b><\/p>\n<p>\u0421\u0435\u0440\u0442\u0438\u0444\u0456\u043a\u0430\u0442 <b>FSC\u00ae (\u041b\u0456\u0441\u043e\u0432\u0430 \u043e\u043f\u0456\u043a\u0443\u043d\u0441\u044c\u043a\u0430 \u0440\u0430\u0434\u0430)<\/b> \u043e\u0437\u043d\u0430\u0447\u0430\u0454, \u0449\u043e \u0434\u0435\u0440\u0435\u0432\u0438\u043d\u0430 \u043f\u043e\u0445\u043e\u0434\u0438\u0442\u044c \u0437 <b>\u0432\u0456\u0434\u043f\u043e\u0432\u0456\u0434\u0430\u043b\u044c\u043d\u0435 \u0443\u043f\u0440\u0430\u0432\u043b\u0456\u043d\u043d\u044f \u043b\u0456\u0441\u0430\u043c\u0438<\/b>\u0432 \u044f\u043a\u043e\u043c\u0443<\/p>\n<ul>\n<li>\u041d\u0430\u0432\u043a\u043e\u043b\u0438\u0448\u043d\u0454 \u0441\u0435\u0440\u0435\u0434\u043e\u0432\u0438\u0449\u0435 \u0442\u0430 \u0431\u0456\u043e\u0440\u0456\u0437\u043d\u043e\u043c\u0430\u043d\u0456\u0442\u0442\u044f \u0437\u0430\u0445\u0438\u0449\u0435\u043d\u0456<\/li>\n<li>\u0414\u043e\u0442\u0440\u0438\u043c\u0443\u044e\u0442\u044c\u0441\u044f \u043f\u0440\u0430\u0432\u0430 \u043f\u0440\u0430\u0446\u0456\u0432\u043d\u0438\u043a\u0456\u0432 \u0442\u0430 \u043c\u0456\u0441\u0446\u0435\u0432\u0438\u0445 \u0433\u0440\u043e\u043c\u0430\u0434<\/li>\n<li>\u041b\u0456\u0441\u043e\u0432\u0456 \u0440\u0435\u0441\u0443\u0440\u0441\u0438 \u0454 \u0432\u0456\u0434\u043d\u043e\u0432\u043b\u044e\u0432\u0430\u043d\u0438\u043c\u0438 \u0442\u0430 \u0432\u0438\u043a\u043e\u0440\u0438\u0441\u0442\u043e\u0432\u0443\u044e\u0442\u044c\u0441\u044f \u0440\u0430\u0446\u0456\u043e\u043d\u0430\u043b\u044c\u043d\u043e<\/li>\n<\/ul>\n<p>\u041f\u0440\u0438 \u0432\u0438\u0431\u043e\u0440\u0456 \u043f\u0440\u043e\u0434\u0443\u043a\u0442\u0456\u0432 <b>FSC<\/b>\u0432\u0438 \u043f\u0456\u0434\u0442\u0440\u0438\u043c\u0443\u0454\u0442\u0435 \u043e\u0445\u043e\u0440\u043e\u043d\u0443 \u043f\u0440\u0438\u0440\u043e\u0434\u0438 \u0442\u0430 \u0441\u0432\u0456\u0434\u043e\u043c\u0435 \u043b\u0456\u0441\u043e\u043a\u043e\u0440\u0438\u0441\u0442\u0443\u0432\u0430\u043d\u043d\u044f - \u0431\u0435\u0437 \u0448\u043a\u043e\u0434\u0438 \u0434\u043b\u044f \u044f\u043a\u043e\u0441\u0442\u0456.<\/p>\n<\/div>\n<\/div>\n<\/div>\n<div class=\"mpof_ki myre_zn myre_8v_l m389_6m_l\">\n<div class=\"mp4t_16_s mryx_16_s mr3m_1 mli2_1 mh85_56 mh85_0_l\">\n<div class=\"mgn2_16 _0d3bd_am0a-\">\n<p><b>\u0414\u043e\u0434\u0430\u0442\u043a\u043e\u0432\u0430 \u0456\u043d\u0444\u043e\u0440\u043c\u0430\u0446\u0456\u044f:<\/b><\/p>\n<ul>\n<li>\u0412\u0438\u0440\u0456\u0431 \u043f\u043e\u0441\u0442\u0430\u0432\u043b\u044f\u0454\u0442\u044c\u0441\u044f \u0443 \u0432\u0438\u0433\u043b\u044f\u0434\u0456 \u043a\u043e\u043c\u043f\u043b\u0435\u043a\u0442\u0443 \u0434\u043b\u044f \u0441\u0430\u043c\u043e\u0441\u0442\u0456\u0439\u043d\u043e\u0433\u043e \u043c\u043e\u043d\u0442\u0430\u0436\u0443<\/li>\n<li>\u0423 \u043a\u043e\u043c\u043f\u043b\u0435\u043a\u0442\u0456: \u0456\u043d\u0441\u0442\u0440\u0443\u043a\u0446\u0456\u044f, \u043f\u0435\u0442\u043b\u0456, \u0448\u0443\u0440\u0443\u043f\u0438, \u043b\u0430\u043d\u0446\u044e\u0433\u0438<\/li>\n<li>\u041c\u0456\u0446\u043d\u0430 \u0443\u043f\u0430\u043a\u043e\u0432\u043a\u0430 \u0442\u0430 \u043a\u0443\u0440'\u0454\u0440\u0441\u044c\u043a\u0430 \u0434\u043e\u0441\u0442\u0430\u0432\u043a\u0430 \u043f\u043e \u0432\u0441\u0456\u0439 \u041f\u043e\u043b\u044c\u0449\u0456<\/li>\n<\/ul>\n<p>\u041f\u043e\u0434\u0431\u0430\u0439\u0442\u0435 \u043f\u0440\u043e \u0437\u043e\u0432\u043d\u0456\u0448\u043d\u0456\u0439 \u0432\u0438\u0433\u043b\u044f\u0434 \u0441\u0432\u043e\u0454\u0457 \u0432\u043b\u0430\u0441\u043d\u043e\u0441\u0442\u0456, \u043f\u043e\u0432\u0430\u0436\u0430\u044e\u0447\u0438 \u043f\u0440\u0438 \u0446\u044c\u043e\u043c\u0443 \u043f\u0440\u0438\u0440\u043e\u0434\u0443.<\/p>\n<p><b>\u0414\u0435\u0440\u0435\u0432'\u044f\u043d\u0430 \u043a\u0440\u0438\u0448\u043a\u0430 \u0434\u043b\u044f \u043a\u043e\u0448\u0438\u043a\u0430, \u0441\u0435\u0440\u0442\u0438\u0444\u0456\u043a\u043e\u0432\u0430\u043d\u0430 FSC\u00ae<\/b> \u0446\u0435 \u0435\u043a\u043e\u043b\u043e\u0433\u0456\u0447\u043d\u0456\u0441\u0442\u044c, \u0444\u0443\u043d\u043a\u0446\u0456\u043e\u043d\u0430\u043b\u044c\u043d\u0456\u0441\u0442\u044c \u0442\u0430 \u0432\u0456\u0434\u043f\u043e\u0432\u0456\u0434\u0430\u043b\u044c\u043d\u0438\u0439 \u0432\u0438\u0431\u0456\u0440 - \u0437\u0430\u0440\u0430\u0434\u0438 \u0432\u0430\u0448\u043e\u0433\u043e \u0434\u043e\u043c\u0443 \u0442\u0430 \u043d\u0430\u0448\u043e\u0457 \u043f\u043b\u0430\u043d\u0435\u0442\u0438.<\/p>\n<\/div>\n<\/div>\n<\/div>","protected":false},"excerpt":{"rendered":"<p>Drewniana os\u0142ona na kosze na \u015bmieci 2x240L \u2013 zabudowa na \u015bmietnik z drewna sosnowego FSC Szukasz stylowego sposobu na ukrycie nieestetycznych pojemnik\u00f3w na odpady? Ta drewniana os\u0142ona na kosze na \u015bmieci wykonana z drewna sosnowego z certyfikatem FSC\u00ae to rozwi\u0105zanie, kt\u00f3re \u0142\u0105czy estetyk\u0119, trwa\u0142o\u015b\u0107 i dba\u0142o\u015b\u0107 o \u015brodowisko. Idealna jako: &#8211; zabudowa na \u015bmietnik 2x240L [&hellip;]<\/p>\n","protected":false},"featured_media":3830,"template":"","meta":{"_acf_changed":false},"product_brand":[],"product_cat":[87,74],"product_tag":[],"class_list":{"0":"post-3281","1":"product","2":"type-product","3":"status-publish","4":"has-post-thumbnail","6":"product_cat-promocje","7":"product_cat-przechowywanie","8":"product_shipping_class-podstawowa","10":"first","11":"instock","12":"sale","13":"taxable","14":"shipping-taxable","15":"purchasable","16":"product-type-simple","17":"add-to-wishlist-after_add_to_cart"},"acf":[],"yoast_head":"<!-- This site is optimized with the Yoast SEO plugin v26.6 - https:\/\/yoast.com\/wordpress\/plugins\/seo\/ -->\n<title>Os\u0142ona na kosze na \u015bmieci | podw\u00f3jna | 120L 240L | naturalna sosna - Siesta Garden<\/title>\n<meta name=\"robots\" content=\"index, follow, max-snippet:-1, max-image-preview:large, max-video-preview:-1\" \/>\n<link rel=\"canonical\" href=\"https:\/\/www.siestagarden.com\/uk\/product\/podwojna-oslona-na-kosze-na-smieci\/\" \/>\n<meta property=\"og:locale\" content=\"uk_UA\" \/>\n<meta property=\"og:type\" content=\"article\" \/>\n<meta property=\"og:title\" content=\"Os\u0142ona na kosze na \u015bmieci | podw\u00f3jna | 120L 240L | naturalna sosna - Siesta Garden\" \/>\n<meta property=\"og:description\" content=\"Drewniana os\u0142ona na kosze na \u015bmieci 2x240L \u2013 zabudowa na \u015bmietnik z drewna sosnowego FSC Szukasz stylowego sposobu na ukrycie nieestetycznych pojemnik\u00f3w na odpady? Ta drewniana os\u0142ona na kosze na \u015bmieci wykonana z drewna sosnowego z certyfikatem FSC\u00ae to rozwi\u0105zanie, kt\u00f3re \u0142\u0105czy estetyk\u0119, trwa\u0142o\u015b\u0107 i dba\u0142o\u015b\u0107 o \u015brodowisko. Idealna jako: &#8211; zabudowa na \u015bmietnik 2x240L [&hellip;]\" \/>\n<meta property=\"og:url\" content=\"https:\/\/www.siestagarden.com\/uk\/product\/podwojna-oslona-na-kosze-na-smieci\/\" \/>\n<meta property=\"og:site_name\" content=\"Siesta Garden\" \/>\n<meta property=\"article:modified_time\" content=\"2026-03-25T07:54:03+00:00\" \/>\n<meta property=\"og:image\" content=\"https:\/\/www.siestagarden.com\/wp-content\/uploads\/2025\/08\/oslona-na-kosze-e1770628671493-1024x1024.png\" \/>\n\t<meta property=\"og:image:width\" content=\"1024\" \/>\n\t<meta property=\"og:image:height\" content=\"1024\" \/>\n\t<meta property=\"og:image:type\" content=\"image\/png\" \/>\n<meta name=\"twitter:card\" content=\"summary_large_image\" \/>\n<meta name=\"twitter:label1\" content=\"\u041f\u0440\u0438\u0431\u043b. \u0447\u0430\u0441 \u0447\u0438\u0442\u0430\u043d\u043d\u044f\" \/>\n\t<meta name=\"twitter:data1\" content=\"2 \u0445\u0432\u0438\u043b\u0438\u043d\u0438\" \/>\n<script type=\"application\/ld+json\" class=\"yoast-schema-graph\">{\"@context\":\"https:\/\/schema.org\",\"@graph\":[{\"@type\":\"WebPage\",\"@id\":\"https:\/\/www.siestagarden.com\/produkt\/podwojna-oslona-na-kosze-na-smieci\/\",\"url\":\"https:\/\/www.siestagarden.com\/produkt\/podwojna-oslona-na-kosze-na-smieci\/\",\"name\":\"Os\u0142ona na kosze na \u015bmieci | podw\u00f3jna | 120L 240L | naturalna sosna - Siesta Garden\",\"isPartOf\":{\"@id\":\"https:\/\/www.siestagarden.com\/#website\"},\"primaryImageOfPage\":{\"@id\":\"https:\/\/www.siestagarden.com\/produkt\/podwojna-oslona-na-kosze-na-smieci\/#primaryimage\"},\"image\":{\"@id\":\"https:\/\/www.siestagarden.com\/produkt\/podwojna-oslona-na-kosze-na-smieci\/#primaryimage\"},\"thumbnailUrl\":\"https:\/\/www.siestagarden.com\/wp-content\/uploads\/2025\/08\/oslona-na-kosze-e1770628671493.png\",\"datePublished\":\"2025-08-06T09:09:35+00:00\",\"dateModified\":\"2026-03-25T07:54:03+00:00\",\"breadcrumb\":{\"@id\":\"https:\/\/www.siestagarden.com\/produkt\/podwojna-oslona-na-kosze-na-smieci\/#breadcrumb\"},\"inLanguage\":\"uk\",\"potentialAction\":[{\"@type\":\"ReadAction\",\"target\":[\"https:\/\/www.siestagarden.com\/produkt\/podwojna-oslona-na-kosze-na-smieci\/\"]}]},{\"@type\":\"ImageObject\",\"inLanguage\":\"uk\",\"@id\":\"https:\/\/www.siestagarden.com\/produkt\/podwojna-oslona-na-kosze-na-smieci\/#primaryimage\",\"url\":\"https:\/\/www.siestagarden.com\/wp-content\/uploads\/2025\/08\/oslona-na-kosze-e1770628671493.png\",\"contentUrl\":\"https:\/\/www.siestagarden.com\/wp-content\/uploads\/2025\/08\/oslona-na-kosze-e1770628671493.png\",\"width\":1500,\"height\":1500},{\"@type\":\"BreadcrumbList\",\"@id\":\"https:\/\/www.siestagarden.com\/produkt\/podwojna-oslona-na-kosze-na-smieci\/#breadcrumb\",\"itemListElement\":[{\"@type\":\"ListItem\",\"position\":1,\"name\":\"Strona g\u0142\u00f3wna\",\"item\":\"https:\/\/www.siestagarden.com\/\"},{\"@type\":\"ListItem\",\"position\":2,\"name\":\"Sklep\",\"item\":\"https:\/\/www.siestagarden.com\/sklep\/\"},{\"@type\":\"ListItem\",\"position\":3,\"name\":\"Os\u0142ona na kosze na \u015bmieci | podw\u00f3jna | 120L 240L | naturalna sosna\"}]},{\"@type\":\"WebSite\",\"@id\":\"https:\/\/www.siestagarden.com\/#website\",\"url\":\"https:\/\/www.siestagarden.com\/\",\"name\":\"Siesta Garden\",\"description\":\"Meble do Twojego ogrodu. Polski producent drewnianych mebli najwy\u017cszej jako\u015bci.\",\"potentialAction\":[{\"@type\":\"SearchAction\",\"target\":{\"@type\":\"EntryPoint\",\"urlTemplate\":\"https:\/\/www.siestagarden.com\/?s={search_term_string}\"},\"query-input\":{\"@type\":\"PropertyValueSpecification\",\"valueRequired\":true,\"valueName\":\"search_term_string\"}}],\"inLanguage\":\"uk\"}]}<\/script>\n<!-- \/ Yoast SEO plugin. -->","yoast_head_json":{"title":"Os\u0142ona na kosze na \u015bmieci | podw\u00f3jna | 120L 240L | naturalna sosna - Siesta Garden","robots":{"index":"index","follow":"follow","max-snippet":"max-snippet:-1","max-image-preview":"max-image-preview:large","max-video-preview":"max-video-preview:-1"},"canonical":"https:\/\/www.siestagarden.com\/uk\/product\/podwojna-oslona-na-kosze-na-smieci\/","og_locale":"uk_UA","og_type":"article","og_title":"Os\u0142ona na kosze na \u015bmieci | podw\u00f3jna | 120L 240L | naturalna sosna - Siesta Garden","og_description":"Drewniana os\u0142ona na kosze na \u015bmieci 2x240L \u2013 zabudowa na \u015bmietnik z drewna sosnowego FSC Szukasz stylowego sposobu na ukrycie nieestetycznych pojemnik\u00f3w na odpady? Ta drewniana os\u0142ona na kosze na \u015bmieci wykonana z drewna sosnowego z certyfikatem FSC\u00ae to rozwi\u0105zanie, kt\u00f3re \u0142\u0105czy estetyk\u0119, trwa\u0142o\u015b\u0107 i dba\u0142o\u015b\u0107 o \u015brodowisko. Idealna jako: &#8211; zabudowa na \u015bmietnik 2x240L [&hellip;]","og_url":"https:\/\/www.siestagarden.com\/uk\/product\/podwojna-oslona-na-kosze-na-smieci\/","og_site_name":"Siesta Garden","article_modified_time":"2026-03-25T07:54:03+00:00","og_image":[{"width":1024,"height":1024,"url":"https:\/\/www.siestagarden.com\/wp-content\/uploads\/2025\/08\/oslona-na-kosze-e1770628671493-1024x1024.png","type":"image\/png"}],"twitter_card":"summary_large_image","twitter_misc":{"\u041f\u0440\u0438\u0431\u043b. \u0447\u0430\u0441 \u0447\u0438\u0442\u0430\u043d\u043d\u044f":"2 \u0445\u0432\u0438\u043b\u0438\u043d\u0438"},"schema":{"@context":"https:\/\/schema.org","@graph":[{"@type":"WebPage","@id":"https:\/\/www.siestagarden.com\/produkt\/podwojna-oslona-na-kosze-na-smieci\/","url":"https:\/\/www.siestagarden.com\/produkt\/podwojna-oslona-na-kosze-na-smieci\/","name":"Os\u0142ona na kosze na \u015bmieci | podw\u00f3jna | 120L 240L | naturalna sosna - Siesta Garden","isPartOf":{"@id":"https:\/\/www.siestagarden.com\/#website"},"primaryImageOfPage":{"@id":"https:\/\/www.siestagarden.com\/produkt\/podwojna-oslona-na-kosze-na-smieci\/#primaryimage"},"image":{"@id":"https:\/\/www.siestagarden.com\/produkt\/podwojna-oslona-na-kosze-na-smieci\/#primaryimage"},"thumbnailUrl":"https:\/\/www.siestagarden.com\/wp-content\/uploads\/2025\/08\/oslona-na-kosze-e1770628671493.png","datePublished":"2025-08-06T09:09:35+00:00","dateModified":"2026-03-25T07:54:03+00:00","breadcrumb":{"@id":"https:\/\/www.siestagarden.com\/produkt\/podwojna-oslona-na-kosze-na-smieci\/#breadcrumb"},"inLanguage":"uk","potentialAction":[{"@type":"ReadAction","target":["https:\/\/www.siestagarden.com\/produkt\/podwojna-oslona-na-kosze-na-smieci\/"]}]},{"@type":"ImageObject","inLanguage":"uk","@id":"https:\/\/www.siestagarden.com\/produkt\/podwojna-oslona-na-kosze-na-smieci\/#primaryimage","url":"https:\/\/www.siestagarden.com\/wp-content\/uploads\/2025\/08\/oslona-na-kosze-e1770628671493.png","contentUrl":"https:\/\/www.siestagarden.com\/wp-content\/uploads\/2025\/08\/oslona-na-kosze-e1770628671493.png","width":1500,"height":1500},{"@type":"BreadcrumbList","@id":"https:\/\/www.siestagarden.com\/produkt\/podwojna-oslona-na-kosze-na-smieci\/#breadcrumb","itemListElement":[{"@type":"ListItem","position":1,"name":"Strona g\u0142\u00f3wna","item":"https:\/\/www.siestagarden.com\/"},{"@type":"ListItem","position":2,"name":"Sklep","item":"https:\/\/www.siestagarden.com\/sklep\/"},{"@type":"ListItem","position":3,"name":"Os\u0142ona na kosze na \u015bmieci | podw\u00f3jna | 120L 240L | naturalna sosna"}]},{"@type":"WebSite","@id":"https:\/\/www.siestagarden.com\/#website","url":"https:\/\/www.siestagarden.com\/","name":"\u0421\u0430\u0434 \"\u0421\u0456\u0454\u0441\u0442\u0430","description":"\u041c\u0435\u0431\u043b\u0456 \u0434\u043b\u044f \u0432\u0430\u0448\u043e\u0433\u043e \u0441\u0430\u0434\u0443. \u041f\u043e\u043b\u044c\u0441\u044c\u043a\u0438\u0439 \u0432\u0438\u0440\u043e\u0431\u043d\u0438\u043a \u0434\u0435\u0440\u0435\u0432'\u044f\u043d\u0438\u0445 \u043c\u0435\u0431\u043b\u0456\u0432 \u043d\u0430\u0439\u0432\u0438\u0449\u043e\u0457 \u044f\u043a\u043e\u0441\u0442\u0456.","potentialAction":[{"@type":"SearchAction","target":{"@type":"EntryPoint","urlTemplate":"https:\/\/www.siestagarden.com\/?s={search_term_string}"},"query-input":{"@type":"PropertyValueSpecification","valueRequired":true,"valueName":"search_term_string"}}],"inLanguage":"uk"}]}},"_links":{"self":[{"href":"https:\/\/www.siestagarden.com\/uk\/wp-json\/wp\/v2\/product\/3281","targetHints":{"allow":["GET"]}}],"collection":[{"href":"https:\/\/www.siestagarden.com\/uk\/wp-json\/wp\/v2\/product"}],"about":[{"href":"https:\/\/www.siestagarden.com\/uk\/wp-json\/wp\/v2\/types\/product"}],"wp:featuredmedia":[{"embeddable":true,"href":"https:\/\/www.siestagarden.com\/uk\/wp-json\/wp\/v2\/media\/3830"}],"wp:attachment":[{"href":"https:\/\/www.siestagarden.com\/uk\/wp-json\/wp\/v2\/media?parent=3281"}],"wp:term":[{"taxonomy":"product_brand","embeddable":true,"href":"https:\/\/www.siestagarden.com\/uk\/wp-json\/wp\/v2\/product_brand?post=3281"},{"taxonomy":"product_cat","embeddable":true,"href":"https:\/\/www.siestagarden.com\/uk\/wp-json\/wp\/v2\/product_cat?post=3281"},{"taxonomy":"product_tag","embeddable":true,"href":"https:\/\/www.siestagarden.com\/uk\/wp-json\/wp\/v2\/product_tag?post=3281"}],"curies":[{"name":"wp","href":"https:\/\/api.w.org\/{rel}","templated":true}]}}