{"id":3409,"date":"2025-10-20T12:08:47","date_gmt":"2025-10-20T10:08:47","guid":{"rendered":"https:\/\/www.siestagarden.com\/?post_type=product&#038;p=3409"},"modified":"2026-02-26T07:18:20","modified_gmt":"2026-02-26T06:18:20","slug":"paczkobox-ze-schowkiem","status":"publish","type":"product","link":"https:\/\/www.siestagarden.com\/uk\/product\/paczkobox-ze-schowkiem\/","title":{"rendered":"PaczkoBox Loft \u0437 \u0432\u0456\u0434\u0434\u0456\u043b\u0435\u043d\u043d\u044f\u043c \u0434\u043b\u044f \u0437\u0431\u0435\u0440\u0456\u0433\u0430\u043d\u043d\u044f"},"content":{"rendered":"<p data-start=\"91\" data-end=\"162\"><strong data-start=\"91\" data-end=\"162\">\u041a\u043e\u0440\u043e\u0431\u043a\u0430 \u0434\u043b\u044f \u043f\u043e\u0441\u0438\u043b\u043e\u043a \u0437 \u0432\u0456\u0434\u0434\u0456\u043b\u0435\u043d\u043d\u044f\u043c \u0434\u043b\u044f \u0437\u0431\u0435\u0440\u0456\u0433\u0430\u043d\u043d\u044f - \u0434\u0435\u0440\u0435\u0432'\u044f\u043d\u0430 \u043a\u043e\u0440\u043e\u0431\u043a\u0430 \u0434\u043b\u044f \u043f\u043e\u0441\u0438\u043b\u043e\u043a \u0442\u0430 \u043f\u0430\u043a\u0443\u043d\u043a\u0456\u0432<\/strong><\/p>\n<p data-start=\"164\" data-end=\"222\">\u0427\u0438 \u0447\u0430\u0441\u0442\u043e \u043a\u0443\u0440'\u0454\u0440 \u043f\u0440\u0438\u0457\u0436\u0434\u0436\u0430\u0454, \u043a\u043e\u043b\u0438 \u0432\u0430\u0441 \u043d\u0435\u043c\u0430\u0454 \u0432\u0434\u043e\u043c\u0430?<\/p>\n<p data-start=\"224\" data-end=\"310\">\u0410\u0431\u043e \u0432\u0430\u043c \u043d\u0430\u0431\u0440\u0438\u0434\u043b\u043e, \u0449\u043e \u043f\u043e\u0441\u0438\u043b\u043a\u0438 \u0437\u0430\u043b\u0438\u0448\u0430\u044e\u0442\u044c \u043f\u0456\u0434 \u0434\u043e\u0449\u0435\u043c \u0430\u0431\u043e \u0432 \u043d\u0435\u0431\u0435\u0437\u043f\u0435\u0447\u043d\u0438\u0445 \u043c\u0456\u0441\u0446\u044f\u0445?<\/p>\n<p data-start=\"312\" data-end=\"606\">\u041f\u043e\u0448\u0442\u043e\u0432\u0430 \u0441\u043a\u0440\u0438\u043d\u044c\u043a\u0430 - \u0446\u0435 \u043f\u0440\u0430\u043a\u0442\u0438\u0447\u043d\u0435 \u0442\u0430 \u0435\u043b\u0435\u0433\u0430\u043d\u0442\u043d\u0435 \u0440\u0456\u0448\u0435\u043d\u043d\u044f, \u044f\u043a\u0435 \u0434\u043e\u0437\u0432\u043e\u043b\u044f\u0454 \u0437\u0430\u0431\u0438\u0440\u0430\u0442\u0438 \u043f\u043e\u0441\u0438\u043b\u043a\u0438 \u0431\u0435\u0437 \u0441\u0442\u0440\u0435\u0441\u0443 - \u043d\u0435\u0437\u0430\u043b\u0435\u0436\u043d\u043e \u0432\u0456\u0434 \u043f\u043e\u0433\u043e\u0434\u0438 \u0447\u0438 \u0432\u0430\u0448\u043e\u0457 \u043f\u0440\u0438\u0441\u0443\u0442\u043d\u043e\u0441\u0442\u0456 \u0432\u0434\u043e\u043c\u0430.<br data-start=\"458\" data-end=\"461\" \/>\u0417\u0430\u0432\u0434\u044f\u043a\u0438 \u043f\u0440\u043e\u0434\u0443\u043c\u0430\u043d\u0456\u0439 \u043a\u043e\u043d\u0441\u0442\u0440\u0443\u043a\u0446\u0456\u0457 \u043a\u0443\u0440'\u0454\u0440 \u043c\u043e\u0436\u0435 \u043b\u0435\u0433\u043a\u043e \u043f\u043e\u043a\u043b\u0430\u0441\u0442\u0438 \u043f\u043e\u0441\u0438\u043b\u043a\u0443 \u0432\u0441\u0435\u0440\u0435\u0434\u0438\u043d\u0443, \u0456 \u0442\u0456\u043b\u044c\u043a\u0438 \u0432\u043b\u0430\u0441\u043d\u0438\u043a \u043c\u0430\u0454 \u0434\u043e\u0441\u0442\u0443\u043f \u0434\u043e \u043d\u0435\u0457 \u0447\u0435\u0440\u0435\u0437 \u043f\u0435\u0440\u0435\u0434\u043d\u044e \u043a\u0440\u0438\u0448\u043a\u0443, \u0449\u043e \u0437\u0430\u043c\u0438\u043a\u0430\u0454\u0442\u044c\u0441\u044f.<\/p>\n<p data-start=\"608\" data-end=\"908\">\u041f\u043e\u0448\u0442\u043e\u0432\u0430 \u0441\u043a\u0440\u0438\u043d\u044c\u043a\u0430 \u0432\u0438\u0433\u043e\u0442\u043e\u0432\u043b\u0435\u043d\u0430 \u0437 \u043d\u0430\u0442\u0443\u0440\u0430\u043b\u044c\u043d\u043e\u0457 \u0441\u043e\u0441\u043d\u043e\u0432\u043e\u0457 \u0434\u0435\u0440\u0435\u0432\u0438\u043d\u0438 \u0442\u0430 \u0456\u0434\u0435\u0430\u043b\u044c\u043d\u043e \u0432\u043f\u0438\u0441\u0443\u0454\u0442\u044c\u0441\u044f \u0443 \u0432\u0445\u0456\u0434 \u0434\u043e \u0431\u0443\u0434\u0438\u043d\u043a\u0443, \u0442\u0435\u0440\u0430\u0441\u0438 \u0430\u0431\u043e \u0441\u0430\u0434\u0443.<br data-start=\"718\" data-end=\"721\" \/><strong data-start=\"721\" data-end=\"908\">\u041a\u0440\u0456\u043c \u0442\u043e\u0433\u043e, \u0432\u0456\u043d \u043e\u0441\u043d\u0430\u0449\u0435\u043d\u0438\u0439 \u043f\u0440\u0430\u043a\u0442\u0438\u0447\u043d\u0438\u043c \u0432\u0456\u0434\u0441\u0456\u043a\u043e\u043c \u0434\u043b\u044f \u0437\u0431\u0435\u0440\u0456\u0433\u0430\u043d\u043d\u044f \u0437\u0440\u0443\u0447\u043d\u0438\u0445 \u0441\u0430\u0434\u043e\u0432\u0438\u0445 \u0430\u043a\u0441\u0435\u0441\u0443\u0430\u0440\u0456\u0432, \u0442\u0430\u043a\u0438\u0445 \u044f\u043a \u0440\u0443\u043a\u0430\u0432\u0438\u0447\u043a\u0438, \u0441\u0435\u043a\u0430\u0442\u043e\u0440 \u0430\u0431\u043e \u0456\u043d\u0441\u0442\u0440\u0443\u043c\u0435\u043d\u0442\u0438 \u0434\u043b\u044f \u0434\u043e\u0433\u043b\u044f\u0434\u0443 \u0437\u0430 \u0440\u043e\u0441\u043b\u0438\u043d\u0430\u043c\u0438.<\/strong><\/p>\n<p data-start=\"608\" data-end=\"908\"><strong data-start=\"721\" data-end=\"908\">\u0417\u0430:<\/strong><\/p>\n<p data-start=\"928\" data-end=\"1305\"><img decoding=\"async\" class=\"emoji\" role=\"img\" draggable=\"false\" src=\"https:\/\/s.w.org\/images\/core\/emoji\/16.0.1\/svg\/2714.svg\" alt=\"\u2714\ufe0f\" \/>\u00a024\/7 \u043e\u0442\u0440\u0438\u043c\u0430\u043d\u043d\u044f \u043f\u043e\u0441\u0438\u043b\u043e\u043a - \u043d\u0430\u0432\u0456\u0442\u044c \u043a\u043e\u043b\u0438 \u0432\u0430\u0441 \u043d\u0435\u043c\u0430\u0454 \u0432\u0434\u043e\u043c\u0430<br data-start=\"988\" data-end=\"991\" \/><img decoding=\"async\" class=\"emoji\" role=\"img\" draggable=\"false\" src=\"https:\/\/s.w.org\/images\/core\/emoji\/16.0.1\/svg\/2714.svg\" alt=\"\u2714\ufe0f\" \/>\u00a0\u041f\u043e\u0433\u043e\u0434\u043e\u0441\u0442\u0456\u0439\u043a\u0438\u0439 - \u0437\u0430\u0445\u0438\u0449\u0430\u0454 \u0432\u0456\u0434 \u0434\u043e\u0449\u0443, \u0441\u043d\u0456\u0433\u0443 \u0442\u0430 \u0432\u043e\u043b\u043e\u0433\u0438<br data-start=\"1065\" data-end=\"1068\" \/><img decoding=\"async\" class=\"emoji\" role=\"img\" draggable=\"false\" src=\"https:\/\/s.w.org\/images\/core\/emoji\/16.0.1\/svg\/2714.svg\" alt=\"\u2714\ufe0f\" \/>\u00a0\u041d\u0430\u0434\u0456\u0439\u043d\u0430 \u043a\u043e\u043d\u0441\u0442\u0440\u0443\u043a\u0446\u0456\u044f - \u043c\u043e\u0436\u043d\u0430 \u0437\u0430\u043a\u0440\u0438\u0442\u0438 \u043d\u0430 \u043d\u0430\u0432\u0456\u0441\u043d\u0438\u0439 \u0437\u0430\u043c\u043e\u043a<br data-start=\"1125\" data-end=\"1128\" \/><img decoding=\"async\" class=\"emoji\" role=\"img\" draggable=\"false\" src=\"https:\/\/s.w.org\/images\/core\/emoji\/16.0.1\/svg\/2714.svg\" alt=\"\u2714\ufe0f\" \/>\u00a0\u041f\u0440\u0438\u0440\u043e\u0434\u043d\u0438\u0439 \u0432\u0438\u0433\u043b\u044f\u0434 - \u0435\u0441\u0442\u0435\u0442\u0438\u0447\u043d\u0438\u0439 \u0435\u043b\u0435\u043c\u0435\u043d\u0442 \u0431\u0443\u0434\u0438\u043d\u043a\u0443 \u0442\u0430 \u0441\u0430\u0434\u0443<br data-start=\"1181\" data-end=\"1184\" \/><img decoding=\"async\" class=\"emoji\" role=\"img\" draggable=\"false\" src=\"https:\/\/s.w.org\/images\/core\/emoji\/16.0.1\/svg\/2714.svg\" alt=\"\u2714\ufe0f\" \/>\u00a0\u0414\u043e\u0434\u0430\u0442\u043a\u043e\u0432\u0435 \u043c\u0456\u0441\u0446\u0435 \u0434\u043b\u044f \u0437\u0431\u0435\u0440\u0456\u0433\u0430\u043d\u043d\u044f \u043d\u0435\u043e\u0431\u0445\u0456\u0434\u043d\u043e\u0433\u043e \u0441\u0430\u0434\u043e\u0432\u043e\u0433\u043e \u043f\u0440\u0438\u043b\u0430\u0434\u0434\u044f<br data-start=\"1235\" data-end=\"1238\" \/><img decoding=\"async\" class=\"emoji\" role=\"img\" draggable=\"false\" src=\"https:\/\/s.w.org\/images\/core\/emoji\/16.0.1\/svg\/2714.svg\" alt=\"\u2714\ufe0f\" \/>\u00a0\u0423\u043d\u0456\u0432\u0435\u0440\u0441\u0430\u043b\u044c\u043d\u0435 \u0432\u0438\u043a\u043e\u0440\u0438\u0441\u0442\u0430\u043d\u043d\u044f - \u0456\u0434\u0435\u0430\u043b\u044c\u043d\u043e \u043f\u0456\u0434\u0445\u043e\u0434\u0438\u0442\u044c \u0434\u043b\u044f \u043f\u043e\u0441\u0438\u043b\u043e\u043a \u0456 \u043d\u0435\u0432\u0435\u043b\u0438\u043a\u0438\u0445 \u0432\u0430\u043d\u0442\u0430\u0436\u0456\u0432<\/p>\n<p data-start=\"1312\" data-end=\"1329\"><strong data-start=\"1312\" data-end=\"1329\">\u0417\u0430\u044f\u0432\u043a\u0430:<\/strong><\/p>\n<p data-start=\"1331\" data-end=\"1481\">- \u0411\u0456\u043b\u044f \u0432\u0445\u043e\u0434\u0443 \u0432 \u0431\u0443\u0434\u0438\u043d\u043e\u043a \u0430\u0431\u043e \u043d\u0430 \u0442\u0435\u0440\u0430\u0441\u0456<br data-start=\"1368\" data-end=\"1371\" \/>- \u041f\u0456\u0434 \u043d\u0430\u0432\u0456\u0441\u043e\u043c, \u0432 \u0433\u0430\u0440\u0430\u0436\u0456 \u0430\u0431\u043e \u043d\u0430 \u043f\u0456\u0434'\u0457\u0437\u043d\u0456\u0439 \u0434\u043e\u0440\u043e\u0437\u0456<br data-start=\"1410\" data-end=\"1413\" \/>- \u0414\u043b\u044f \u0431\u0443\u0434\u0438\u043d\u043a\u0456\u0432 \u0434\u043b\u044f \u0432\u0456\u0434\u043f\u043e\u0447\u0438\u043d\u043a\u0443, \u043e\u0440\u0435\u043d\u0434\u0438 \u0430\u0431\u043e \u043e\u0444\u0456\u0441\u0456\u0432<\/p>\n<p data-start=\"1488\" data-end=\"1721\">\u041f\u043e\u0441\u0438\u043b\u043e\u0447\u043d\u0430 \u0441\u043a\u0440\u0438\u043d\u044c\u043a\u0430 \u0437\u0456 \u0441\u0445\u043e\u0432\u0438\u0449\u0435\u043c \u0433\u0430\u0440\u0430\u043d\u0442\u0443\u0454, \u0449\u043e \u0432\u0430\u0448\u0456 \u043f\u043e\u0441\u0438\u043b\u043a\u0438 \u0437\u0430\u0432\u0436\u0434\u0438 \u0431\u0443\u0434\u0443\u0442\u044c \u0441\u0443\u0445\u0438\u043c\u0438, \u0431\u0435\u0437\u043f\u0435\u0447\u043d\u0438\u043c\u0438 \u0442\u0430 \u0437\u0431\u0435\u0440\u0456\u0433\u0430\u0442\u0438\u043c\u0443\u0442\u044c\u0441\u044f \u0441\u0430\u043c\u0435 \u0442\u0430\u043c, \u0434\u0435 \u0432\u043e\u043d\u0438 \u043c\u0430\u044e\u0442\u044c \u0431\u0443\u0442\u0438.<br data-start=\"1600\" data-end=\"1603\" \/>\u0426\u0435 \u043f\u0440\u0430\u043a\u0442\u0438\u0447\u043d\u0435, \u0434\u043e\u0432\u0433\u043e\u0432\u0456\u0447\u043d\u0435 \u0456 \u0441\u0442\u0438\u043b\u044c\u043d\u0435 \u0440\u0456\u0448\u0435\u043d\u043d\u044f \u0434\u043b\u044f \u043b\u044e\u0434\u0435\u0439, \u044f\u043a\u0456 \u0446\u0456\u043d\u0443\u044e\u0442\u044c \u043f\u043e\u0440\u044f\u0434\u043e\u043a, \u0437\u0440\u0443\u0447\u043d\u0456\u0441\u0442\u044c <strong data-start=\"1686\" data-end=\"1720\">\u0456 \u043b\u044e\u0431\u0438\u0442\u0435 \u043c\u0430\u0442\u0438 \u0432\u0441\u0435 \u043f\u0456\u0434 \u0440\u0443\u043a\u043e\u044e<\/strong>.<\/p>","protected":false},"excerpt":{"rendered":"<p>Paczkobox ze schowkiem \u2013 Drewniana skrzynia na paczki i przesy\u0142ki Czy kurier cz\u0119sto przychodzi wtedy, gdy nie ma Ci\u0119 w domu? A mo\u017ce masz do\u015b\u0107 tego, \u017ce paczki zostawiane s\u0105 na deszczu albo w niepewnych miejscach? Paczkobox to praktyczne i eleganckie rozwi\u0105zanie, dzi\u0119ki kt\u00f3remu odbierzesz przesy\u0142ki bez stresu \u2013 niezale\u017cnie od pogody i swojej obecno\u015bci [&hellip;]<\/p>\n","protected":false},"featured_media":3410,"template":"","meta":{"_acf_changed":false},"product_brand":[],"product_cat":[98],"product_tag":[104],"class_list":{"0":"post-3409","1":"product","2":"type-product","3":"status-publish","4":"has-post-thumbnail","6":"product_cat-paczkobox","7":"product_tag-na-zamowienie","9":"first","10":"instock","11":"taxable","12":"shipping-taxable","13":"purchasable","14":"product-type-simple","15":"add-to-wishlist-after_add_to_cart"},"acf":[],"yoast_head":"<!-- This site is optimized with the Yoast SEO plugin v26.6 - https:\/\/yoast.com\/wordpress\/plugins\/seo\/ -->\n<title>PaczkoBox Loft ze schowkiem - Siesta Garden<\/title>\n<meta name=\"robots\" content=\"index, follow, max-snippet:-1, max-image-preview:large, max-video-preview:-1\" \/>\n<link rel=\"canonical\" href=\"https:\/\/www.siestagarden.com\/uk\/product\/paczkobox-ze-schowkiem\/\" \/>\n<meta property=\"og:locale\" content=\"uk_UA\" \/>\n<meta property=\"og:type\" content=\"article\" \/>\n<meta property=\"og:title\" content=\"PaczkoBox Loft ze schowkiem - Siesta Garden\" \/>\n<meta property=\"og:description\" content=\"Paczkobox ze schowkiem \u2013 Drewniana skrzynia na paczki i przesy\u0142ki Czy kurier cz\u0119sto przychodzi wtedy, gdy nie ma Ci\u0119 w domu? A mo\u017ce masz do\u015b\u0107 tego, \u017ce paczki zostawiane s\u0105 na deszczu albo w niepewnych miejscach? Paczkobox to praktyczne i eleganckie rozwi\u0105zanie, dzi\u0119ki kt\u00f3remu odbierzesz przesy\u0142ki bez stresu \u2013 niezale\u017cnie od pogody i swojej obecno\u015bci [&hellip;]\" \/>\n<meta property=\"og:url\" content=\"https:\/\/www.siestagarden.com\/uk\/product\/paczkobox-ze-schowkiem\/\" \/>\n<meta property=\"og:site_name\" content=\"Siesta Garden\" \/>\n<meta property=\"article:modified_time\" content=\"2026-02-26T06:18:20+00:00\" \/>\n<meta property=\"og:image\" content=\"https:\/\/www.siestagarden.com\/wp-content\/uploads\/2025\/10\/IMG_0053-scaled-e1770628535202.jpg\" \/>\n\t<meta property=\"og:image:width\" content=\"1707\" \/>\n\t<meta property=\"og:image:height\" content=\"2560\" \/>\n\t<meta property=\"og:image:type\" content=\"image\/jpeg\" \/>\n<meta name=\"twitter:card\" content=\"summary_large_image\" \/>\n<meta name=\"twitter:label1\" content=\"\u041f\u0440\u0438\u0431\u043b. \u0447\u0430\u0441 \u0447\u0438\u0442\u0430\u043d\u043d\u044f\" \/>\n\t<meta name=\"twitter:data1\" content=\"3 \u0445\u0432\u0438\u043b\u0438\u043d\u0438\" \/>\n<script type=\"application\/ld+json\" class=\"yoast-schema-graph\">{\"@context\":\"https:\/\/schema.org\",\"@graph\":[{\"@type\":\"WebPage\",\"@id\":\"https:\/\/www.siestagarden.com\/produkt\/paczkobox-ze-schowkiem\/\",\"url\":\"https:\/\/www.siestagarden.com\/produkt\/paczkobox-ze-schowkiem\/\",\"name\":\"PaczkoBox Loft ze schowkiem - Siesta Garden\",\"isPartOf\":{\"@id\":\"https:\/\/www.siestagarden.com\/#website\"},\"primaryImageOfPage\":{\"@id\":\"https:\/\/www.siestagarden.com\/produkt\/paczkobox-ze-schowkiem\/#primaryimage\"},\"image\":{\"@id\":\"https:\/\/www.siestagarden.com\/produkt\/paczkobox-ze-schowkiem\/#primaryimage\"},\"thumbnailUrl\":\"https:\/\/www.siestagarden.com\/wp-content\/uploads\/2025\/10\/IMG_0053-scaled-e1770628535202.jpg\",\"datePublished\":\"2025-10-20T10:08:47+00:00\",\"dateModified\":\"2026-02-26T06:18:20+00:00\",\"breadcrumb\":{\"@id\":\"https:\/\/www.siestagarden.com\/produkt\/paczkobox-ze-schowkiem\/#breadcrumb\"},\"inLanguage\":\"uk\",\"potentialAction\":[{\"@type\":\"ReadAction\",\"target\":[\"https:\/\/www.siestagarden.com\/produkt\/paczkobox-ze-schowkiem\/\"]}]},{\"@type\":\"ImageObject\",\"inLanguage\":\"uk\",\"@id\":\"https:\/\/www.siestagarden.com\/produkt\/paczkobox-ze-schowkiem\/#primaryimage\",\"url\":\"https:\/\/www.siestagarden.com\/wp-content\/uploads\/2025\/10\/IMG_0053-scaled-e1770628535202.jpg\",\"contentUrl\":\"https:\/\/www.siestagarden.com\/wp-content\/uploads\/2025\/10\/IMG_0053-scaled-e1770628535202.jpg\",\"width\":1707,\"height\":2560},{\"@type\":\"BreadcrumbList\",\"@id\":\"https:\/\/www.siestagarden.com\/produkt\/paczkobox-ze-schowkiem\/#breadcrumb\",\"itemListElement\":[{\"@type\":\"ListItem\",\"position\":1,\"name\":\"Strona g\u0142\u00f3wna\",\"item\":\"https:\/\/www.siestagarden.com\/\"},{\"@type\":\"ListItem\",\"position\":2,\"name\":\"Sklep\",\"item\":\"https:\/\/www.siestagarden.com\/sklep\/\"},{\"@type\":\"ListItem\",\"position\":3,\"name\":\"PaczkoBox Loft ze schowkiem\"}]},{\"@type\":\"WebSite\",\"@id\":\"https:\/\/www.siestagarden.com\/#website\",\"url\":\"https:\/\/www.siestagarden.com\/\",\"name\":\"Siesta Garden\",\"description\":\"Meble do Twojego ogrodu. Polski producent drewnianych mebli najwy\u017cszej jako\u015bci.\",\"potentialAction\":[{\"@type\":\"SearchAction\",\"target\":{\"@type\":\"EntryPoint\",\"urlTemplate\":\"https:\/\/www.siestagarden.com\/?s={search_term_string}\"},\"query-input\":{\"@type\":\"PropertyValueSpecification\",\"valueRequired\":true,\"valueName\":\"search_term_string\"}}],\"inLanguage\":\"uk\"}]}<\/script>\n<!-- \/ Yoast SEO plugin. -->","yoast_head_json":{"title":"PaczkoBox Loft ze schowkiem - Siesta Garden","robots":{"index":"index","follow":"follow","max-snippet":"max-snippet:-1","max-image-preview":"max-image-preview:large","max-video-preview":"max-video-preview:-1"},"canonical":"https:\/\/www.siestagarden.com\/uk\/product\/paczkobox-ze-schowkiem\/","og_locale":"uk_UA","og_type":"article","og_title":"PaczkoBox Loft ze schowkiem - Siesta Garden","og_description":"Paczkobox ze schowkiem \u2013 Drewniana skrzynia na paczki i przesy\u0142ki Czy kurier cz\u0119sto przychodzi wtedy, gdy nie ma Ci\u0119 w domu? A mo\u017ce masz do\u015b\u0107 tego, \u017ce paczki zostawiane s\u0105 na deszczu albo w niepewnych miejscach? Paczkobox to praktyczne i eleganckie rozwi\u0105zanie, dzi\u0119ki kt\u00f3remu odbierzesz przesy\u0142ki bez stresu \u2013 niezale\u017cnie od pogody i swojej obecno\u015bci [&hellip;]","og_url":"https:\/\/www.siestagarden.com\/uk\/product\/paczkobox-ze-schowkiem\/","og_site_name":"Siesta Garden","article_modified_time":"2026-02-26T06:18:20+00:00","og_image":[{"width":1707,"height":2560,"url":"https:\/\/www.siestagarden.com\/wp-content\/uploads\/2025\/10\/IMG_0053-scaled-e1770628535202.jpg","type":"image\/jpeg"}],"twitter_card":"summary_large_image","twitter_misc":{"\u041f\u0440\u0438\u0431\u043b. \u0447\u0430\u0441 \u0447\u0438\u0442\u0430\u043d\u043d\u044f":"3 \u0445\u0432\u0438\u043b\u0438\u043d\u0438"},"schema":{"@context":"https:\/\/schema.org","@graph":[{"@type":"WebPage","@id":"https:\/\/www.siestagarden.com\/produkt\/paczkobox-ze-schowkiem\/","url":"https:\/\/www.siestagarden.com\/produkt\/paczkobox-ze-schowkiem\/","name":"PaczkoBox Loft ze schowkiem - Siesta Garden","isPartOf":{"@id":"https:\/\/www.siestagarden.com\/#website"},"primaryImageOfPage":{"@id":"https:\/\/www.siestagarden.com\/produkt\/paczkobox-ze-schowkiem\/#primaryimage"},"image":{"@id":"https:\/\/www.siestagarden.com\/produkt\/paczkobox-ze-schowkiem\/#primaryimage"},"thumbnailUrl":"https:\/\/www.siestagarden.com\/wp-content\/uploads\/2025\/10\/IMG_0053-scaled-e1770628535202.jpg","datePublished":"2025-10-20T10:08:47+00:00","dateModified":"2026-02-26T06:18:20+00:00","breadcrumb":{"@id":"https:\/\/www.siestagarden.com\/produkt\/paczkobox-ze-schowkiem\/#breadcrumb"},"inLanguage":"uk","potentialAction":[{"@type":"ReadAction","target":["https:\/\/www.siestagarden.com\/produkt\/paczkobox-ze-schowkiem\/"]}]},{"@type":"ImageObject","inLanguage":"uk","@id":"https:\/\/www.siestagarden.com\/produkt\/paczkobox-ze-schowkiem\/#primaryimage","url":"https:\/\/www.siestagarden.com\/wp-content\/uploads\/2025\/10\/IMG_0053-scaled-e1770628535202.jpg","contentUrl":"https:\/\/www.siestagarden.com\/wp-content\/uploads\/2025\/10\/IMG_0053-scaled-e1770628535202.jpg","width":1707,"height":2560},{"@type":"BreadcrumbList","@id":"https:\/\/www.siestagarden.com\/produkt\/paczkobox-ze-schowkiem\/#breadcrumb","itemListElement":[{"@type":"ListItem","position":1,"name":"Strona g\u0142\u00f3wna","item":"https:\/\/www.siestagarden.com\/"},{"@type":"ListItem","position":2,"name":"Sklep","item":"https:\/\/www.siestagarden.com\/sklep\/"},{"@type":"ListItem","position":3,"name":"PaczkoBox Loft ze schowkiem"}]},{"@type":"WebSite","@id":"https:\/\/www.siestagarden.com\/#website","url":"https:\/\/www.siestagarden.com\/","name":"\u0421\u0430\u0434 \"\u0421\u0456\u0454\u0441\u0442\u0430","description":"\u041c\u0435\u0431\u043b\u0456 \u0434\u043b\u044f \u0432\u0430\u0448\u043e\u0433\u043e \u0441\u0430\u0434\u0443. \u041f\u043e\u043b\u044c\u0441\u044c\u043a\u0438\u0439 \u0432\u0438\u0440\u043e\u0431\u043d\u0438\u043a \u0434\u0435\u0440\u0435\u0432'\u044f\u043d\u0438\u0445 \u043c\u0435\u0431\u043b\u0456\u0432 \u043d\u0430\u0439\u0432\u0438\u0449\u043e\u0457 \u044f\u043a\u043e\u0441\u0442\u0456.","potentialAction":[{"@type":"SearchAction","target":{"@type":"EntryPoint","urlTemplate":"https:\/\/www.siestagarden.com\/?s={search_term_string}"},"query-input":{"@type":"PropertyValueSpecification","valueRequired":true,"valueName":"search_term_string"}}],"inLanguage":"uk"}]}},"_links":{"self":[{"href":"https:\/\/www.siestagarden.com\/uk\/wp-json\/wp\/v2\/product\/3409","targetHints":{"allow":["GET"]}}],"collection":[{"href":"https:\/\/www.siestagarden.com\/uk\/wp-json\/wp\/v2\/product"}],"about":[{"href":"https:\/\/www.siestagarden.com\/uk\/wp-json\/wp\/v2\/types\/product"}],"wp:featuredmedia":[{"embeddable":true,"href":"https:\/\/www.siestagarden.com\/uk\/wp-json\/wp\/v2\/media\/3410"}],"wp:attachment":[{"href":"https:\/\/www.siestagarden.com\/uk\/wp-json\/wp\/v2\/media?parent=3409"}],"wp:term":[{"taxonomy":"product_brand","embeddable":true,"href":"https:\/\/www.siestagarden.com\/uk\/wp-json\/wp\/v2\/product_brand?post=3409"},{"taxonomy":"product_cat","embeddable":true,"href":"https:\/\/www.siestagarden.com\/uk\/wp-json\/wp\/v2\/product_cat?post=3409"},{"taxonomy":"product_tag","embeddable":true,"href":"https:\/\/www.siestagarden.com\/uk\/wp-json\/wp\/v2\/product_tag?post=3409"}],"curies":[{"name":"wp","href":"https:\/\/api.w.org\/{rel}","templated":true}]}}